{"id":971,"date":"2026-02-11T14:39:01","date_gmt":"2026-02-11T13:39:01","guid":{"rendered":"https:\/\/www.sevenadur.org\/2026\/?page_id=971"},"modified":"2026-03-04T12:17:43","modified_gmt":"2026-03-04T11:17:43","slug":"fete-de-cloture","status":"publish","type":"page","link":"https:\/\/www.sevenadur.org\/2026\/fete-de-cloture","title":{"rendered":"F\u00eate de cl\u00f4ture"},"content":{"rendered":"\n<div class=\"wp-block-columns is-layout-flex wp-container-core-columns-is-layout-9d6595d7 wp-block-columns-is-layout-flex\">\n<div class=\"wp-block-column is-layout-flow wp-block-column-is-layout-flow\">\n<figure class=\"wp-block-image size-large\"><img loading=\"lazy\" decoding=\"async\" width=\"724\" height=\"1024\" src=\"https:\/\/www.sevenadur.org\/2026\/wp-content\/uploads\/sites\/13\/2026\/02\/20260315-Cloture-724x1024.png\" alt=\"\" class=\"wp-image-1117\" srcset=\"https:\/\/www.sevenadur.org\/2026\/wp-content\/uploads\/sites\/13\/2026\/02\/20260315-Cloture-724x1024.png 724w, https:\/\/www.sevenadur.org\/2026\/wp-content\/uploads\/sites\/13\/2026\/02\/20260315-Cloture-212x300.png 212w, https:\/\/www.sevenadur.org\/2026\/wp-content\/uploads\/sites\/13\/2026\/02\/20260315-Cloture-768x1086.png 768w, https:\/\/www.sevenadur.org\/2026\/wp-content\/uploads\/sites\/13\/2026\/02\/20260315-Cloture-1086x1536.png 1086w, https:\/\/www.sevenadur.org\/2026\/wp-content\/uploads\/sites\/13\/2026\/02\/20260315-Cloture-500x707.png 500w, https:\/\/www.sevenadur.org\/2026\/wp-content\/uploads\/sites\/13\/2026\/02\/20260315-Cloture-800x1132.png 800w, https:\/\/www.sevenadur.org\/2026\/wp-content\/uploads\/sites\/13\/2026\/02\/20260315-Cloture-1280x1810.png 1280w, https:\/\/www.sevenadur.org\/2026\/wp-content\/uploads\/sites\/13\/2026\/02\/20260315-Cloture.png 1414w\" sizes=\"auto, (max-width: 724px) 100vw, 724px\" \/><\/figure>\n<\/div>\n\n\n\n<div class=\"wp-block-column is-layout-flow wp-block-column-is-layout-flow\">\n<p><br>Apr\u00e8s plus de quinze jours de festivit\u00e9s et de rencontres dans le pays de Rennes, Sevenadur se cl\u00f4ture le dimanche 15 mars de mani\u00e8re festive : jeux traditionnels, fest deiz, chorale des enfants, forum des associations, ateliers.<\/p>\n<\/div>\n<\/div>\n\n\n\n<h5 class=\"wp-block-heading\"><br>MELAME 12h45 &#8211; 13h<\/h5>\n\n\n\n<p><\/p>\n\n\n\n<div class=\"wp-block-group is-nowrap is-layout-flex wp-container-core-group-is-layout-ad2f72ca wp-block-group-is-layout-flex\">\n<p>Les ukul\u00e9l\u00e9istes de l&rsquo;association Caillou en Bretagne vous interpr\u00e9teront quelques chants de la M\u00e9lan\u00e9sie travaill\u00e9s lors des s\u00e9ances rencontres \u00e0 la salle Kennedy.<\/p>\n\n\n\n<figure class=\"wp-block-image size-full\"><img loading=\"lazy\" decoding=\"async\" width=\"2000\" height=\"1414\" src=\"https:\/\/www.sevenadur.org\/2026\/wp-content\/uploads\/sites\/13\/2026\/02\/Affiche-sevenadur-post.png\" alt=\"\" class=\"wp-image-1053\" srcset=\"https:\/\/www.sevenadur.org\/2026\/wp-content\/uploads\/sites\/13\/2026\/02\/Affiche-sevenadur-post.png 2000w, https:\/\/www.sevenadur.org\/2026\/wp-content\/uploads\/sites\/13\/2026\/02\/Affiche-sevenadur-post-300x212.png 300w, https:\/\/www.sevenadur.org\/2026\/wp-content\/uploads\/sites\/13\/2026\/02\/Affiche-sevenadur-post-1024x724.png 1024w, https:\/\/www.sevenadur.org\/2026\/wp-content\/uploads\/sites\/13\/2026\/02\/Affiche-sevenadur-post-768x543.png 768w, https:\/\/www.sevenadur.org\/2026\/wp-content\/uploads\/sites\/13\/2026\/02\/Affiche-sevenadur-post-1536x1086.png 1536w, https:\/\/www.sevenadur.org\/2026\/wp-content\/uploads\/sites\/13\/2026\/02\/Affiche-sevenadur-post-500x354.png 500w, https:\/\/www.sevenadur.org\/2026\/wp-content\/uploads\/sites\/13\/2026\/02\/Affiche-sevenadur-post-800x566.png 800w, https:\/\/www.sevenadur.org\/2026\/wp-content\/uploads\/sites\/13\/2026\/02\/Affiche-sevenadur-post-1280x905.png 1280w, https:\/\/www.sevenadur.org\/2026\/wp-content\/uploads\/sites\/13\/2026\/02\/Affiche-sevenadur-post-1920x1357.png 1920w\" sizes=\"auto, (max-width: 767px) 89vw, (max-width: 1000px) 54vw, (max-width: 1071px) 543px, 580px\" \/><\/figure>\n<\/div>\n\n\n\n<h5 class=\"wp-block-heading\"><br>Enfants St jean de Bosco, St Michel, St Joseph 13h &#8211; 14h<\/h5>\n\n\n\n<p>3 \u00e9coles de Divaskell (Saint-Jean-le-Bosco, Saint-Michel et Saint-Joseph) vont venir pr\u00e9senter quelques chants et danses bretonnes \u00e0 tour de r\u00f4le.&nbsp;<br>Le Cercle celtique de Rennes intervient ou est intervenu aupr\u00e8s des enfants pour les sensibiliser au matrimoine et patrimoine breton. Profitez !<\/p>\n\n\n\n<h5 class=\"wp-block-heading\"><br><br><br><br>\u00ab Goupil \u00bb \u2013 Une fable musicale et dans\u00e9e 14h15 &#8211; 14h45<\/h5>\n\n\n\n<div class=\"wp-block-columns is-layout-flex wp-container-core-columns-is-layout-9d6595d7 wp-block-columns-is-layout-flex\">\n<div class=\"wp-block-column is-layout-flow wp-block-column-is-layout-flow\">\n<p style=\"font-size:16px\">Astour, la compagnie d\u2019arts populaires du Cercle Celtique de Rennes, labellis\u00e9e Bronze en 2025, pr\u00e9sentera le spectacle avec lequel elle participera au <strong>Meliaj<\/strong>, Championnat national de danse bretonne, en mai prochain.<\/p>\n<\/div>\n\n\n\n<div class=\"wp-block-column is-layout-flow wp-block-column-is-layout-flow\">\n<figure class=\"wp-block-image size-full\"><img loading=\"lazy\" decoding=\"async\" width=\"940\" height=\"788\" src=\"https:\/\/www.sevenadur.org\/2026\/wp-content\/uploads\/sites\/13\/2026\/02\/Astour-Sevenadur-2026-Facebook.png\" alt=\"\" class=\"wp-image-1021\" srcset=\"https:\/\/www.sevenadur.org\/2026\/wp-content\/uploads\/sites\/13\/2026\/02\/Astour-Sevenadur-2026-Facebook.png 940w, https:\/\/www.sevenadur.org\/2026\/wp-content\/uploads\/sites\/13\/2026\/02\/Astour-Sevenadur-2026-Facebook-300x251.png 300w, https:\/\/www.sevenadur.org\/2026\/wp-content\/uploads\/sites\/13\/2026\/02\/Astour-Sevenadur-2026-Facebook-768x644.png 768w, https:\/\/www.sevenadur.org\/2026\/wp-content\/uploads\/sites\/13\/2026\/02\/Astour-Sevenadur-2026-Facebook-500x419.png 500w, https:\/\/www.sevenadur.org\/2026\/wp-content\/uploads\/sites\/13\/2026\/02\/Astour-Sevenadur-2026-Facebook-800x671.png 800w\" sizes=\"auto, (max-width: 767px) 89vw, (max-width: 1000px) 54vw, (max-width: 1071px) 543px, 580px\" \/><\/figure>\n<\/div>\n<\/div>\n\n\n\n<h5 class=\"wp-block-heading\"><br>Imaniya en partenariat avec Bretagne chigoma 14h45 &#8211; 15h20<\/h5>\n\n\n\n<div class=\"wp-block-columns is-layout-flex wp-container-core-columns-is-layout-9d6595d7 wp-block-columns-is-layout-flex\">\n<div class=\"wp-block-column is-layout-flow wp-block-column-is-layout-flow\">\n<figure class=\"wp-block-image size-full\"><img loading=\"lazy\" decoding=\"async\" width=\"960\" height=\"720\" src=\"https:\/\/www.sevenadur.org\/2026\/wp-content\/uploads\/sites\/13\/2026\/02\/IMG_1845.jpeg\" alt=\"\" class=\"wp-image-1047\" srcset=\"https:\/\/www.sevenadur.org\/2026\/wp-content\/uploads\/sites\/13\/2026\/02\/IMG_1845.jpeg 960w, https:\/\/www.sevenadur.org\/2026\/wp-content\/uploads\/sites\/13\/2026\/02\/IMG_1845-300x225.jpeg 300w, https:\/\/www.sevenadur.org\/2026\/wp-content\/uploads\/sites\/13\/2026\/02\/IMG_1845-768x576.jpeg 768w, https:\/\/www.sevenadur.org\/2026\/wp-content\/uploads\/sites\/13\/2026\/02\/IMG_1845-500x375.jpeg 500w, https:\/\/www.sevenadur.org\/2026\/wp-content\/uploads\/sites\/13\/2026\/02\/IMG_1845-800x600.jpeg 800w\" sizes=\"auto, (max-width: 767px) 89vw, (max-width: 1000px) 54vw, (max-width: 1071px) 543px, 580px\" \/><\/figure>\n<\/div>\n\n\n\n<div class=\"wp-block-column is-layout-flow wp-block-column-is-layout-flow\">\n<p style=\"font-size:16px\">L&rsquo;association Imaniya de Rennes viendra pratiquer le D\u00e9ba, combinaison de chant, de danse et de musique originaire de Mayotte et pratiqu\u00e9 par des femmes.<\/p>\n<\/div>\n<\/div>\n\n\n\n<h5 class=\"wp-block-heading\"><br>H\u00earezh 15h30 &#8211; 16h00<\/h5>\n\n\n\n<div class=\"wp-block-columns is-layout-flex wp-container-core-columns-is-layout-9d6595d7 wp-block-columns-is-layout-flex\">\n<div class=\"wp-block-column is-layout-flow wp-block-column-is-layout-flow\">\n<p>Form\u00e9 dans les laboratoires du Cercle Celtique, l&rsquo;ensemble H\u00earezh s&#8217;empare avec beaucoup d&rsquo;enthousiasme des pr\u00e9cieux conseils prodigu\u00e9s par Julien Vrigneau.<\/p>\n\n\n\n<p>Cette belle \u00e9quipe va naturellement r\u00e9veiller vos envies de danser.<\/p>\n<\/div>\n\n\n\n<div class=\"wp-block-column is-layout-flow wp-block-column-is-layout-flow\">\n<figure class=\"wp-block-image size-large\"><img loading=\"lazy\" decoding=\"async\" width=\"1024\" height=\"768\" src=\"https:\/\/www.sevenadur.org\/2026\/wp-content\/uploads\/sites\/13\/2026\/02\/IMG_20251009_233859615-1024x768.jpg\" alt=\"\" class=\"wp-image-1119\" srcset=\"https:\/\/www.sevenadur.org\/2026\/wp-content\/uploads\/sites\/13\/2026\/02\/IMG_20251009_233859615-1024x768.jpg 1024w, https:\/\/www.sevenadur.org\/2026\/wp-content\/uploads\/sites\/13\/2026\/02\/IMG_20251009_233859615-300x225.jpg 300w, https:\/\/www.sevenadur.org\/2026\/wp-content\/uploads\/sites\/13\/2026\/02\/IMG_20251009_233859615-768x576.jpg 768w, https:\/\/www.sevenadur.org\/2026\/wp-content\/uploads\/sites\/13\/2026\/02\/IMG_20251009_233859615-1536x1152.jpg 1536w, https:\/\/www.sevenadur.org\/2026\/wp-content\/uploads\/sites\/13\/2026\/02\/IMG_20251009_233859615-2048x1536.jpg 2048w, https:\/\/www.sevenadur.org\/2026\/wp-content\/uploads\/sites\/13\/2026\/02\/IMG_20251009_233859615-500x375.jpg 500w, https:\/\/www.sevenadur.org\/2026\/wp-content\/uploads\/sites\/13\/2026\/02\/IMG_20251009_233859615-800x600.jpg 800w, https:\/\/www.sevenadur.org\/2026\/wp-content\/uploads\/sites\/13\/2026\/02\/IMG_20251009_233859615-1280x960.jpg 1280w, https:\/\/www.sevenadur.org\/2026\/wp-content\/uploads\/sites\/13\/2026\/02\/IMG_20251009_233859615-1920x1440.jpg 1920w\" sizes=\"auto, (max-width: 767px) 89vw, (max-width: 1000px) 54vw, (max-width: 1071px) 543px, 580px\" \/><\/figure>\n<\/div>\n<\/div>\n\n\n\n<h5 class=\"wp-block-heading\"><br>Nayru 16h10 &#8211; 17h<\/h5>\n\n\n\n<div class=\"wp-block-columns is-layout-flex wp-container-core-columns-is-layout-9d6595d7 wp-block-columns-is-layout-flex\">\n<div class=\"wp-block-column is-layout-flow wp-block-column-is-layout-flow\">\n<div class=\"wp-block-columns is-layout-flex wp-container-core-columns-is-layout-9d6595d7 wp-block-columns-is-layout-flex\">\n<div class=\"wp-block-column is-layout-flow wp-block-column-is-layout-flow\">\n<figure class=\"wp-block-image size-large\"><img loading=\"lazy\" decoding=\"async\" width=\"1024\" height=\"785\" src=\"https:\/\/www.sevenadur.org\/2026\/wp-content\/uploads\/sites\/13\/2026\/02\/Nayru-1024x785.jpeg\" alt=\"\" class=\"wp-image-1028\" srcset=\"https:\/\/www.sevenadur.org\/2026\/wp-content\/uploads\/sites\/13\/2026\/02\/Nayru-1024x785.jpeg 1024w, https:\/\/www.sevenadur.org\/2026\/wp-content\/uploads\/sites\/13\/2026\/02\/Nayru-300x230.jpeg 300w, https:\/\/www.sevenadur.org\/2026\/wp-content\/uploads\/sites\/13\/2026\/02\/Nayru-768x588.jpeg 768w, https:\/\/www.sevenadur.org\/2026\/wp-content\/uploads\/sites\/13\/2026\/02\/Nayru-1536x1177.jpeg 1536w, https:\/\/www.sevenadur.org\/2026\/wp-content\/uploads\/sites\/13\/2026\/02\/Nayru-2048x1569.jpeg 2048w, https:\/\/www.sevenadur.org\/2026\/wp-content\/uploads\/sites\/13\/2026\/02\/Nayru-500x383.jpeg 500w, https:\/\/www.sevenadur.org\/2026\/wp-content\/uploads\/sites\/13\/2026\/02\/Nayru-800x613.jpeg 800w, https:\/\/www.sevenadur.org\/2026\/wp-content\/uploads\/sites\/13\/2026\/02\/Nayru-1280x981.jpeg 1280w, https:\/\/www.sevenadur.org\/2026\/wp-content\/uploads\/sites\/13\/2026\/02\/Nayru-1920x1471.jpeg 1920w\" sizes=\"auto, (max-width: 767px) 89vw, (max-width: 1000px) 54vw, (max-width: 1071px) 543px, 580px\" \/><\/figure>\n<\/div>\n\n\n\n<div class=\"wp-block-column is-layout-flow wp-block-column-is-layout-flow\">\n<p>Par tous les temps, Nayru, quatuor compos\u00e9 de deux femmes et deux hommes, vous fera danser sans rel\u00e2che sur un r\u00e9pertoire traditionnel de Haute comme de Basse Bretagne. De collectages en compositions, de m\u00e9lodies en tourneries, dans l&rsquo;instant pr\u00e9sent, ici et ailleurs, Nayru vous invite \u00e0 la danse des sonneurs et chanteurs dans une esth\u00e9tique singuli\u00e8re aux couleurs solaires.<\/p>\n<\/div>\n<\/div>\n<\/div>\n<\/div>\n\n\n\n<h5 class=\"wp-block-heading\"><a href=\"https:\/\/www.sevenadur.org\/2026\/haiku-en-gallo\" data-type=\"page\" data-id=\"668\">Ha\u00efku en gallo<\/a><br><\/h5>\n\n\n\n<h5 class=\"wp-block-heading\">Initiation aux danses indiennes 17h10 &#8211; 17h30<\/h5>\n\n\n\n<div class=\"wp-block-group is-nowrap is-layout-flex wp-container-core-group-is-layout-ad2f72ca wp-block-group-is-layout-flex\">\n<h5 class=\"wp-block-heading\"><br>Triskel 17h35 &#8211; 18h<\/h5>\n<\/div>\n\n\n\n<div class=\"wp-block-columns is-layout-flex wp-container-core-columns-is-layout-9d6595d7 wp-block-columns-is-layout-flex\">\n<div class=\"wp-block-column is-layout-flow wp-block-column-is-layout-flow\">\n<p>TRISKEL est un projet participatif de danse contemporaine port\u00e9 par des habitants de Rennes. Inspir\u00e9e par les spirales, les \u00e9l\u00e9ments naturels et la musique bretonne du groupe Fleuve, cette cr\u00e9ation collective, imagin\u00e9e avec le chor\u00e9graphe Simon Queven et Val\u00e9rie Martin, sp\u00e9cialiste en analyse du mouvement, offre un moment sensible et vivant, entre tradition bretonne et po\u00e9sie du mouvement.<\/p>\n<\/div>\n\n\n\n<div class=\"wp-block-column is-layout-flow wp-block-column-is-layout-flow\">\n<figure class=\"wp-block-image size-large\"><img loading=\"lazy\" decoding=\"async\" width=\"1024\" height=\"768\" src=\"https:\/\/www.sevenadur.org\/2026\/wp-content\/uploads\/sites\/13\/2026\/02\/Triskel-18-mai-2025-3-1024x768.jpeg\" alt=\"\" class=\"wp-image-992\" srcset=\"https:\/\/www.sevenadur.org\/2026\/wp-content\/uploads\/sites\/13\/2026\/02\/Triskel-18-mai-2025-3-1024x768.jpeg 1024w, https:\/\/www.sevenadur.org\/2026\/wp-content\/uploads\/sites\/13\/2026\/02\/Triskel-18-mai-2025-3-300x225.jpeg 300w, https:\/\/www.sevenadur.org\/2026\/wp-content\/uploads\/sites\/13\/2026\/02\/Triskel-18-mai-2025-3-768x576.jpeg 768w, https:\/\/www.sevenadur.org\/2026\/wp-content\/uploads\/sites\/13\/2026\/02\/Triskel-18-mai-2025-3-1536x1152.jpeg 1536w, https:\/\/www.sevenadur.org\/2026\/wp-content\/uploads\/sites\/13\/2026\/02\/Triskel-18-mai-2025-3-500x375.jpeg 500w, https:\/\/www.sevenadur.org\/2026\/wp-content\/uploads\/sites\/13\/2026\/02\/Triskel-18-mai-2025-3-800x600.jpeg 800w, https:\/\/www.sevenadur.org\/2026\/wp-content\/uploads\/sites\/13\/2026\/02\/Triskel-18-mai-2025-3-1280x960.jpeg 1280w, https:\/\/www.sevenadur.org\/2026\/wp-content\/uploads\/sites\/13\/2026\/02\/Triskel-18-mai-2025-3.jpeg 1600w\" sizes=\"auto, (max-width: 767px) 89vw, (max-width: 1000px) 54vw, (max-width: 1071px) 543px, 580px\" \/><\/figure>\n<\/div>\n<\/div>\n\n\n\n<p><a href=\"http:\/\/www.asso-tna.com\" target=\"_blank\" rel=\"noreferrer noopener\">www.asso-tna.com<\/a><\/p>\n\n\n\n<p class=\"has-small-font-size\">Le 15 mars &#8211; Halles Martenot &#8211; Entr\u00e9e libre &#8211; Pl. des Lices, 35000 Rennes &#8211; <em><em>M\u00e9tro&nbsp;: A\/B (Arr\u00eat Sainte-Anne)<\/em><\/em><br><em>Renseignements : <em>02 99 54 36 45 \/ contact@ccrennes.<\/em><\/em>bzh<\/p>\n","protected":false},"excerpt":{"rendered":"<p>Apr\u00e8s plus de quinze jours de festivit\u00e9s et de rencontres dans le pays de Rennes, Sevenadur se cl\u00f4ture le dimanche 15 mars de mani\u00e8re festive : jeux traditionnels, fest deiz, chorale des enfants, forum des associations, ateliers. MELAME 12h45 &#8211; 13h Les ukul\u00e9l\u00e9istes de l&rsquo;association Caillou en Bretagne vous interpr\u00e9teront quelques chants de la M\u00e9lan\u00e9sie &hellip; <\/p>\n<p class=\"link-more\"><a href=\"https:\/\/www.sevenadur.org\/2026\/fete-de-cloture\" class=\"more-link\">Continuer la lecture<span class=\"screen-reader-text\"> de &laquo;&nbsp;F\u00eate de cl\u00f4ture&nbsp;&raquo;<\/span><\/a><\/p>\n","protected":false},"author":17,"featured_media":0,"parent":0,"menu_order":0,"comment_status":"closed","ping_status":"closed","template":"","meta":{"_vp_format_video_url":"","_vp_image_focal_point":[],"footnotes":""},"class_list":["post-971","page","type-page","status-publish","hentry"],"_links":{"self":[{"href":"https:\/\/www.sevenadur.org\/2026\/wp-json\/wp\/v2\/pages\/971","targetHints":{"allow":["GET"]}}],"collection":[{"href":"https:\/\/www.sevenadur.org\/2026\/wp-json\/wp\/v2\/pages"}],"about":[{"href":"https:\/\/www.sevenadur.org\/2026\/wp-json\/wp\/v2\/types\/page"}],"author":[{"embeddable":true,"href":"https:\/\/www.sevenadur.org\/2026\/wp-json\/wp\/v2\/users\/17"}],"replies":[{"embeddable":true,"href":"https:\/\/www.sevenadur.org\/2026\/wp-json\/wp\/v2\/comments?post=971"}],"version-history":[{"count":27,"href":"https:\/\/www.sevenadur.org\/2026\/wp-json\/wp\/v2\/pages\/971\/revisions"}],"predecessor-version":[{"id":1180,"href":"https:\/\/www.sevenadur.org\/2026\/wp-json\/wp\/v2\/pages\/971\/revisions\/1180"}],"wp:attachment":[{"href":"https:\/\/www.sevenadur.org\/2026\/wp-json\/wp\/v2\/media?parent=971"}],"curies":[{"name":"wp","href":"https:\/\/api.w.org\/{rel}","templated":true}]}}