{"id":3,"date":"2025-12-18T14:50:12","date_gmt":"2025-12-18T13:50:12","guid":{"rendered":"https:\/\/www.sevenadur.org\/2026\/portfolio\/"},"modified":"2026-02-02T11:42:39","modified_gmt":"2026-02-02T10:42:39","slug":"accueil","status":"publish","type":"page","link":"https:\/\/www.sevenadur.org\/2026\/","title":{"rendered":"Pr\u00e9sentation"},"content":{"rendered":"\n<p class=\"has-text-align-center\" style=\"font-size:25px\"><strong><strong><strong>PR\u00c9SENTATION<\/strong><\/strong><\/strong><\/p>\n\n\n\n<hr class=\"wp-block-separator has-text-color has-pale-cyan-blue-color has-alpha-channel-opacity has-pale-cyan-blue-background-color has-background is-style-wide\"\/>\n\n\n<p style=\"text-align: center;\">Sevenadur revient du 25 F\u00e9vrier au 15 Mars 2026 pour sa 27\u00e8me \u00e9dition !<\/p>\n<p style=\"text-align: center;\">19 jours qui vont mettre en lumi\u00e8re le Vivant !<\/p>\n<p style=\"text-align: center;\">\u201cVivant !\u201d, c\u2019est un th\u00e8me qui se rapporte \u00e0 l\u2019art de vivre, la transmission, le dialogue entre singularit\u00e9s&#8230; Le vivant, c\u2019est aussi ce que nous appelons notre matrimoine et patrimoine culturel immat\u00e9riel: une mati\u00e8re mouvante, en perp\u00e9tuelle recr\u00e9ation, port\u00e9e par les arts, les gestes, les voix, le corps, les savoirs et les rencontres. Il fait aussi \u00e9cho \u00e0 notre adaptation \u00e0 l&rsquo;environnement, et on peut \u00e9galement s&rsquo;int\u00e9resser \u00e0 la place des animaux et des plantes dans nos cultures.<\/p>\n<p style=\"text-align: center;\">C\u2019est dans cet esprit que la 27\u00e8me \u00e9dition de Sevenadur sera anim\u00e9e. Le nom du festival vient du breton et signifie \u201cculture\u201d. Depuis sa cr\u00e9ation c\u2019est un festival qui n\u2019a eu de cesse d\u2019\u00e9voluer avec les enjeux de soci\u00e9t\u00e9 et avec le monde qui l\u2019entoure par la transmission d\u2019une culture bretonne vivante, moderne et inclusive aux cultures pr\u00e9sentes sur le territoire.<\/p>\n<p style=\"text-align: center;\">\u00a0<\/p>\n\n\n<figure class=\"wp-block-gallery has-nested-images columns-default is-cropped wp-block-gallery-2 is-layout-flex wp-block-gallery-is-layout-flex\">\n<figure class=\"wp-block-image size-large is-style-default wp-duotone-unset-1\"><img loading=\"lazy\" decoding=\"async\" width=\"728\" height=\"1024\" data-id=\"851\" src=\"https:\/\/www.sevenadur.org\/2026\/wp-content\/uploads\/sites\/13\/2026\/02\/affiche-A3-RVB-sevenadur-2026-728x1024.jpg\" alt=\"\" class=\"wp-image-851\" srcset=\"https:\/\/www.sevenadur.org\/2026\/wp-content\/uploads\/sites\/13\/2026\/02\/affiche-A3-RVB-sevenadur-2026-728x1024.jpg 728w, https:\/\/www.sevenadur.org\/2026\/wp-content\/uploads\/sites\/13\/2026\/02\/affiche-A3-RVB-sevenadur-2026-213x300.jpg 213w, https:\/\/www.sevenadur.org\/2026\/wp-content\/uploads\/sites\/13\/2026\/02\/affiche-A3-RVB-sevenadur-2026-768x1080.jpg 768w, https:\/\/www.sevenadur.org\/2026\/wp-content\/uploads\/sites\/13\/2026\/02\/affiche-A3-RVB-sevenadur-2026-1093x1536.jpg 1093w, https:\/\/www.sevenadur.org\/2026\/wp-content\/uploads\/sites\/13\/2026\/02\/affiche-A3-RVB-sevenadur-2026-1457x2048.jpg 1457w, https:\/\/www.sevenadur.org\/2026\/wp-content\/uploads\/sites\/13\/2026\/02\/affiche-A3-RVB-sevenadur-2026-500x703.jpg 500w, https:\/\/www.sevenadur.org\/2026\/wp-content\/uploads\/sites\/13\/2026\/02\/affiche-A3-RVB-sevenadur-2026-800x1125.jpg 800w, https:\/\/www.sevenadur.org\/2026\/wp-content\/uploads\/sites\/13\/2026\/02\/affiche-A3-RVB-sevenadur-2026-1280x1799.jpg 1280w, https:\/\/www.sevenadur.org\/2026\/wp-content\/uploads\/sites\/13\/2026\/02\/affiche-A3-RVB-sevenadur-2026-1920x2699.jpg 1920w, https:\/\/www.sevenadur.org\/2026\/wp-content\/uploads\/sites\/13\/2026\/02\/affiche-A3-RVB-sevenadur-2026-scaled.jpg 1821w\" sizes=\"auto, (max-width: 728px) 100vw, 728px\" \/><\/figure>\n<\/figure>\n\n\n\n<p class=\"has-text-align-center\"><br><\/p>\n\n\n\n<p class=\"has-text-align-center\">Sevenadur, c\u2019est une v\u00e9ritable fabrique de lien : festive, chaleureuse et multiculturelle, qui vise \u00e0 mettre en avant le matrimoine ainsi que le patrimoine culturel immat\u00e9riel. Une \u00e9nergie partag\u00e9e aupr\u00e8s d\u2019un large public gr\u00e2ce \u00e0 l\u2019implication d\u2019une trentaine de partenaires et l\u2019investissement de ses soutiens, sponsors qui contribuent \u00e0 la r\u00e9ussite de ce festival qui rayonne sur le pays rennais. V\u00e9ritable chaudron o\u00f9 se m\u00e9langent diverses activit\u00e9s culturelles, cette \u00e9dition Sevenadur aura le plaisir de revenir avec des fest-noz et des fest-deiz, des rencontres interculturelles, des stages : chant, musique, broderie, des conf\u00e9rences, soir\u00e9es collectage, veill\u00e9es, et des propositions innovantes et cr\u00e9atrices : Le projet Triskell, des d\u00e9ambulations du Breizh Bazar J\u00e2ze, des bals sauvages\u2026 Pour le plaisir de tous !<\/p>\n\n\n\n<hr class=\"wp-block-separator has-text-color has-pale-cyan-blue-color has-alpha-channel-opacity has-pale-cyan-blue-background-color has-background is-style-wide\"\/>\n\n\n\n<div class=\"wp-block-columns is-layout-flex wp-container-core-columns-is-layout-9d6595d7 wp-block-columns-is-layout-flex\">\n<div class=\"wp-block-column is-layout-flow wp-block-column-is-layout-flow\" style=\"flex-basis:100%\"><\/div>\n<\/div>\n\n\n\n<p><\/p>\n","protected":false},"excerpt":{"rendered":"<p>PR\u00c9SENTATION Sevenadur revient du 25 F\u00e9vrier au 15 Mars 2026 pour sa 27\u00e8me \u00e9dition ! 19 jours qui vont mettre en lumi\u00e8re le Vivant ! \u201cVivant !\u201d, c\u2019est un th\u00e8me qui se rapporte \u00e0 l\u2019art de vivre, la transmission, le dialogue entre singularit\u00e9s&#8230; Le vivant, c\u2019est aussi ce que nous appelons notre matrimoine et patrimoine &hellip; <\/p>\n<p class=\"link-more\"><a href=\"https:\/\/www.sevenadur.org\/2026\/\" class=\"more-link\">Continuer la lecture<span class=\"screen-reader-text\"> de &laquo;&nbsp;Pr\u00e9sentation&nbsp;&raquo;<\/span><\/a><\/p>\n","protected":false},"author":1,"featured_media":0,"parent":0,"menu_order":0,"comment_status":"closed","ping_status":"closed","template":"","meta":{"_vp_format_video_url":"","_vp_image_focal_point":[],"footnotes":""},"class_list":["post-3","page","type-page","status-publish","hentry"],"_links":{"self":[{"href":"https:\/\/www.sevenadur.org\/2026\/wp-json\/wp\/v2\/pages\/3","targetHints":{"allow":["GET"]}}],"collection":[{"href":"https:\/\/www.sevenadur.org\/2026\/wp-json\/wp\/v2\/pages"}],"about":[{"href":"https:\/\/www.sevenadur.org\/2026\/wp-json\/wp\/v2\/types\/page"}],"author":[{"embeddable":true,"href":"https:\/\/www.sevenadur.org\/2026\/wp-json\/wp\/v2\/users\/1"}],"replies":[{"embeddable":true,"href":"https:\/\/www.sevenadur.org\/2026\/wp-json\/wp\/v2\/comments?post=3"}],"version-history":[{"count":66,"href":"https:\/\/www.sevenadur.org\/2026\/wp-json\/wp\/v2\/pages\/3\/revisions"}],"predecessor-version":[{"id":852,"href":"https:\/\/www.sevenadur.org\/2026\/wp-json\/wp\/v2\/pages\/3\/revisions\/852"}],"wp:attachment":[{"href":"https:\/\/www.sevenadur.org\/2026\/wp-json\/wp\/v2\/media?parent=3"}],"curies":[{"name":"wp","href":"https:\/\/api.w.org\/{rel}","templated":true}]}}