{"id":288,"date":"2026-01-08T11:09:56","date_gmt":"2026-01-08T10:09:56","guid":{"rendered":"https:\/\/www.sevenadur.org\/2026\/?page_id=288"},"modified":"2026-02-06T11:54:20","modified_gmt":"2026-02-06T10:54:20","slug":"rencontres-et-conferences","status":"publish","type":"page","link":"https:\/\/www.sevenadur.org\/2026\/rencontres-et-conferences","title":{"rendered":"Rencontres et conf\u00e9rences"},"content":{"rendered":"\n<h5 class=\"wp-block-heading\">Soir\u00e9e-rencontre autour du collectage avec Charles Quimbert &#8211; 03\/03<\/h5>\n\n\n\n<div class=\"wp-block-columns is-layout-flex wp-container-core-columns-is-layout-9d6595d7 wp-block-columns-is-layout-flex\">\n<div class=\"wp-block-column is-layout-flow wp-block-column-is-layout-flow\"><div class=\"wp-block-image\">\n<figure class=\"alignleft size-full is-resized\"><img loading=\"lazy\" decoding=\"async\" width=\"421\" height=\"561\" src=\"https:\/\/www.sevenadur.org\/2026\/wp-content\/uploads\/sites\/13\/2026\/01\/Quimbert-Charles-9J6A3577NB-3-2-edited-1.jpg\" alt=\"\" class=\"wp-image-587\" style=\"aspect-ratio:0.7504383401519579;width:256px;height:auto\" srcset=\"https:\/\/www.sevenadur.org\/2026\/wp-content\/uploads\/sites\/13\/2026\/01\/Quimbert-Charles-9J6A3577NB-3-2-edited-1.jpg 421w, https:\/\/www.sevenadur.org\/2026\/wp-content\/uploads\/sites\/13\/2026\/01\/Quimbert-Charles-9J6A3577NB-3-2-edited-1-225x300.jpg 225w\" sizes=\"auto, (max-width: 421px) 100vw, 421px\" \/><\/figure>\n<\/div><\/div>\n\n\n\n<div class=\"wp-block-column is-layout-flow wp-block-column-is-layout-flow\">\n<p class=\"has-small-font-size\">Chaque ann\u00e9e, <a href=\"https:\/\/www.dastum.bzh\/actualites\/vie-de-l-association\/rencontre-avec-un-collecteur-charles-quimbert-le-3-mars\/\" data-type=\"link\" data-id=\"https:\/\/www.dastum.bzh\/actualites\/vie-de-l-association\/rencontre-avec-un-collecteur-charles-quimbert-le-3-mars\/\">Dastum <\/a>propose, dans le cadre du festival rennais&nbsp;<a href=\"https:\/\/www.cercleceltiquederennes.org\/nos-activites\/sevenadur\/#:~:text=Sevenadur%20revient%20du%2019%20F%C3%A9vrier,mettre%20en%20lumi%C3%A8re%20LE%20LIEN%20!\">Sevenadur<\/a>,&nbsp;une rencontre avec l\u2019un des nombreux collecteurs de traditions orales qui alimentent Dastumedia, sa riche base de donn\u00e9es en ligne.<\/p>\n\n\n\n<p class=\"has-small-font-size\">Cette ann\u00e9e, nous recevons Charles Quimbert, bien connu comme chanteur et animateur d\u2019ateliers de chant traditionnel, ancien pr\u00e9sident puis directeur de Dastum, et ancien directeur de Bretagne Culture Diversit\u00e9. Il est \u00e9galement l\u2019auteur d\u2019une des collectes les plus importantes jamais effectu\u00e9es en pays gallo, voire en Bretagne. Cette collecte a commenc\u00e9 vers 1990 et a connu son intensit\u00e9 maximale pendant toute la d\u00e9cennie suivante. Le traitement de ce fonds \u00e0 Dastum a commenc\u00e9 depuis plusieurs ann\u00e9es, et se poursuit encore&nbsp;: environ 3500 enregistrements d\u2019ores et d\u00e9j\u00e0 consultables, sur un total qui, \u00e0 terme, d\u00e9passera les 10.000&nbsp;!<\/p>\n<\/div>\n<\/div>\n\n\n\n<p class=\"has-small-font-size\">Il nous racontera son parcours de collecteur, de nombreuses anecdotes v\u00e9cues lors des centaines de rencontres effectu\u00e9es sur le terrain (dans le sud de l\u2019Ille-et-Vilaine, le Morbihan gallo et ailleurs\u2026), et nous pr\u00e9sentera une s\u00e9lection d\u2019enregistrements des chanteuses et chanteurs, souvent remarquables, qui l\u2019ont le plus marqu\u00e9 (Th\u00e9r\u00e8se Voland, L\u00e9onie Brunel, Emile Houeix, Andr\u00e9 Drumel, Marie-Jos\u00e8he Outin, et tant d\u2019autres&nbsp;!)<\/p>\n\n\n\n<p class=\"has-small-font-size\"> La soir\u00e9e pourra se terminer en veill\u00e9e chant\u00e9e, selon l\u2019humeur des participants&nbsp;!<\/p>\n\n\n\n<p class=\"has-small-font-size\">( Organisateurs : Dastum \/ La Bou\u00e8ze )<\/p>\n\n\n\n<p style=\"font-size:13px\"><em>Mardi 3 mars \u2013 ( 20h00) &#8211; Ferme des Gallets, 26 avenue Pierre Donzelot 35000 RENNES &#8211; Bus C2 (Arr\u00eat Donzelot) M\u00e9tro B (Station Beaulieu Universit\u00e9) <em>&#8211; Entr\u00e9e libre<\/em> &#8211; acc\u00e8s PMR: oui<\/em><\/p>\n\n\n\n<h5 class=\"wp-block-heading\" id=\"Le-loup-et-le-chien-chez-les-Celtes\">\u00ab\u00a0Le loup et le chien chez les Celtes\u00a0\u00bb avec Dimitri Boekhoorn &#8211; 04\/03<\/h5>\n\n\n\n<div class=\"wp-block-columns is-layout-flex wp-container-core-columns-is-layout-9d6595d7 wp-block-columns-is-layout-flex\">\n<div class=\"wp-block-column is-layout-flow wp-block-column-is-layout-flow\">\n<p style=\"font-size:13px\">Le chien est omnipr\u00e9sent dans notre soci\u00e9t\u00e9 et le retour du loup interroge. Cette actualit\u00e9 est un bon pr\u00e9texte pour regarder la fonction et le symbolisme de ces animaux dans notre pass\u00e9 celte. Le r\u00f4le des canid\u00e9s dans la culture celtique a toujours \u00e9t\u00e9 important et des liens \u00e9tonnants existent avec les instruments \u00e0 vent et les cordophones dont joue Dimitri, qui est Docteur \u00e8s \u00c9tudes Celtiques. Il est \u00e9galement l\u2019auteur d\u2019une th\u00e8se sur le symbolisme animal ainsi que d\u2019un article sur les canid\u00e9s chez les Celtes, paru dans un livre sur le chien et le loup qui vient de sortir (le recueil reprend les actes de deux colloques tenus \u00e0 l\u2019Universit\u00e9 Libre de Bruxelles). Age du Fer, Antiquit\u00e9, Moyen-Age, \u00e9poque pr\u00e9moderne\u2026 Le tout avec des exemples musicaux correspondant. Le tour sera complet et fascinant.<\/p>\n\n\n\n<p style=\"font-size:13px\"><\/p>\n<\/div>\n\n\n\n<div class=\"wp-block-column is-layout-flow wp-block-column-is-layout-flow\">\n<figure class=\"wp-block-image size-large\"><img loading=\"lazy\" decoding=\"async\" width=\"1024\" height=\"768\" src=\"https:\/\/www.sevenadur.org\/2026\/wp-content\/uploads\/sites\/13\/2026\/01\/DSCN5318-1024x768.png\" alt=\"\" class=\"wp-image-387\" srcset=\"https:\/\/www.sevenadur.org\/2026\/wp-content\/uploads\/sites\/13\/2026\/01\/DSCN5318-1024x768.png 1024w, https:\/\/www.sevenadur.org\/2026\/wp-content\/uploads\/sites\/13\/2026\/01\/DSCN5318-300x225.png 300w, https:\/\/www.sevenadur.org\/2026\/wp-content\/uploads\/sites\/13\/2026\/01\/DSCN5318-768x576.png 768w, https:\/\/www.sevenadur.org\/2026\/wp-content\/uploads\/sites\/13\/2026\/01\/DSCN5318-500x375.png 500w, https:\/\/www.sevenadur.org\/2026\/wp-content\/uploads\/sites\/13\/2026\/01\/DSCN5318-800x600.png 800w, https:\/\/www.sevenadur.org\/2026\/wp-content\/uploads\/sites\/13\/2026\/01\/DSCN5318.png 1280w\" sizes=\"auto, (max-width: 767px) 89vw, (max-width: 1000px) 54vw, (max-width: 1071px) 543px, 580px\" \/><\/figure>\n\n\n\n<p style=\"font-size:13px\">( Organisateur : CCR)<\/p>\n\n\n\n<p style=\"font-size:13px\"><em>Mercredi 4 mars \u2013 (18h30 &#8211; 20h00) \u2013 Ferme de la harpe <em>35000 RENNES \u2013 Bus : C4 14 \/ 12 (Arr\u00eat Bois l\u2019abb\u00e9 \/ Meynier ou La Harpe) M\u00e9tro : A (Arr\u00eat Villejean)<\/em>\u2013 Participation libre \u2013 Renseignements : contact@ccrennes.bzh \u2013 02 99 54 36 45<\/em><\/p>\n<\/div>\n<\/div>\n\n\n\n<h5 class=\"wp-block-heading\" id=\"Couleurs-du-vivant\">\u00ab Couleurs du vivant \u00bb \u00e9crits et peinture de la nature bretonne et \u00ab contes en gallo \u00bbavec Martial Chevreuil, Daniel ROBERT, H\u00e9loise Berthet et Armelle Le goff- 05\/03<\/h5>\n\n\n\n<div class=\"wp-block-columns is-layout-flex wp-container-core-columns-is-layout-9d6595d7 wp-block-columns-is-layout-flex\">\n<div class=\"wp-block-column is-layout-flow wp-block-column-is-layout-flow\"><div class=\"wp-block-image\">\n<figure class=\"aligncenter size-large is-resized\"><img loading=\"lazy\" decoding=\"async\" width=\"473\" height=\"1024\" src=\"https:\/\/www.sevenadur.org\/2026\/wp-content\/uploads\/sites\/13\/2026\/01\/Screenshot_20251220_073000_OneDrive-473x1024.jpg\" alt=\"\" class=\"wp-image-364\" style=\"aspect-ratio:0.4619148011538595;width:233px;height:auto\" srcset=\"https:\/\/www.sevenadur.org\/2026\/wp-content\/uploads\/sites\/13\/2026\/01\/Screenshot_20251220_073000_OneDrive-473x1024.jpg 473w, https:\/\/www.sevenadur.org\/2026\/wp-content\/uploads\/sites\/13\/2026\/01\/Screenshot_20251220_073000_OneDrive-138x300.jpg 138w, https:\/\/www.sevenadur.org\/2026\/wp-content\/uploads\/sites\/13\/2026\/01\/Screenshot_20251220_073000_OneDrive-768x1664.jpg 768w, https:\/\/www.sevenadur.org\/2026\/wp-content\/uploads\/sites\/13\/2026\/01\/Screenshot_20251220_073000_OneDrive-709x1536.jpg 709w, https:\/\/www.sevenadur.org\/2026\/wp-content\/uploads\/sites\/13\/2026\/01\/Screenshot_20251220_073000_OneDrive-945x2048.jpg 945w, https:\/\/www.sevenadur.org\/2026\/wp-content\/uploads\/sites\/13\/2026\/01\/Screenshot_20251220_073000_OneDrive-500x1083.jpg 500w, https:\/\/www.sevenadur.org\/2026\/wp-content\/uploads\/sites\/13\/2026\/01\/Screenshot_20251220_073000_OneDrive-800x1733.jpg 800w, https:\/\/www.sevenadur.org\/2026\/wp-content\/uploads\/sites\/13\/2026\/01\/Screenshot_20251220_073000_OneDrive.jpg 1080w\" sizes=\"auto, (max-width: 473px) 100vw, 473px\" \/><\/figure>\n<\/div>\n\n<div class=\"wp-block-image\">\n<figure class=\"aligncenter size-large is-resized\"><img loading=\"lazy\" decoding=\"async\" width=\"1024\" height=\"576\" src=\"https:\/\/www.sevenadur.org\/2026\/wp-content\/uploads\/sites\/13\/2026\/01\/DR-Photo-1-1-1024x576.jpg\" alt=\"\" class=\"wp-image-365\" style=\"aspect-ratio:1.77773676467643;width:233px;height:auto\" srcset=\"https:\/\/www.sevenadur.org\/2026\/wp-content\/uploads\/sites\/13\/2026\/01\/DR-Photo-1-1-1024x576.jpg 1024w, https:\/\/www.sevenadur.org\/2026\/wp-content\/uploads\/sites\/13\/2026\/01\/DR-Photo-1-1-300x169.jpg 300w, https:\/\/www.sevenadur.org\/2026\/wp-content\/uploads\/sites\/13\/2026\/01\/DR-Photo-1-1-768x432.jpg 768w, https:\/\/www.sevenadur.org\/2026\/wp-content\/uploads\/sites\/13\/2026\/01\/DR-Photo-1-1-1536x864.jpg 1536w, https:\/\/www.sevenadur.org\/2026\/wp-content\/uploads\/sites\/13\/2026\/01\/DR-Photo-1-1-2048x1152.jpg 2048w, https:\/\/www.sevenadur.org\/2026\/wp-content\/uploads\/sites\/13\/2026\/01\/DR-Photo-1-1-500x281.jpg 500w, https:\/\/www.sevenadur.org\/2026\/wp-content\/uploads\/sites\/13\/2026\/01\/DR-Photo-1-1-800x450.jpg 800w, https:\/\/www.sevenadur.org\/2026\/wp-content\/uploads\/sites\/13\/2026\/01\/DR-Photo-1-1-1280x720.jpg 1280w, https:\/\/www.sevenadur.org\/2026\/wp-content\/uploads\/sites\/13\/2026\/01\/DR-Photo-1-1-1920x1080.jpg 1920w\" sizes=\"auto, (max-width: 767px) 89vw, (max-width: 1000px) 54vw, (max-width: 1071px) 543px, 580px\" \/><\/figure>\n<\/div>\n\n<div class=\"wp-block-image\">\n<figure class=\"aligncenter size-full is-resized\"><img loading=\"lazy\" decoding=\"async\" width=\"709\" height=\"709\" src=\"https:\/\/www.sevenadur.org\/2026\/wp-content\/uploads\/sites\/13\/2026\/01\/Estampille_Mois_du_Gallo_2023-CMJN.jpg\" alt=\"\" class=\"wp-image-830\" style=\"width:254px;height:auto\" srcset=\"https:\/\/www.sevenadur.org\/2026\/wp-content\/uploads\/sites\/13\/2026\/01\/Estampille_Mois_du_Gallo_2023-CMJN.jpg 709w, https:\/\/www.sevenadur.org\/2026\/wp-content\/uploads\/sites\/13\/2026\/01\/Estampille_Mois_du_Gallo_2023-CMJN-300x300.jpg 300w, https:\/\/www.sevenadur.org\/2026\/wp-content\/uploads\/sites\/13\/2026\/01\/Estampille_Mois_du_Gallo_2023-CMJN-150x150.jpg 150w, https:\/\/www.sevenadur.org\/2026\/wp-content\/uploads\/sites\/13\/2026\/01\/Estampille_Mois_du_Gallo_2023-CMJN-500x500.jpg 500w, https:\/\/www.sevenadur.org\/2026\/wp-content\/uploads\/sites\/13\/2026\/01\/Estampille_Mois_du_Gallo_2023-CMJN-100x100.jpg 100w\" sizes=\"auto, (max-width: 709px) 100vw, 709px\" \/><\/figure>\n<\/div><\/div>\n\n\n\n<div class=\"wp-block-column is-layout-flow wp-block-column-is-layout-flow\">\n<p style=\"font-size:13px\"><strong>-\u00ab\u00a0Couleurs du vivant\u00a0\u00bb Ecrits et peintures de la nature bretonne&nbsp;<\/strong><\/p>\n\n\n\n<p style=\"font-size:13px\">Une lecture \u00e0 plusieurs voix ( en fran\u00e7ais et breton ) de textes du patrimoine autour des \u0153uvres d&rsquo;artistes locaux<\/p>\n\n\n\n<p style=\"font-size:13px\">qui c\u00e9l\u00e8brent la nature bretonne, et nous sensibilise \u00e0 sa beaut\u00e9 fragile.<\/p>\n\n\n\n<p style=\"font-size:13px\">\u00ab\u00a0An douar a zo re gozh evit ober goap anezha\u00f1.\u00a0\u00bb<\/p>\n\n\n\n<p style=\"font-size:13px\">\u00ab\u00a0La terre est trop vieille pour qu&rsquo;on se moque d&rsquo;elle.\u00a0\u00bb<\/p>\n\n\n\n<p style=\"font-size:13px\">(Proverbe populaire breton r\u00e9colt\u00e9 en 1910,<\/p>\n\n\n\n<p style=\"font-size:13px\">&nbsp;\u00ab\u00a0Petit floril\u00e8ge de proverbe\u00a0\u00bb, Lukian Kergoat, Coop Breiz)<\/p>\n\n\n\n<p style=\"font-size:13px\"><strong>-Daniel ROBERT \u2013 Conteur en Gallo \u2013 Contou en Galo.<\/strong><\/p>\n\n\n\n<p style=\"font-size:13px\">C\u2019est parce qu\u2019il est persuad\u00e9 que le Gallo, l\u2019autre langue de la Bretagne, n\u2019est pas une langue du pass\u00e9, que Daniel ROBERT utilise exclusivement cette langue dans ses contes et ses histoires lors des soir\u00e9es auxquelles il participe. Daniel est tomb\u00e9 dans le Gallo depuis sa plus tendre enfance. Amoureux des grands contes traditionnels, il aime aussi les histoires contemporaines. Il vous entraine avec lui dans son univers plein de fantaisie.<\/p>\n\n\n\n<p style=\"font-size:13px\"><em>C\u2019\u00e9t raport q\u2019i sonje qe le Galo, l\u2019aotr parlement de Bert\u00e8gne, n\u2019\u00e9t pouint un parlement de d\u2019aotrfai, qe Daniel ROBERT le pr\u00e9che a tout coup den ses conteries e diries durant les sair\u00e9es eyou q\u2019i va. Daniel \u00e9t port\u00eb su le Galo dedep\u00e9s q\u2019il \u00e9t qeniaod. Port\u00eb su les contes de tradicion, il eme ben etout les istoueres d\u2019astoure. I vous mene cant\u00eb li den son monde vra rigoustin.<\/em><\/p>\n\n\n\n<p style=\"font-size:13px\">( Organisateur : CCR)<\/p>\n\n\n\n<p style=\"font-size:13px\"><em>Jeudi 5 mars \u2013 (20h00) \u2013 Ferme de la harpe <em>35000 RENNES \u2013 Bus : C4 14 \/ 12 (Arr\u00eat Bois l\u2019abb\u00e9 \/ Meynier ou La Harpe) M\u00e9tro : A (Arr\u00eat Villejean)<\/em>\u2013 Participation libre \u2013 Renseignements : contact@ccrennes.bzh \u2013 02 99 54 36 45<\/em><\/p>\n<\/div>\n<\/div>\n\n\n\n<p><\/p>\n","protected":false},"excerpt":{"rendered":"<p>Soir\u00e9e-rencontre autour du collectage avec Charles Quimbert &#8211; 03\/03 Chaque ann\u00e9e, Dastum propose, dans le cadre du festival rennais&nbsp;Sevenadur,&nbsp;une rencontre avec l\u2019un des nombreux collecteurs de traditions orales qui alimentent Dastumedia, sa riche base de donn\u00e9es en ligne. Cette ann\u00e9e, nous recevons Charles Quimbert, bien connu comme chanteur et animateur d\u2019ateliers de chant traditionnel, ancien &hellip; <\/p>\n<p class=\"link-more\"><a href=\"https:\/\/www.sevenadur.org\/2026\/rencontres-et-conferences\" class=\"more-link\">Continuer la lecture<span class=\"screen-reader-text\"> de &laquo;&nbsp;Rencontres et conf\u00e9rences&nbsp;&raquo;<\/span><\/a><\/p>\n","protected":false},"author":16,"featured_media":0,"parent":0,"menu_order":0,"comment_status":"closed","ping_status":"closed","template":"","meta":{"_vp_format_video_url":"","_vp_image_focal_point":[],"footnotes":""},"class_list":["post-288","page","type-page","status-publish","hentry"],"_links":{"self":[{"href":"https:\/\/www.sevenadur.org\/2026\/wp-json\/wp\/v2\/pages\/288","targetHints":{"allow":["GET"]}}],"collection":[{"href":"https:\/\/www.sevenadur.org\/2026\/wp-json\/wp\/v2\/pages"}],"about":[{"href":"https:\/\/www.sevenadur.org\/2026\/wp-json\/wp\/v2\/types\/page"}],"author":[{"embeddable":true,"href":"https:\/\/www.sevenadur.org\/2026\/wp-json\/wp\/v2\/users\/16"}],"replies":[{"embeddable":true,"href":"https:\/\/www.sevenadur.org\/2026\/wp-json\/wp\/v2\/comments?post=288"}],"version-history":[{"count":27,"href":"https:\/\/www.sevenadur.org\/2026\/wp-json\/wp\/v2\/pages\/288\/revisions"}],"predecessor-version":[{"id":949,"href":"https:\/\/www.sevenadur.org\/2026\/wp-json\/wp\/v2\/pages\/288\/revisions\/949"}],"wp:attachment":[{"href":"https:\/\/www.sevenadur.org\/2026\/wp-json\/wp\/v2\/media?parent=288"}],"curies":[{"name":"wp","href":"https:\/\/api.w.org\/{rel}","templated":true}]}}