{"id":286,"date":"2026-01-08T11:09:56","date_gmt":"2026-01-08T10:09:56","guid":{"rendered":"https:\/\/www.sevenadur.org\/2026\/?page_id=286"},"modified":"2026-03-02T16:53:05","modified_gmt":"2026-03-02T15:53:05","slug":"visites-et-expositions","status":"publish","type":"page","link":"https:\/\/www.sevenadur.org\/2026\/visites-et-expositions","title":{"rendered":"Visites et expositions"},"content":{"rendered":"\n<h5 class=\"wp-block-heading\">Panorama des photos r\u00e9alis\u00e9es par Myriam Jegat, photographe<br>\u00e9ditions Zef et Mer &#8211; 25\/02 &#8211; 15\/03<\/h5>\n\n\n\n<div class=\"wp-block-columns is-layout-flex wp-container-core-columns-is-layout-9d6595d7 wp-block-columns-is-layout-flex\">\n<div class=\"wp-block-column is-layout-flow wp-block-column-is-layout-flow\">\n<p style=\"font-size:13px\">Myriam J\u00e9gat habite depuis toujours dans le Morbihan mais en parcourant la Bretagne, c&rsquo;est la m\u00e9moire des peuples qu&rsquo;elle cherche \u00e0 collecter parmi les chanteurs, conteurs, musiciens, collecteurs, \u00e9crivains, acteurs de la culture qu&rsquo;elle se pla\u00eet \u00e0 photographier. \u00c0 chaque fois ce sont des rencontres avec des gens enracin\u00e9s dans leurs terre mais bien dans le si\u00e8cle, un incessant va-et-vient entre le pass\u00e9 et le pr\u00e9sent, un \u0153il riv\u00e9 vers l&rsquo;avenir.<\/p>\n\n\n\n<p style=\"font-size:13px\">Son inspiration elle l&rsquo;a trouv\u00e9e en Bretagne, l&rsquo;a prolong\u00e9e en Irlande et en Louisiane guid\u00e9e tout d&rsquo;abord par le spectacle vivant de cultures enfouies dont elle se veut le t\u00e9moin. Rencontres et \u00e9changes avec des artistes d&rsquo;autres disciplines ont enrichi son regard et insuffl\u00e9 un nouvel \u00e9lan \u00e0 son travail qui s&rsquo;est concr\u00e9tis\u00e9 par une mise en valeur au travers d&rsquo;expositions.<\/p>\n\n\n\n<p style=\"font-size:13px\">Quand elle photographie son souci est de recr\u00e9er au travers d&rsquo;images une histoire sans paroles. Curieuse de cultures , elle est \u00e0 l&rsquo;aff\u00fbt de l&rsquo;humain derri\u00e8re la diff\u00e9rence de la langue, les sons, les danses, les chants, les histoires dans des paysages souvent semblables mais aussi aux antipodes. Au-del\u00e0 des diff\u00e9rences, elle cherche l&rsquo;universel.<\/p>\n\n\n\n<p style=\"font-size:13px\">(Organisateur: Zef et Mer)<\/p>\n\n\n\n<p class=\"has-small-font-size\">Du 25 f\u00e9vrier au 15 mars &#8211; <em>La <\/em>Ferme de la Harpe \u2013 Av. Charles et Raymonde Tillon, 35000 Rennes \u2013 <em><em>M\u00e9tro&nbsp;: A (Arr\u00eat Villejean)<\/em> <\/em>Bus&nbsp;: C4 \/ 14 \/ 12 (Arr\u00eat Bois l\u2019abb\u00e9 \/ Normandie)<\/p>\n<\/div>\n\n\n\n<div class=\"wp-block-column is-layout-flow wp-block-column-is-layout-flow\">\n<figure class=\"wp-block-image size-large\"><img loading=\"lazy\" decoding=\"async\" width=\"724\" height=\"1024\" src=\"https:\/\/www.sevenadur.org\/2026\/wp-content\/uploads\/sites\/13\/2026\/02\/20260315-Expo_Zef_et_Mer-724x1024.png\" alt=\"\" class=\"wp-image-1153\" srcset=\"https:\/\/www.sevenadur.org\/2026\/wp-content\/uploads\/sites\/13\/2026\/02\/20260315-Expo_Zef_et_Mer-724x1024.png 724w, https:\/\/www.sevenadur.org\/2026\/wp-content\/uploads\/sites\/13\/2026\/02\/20260315-Expo_Zef_et_Mer-212x300.png 212w, https:\/\/www.sevenadur.org\/2026\/wp-content\/uploads\/sites\/13\/2026\/02\/20260315-Expo_Zef_et_Mer-768x1086.png 768w, https:\/\/www.sevenadur.org\/2026\/wp-content\/uploads\/sites\/13\/2026\/02\/20260315-Expo_Zef_et_Mer-1086x1536.png 1086w, https:\/\/www.sevenadur.org\/2026\/wp-content\/uploads\/sites\/13\/2026\/02\/20260315-Expo_Zef_et_Mer-500x707.png 500w, https:\/\/www.sevenadur.org\/2026\/wp-content\/uploads\/sites\/13\/2026\/02\/20260315-Expo_Zef_et_Mer-800x1132.png 800w, https:\/\/www.sevenadur.org\/2026\/wp-content\/uploads\/sites\/13\/2026\/02\/20260315-Expo_Zef_et_Mer-1280x1810.png 1280w, https:\/\/www.sevenadur.org\/2026\/wp-content\/uploads\/sites\/13\/2026\/02\/20260315-Expo_Zef_et_Mer.png 1414w\" sizes=\"auto, (max-width: 724px) 100vw, 724px\" \/><\/figure>\n\n\n\n<p class=\"has-small-font-size\"><a href=\"https:\/\/myriamjegat.bzh\" data-type=\"link\" data-id=\"https:\/\/myriamjegat.bzh\"><em>Site de l&rsquo;artiste<\/em><\/a><\/p>\n\n\n\n<p class=\"has-small-font-size\"><a href=\"https:\/\/www.facebook.com\/myriamjegat\" data-type=\"link\" data-id=\"https:\/\/www.facebook.com\/myriamjegat\"><em>Facebook de l\u2019artiste<\/em><\/a><\/p>\n<\/div>\n<\/div>\n\n\n\n<h5 class=\"wp-block-heading\" id=\"sardine\">Visite de mus\u00e9e au mus\u00e9e de Bretagne &#8211; 3\/03 et 10\/03<\/h5>\n\n\n\n<div class=\"wp-block-columns is-layout-flex wp-container-core-columns-is-layout-9d6595d7 wp-block-columns-is-layout-flex\">\n<div class=\"wp-block-column is-layout-flow wp-block-column-is-layout-flow\">\n<figure class=\"wp-block-image size-full\"><img loading=\"lazy\" decoding=\"async\" width=\"1414\" height=\"2000\" src=\"https:\/\/www.sevenadur.org\/2026\/wp-content\/uploads\/sites\/13\/2026\/03\/20260310-Visite_musee-1.png\" alt=\"\" class=\"wp-image-1177\" srcset=\"https:\/\/www.sevenadur.org\/2026\/wp-content\/uploads\/sites\/13\/2026\/03\/20260310-Visite_musee-1.png 1414w, https:\/\/www.sevenadur.org\/2026\/wp-content\/uploads\/sites\/13\/2026\/03\/20260310-Visite_musee-1-212x300.png 212w, https:\/\/www.sevenadur.org\/2026\/wp-content\/uploads\/sites\/13\/2026\/03\/20260310-Visite_musee-1-724x1024.png 724w, https:\/\/www.sevenadur.org\/2026\/wp-content\/uploads\/sites\/13\/2026\/03\/20260310-Visite_musee-1-768x1086.png 768w, https:\/\/www.sevenadur.org\/2026\/wp-content\/uploads\/sites\/13\/2026\/03\/20260310-Visite_musee-1-1086x1536.png 1086w, https:\/\/www.sevenadur.org\/2026\/wp-content\/uploads\/sites\/13\/2026\/03\/20260310-Visite_musee-1-500x707.png 500w, https:\/\/www.sevenadur.org\/2026\/wp-content\/uploads\/sites\/13\/2026\/03\/20260310-Visite_musee-1-800x1132.png 800w, https:\/\/www.sevenadur.org\/2026\/wp-content\/uploads\/sites\/13\/2026\/03\/20260310-Visite_musee-1-1280x1810.png 1280w\" sizes=\"auto, (max-width: 767px) 89vw, (max-width: 1000px) 54vw, (max-width: 1071px) 543px, 580px\" \/><\/figure>\n<\/div>\n\n\n\n<div class=\"wp-block-column is-layout-flow wp-block-column-is-layout-flow\">\n<p style=\"font-size:13px\">Le 20 novembre 1924, une gr\u00e8ve d\u00e9bute dans les conserveries de sardines de Douarnenez. Les sardini\u00e8res r\u00e9clament une augmentation de salaire. Pendant 46 jours, la lutte mobilise toute la ville et connait un retentissement national.<\/p>\n\n\n\n<p style=\"font-size:13px\">(Organisateur: Mus\u00e9e de Bretagne)<\/p>\n\n\n\n<p style=\"font-size:13px\">mardi 3 et <em>mardi 10 mars (17h30)<\/em>, 10 Cr des Alli\u00e9s, 35000 Rennes &#8211; Entr\u00e9e libre &#8211; M\u00e9tro A (Charles de Gaulle) Bus: C1,C2, 11 (Arr\u00eat les champs libres) &#8211; Renseignements : 02 99 54 36 45 \/ contact@ccrennes.bzh<\/p>\n<\/div>\n<\/div>\n\n\n\n<h5 class=\"wp-block-heading\">Une nuit au parquet de bal &#8211; Jean-Maurice Colombel &#8211; 25\/02 &#8211; 15\/03<br>Un vernissage aura lieu le 5 mars \u00e0 16h30<\/h5>\n\n\n\n<div class=\"wp-block-columns is-layout-flex wp-container-core-columns-is-layout-9d6595d7 wp-block-columns-is-layout-flex\">\n<div class=\"wp-block-column is-layout-flow wp-block-column-is-layout-flow\">\n<p style=\"font-size:13px\">Issu du projet de budget participatif de la ville de Rennes, le Parquet de Bal est un lieu de diffusion de spectacle install\u00e9 \u00e0 la Ferme de la Harpe \u00e0 Rennes depuis novembre 2019.<\/p>\n\n\n\n<p style=\"font-size:13px\">Situ\u00e9 entre les quartiers de Villejean et de Beauregard, cet \u00e9quipement culturel a pour objectif de r\u00e9pondre \u00e0 la demande d\u2019un lieu de proximit\u00e9, autour de la danse, et plus sp\u00e9cifiquement du bal populaire \u00e0 Rennes.<\/p>\n\n\n\n<p style=\"font-size:13px\">G\u00e9r\u00e9 par l\u2019association <a href=\"http:\/\/www.cercleceltiquederennes.org\/\" target=\"_blank\" rel=\"noreferrer noopener\">Cercle Celtique de Rennes<\/a>, le Parquet de Bal a pour vocation d\u2019accueillir toutes formes dans\u00e9es. Des musiques traditionnelles aux cultures urbaines, c\u2019est un lieu qui souhaite offrir la richesse de la diversit\u00e9 culturelle sur un territoire rennais qui foisonne d\u2019initiatives et de propositions artistiques sur la danse.<\/p>\n\n\n\n<p style=\"font-size:13px\">Ainsi, depuis son arriv\u00e9e, le Parquet de bal a \u00e9t\u00e9 t\u00e9moin de soir\u00e9es qui ont fait vibrer ses planches et scintiller sa boule \u00e0 facettes, embarquant son public dans l\u2019univers festif et envo\u00fbtant du bal.<\/p>\n\n\n\n<p style=\"font-size:13px\">(Organisation: CCR)<\/p>\n\n\n\n<p style=\"font-size:13px\">Du 25 f\u00e9vrier au 15 mars &#8211; Entr\u00e9e libre  &#8211; Centre social Ker Yann \u2013 42 Boulevard John Fitzgerald Kennedy, 35000 Rennes -Renseignements&nbsp;: 02 99 54 36 45 \/ contact@ccrennes.bzh<\/p>\n<\/div>\n\n\n\n<div class=\"wp-block-column is-layout-flow wp-block-column-is-layout-flow\">\n<figure class=\"wp-block-image size-full\"><img loading=\"lazy\" decoding=\"async\" width=\"1414\" height=\"2000\" src=\"https:\/\/www.sevenadur.org\/2026\/wp-content\/uploads\/sites\/13\/2026\/02\/20260315-Expo_Parquet_de_Bal.png\" alt=\"\" class=\"wp-image-1156\" srcset=\"https:\/\/www.sevenadur.org\/2026\/wp-content\/uploads\/sites\/13\/2026\/02\/20260315-Expo_Parquet_de_Bal.png 1414w, https:\/\/www.sevenadur.org\/2026\/wp-content\/uploads\/sites\/13\/2026\/02\/20260315-Expo_Parquet_de_Bal-212x300.png 212w, https:\/\/www.sevenadur.org\/2026\/wp-content\/uploads\/sites\/13\/2026\/02\/20260315-Expo_Parquet_de_Bal-724x1024.png 724w, https:\/\/www.sevenadur.org\/2026\/wp-content\/uploads\/sites\/13\/2026\/02\/20260315-Expo_Parquet_de_Bal-768x1086.png 768w, https:\/\/www.sevenadur.org\/2026\/wp-content\/uploads\/sites\/13\/2026\/02\/20260315-Expo_Parquet_de_Bal-1086x1536.png 1086w, https:\/\/www.sevenadur.org\/2026\/wp-content\/uploads\/sites\/13\/2026\/02\/20260315-Expo_Parquet_de_Bal-500x707.png 500w, https:\/\/www.sevenadur.org\/2026\/wp-content\/uploads\/sites\/13\/2026\/02\/20260315-Expo_Parquet_de_Bal-800x1132.png 800w, https:\/\/www.sevenadur.org\/2026\/wp-content\/uploads\/sites\/13\/2026\/02\/20260315-Expo_Parquet_de_Bal-1280x1810.png 1280w\" sizes=\"auto, (max-width: 767px) 89vw, (max-width: 1000px) 54vw, (max-width: 1071px) 543px, 580px\" \/><\/figure>\n<\/div>\n<\/div>\n\n\n\n<h5 class=\"wp-block-heading\">LA BOULE BRETONNE, JEU PATRIMONIAL &#8211; Jeux traditionnels de Pays<\/h5>\n\n\n\n<div class=\"wp-block-columns is-layout-flex wp-container-core-columns-is-layout-9d6595d7 wp-block-columns-is-layout-flex\">\n<div class=\"wp-block-column is-layout-flow wp-block-column-is-layout-flow\">\n<figure class=\"wp-block-image size-large\"><img loading=\"lazy\" decoding=\"async\" width=\"724\" height=\"1024\" src=\"https:\/\/www.sevenadur.org\/2026\/wp-content\/uploads\/sites\/13\/2026\/02\/20260315-Expo_Jeux_traditionnels-724x1024.png\" alt=\"\" class=\"wp-image-1157\" srcset=\"https:\/\/www.sevenadur.org\/2026\/wp-content\/uploads\/sites\/13\/2026\/02\/20260315-Expo_Jeux_traditionnels-724x1024.png 724w, https:\/\/www.sevenadur.org\/2026\/wp-content\/uploads\/sites\/13\/2026\/02\/20260315-Expo_Jeux_traditionnels-212x300.png 212w, https:\/\/www.sevenadur.org\/2026\/wp-content\/uploads\/sites\/13\/2026\/02\/20260315-Expo_Jeux_traditionnels-768x1086.png 768w, https:\/\/www.sevenadur.org\/2026\/wp-content\/uploads\/sites\/13\/2026\/02\/20260315-Expo_Jeux_traditionnels-1086x1536.png 1086w, https:\/\/www.sevenadur.org\/2026\/wp-content\/uploads\/sites\/13\/2026\/02\/20260315-Expo_Jeux_traditionnels-500x707.png 500w, https:\/\/www.sevenadur.org\/2026\/wp-content\/uploads\/sites\/13\/2026\/02\/20260315-Expo_Jeux_traditionnels-800x1132.png 800w, https:\/\/www.sevenadur.org\/2026\/wp-content\/uploads\/sites\/13\/2026\/02\/20260315-Expo_Jeux_traditionnels-1280x1810.png 1280w, https:\/\/www.sevenadur.org\/2026\/wp-content\/uploads\/sites\/13\/2026\/02\/20260315-Expo_Jeux_traditionnels.png 1414w\" sizes=\"auto, (max-width: 724px) 100vw, 724px\" \/><\/figure>\n<\/div>\n\n\n\n<div class=\"wp-block-column is-layout-flow wp-block-column-is-layout-flow\">\n<p class=\"has-small-font-size\">L&rsquo;exposition de l&rsquo;association Jeux traditionnels de Pays vous propose de d\u00e9couvrir les jeux traditionnels bretons et plus particuli\u00e8rement la boule bretonne. \u00c0 d\u00e9couvrir dans les couloirs du Cercle Celtique de Rennes.<br>L&rsquo;association sera \u00e9galement pr\u00e9sente lors de la cl\u00f4ture du festival \u00e0 la Halle Martenot, place des Lices, avec des jeux traditionnels tel que la grenouille, le palet, le passe-trappe, le birinig et d&rsquo;autres jeux d&rsquo;adresses et de r\u00e9flexions.<\/p>\n\n\n\n<p class=\"has-small-font-size\">Du 25 f\u00e9vrier au 15 mars &#8211; La Ferme de la Harpe \u2013 Av. Charles et Raymonde Tillon, 35000 Rennes \u2013 <em><em>M\u00e9tro&nbsp;: A (Arr\u00eat Villejean)<\/em> <\/em>Bus&nbsp;: C4 \/ 14 \/ 12 (Arr\u00eat Bois l\u2019abb\u00e9 \/ Normandie)<\/p>\n\n\n\n<p class=\"has-small-font-size\"><em>Renseignements : <em>02 99 54 36 45 \/ contact@ccrennes.<\/em><\/em>bzh<\/p>\n<\/div>\n<\/div>\n","protected":false},"excerpt":{"rendered":"<p>Panorama des photos r\u00e9alis\u00e9es par Myriam Jegat, photographe\u00e9ditions Zef et Mer &#8211; 25\/02 &#8211; 15\/03 Myriam J\u00e9gat habite depuis toujours dans le Morbihan mais en parcourant la Bretagne, c&rsquo;est la m\u00e9moire des peuples qu&rsquo;elle cherche \u00e0 collecter parmi les chanteurs, conteurs, musiciens, collecteurs, \u00e9crivains, acteurs de la culture qu&rsquo;elle se pla\u00eet \u00e0 photographier. \u00c0 chaque &hellip; <\/p>\n<p class=\"link-more\"><a href=\"https:\/\/www.sevenadur.org\/2026\/visites-et-expositions\" class=\"more-link\">Continuer la lecture<span class=\"screen-reader-text\"> de &laquo;&nbsp;Visites et expositions&nbsp;&raquo;<\/span><\/a><\/p>\n","protected":false},"author":16,"featured_media":0,"parent":0,"menu_order":0,"comment_status":"closed","ping_status":"closed","template":"","meta":{"_vp_format_video_url":"","_vp_image_focal_point":[],"footnotes":""},"class_list":["post-286","page","type-page","status-publish","hentry"],"_links":{"self":[{"href":"https:\/\/www.sevenadur.org\/2026\/wp-json\/wp\/v2\/pages\/286","targetHints":{"allow":["GET"]}}],"collection":[{"href":"https:\/\/www.sevenadur.org\/2026\/wp-json\/wp\/v2\/pages"}],"about":[{"href":"https:\/\/www.sevenadur.org\/2026\/wp-json\/wp\/v2\/types\/page"}],"author":[{"embeddable":true,"href":"https:\/\/www.sevenadur.org\/2026\/wp-json\/wp\/v2\/users\/16"}],"replies":[{"embeddable":true,"href":"https:\/\/www.sevenadur.org\/2026\/wp-json\/wp\/v2\/comments?post=286"}],"version-history":[{"count":47,"href":"https:\/\/www.sevenadur.org\/2026\/wp-json\/wp\/v2\/pages\/286\/revisions"}],"predecessor-version":[{"id":1178,"href":"https:\/\/www.sevenadur.org\/2026\/wp-json\/wp\/v2\/pages\/286\/revisions\/1178"}],"wp:attachment":[{"href":"https:\/\/www.sevenadur.org\/2026\/wp-json\/wp\/v2\/media?parent=286"}],"curies":[{"name":"wp","href":"https:\/\/api.w.org\/{rel}","templated":true}]}}