{"id":16,"date":"2025-12-18T16:00:21","date_gmt":"2025-12-18T15:00:21","guid":{"rendered":"https:\/\/www.sevenadur.org\/2026\/?page_id=16"},"modified":"2026-02-13T10:20:18","modified_gmt":"2026-02-13T09:20:18","slug":"sevenadur-enfants","status":"publish","type":"page","link":"https:\/\/www.sevenadur.org\/2026\/sevenadur-enfants","title":{"rendered":"Sevenadur Enfants"},"content":{"rendered":"\n<hr class=\"wp-block-separator has-text-color has-pale-cyan-blue-color has-alpha-channel-opacity has-pale-cyan-blue-background-color has-background is-style-wide\"\/>\n\n\n\n<figure class=\"wp-block-gallery has-nested-images columns-default is-cropped wp-block-gallery-1 is-layout-flex wp-block-gallery-is-layout-flex\">\n<figure class=\"wp-block-image size-large\"><img loading=\"lazy\" decoding=\"async\" width=\"727\" height=\"1024\" data-id=\"872\" src=\"https:\/\/www.sevenadur.org\/2026\/wp-content\/uploads\/sites\/13\/2026\/02\/70ae19c9-00d5-42b5-abb7-ec84188ab2c1-727x1024.jpg\" alt=\"\" class=\"wp-image-872\" srcset=\"https:\/\/www.sevenadur.org\/2026\/wp-content\/uploads\/sites\/13\/2026\/02\/70ae19c9-00d5-42b5-abb7-ec84188ab2c1-727x1024.jpg 727w, https:\/\/www.sevenadur.org\/2026\/wp-content\/uploads\/sites\/13\/2026\/02\/70ae19c9-00d5-42b5-abb7-ec84188ab2c1-213x300.jpg 213w, https:\/\/www.sevenadur.org\/2026\/wp-content\/uploads\/sites\/13\/2026\/02\/70ae19c9-00d5-42b5-abb7-ec84188ab2c1-768x1082.jpg 768w, https:\/\/www.sevenadur.org\/2026\/wp-content\/uploads\/sites\/13\/2026\/02\/70ae19c9-00d5-42b5-abb7-ec84188ab2c1-1091x1536.jpg 1091w, https:\/\/www.sevenadur.org\/2026\/wp-content\/uploads\/sites\/13\/2026\/02\/70ae19c9-00d5-42b5-abb7-ec84188ab2c1-1454x2048.jpg 1454w, https:\/\/www.sevenadur.org\/2026\/wp-content\/uploads\/sites\/13\/2026\/02\/70ae19c9-00d5-42b5-abb7-ec84188ab2c1-500x704.jpg 500w, https:\/\/www.sevenadur.org\/2026\/wp-content\/uploads\/sites\/13\/2026\/02\/70ae19c9-00d5-42b5-abb7-ec84188ab2c1-800x1127.jpg 800w, https:\/\/www.sevenadur.org\/2026\/wp-content\/uploads\/sites\/13\/2026\/02\/70ae19c9-00d5-42b5-abb7-ec84188ab2c1-1280x1803.jpg 1280w, https:\/\/www.sevenadur.org\/2026\/wp-content\/uploads\/sites\/13\/2026\/02\/70ae19c9-00d5-42b5-abb7-ec84188ab2c1.jpg 1795w\" sizes=\"auto, (max-width: 727px) 100vw, 727px\" \/><\/figure>\n<\/figure>\n\n\n\n<hr class=\"wp-block-separator has-text-color has-pale-cyan-blue-color has-alpha-channel-opacity has-pale-cyan-blue-background-color has-background is-style-wide\"\/>\n\n\n<p style=\"text-align: center;\">Du mercredi 25 au vendredi 27, retrouvez un programme sp\u00e9cial pour les enfants dans le festival Sevenadur.<\/p>\n<p style=\"text-align: center;\">Au programme :\u00a0<\/p>\n\n\n<h5 class=\"wp-block-heading\" id=\"journ\u00e9e-en-breton\">Bedig Bev &#8211; mercredi 25 f\u00e9vrier<\/h5>\n\n\n\n<div class=\"wp-block-columns is-layout-flex wp-container-core-columns-is-layout-9d6595d7 wp-block-columns-is-layout-flex\">\n<div class=\"wp-block-column is-layout-flow wp-block-column-is-layout-flow\">\n<p style=\"font-size:13px\">Krouit ur jardin zen hag un ti-gwer evit degemer sioulder an amzer !<\/p>\n\n\n\n<p style=\"font-size:13px\">Viens cr\u00e9er ta mini-serre et ton jardin zen !<\/p>\n\n\n\n<p style=\"font-size:13px\">Amzer sioul goude debri\u00f1 evit distanna\u00f1 ar c\u2019horf<\/p>\n\n\n\n<p style=\"font-size:13px\">Temps calme de la pause m\u00e9ridienne<\/p>\n\n\n\n<p style=\"font-size:13px\">Pratique du yoga en gallo pour d\u00e9tendre ton corps<\/p>\n\n\n\n<p style=\"font-size:13px\">Implij da gorf, da empenn ha da fent evit dont a-benn da zizoloi\u00f1 sekred ar c\u2019hrouadurio\u00f9 bev.<\/p>\n\n\n\n<p style=\"font-size:13px\">R\u00e9sous les \u00e9nigmes du secret des cr\u00e9atures du vivant en utilisant ton corps, ta t\u00eate et ton sens de l\u2019humour.<\/p>\n<\/div>\n\n\n\n<div class=\"wp-block-column is-layout-flow wp-block-column-is-layout-flow\">\n<figure class=\"wp-block-image size-large\"><img loading=\"lazy\" decoding=\"async\" width=\"1024\" height=\"683\" src=\"https:\/\/www.sevenadur.org\/2026\/wp-content\/uploads\/sites\/13\/2026\/01\/IMG_8487-1024x683.jpg\" alt=\"\" class=\"wp-image-795\" srcset=\"https:\/\/www.sevenadur.org\/2026\/wp-content\/uploads\/sites\/13\/2026\/01\/IMG_8487-1024x683.jpg 1024w, https:\/\/www.sevenadur.org\/2026\/wp-content\/uploads\/sites\/13\/2026\/01\/IMG_8487-300x200.jpg 300w, https:\/\/www.sevenadur.org\/2026\/wp-content\/uploads\/sites\/13\/2026\/01\/IMG_8487-768x512.jpg 768w, https:\/\/www.sevenadur.org\/2026\/wp-content\/uploads\/sites\/13\/2026\/01\/IMG_8487-1536x1024.jpg 1536w, https:\/\/www.sevenadur.org\/2026\/wp-content\/uploads\/sites\/13\/2026\/01\/IMG_8487-2048x1365.jpg 2048w, https:\/\/www.sevenadur.org\/2026\/wp-content\/uploads\/sites\/13\/2026\/01\/IMG_8487-500x333.jpg 500w, https:\/\/www.sevenadur.org\/2026\/wp-content\/uploads\/sites\/13\/2026\/01\/IMG_8487-800x533.jpg 800w, https:\/\/www.sevenadur.org\/2026\/wp-content\/uploads\/sites\/13\/2026\/01\/IMG_8487-1280x853.jpg 1280w, https:\/\/www.sevenadur.org\/2026\/wp-content\/uploads\/sites\/13\/2026\/01\/IMG_8487-1920x1280.jpg 1920w\" sizes=\"auto, (max-width: 767px) 89vw, (max-width: 1000px) 54vw, (max-width: 1071px) 543px, 580px\" \/><\/figure>\n<\/div>\n<\/div>\n\n\n\n<p style=\"font-size:13px\">Mercredi 25 f\u00e9vrier &#8211; (9h00- 17h00) &#8211; D\u00e8s 6 ans &#8211; Ferme de la harpe, 35000 Rennes -Tarif : 10 euros, 6 euros (adh\u00e9rents), 5 euros (Sur pr\u00e9sentation de la carte sortir) &#8211; <em>Renseignements et inscriptions:<\/em> mediation@ccrennes.bzh 07 78 37 38 55 \/ mediation@ccrennes.bzh &#8211; Pr\u00e9voir un pique-nique<\/p>\n\n\n\n<h5 class=\"wp-block-heading\" id=\"voyage-du-vivant\">Le grand voyage du vivant en hiver &#8211; Jeudi 26 f\u00e9vrier<\/h5>\n\n\n\n<div class=\"wp-block-columns is-layout-flex wp-container-core-columns-is-layout-9d6595d7 wp-block-columns-is-layout-flex\">\n<div class=\"wp-block-column is-layout-flow wp-block-column-is-layout-flow\">\n<figure class=\"wp-block-image size-large\"><img loading=\"lazy\" decoding=\"async\" width=\"1024\" height=\"683\" src=\"https:\/\/www.sevenadur.org\/2026\/wp-content\/uploads\/sites\/13\/2026\/01\/IMG_8365-1024x683.jpg\" alt=\"\" class=\"wp-image-796\" srcset=\"https:\/\/www.sevenadur.org\/2026\/wp-content\/uploads\/sites\/13\/2026\/01\/IMG_8365-1024x683.jpg 1024w, https:\/\/www.sevenadur.org\/2026\/wp-content\/uploads\/sites\/13\/2026\/01\/IMG_8365-300x200.jpg 300w, https:\/\/www.sevenadur.org\/2026\/wp-content\/uploads\/sites\/13\/2026\/01\/IMG_8365-768x512.jpg 768w, https:\/\/www.sevenadur.org\/2026\/wp-content\/uploads\/sites\/13\/2026\/01\/IMG_8365-1536x1024.jpg 1536w, https:\/\/www.sevenadur.org\/2026\/wp-content\/uploads\/sites\/13\/2026\/01\/IMG_8365-2048x1365.jpg 2048w, https:\/\/www.sevenadur.org\/2026\/wp-content\/uploads\/sites\/13\/2026\/01\/IMG_8365-500x333.jpg 500w, https:\/\/www.sevenadur.org\/2026\/wp-content\/uploads\/sites\/13\/2026\/01\/IMG_8365-800x533.jpg 800w, https:\/\/www.sevenadur.org\/2026\/wp-content\/uploads\/sites\/13\/2026\/01\/IMG_8365-1280x853.jpg 1280w, https:\/\/www.sevenadur.org\/2026\/wp-content\/uploads\/sites\/13\/2026\/01\/IMG_8365-1920x1280.jpg 1920w\" sizes=\"auto, (max-width: 767px) 89vw, (max-width: 1000px) 54vw, (max-width: 1071px) 543px, 580px\" \/><\/figure>\n<\/div>\n\n\n\n<div class=\"wp-block-column is-layout-flow wp-block-column-is-layout-flow\">\n<p style=\"font-size:13px\">Sortie pour d\u00e9couvrir notre plan\u00e8te vivante, comment les animaux vivent en hiver ?<\/p>\n\n\n\n<p style=\"font-size:13px\">Temps calme de la pause m\u00e9ridienne<\/p>\n\n\n\n<p style=\"font-size:13px\">Pratique du yoga en gallo pour d\u00e9tendre ton corps<\/p>\n\n\n\n<p style=\"font-size:13px\">Viens nous aider \u00e0 faire une fresque g\u00e9ante du Vivant!<\/p>\n\n\n\n<p style=\"font-size:13px\">Qui est vivant ? Quelle couleur repr\u00e9sente le vivant ?<\/p>\n\n\n\n<p style=\"font-size:13px\">A l\u2019aide de papier, peinture, carton, vient apporter ton \u0153il visionnaire \u00e0 notre fresque.<\/p>\n<\/div>\n<\/div>\n\n\n\n<p style=\"font-size:13px\">Jeudi 26 f\u00e9vrier &#8211; (9h00- 17h00) &#8211; D\u00e8s 6 ans &#8211; <em>Ferme de la harpe, 35000 Rennes<\/em> -10 euros, 6 euros (adh\u00e9rents), 5 euros (Sur pr\u00e9sentation de la carte sortir) &#8211; <em>Renseignements et inscriptions:<\/em> mediation@ccrennes.bzh 07 78 37 38 55 \/ mediation@ccrennes.bzh &#8211; Pr\u00e9voir un pique-nique<\/p>\n\n\n\n<h5 class=\"wp-block-heading\" id=\"stages-au-choix\">Stages au choix &#8211; Vendredi 27 f\u00e9vrier<\/h5>\n\n\n\n<div class=\"wp-block-columns is-layout-flex wp-container-core-columns-is-layout-9d6595d7 wp-block-columns-is-layout-flex\">\n<div class=\"wp-block-column is-layout-flow wp-block-column-is-layout-flow\">\n<p class=\"has-small-font-size\">Stage de broderie, stage de musique d&rsquo;ensemble et stage de danse. <br>Rendez-vous \u00e0 18h15 \u00e0 la Mairie de Rennes pour l\u2019inauguration de Sevenadur o\u00f9 les enfants feront une restitution de leur journ\u00e9e. (Amenez votre carte korrigo). <\/p>\n\n\n\n<p style=\"font-size:13px\"><strong>Apprenti<\/strong> <strong>musicien<\/strong><\/p>\n\n\n\n<p style=\"font-size:13px\">D\u00e8s 8 ans, Viens jouer en groupe dans ce stage et te produire \u00e0 l\u2019inauguration.<br>Il faut avoir une pratique musicale d\u2019au moins un an.<\/p>\n\n\n\n<p style=\"font-size:13px\"><strong>Apprenti brodeur<\/strong><\/p>\n\n\n\n<p style=\"font-size:13px\">D\u00e8s 8 ans, atelier parent-enfant possible Tu piques et tu tires pour r\u00e9aliser de magnifiques broderies. Les brodeuses passionn\u00e9es n\u2019attendent que toi pour mettre en pratique tes talents.<\/p>\n\n\n\n<p style=\"font-size:13px\"><strong>Danser la vie en pop-up<\/strong><\/p>\n\n\n\n<p style=\"font-size:13px\">D\u00e8s 6 ans, Tu ne veux pas jouer de la musique ni broder, mais tu as envie de bouger.<br>Ce stage est fait pour toi.<br>R\u00e9alisation de carte pop-up le matin et stage de danse l\u2019apr\u00e8s-midi.<\/p>\n<\/div>\n\n\n\n<div class=\"wp-block-column is-layout-flow wp-block-column-is-layout-flow\">\n<figure class=\"wp-block-image size-large\"><img loading=\"lazy\" decoding=\"async\" width=\"1024\" height=\"684\" src=\"https:\/\/www.sevenadur.org\/2026\/wp-content\/uploads\/sites\/13\/2026\/01\/JMC6970-1024x684.jpg\" alt=\"\" class=\"wp-image-797\" srcset=\"https:\/\/www.sevenadur.org\/2026\/wp-content\/uploads\/sites\/13\/2026\/01\/JMC6970-1024x684.jpg 1024w, https:\/\/www.sevenadur.org\/2026\/wp-content\/uploads\/sites\/13\/2026\/01\/JMC6970-300x200.jpg 300w, https:\/\/www.sevenadur.org\/2026\/wp-content\/uploads\/sites\/13\/2026\/01\/JMC6970-768x513.jpg 768w, https:\/\/www.sevenadur.org\/2026\/wp-content\/uploads\/sites\/13\/2026\/01\/JMC6970-1536x1025.jpg 1536w, https:\/\/www.sevenadur.org\/2026\/wp-content\/uploads\/sites\/13\/2026\/01\/JMC6970-2048x1367.jpg 2048w, https:\/\/www.sevenadur.org\/2026\/wp-content\/uploads\/sites\/13\/2026\/01\/JMC6970-500x334.jpg 500w, https:\/\/www.sevenadur.org\/2026\/wp-content\/uploads\/sites\/13\/2026\/01\/JMC6970-800x534.jpg 800w, https:\/\/www.sevenadur.org\/2026\/wp-content\/uploads\/sites\/13\/2026\/01\/JMC6970-1280x854.jpg 1280w, https:\/\/www.sevenadur.org\/2026\/wp-content\/uploads\/sites\/13\/2026\/01\/JMC6970-1920x1282.jpg 1920w\" sizes=\"auto, (max-width: 767px) 89vw, (max-width: 1000px) 54vw, (max-width: 1071px) 543px, 580px\" \/><\/figure>\n\n\n\n<figure class=\"wp-block-image size-large\"><img loading=\"lazy\" decoding=\"async\" width=\"1024\" height=\"683\" src=\"https:\/\/www.sevenadur.org\/2026\/wp-content\/uploads\/sites\/13\/2026\/01\/IMG_8521-1024x683.jpg\" alt=\"\" class=\"wp-image-798\" srcset=\"https:\/\/www.sevenadur.org\/2026\/wp-content\/uploads\/sites\/13\/2026\/01\/IMG_8521-1024x683.jpg 1024w, https:\/\/www.sevenadur.org\/2026\/wp-content\/uploads\/sites\/13\/2026\/01\/IMG_8521-300x200.jpg 300w, https:\/\/www.sevenadur.org\/2026\/wp-content\/uploads\/sites\/13\/2026\/01\/IMG_8521-768x512.jpg 768w, https:\/\/www.sevenadur.org\/2026\/wp-content\/uploads\/sites\/13\/2026\/01\/IMG_8521-1536x1025.jpg 1536w, https:\/\/www.sevenadur.org\/2026\/wp-content\/uploads\/sites\/13\/2026\/01\/IMG_8521-2048x1366.jpg 2048w, https:\/\/www.sevenadur.org\/2026\/wp-content\/uploads\/sites\/13\/2026\/01\/IMG_8521-500x334.jpg 500w, https:\/\/www.sevenadur.org\/2026\/wp-content\/uploads\/sites\/13\/2026\/01\/IMG_8521-800x534.jpg 800w, https:\/\/www.sevenadur.org\/2026\/wp-content\/uploads\/sites\/13\/2026\/01\/IMG_8521-1280x854.jpg 1280w, https:\/\/www.sevenadur.org\/2026\/wp-content\/uploads\/sites\/13\/2026\/01\/IMG_8521-1920x1281.jpg 1920w\" sizes=\"auto, (max-width: 767px) 89vw, (max-width: 1000px) 54vw, (max-width: 1071px) 543px, 580px\" \/><\/figure>\n\n\n\n<figure class=\"wp-block-image size-large\"><img loading=\"lazy\" decoding=\"async\" width=\"1024\" height=\"684\" src=\"https:\/\/www.sevenadur.org\/2026\/wp-content\/uploads\/sites\/13\/2026\/01\/JMC6958-1024x684.jpg\" alt=\"\" class=\"wp-image-799\" srcset=\"https:\/\/www.sevenadur.org\/2026\/wp-content\/uploads\/sites\/13\/2026\/01\/JMC6958-1024x684.jpg 1024w, https:\/\/www.sevenadur.org\/2026\/wp-content\/uploads\/sites\/13\/2026\/01\/JMC6958-300x200.jpg 300w, https:\/\/www.sevenadur.org\/2026\/wp-content\/uploads\/sites\/13\/2026\/01\/JMC6958-768x513.jpg 768w, https:\/\/www.sevenadur.org\/2026\/wp-content\/uploads\/sites\/13\/2026\/01\/JMC6958-1536x1025.jpg 1536w, https:\/\/www.sevenadur.org\/2026\/wp-content\/uploads\/sites\/13\/2026\/01\/JMC6958-2048x1367.jpg 2048w, https:\/\/www.sevenadur.org\/2026\/wp-content\/uploads\/sites\/13\/2026\/01\/JMC6958-500x334.jpg 500w, https:\/\/www.sevenadur.org\/2026\/wp-content\/uploads\/sites\/13\/2026\/01\/JMC6958-800x534.jpg 800w, https:\/\/www.sevenadur.org\/2026\/wp-content\/uploads\/sites\/13\/2026\/01\/JMC6958-1280x854.jpg 1280w, https:\/\/www.sevenadur.org\/2026\/wp-content\/uploads\/sites\/13\/2026\/01\/JMC6958-1920x1282.jpg 1920w\" sizes=\"auto, (max-width: 767px) 89vw, (max-width: 1000px) 54vw, (max-width: 1071px) 543px, 580px\" \/><\/figure>\n<\/div>\n<\/div>\n\n\n\n<p style=\"font-size:13px\">Vendredi 27 f\u00e9vrier &#8211; (9h &#8211; 18h30) &#8211; <em>Ferme de la harpe, 35000 Rennes<\/em> -12 euros, 7 euros (adh\u00e9rents), 6 euros (Sur pr\u00e9sentation de la carte sortir) &#8211; <em>Renseignements et inscriptions:<\/em> mediation@ccrennes.bzh 07 78 37 38 55 \/ mediation@ccrennes.bzh &#8211; Pr\u00e9voir un pique-nique<\/p>\n\n\n\n<div class=\"wp-block-buttons is-content-justification-center is-layout-flex wp-container-core-buttons-is-layout-16018d1d wp-block-buttons-is-layout-flex\">\n<div class=\"wp-block-button\"><a class=\"wp-block-button__link has-text-align-center wp-element-button\" href=\"https:\/\/www.helloasso.com\/associations\/cercle-celtique-de-rennes\/evenements\/sevenadur-2026\" target=\"_blank\" rel=\"noreferrer noopener\">Inscriptions HelloAsso<\/a><\/div>\n<\/div>\n","protected":false},"excerpt":{"rendered":"<p>Du mercredi 25 au vendredi 27, retrouvez un programme sp\u00e9cial pour les enfants dans le festival Sevenadur. Au programme :\u00a0 Bedig Bev &#8211; mercredi 25 f\u00e9vrier Krouit ur jardin zen hag un ti-gwer evit degemer sioulder an amzer ! Viens cr\u00e9er ta mini-serre et ton jardin zen ! Amzer sioul goude debri\u00f1 evit distanna\u00f1 ar &hellip; <\/p>\n<p class=\"link-more\"><a href=\"https:\/\/www.sevenadur.org\/2026\/sevenadur-enfants\" class=\"more-link\">Continuer la lecture<span class=\"screen-reader-text\"> de &laquo;&nbsp;Sevenadur Enfants&nbsp;&raquo;<\/span><\/a><\/p>\n","protected":false},"author":1,"featured_media":0,"parent":0,"menu_order":0,"comment_status":"closed","ping_status":"closed","template":"","meta":{"_vp_format_video_url":"","_vp_image_focal_point":[],"footnotes":""},"class_list":["post-16","page","type-page","status-publish","hentry"],"_links":{"self":[{"href":"https:\/\/www.sevenadur.org\/2026\/wp-json\/wp\/v2\/pages\/16","targetHints":{"allow":["GET"]}}],"collection":[{"href":"https:\/\/www.sevenadur.org\/2026\/wp-json\/wp\/v2\/pages"}],"about":[{"href":"https:\/\/www.sevenadur.org\/2026\/wp-json\/wp\/v2\/types\/page"}],"author":[{"embeddable":true,"href":"https:\/\/www.sevenadur.org\/2026\/wp-json\/wp\/v2\/users\/1"}],"replies":[{"embeddable":true,"href":"https:\/\/www.sevenadur.org\/2026\/wp-json\/wp\/v2\/comments?post=16"}],"version-history":[{"count":27,"href":"https:\/\/www.sevenadur.org\/2026\/wp-json\/wp\/v2\/pages\/16\/revisions"}],"predecessor-version":[{"id":1032,"href":"https:\/\/www.sevenadur.org\/2026\/wp-json\/wp\/v2\/pages\/16\/revisions\/1032"}],"wp:attachment":[{"href":"https:\/\/www.sevenadur.org\/2026\/wp-json\/wp\/v2\/media?parent=16"}],"curies":[{"name":"wp","href":"https:\/\/api.w.org\/{rel}","templated":true}]}}