{"id":12,"date":"2025-12-18T15:58:12","date_gmt":"2025-12-18T14:58:12","guid":{"rendered":"https:\/\/www.sevenadur.org\/2026\/?page_id=12"},"modified":"2026-03-09T10:13:58","modified_gmt":"2026-03-09T09:13:58","slug":"programmation","status":"publish","type":"page","link":"https:\/\/www.sevenadur.org\/2026\/programmation","title":{"rendered":"Programmation"},"content":{"rendered":"\n<h1 class=\"wp-block-heading has-text-align-center\"><strong>PROGRAMMATION<\/strong><\/h1>\n\n\n\n<hr class=\"wp-block-separator has-text-color has-pale-cyan-blue-color has-alpha-channel-opacity has-pale-cyan-blue-background-color has-background is-style-wide\"\/>\n\n\n\n<p class=\"has-pale-cyan-blue-background-color has-background has-medium-font-size\"><a href=\"https:\/\/www.sevenadur.org\/2026\/sevenadur-enfants\/\"><strong>Sevenadur Enfants<\/strong><\/a><\/p>\n\n\n\n<div class=\"wp-block-columns is-layout-flex wp-container-core-columns-is-layout-9d6595d7 wp-block-columns-is-layout-flex\">\n<div class=\"wp-block-column is-vertically-aligned-top is-layout-flow wp-block-column-is-layout-flow\">\n<p class=\"has-text-align-center has-pale-cyan-blue-color has-text-color\"><strong>25\/02<\/strong><\/p>\n\n\n\n<p class=\"has-text-align-center\"><a href=\"https:\/\/www.sevenadur.org\/2026\/sevenadur-enfants\/#journ\u00e9e-en-breton\" data-type=\"page\" data-id=\"16\">Bedig Bev<\/a><\/p>\n<\/div>\n\n\n\n<div class=\"wp-block-column is-layout-flow wp-block-column-is-layout-flow\">\n<p class=\"has-text-align-center has-pale-cyan-blue-color has-text-color has-link-color wp-elements-9283fd2cfdc0bb7181dbc4e040de68aa\"><strong>26\/02<\/strong><\/p>\n\n\n\n<p class=\"has-text-align-center\"><a href=\"https:\/\/www.sevenadur.org\/2026\/sevenadur-enfants\/#voyage-du-vivant\" data-type=\"page\" data-id=\"16\">Le grand voyage du vivant en Hiver<\/a><\/p>\n<\/div>\n\n\n\n<div class=\"wp-block-column is-layout-flow wp-block-column-is-layout-flow\">\n<p class=\"has-text-align-center has-pale-cyan-blue-color has-text-color\"><strong>27\/02<\/strong><\/p>\n\n\n\n<p class=\"has-text-align-center\"><a href=\"https:\/\/www.sevenadur.org\/2026\/sevenadur-enfants\/#stages-au-choix\" data-type=\"page\" data-id=\"16\">Stages au choix<\/a><\/p>\n<\/div>\n<\/div>\n\n\n\n<div class=\"wp-block-columns is-layout-flex wp-container-core-columns-is-layout-9d6595d7 wp-block-columns-is-layout-flex\">\n<div class=\"wp-block-column is-layout-flow wp-block-column-is-layout-flow\"><\/div>\n<\/div>\n\n\n\n<p class=\"has-text-align-left has-pale-cyan-blue-background-color has-background has-medium-font-size\"><a href=\"https:\/\/www.sevenadur.org\/2026\/evenements\" data-type=\"page\" data-id=\"27\"><strong>\u00c9v\u00e9nements <\/strong><\/a><\/p>\n\n\n\n<div class=\"wp-block-columns is-layout-flex wp-container-core-columns-is-layout-9d6595d7 wp-block-columns-is-layout-flex\">\n<div class=\"wp-block-column is-layout-flow wp-block-column-is-layout-flow\">\n<p class=\"has-text-align-center has-vivid-cyan-blue-color has-text-color has-link-color wp-elements-cf37c758f2c17e7facf21abcd9edd53f\"><mark style=\"background-color:rgba(0, 0, 0, 0)\" class=\"has-inline-color has-vivid-cyan-blue-color\"><a href=\"https:\/\/www.sevenadur.org\/2026\/evenements\/#21-02\" data-type=\"link\" data-id=\"https:\/\/www.sevenadur.org\/2026\/evenements\/#21-02\"><strong>Avant-premi\u00e8re<\/strong><\/a><\/mark><\/p>\n\n\n\n<p class=\"has-text-align-center has-vivid-cyan-blue-color has-text-color has-link-color wp-elements-f355d566c2717e8a7bfdebe9b5e49a75\"><strong>21\/02<\/strong><\/p>\n\n\n\n<p class=\"has-text-align-center\"><a href=\"https:\/\/www.tamm-kreiz.bzh\/evenement\/73488\/Fest+Noz+le+21+2+2026+%C3%A0+Acign%C3%A9\">Fest Noz avec Initiation aux danses<\/a><\/p>\n\n\n\n<hr class=\"wp-block-separator has-alpha-channel-opacity\"\/>\n<\/div>\n\n\n\n<div class=\"wp-block-column is-layout-flow wp-block-column-is-layout-flow\">\n<p class=\"has-text-align-center has-pale-cyan-blue-color has-text-color\"><strong>27\/02<\/strong><\/p>\n\n\n\n<p class=\"has-text-align-center\"><a href=\"https:\/\/www.sevenadur.org\/2026\/evenements\/#bal-sauvage\" data-type=\"link\" data-id=\"https:\/\/www.sevenadur.org\/2026\/evenements\/#bal-sauvage\">Le Bal sauvage<\/a><\/p>\n\n\n\n<p class=\"has-text-align-center\"><a href=\"https:\/\/www.sevenadur.org\/2026\/evenements\/#inauguration\" data-type=\"page\" data-id=\"27\">Inauguration<\/a><\/p>\n\n\n\n<p class=\"has-text-align-center\"><a href=\"https:\/\/www.sevenadur.org\/2026\/evenements\/#parade-nocturne\" data-type=\"link\" data-id=\"https:\/\/www.sevenadur.org\/2026\/evenements\/#parade-nocturne\">Parade nocturne d&rsquo;ouverture<\/a><\/p>\n\n\n\n<hr class=\"wp-block-separator has-alpha-channel-opacity\"\/>\n<\/div>\n\n\n\n<div class=\"wp-block-column is-layout-flow wp-block-column-is-layout-flow\">\n<p class=\"has-text-align-center has-pale-cyan-blue-color has-text-color\"><strong>28\/02<\/strong><\/p>\n\n\n\n<p class=\"has-text-align-center\"><a href=\"https:\/\/www.sevenadur.org\/2026\/evenements\/#ap\u00e9ro-conte\" data-type=\"page\" data-id=\"27\">Ap\u00e9ro conte<\/a><\/p>\n\n\n\n<p class=\"has-text-align-center\"><a href=\"https:\/\/mjcpace.com\/agenda\/sevenadur\/\" data-type=\"link\" data-id=\"https:\/\/mjcpace.com\/agenda\/sevenadur\/\">Les chorales KAN DRE GAN de Rennes et BABEL CANTO de Nantes (en)chantent la vie<\/a><\/p>\n\n\n\n<hr class=\"wp-block-separator has-alpha-channel-opacity\"\/>\n<\/div>\n<\/div>\n\n\n\n<div class=\"wp-block-columns is-layout-flex wp-container-core-columns-is-layout-9d6595d7 wp-block-columns-is-layout-flex\">\n<div class=\"wp-block-column is-layout-flow wp-block-column-is-layout-flow\">\n<p class=\"has-text-align-center has-pale-cyan-blue-color has-text-color\"><strong>01\/03<\/strong><\/p>\n\n\n\n<p class=\"has-text-align-center\"><a href=\"https:\/\/www.sevenadur.org\/2026\/evenements\/#vespr\u00e9e-gallo\" data-type=\"link\" data-id=\"https:\/\/www.sevenadur.org\/2026\/evenements\/#ballade-musicale\">Vespr\u00e9e Gallo<\/a><\/p>\n\n\n\n<hr class=\"wp-block-separator has-alpha-channel-opacity\"\/>\n<\/div>\n\n\n\n<div class=\"wp-block-column is-layout-flow wp-block-column-is-layout-flow\">\n<p class=\"has-text-align-center has-pale-cyan-blue-color has-text-color\"><strong>03\/03<\/strong><\/p>\n\n\n\n<p class=\"has-text-align-center\"><a href=\"https:\/\/www.sevenadur.org\/2026\/evenements\/#v\u00e9pr\u00e9e\" data-type=\"link\" data-id=\"https:\/\/www.sevenadur.org\/2026\/evenements\/#v\u00e9pr\u00e9e\">V\u00e9pr\u00e9e<\/a><\/p>\n\n\n\n<hr class=\"wp-block-separator has-alpha-channel-opacity\"\/>\n<\/div>\n\n\n\n<div class=\"wp-block-column is-layout-flow wp-block-column-is-layout-flow\">\n<p class=\"has-text-align-center has-pale-cyan-blue-color has-text-color\"><strong>06\/03<\/strong><\/p>\n\n\n\n<p class=\"has-text-align-center\"><a href=\"https:\/\/www.sevenadur.org\/2026\/evenements\/#caoserie-de-caf\u00e9\" data-type=\"page\" data-id=\"27\">Caoserie de caf\u00e9<\/a><\/p>\n\n\n\n<hr class=\"wp-block-separator has-alpha-channel-opacity\"\/>\n<\/div>\n<\/div>\n\n\n\n<div class=\"wp-block-columns is-layout-flex wp-container-core-columns-is-layout-9d6595d7 wp-block-columns-is-layout-flex\">\n<div class=\"wp-block-column is-layout-flow wp-block-column-is-layout-flow\">\n<p class=\"has-text-align-center has-pale-cyan-blue-color has-text-color\"><strong>07\/03<\/strong><\/p>\n\n\n\n<p class=\"has-text-align-center\"><a href=\"https:\/\/www.sevenadur.org\/2026\/evenements\/#f\u00eate-des-couleurs\" data-type=\"page\" data-id=\"27\">F\u00eate des couleurs<\/a><\/p>\n\n\n\n<p class=\"has-text-align-center\"><a href=\"https:\/\/www.sevenadur.org\/2026\/evenements\/#fest-noz\" data-type=\"page\" data-id=\"27\">Fest-noz<\/a><\/p>\n\n\n\n<hr class=\"wp-block-separator has-alpha-channel-opacity\"\/>\n<\/div>\n\n\n\n<div class=\"wp-block-column is-layout-flow wp-block-column-is-layout-flow\">\n<p class=\"has-text-align-center has-pale-cyan-blue-color has-text-color\"><strong>08\/03<\/strong><\/p>\n\n\n\n<p class=\"has-text-align-center\"><a href=\"https:\/\/www.sevenadur.org\/2026\/evenements\/#fest-deiz-droits-de-la-femme\" data-type=\"page\" data-id=\"27\">Fest Deiz<br>(Journ\u00e9e Internationale des Droits de la femme)<\/a><\/p>\n\n\n\n<hr class=\"wp-block-separator has-alpha-channel-opacity\"\/>\n<\/div>\n\n\n\n<div class=\"wp-block-column is-layout-flow wp-block-column-is-layout-flow\">\n<p class=\"has-text-align-center has-pale-cyan-blue-color has-text-color\"><strong>11\/03<\/strong><\/p>\n\n\n\n<p class=\"has-text-align-center has-light-green-cyan-color has-text-color\"><a href=\"https:\/\/www.sevenadur.org\/2026\/evenements\/#krenadenn\" data-type=\"page\" data-id=\"27\">Krenadenn<\/a><\/p>\n\n\n\n<hr class=\"wp-block-separator has-alpha-channel-opacity\"\/>\n\n\n\n<div class=\"wp-block-columns is-layout-flex wp-container-core-columns-is-layout-9d6595d7 wp-block-columns-is-layout-flex\">\n<div class=\"wp-block-column is-layout-flow wp-block-column-is-layout-flow\"><\/div>\n<\/div>\n<\/div>\n<\/div>\n\n\n\n<div class=\"wp-block-columns is-layout-flex wp-container-core-columns-is-layout-9d6595d7 wp-block-columns-is-layout-flex\">\n<div class=\"wp-block-column is-layout-flow wp-block-column-is-layout-flow\">\n<div class=\"wp-block-columns is-layout-flex wp-container-core-columns-is-layout-9d6595d7 wp-block-columns-is-layout-flex\">\n<div class=\"wp-block-column is-layout-flow wp-block-column-is-layout-flow\">\n<p class=\"has-text-align-center has-pale-cyan-blue-color has-text-color\"><strong>12\/03<\/strong><\/p>\n\n\n\n<p class=\"has-text-align-center\"><a href=\"https:\/\/www.sevenadur.org\/2026\/evenements\/#KEJA\u00d1\" data-type=\"page\" data-id=\"27\">KEJA\u00d1, Fest-noz organis\u00e9 par les \u00e9tudiants du pont sup\u00e9rieur <\/a><\/p>\n<\/div>\n\n\n\n<div class=\"wp-block-column is-layout-flow wp-block-column-is-layout-flow\">\n<p class=\"has-text-align-center has-pale-cyan-blue-color has-text-color\"><strong>13\/03<\/strong><\/p>\n\n\n\n<p class=\"has-text-align-center\"><a href=\"https:\/\/www.sevenadur.org\/2026\/evenements#st-patrick\" data-type=\"page\" data-id=\"27\">Session irlandaise -Saint Patrick<\/a><\/p>\n<\/div>\n\n\n\n<div class=\"wp-block-column is-layout-flow wp-block-column-is-layout-flow\">\n<p class=\"has-text-align-center has-pale-cyan-blue-color has-text-color\"><strong>14\/03<\/strong><\/p>\n\n\n\n<p class=\"has-text-align-center\"><a href=\"https:\/\/www.sevenadur.org\/2026\/evenements\/#soir\u00e9e-hommage\" data-type=\"page\" data-id=\"27\">Soir\u00e9e hommage \u00e0 Erik Marchand (projection d&rsquo;Erik marchand &#8211; premi\u00e8re partie suivi d&rsquo;un fest-noz hommage) <\/a><\/p>\n<\/div>\n\n\n\n<div class=\"wp-block-column is-layout-flow wp-block-column-is-layout-flow\">\n<p class=\"has-text-align-center has-pale-cyan-blue-color has-text-color has-link-color wp-elements-98d44e03866a8e96081cf49d06385bdd\"><strong>15\/03<\/strong><\/p>\n\n\n\n<p class=\"has-text-align-center\"><a href=\"https:\/\/www.sevenadur.org\/2026\/evenements\/#balade-chant\u00e9e\" data-type=\"page\" data-id=\"27\">Balade chant\u00e9e<\/a><\/p>\n\n\n\n<p class=\"has-text-align-center\"><a href=\"https:\/\/www.sevenadur.org\/2026\/fete-de-cloture\" data-type=\"page\" data-id=\"27\">F\u00eate de cl\u00f4ture<\/a><\/p>\n<\/div>\n<\/div>\n<\/div>\n<\/div>\n\n\n\n<p class=\"has-pale-cyan-blue-background-color has-background has-medium-font-size\"><a href=\"https:\/\/www.sevenadur.org\/2026\/visites-et-expositions\/\"><strong>Visites et expositions<\/strong><\/a><\/p>\n\n\n\n<div class=\"wp-block-columns is-layout-flex wp-container-core-columns-is-layout-9d6595d7 wp-block-columns-is-layout-flex\">\n<div class=\"wp-block-column is-layout-flow wp-block-column-is-layout-flow\">\n<p class=\"has-text-align-center has-pale-cyan-blue-color has-text-color\"><strong><strong>3\/03<\/strong><\/strong><\/p>\n\n\n\n<p class=\"has-text-align-center\"><a href=\"https:\/\/www.sevenadur.org\/2026\/visites-et-expositions\/#sardine\">Viste du mus\u00e9e de Bretagne en Breton<\/a><\/p>\n<\/div>\n\n\n\n<div class=\"wp-block-column is-layout-flow wp-block-column-is-layout-flow\">\n<p class=\"has-text-align-center has-pale-cyan-blue-color has-text-color\"><strong><strong>10\/03<\/strong><\/strong><\/p>\n\n\n\n<p class=\"has-text-align-center\"><a href=\"https:\/\/www.sevenadur.org\/2026\/visites-et-expositions\/#sardine\" data-type=\"link\" data-id=\"https:\/\/www.sevenadur.org\/2026\/visites-et-expositions\/#sardine\">Viste du mus\u00e9e de Bretagne en Fran\u00e7ais<\/a><\/p>\n<\/div>\n\n\n\n<div class=\"wp-block-column is-layout-flow wp-block-column-is-layout-flow\">\n<p class=\"has-text-align-center has-pale-cyan-blue-color has-text-color\"><strong>Du 25\/02 au 15\/03<\/strong><\/p>\n\n\n\n<p class=\"has-text-align-center\"><a href=\"https:\/\/www.sevenadur.org\/2026\/visites-et-expositions\/\" data-type=\"page\" data-id=\"286\">Panorama des photos r\u00e9alis\u00e9es par Myriam Jegat, photographe<br>\u00e9ditions Zef et Mer<\/a><\/p>\n<\/div>\n\n\n\n<div class=\"wp-block-column is-layout-flow wp-block-column-is-layout-flow\">\n<p class=\"has-text-align-center has-pale-cyan-blue-color has-text-color\"><strong>Du 25\/0<strong>2 au 15\/03<\/strong><\/strong><\/p>\n\n\n\n<p class=\"has-text-align-center\"><a href=\"https:\/\/www.sevenadur.org\/2026\/visites-et-expositions\/\" data-type=\"page\" data-id=\"286\">Exposition jeux traditionnels de Bretagne<\/a><\/p>\n<\/div>\n\n\n\n<div class=\"wp-block-column is-layout-flow wp-block-column-is-layout-flow\">\n<p class=\"has-text-align-center has-pale-cyan-blue-color has-text-color\"><strong>Du 25\/0<strong>2 au 15\/03<\/strong><\/strong><\/p>\n\n\n\n<p class=\"has-text-align-center\"><a href=\"https:\/\/www.sevenadur.org\/2026\/visites-et-expositions\/\" data-type=\"page\" data-id=\"286\">Une nuit au parquet de bal &#8211; Jean-Maurice  Colombel<\/a><\/p>\n<\/div>\n<\/div>\n\n\n\n<p class=\"has-pale-cyan-blue-background-color has-background has-medium-font-size\"><a href=\"https:\/\/www.sevenadur.org\/2026\/rencontres-et-conferences\/\" data-type=\"link\" data-id=\"https:\/\/www.sevenadur.org\/2026\/rencontres-et-conferences\/\"><strong>Rencontres et conf\u00e9rences <\/strong><\/a><\/p>\n\n\n\n<div class=\"wp-block-columns is-layout-flex wp-container-core-columns-is-layout-9d6595d7 wp-block-columns-is-layout-flex\">\n<div class=\"wp-block-column is-layout-flow wp-block-column-is-layout-flow\">\n<p class=\"has-text-align-center has-pale-cyan-blue-color has-text-color\"><strong>03\/03<\/strong><\/p>\n\n\n\n<p class=\"has-text-align-center has-light-green-cyan-color has-text-color\"><a href=\"https:\/\/www.sevenadur.org\/2026\/rencontres-et-conferences\/#Le-loup-et-le-chien-chez-les-Celtes\" data-type=\"page\" data-id=\"288\">Soir\u00e9e-rencontre autour du collectage avec Charles Quimbert <\/a><a href=\"https:\/\/www.sevenadur.org\/2026\/rencontres-et-conferences\/\" data-type=\"page\" data-id=\"288\">Rencontres et conf\u00e9rences<\/a><\/p>\n<\/div>\n\n\n\n<div class=\"wp-block-column is-layout-flow wp-block-column-is-layout-flow\">\n<p class=\"has-text-align-center has-pale-cyan-blue-color has-text-color\"><strong>04\/03<\/strong><\/p>\n\n\n\n<p class=\"has-text-align-center\"><a href=\"https:\/\/www.sevenadur.org\/2026\/rencontres-et-conferences\/#Le-loup-et-le-chien-chez-les-Celtes\" data-type=\"page\" data-id=\"288\">Le loup et le chien chez les Celtes<\/a><\/p>\n<\/div>\n\n\n\n<div class=\"wp-block-column is-layout-flow wp-block-column-is-layout-flow\">\n<p class=\"has-text-align-center has-pale-cyan-blue-color has-text-color has-link-color wp-elements-fe40d23d5868d073d04e6421f9a0db71\"><strong> 05\/03<\/strong><\/p>\n\n\n\n<p class=\"has-text-align-center\"><a href=\"https:\/\/www.sevenadur.org\/2026\/rencontres-et-conferences\/#Couleurs-du-vivant\" data-type=\"page\" data-id=\"288\">\u00ab\u00a0Couleurs du vivant\u00a0\u00bb \u00e9crits et peinture de la nature bretonne et \u00a0\u00bb contes en gallo\u00a0\u00bb<\/a><\/p>\n<\/div>\n<\/div>\n\n\n\n<p class=\"has-pale-cyan-blue-background-color has-background has-medium-font-size\"><a href=\"https:\/\/www.sevenadur.org\/2026\/stages-et-ateliers\/\"><strong>Stages et ateliers<\/strong><\/a><\/p>\n\n\n\n<div class=\"wp-block-columns is-layout-flex wp-container-core-columns-is-layout-9d6595d7 wp-block-columns-is-layout-flex\">\n<div class=\"wp-block-column is-layout-flow wp-block-column-is-layout-flow\">\n<p class=\"has-text-align-center has-pale-cyan-blue-color has-text-color\"><strong>28\/02<\/strong><\/p>\n\n\n\n<p class=\"has-text-align-center\"><a href=\"https:\/\/www.sevenadur.org\/2026\/stages-et-ateliers\/#Morag\" data-type=\"page\" data-id=\"289\">Stage de Musique Celtique avec Morag Johnston<\/a><\/p>\n\n\n\n<hr class=\"wp-block-separator has-alpha-channel-opacity\"\/>\n<\/div>\n\n\n\n<div class=\"wp-block-column is-layout-flow wp-block-column-is-layout-flow\">\n<p class=\"has-text-align-center has-pale-cyan-blue-color has-text-color has-link-color wp-elements-544168902e5112ba01e1ab70d446a4e8\"><strong>28\/02<\/strong> <strong>et 01\/03<\/strong><\/p>\n\n\n\n<p class=\"has-text-align-center\"><a href=\"https:\/\/www.sevenadur.org\/2026\/stages-et-ateliers\/#Stage-de-Broderie\" data-type=\"page\" data-id=\"289\">Stage de Broderie<\/a><\/p>\n\n\n\n<hr class=\"wp-block-separator has-alpha-channel-opacity\"\/>\n<\/div>\n\n\n\n<div class=\"wp-block-column is-layout-flow wp-block-column-is-layout-flow\">\n<p class=\"has-text-align-center has-pale-cyan-blue-color has-text-color\"><strong>04\/03<\/strong><\/p>\n\n\n\n<p class=\"has-text-align-center\"><a href=\"https:\/\/www.sevenadur.org\/2026\/stages-et-ateliers\/#initiations-danse\" data-type=\"link\" data-id=\"https:\/\/www.sevenadur.org\/2026\/stages-et-ateliers\/#initiations-danse\">Initiation danse<\/a><\/p>\n\n\n\n<hr class=\"wp-block-separator has-alpha-channel-opacity\"\/>\n<\/div>\n<\/div>\n\n\n\n<div class=\"wp-block-columns is-layout-flex wp-container-core-columns-is-layout-9d6595d7 wp-block-columns-is-layout-flex\">\n<div class=\"wp-block-column is-layout-flow wp-block-column-is-layout-flow\">\n<div class=\"wp-block-columns is-layout-flex wp-container-core-columns-is-layout-9d6595d7 wp-block-columns-is-layout-flex\">\n<div class=\"wp-block-column is-layout-flow wp-block-column-is-layout-flow\"><\/div>\n\n\n\n<div class=\"wp-block-column is-layout-flow wp-block-column-is-layout-flow\"><\/div>\n<\/div>\n\n\n\n<div class=\"wp-block-columns is-layout-flex wp-container-core-columns-is-layout-9d6595d7 wp-block-columns-is-layout-flex\">\n<div class=\"wp-block-column is-layout-flow wp-block-column-is-layout-flow\">\n<p class=\"has-text-align-center has-pale-cyan-blue-color has-text-color\"><strong>07\/03<\/strong><\/p>\n\n\n\n<p class=\"has-text-align-center\"><a href=\"https:\/\/www.sevenadur.org\/2026\/stages-et-ateliers\/#Morice-Piel\" data-type=\"page\" data-id=\"289\">Stages Sonneurs en couple avec Enora Morice et Gwenael Piel<\/a><\/p>\n\n\n\n<p class=\"has-text-align-center\"><a href=\"https:\/\/www.sevenadur.org\/2026\/stages-et-ateliers\/#Gilbert-Hervieux\" data-type=\"page\" data-id=\"289\">RDV Danse&nbsp;: les rondes chant\u00e9es du Morbihan gallo<br>Avec Gilbert Hervieux<\/a><\/p>\n\n\n\n<p class=\"has-text-align-center\"><a href=\"https:\/\/www.sevenadur.org\/2026\/stages-et-ateliers\/#Danses-Terroirs\" data-type=\"page\" data-id=\"289\">Stage Danse avec Tristan Gloaguen et Gael Le Fur: danses des terroirs de Kernevodez, Dardoup et Aven<\/a><\/p>\n<\/div>\n\n\n\n<div class=\"wp-block-column is-layout-flow wp-block-column-is-layout-flow\">\n<p class=\"has-text-align-center has-pale-cyan-blue-color has-text-color\"><strong>11\/03<\/strong><\/p>\n\n\n\n<p class=\"has-text-align-center\"><a href=\"https:\/\/www.sevenadur.org\/2026\/stages-et-ateliers\/#initiations-danse\" data-type=\"page\" data-id=\"289\">Initiation danse<\/a><\/p>\n<\/div>\n\n\n\n<div class=\"wp-block-column is-layout-flow wp-block-column-is-layout-flow\">\n<p class=\"has-text-align-center has-pale-cyan-blue-color has-text-color\"><strong>14\/03 <\/strong><\/p>\n\n\n\n<p class=\"has-text-align-center\"><a href=\"https:\/\/www.tisseursdecontes.fr\/event\/stage-de-decouverte-du-conte\/\" data-type=\"link\" data-id=\"https:\/\/www.tisseursdecontes.fr\/event\/stage-de-decouverte-du-conte\/\">Stage de conte<\/a><\/p>\n\n\n\n<p class=\"has-text-align-center\"><a href=\"https:\/\/www.sevenadur.org\/2026\/stages-et-ateliers\/#accord\u00e9on\" data-type=\"page\" data-id=\"289\">Stage d&rsquo;accord\u00e9on diatonique anim\u00e9 par Nicolas Roze suivi d&rsquo;un mini bal<\/a><\/p>\n\n\n\n<p class=\"has-text-align-center\"><a href=\"https:\/\/www.sevenadur.org\/2026\/stages-et-ateliers\/#Waga\" data-type=\"page\" data-id=\"289\">Melame &#8211; Stage de Ukul\u00e9l\u00e9<\/a><\/p>\n\n\n\n<p class=\"has-text-align-center\"><a href=\"https:\/\/www.sevenadur.org\/2026\/stages-et-ateliers\/#Noluen\" data-type=\"link\" data-id=\"https:\/\/www.sevenadur.org\/2026\/stages-et-ateliers\/#Noluen\">Stage de chant<\/a><\/p>\n<\/div>\n\n\n\n<div class=\"wp-block-column is-layout-flow wp-block-column-is-layout-flow\">\n<p class=\"has-text-align-center has-pale-cyan-blue-color has-text-color\"><strong>15\/03<\/strong><\/p>\n\n\n\n<p class=\"has-text-align-center\"><a href=\"https:\/\/www.tisseursdecontes.fr\/event\/stage-de-decouverte-du-conte\/\" data-type=\"link\" data-id=\"https:\/\/www.tisseursdecontes.fr\/event\/stage-de-decouverte-du-conte\/\">Stage de conte<\/a><\/p>\n<\/div>\n<\/div>\n<\/div>\n<\/div>\n","protected":false},"excerpt":{"rendered":"<p>PROGRAMMATION Sevenadur Enfants 25\/02 Bedig Bev 26\/02 Le grand voyage du vivant en Hiver 27\/02 Stages au choix \u00c9v\u00e9nements Avant-premi\u00e8re 21\/02 Fest Noz avec Initiation aux danses 27\/02 Le Bal sauvage Inauguration Parade nocturne d&rsquo;ouverture 28\/02 Ap\u00e9ro conte Les chorales KAN DRE GAN de Rennes et BABEL CANTO de Nantes (en)chantent la vie 01\/03 Vespr\u00e9e &hellip; <\/p>\n<p class=\"link-more\"><a href=\"https:\/\/www.sevenadur.org\/2026\/programmation\" class=\"more-link\">Continuer la lecture<span class=\"screen-reader-text\"> de &laquo;&nbsp;Programmation&nbsp;&raquo;<\/span><\/a><\/p>\n","protected":false},"author":1,"featured_media":0,"parent":0,"menu_order":0,"comment_status":"closed","ping_status":"closed","template":"","meta":{"_vp_format_video_url":"","_vp_image_focal_point":[],"footnotes":""},"class_list":["post-12","page","type-page","status-publish","hentry"],"_links":{"self":[{"href":"https:\/\/www.sevenadur.org\/2026\/wp-json\/wp\/v2\/pages\/12","targetHints":{"allow":["GET"]}}],"collection":[{"href":"https:\/\/www.sevenadur.org\/2026\/wp-json\/wp\/v2\/pages"}],"about":[{"href":"https:\/\/www.sevenadur.org\/2026\/wp-json\/wp\/v2\/types\/page"}],"author":[{"embeddable":true,"href":"https:\/\/www.sevenadur.org\/2026\/wp-json\/wp\/v2\/users\/1"}],"replies":[{"embeddable":true,"href":"https:\/\/www.sevenadur.org\/2026\/wp-json\/wp\/v2\/comments?post=12"}],"version-history":[{"count":89,"href":"https:\/\/www.sevenadur.org\/2026\/wp-json\/wp\/v2\/pages\/12\/revisions"}],"predecessor-version":[{"id":1186,"href":"https:\/\/www.sevenadur.org\/2026\/wp-json\/wp\/v2\/pages\/12\/revisions\/1186"}],"wp:attachment":[{"href":"https:\/\/www.sevenadur.org\/2026\/wp-json\/wp\/v2\/media?parent=12"}],"curies":[{"name":"wp","href":"https:\/\/api.w.org\/{rel}","templated":true}]}}