{"id":37,"date":"2024-01-05T10:00:41","date_gmt":"2024-01-05T09:00:41","guid":{"rendered":"https:\/\/www.sevenadur.org\/2024\/?page_id=37"},"modified":"2024-03-05T14:27:35","modified_gmt":"2024-03-05T13:27:35","slug":"visites-et-expositions","status":"publish","type":"page","link":"https:\/\/www.sevenadur.org\/2024\/visites-et-expositions\/","title":{"rendered":"Visites et expositions"},"content":{"rendered":"\n<h1 class=\"has-text-align-center wp-block-heading\"><strong>VISITES ET EXPOSITIONS<\/strong><\/h1>\n\n\n\n<hr class=\"wp-block-separator has-text-color has-vivid-cyan-blue-color has-alpha-channel-opacity has-vivid-cyan-blue-background-color has-background is-style-wide\"\/>\n\n\n\n<div class=\"wp-block-media-text alignwide has-media-on-the-right is-stacked-on-mobile\" style=\"grid-template-columns:auto 41%\"><div class=\"wp-block-media-text__content\">\n<h5 class=\"wp-block-heading\">VISITE GUID\u00c9E CHANT\u00c9E DE L&rsquo;EXPOSITION PERMANENTE<\/h5>\n\n\n\n<p class=\"has-small-font-size\">Visite guid\u00e9e, tant\u00f4t cont\u00e9e, tant\u00f4t chant\u00e9e sur le th\u00e8me de la nuit. La nuit comme fil conducteur, du lit-clos, aux affiches de fest- noz , des lavandi\u00e8res \u00e0 la chemise de nuit. Avec les chanteurs du cercle celtique de Rennes. (organisateur : mus\u00e9e de Bretagne) <\/p>\n\n\n\n<p style=\"font-size:11px\">Mardi 12 mars &#8211; (17h30) &#8211; Mus\u00e9e de Bretagne, 10 cours des alli\u00e9s, 35000 RENNES, M\u00e9tro&nbsp;: A B (Arr\u00eat Charles de Gaulle \/ Colombier) &#8211; Entr\u00e9e libre &#8211; Renseignements&nbsp;: museedebretagne@leschampslibres.fr<\/p>\n<\/div><figure class=\"wp-block-media-text__media\"><img loading=\"lazy\" decoding=\"async\" width=\"768\" height=\"510\" src=\"https:\/\/www.sevenadur.org\/2024\/wp-content\/uploads\/sites\/11\/2024\/01\/musee-de-bretagne.jpg\" alt=\"\" class=\"wp-image-243 size-full\" srcset=\"https:\/\/www.sevenadur.org\/2024\/wp-content\/uploads\/sites\/11\/2024\/01\/musee-de-bretagne.jpg 768w, https:\/\/www.sevenadur.org\/2024\/wp-content\/uploads\/sites\/11\/2024\/01\/musee-de-bretagne-300x199.jpg 300w, https:\/\/www.sevenadur.org\/2024\/wp-content\/uploads\/sites\/11\/2024\/01\/musee-de-bretagne-500x332.jpg 500w\" sizes=\"auto, (max-width: 767px) 89vw, (max-width: 1000px) 54vw, (max-width: 1071px) 543px, 580px\" \/><\/figure><\/div>\n\n\n\n<div style=\"height:35px\" aria-hidden=\"true\" class=\"wp-block-spacer\"><\/div>\n\n\n\n<h5 class=\"wp-block-heading\">Vernissage de l&rsquo;exposition en pr\u00e9sence de la photographe le jeudi 7 mars \u00e0 16h30<\/h5>\n\n\n\n<div class=\"wp-block-media-text alignwide is-stacked-on-mobile\" style=\"grid-template-columns:38% auto\"><figure class=\"wp-block-media-text__media\"><img loading=\"lazy\" decoding=\"async\" width=\"850\" height=\"849\" src=\"https:\/\/www.sevenadur.org\/2024\/wp-content\/uploads\/sites\/11\/2024\/01\/expo-buzudel.jpg\" alt=\"\" class=\"wp-image-244 size-full\" srcset=\"https:\/\/www.sevenadur.org\/2024\/wp-content\/uploads\/sites\/11\/2024\/01\/expo-buzudel.jpg 850w, https:\/\/www.sevenadur.org\/2024\/wp-content\/uploads\/sites\/11\/2024\/01\/expo-buzudel-300x300.jpg 300w, https:\/\/www.sevenadur.org\/2024\/wp-content\/uploads\/sites\/11\/2024\/01\/expo-buzudel-150x150.jpg 150w, https:\/\/www.sevenadur.org\/2024\/wp-content\/uploads\/sites\/11\/2024\/01\/expo-buzudel-768x767.jpg 768w, https:\/\/www.sevenadur.org\/2024\/wp-content\/uploads\/sites\/11\/2024\/01\/expo-buzudel-500x499.jpg 500w, https:\/\/www.sevenadur.org\/2024\/wp-content\/uploads\/sites\/11\/2024\/01\/expo-buzudel-800x799.jpg 800w, https:\/\/www.sevenadur.org\/2024\/wp-content\/uploads\/sites\/11\/2024\/01\/expo-buzudel-100x100.jpg 100w\" sizes=\"auto, (max-width: 767px) 89vw, (max-width: 1000px) 54vw, (max-width: 1071px) 543px, 580px\" \/><\/figure><div class=\"wp-block-media-text__content\">\n<h5 class=\"wp-block-heading\">EXPOSITION : BUZUDEL, AU BOUT DU MONDE UNE \u00c9TINCELLE <\/h5>\n\n\n\n<p class=\"has-small-font-size\">\u00ab\u00a0la photographe J\u00e9r\u00f4mine Derigny pr\u00e9sente&nbsp;un r\u00e9cit&nbsp;documentaire et intime, sur le rapport de la famille Jouini \u00e0 Buzudel, ce hameau du Finist\u00e8re choisi par Houssine, alors venu de Tunisie.\u00a0\u00bb<\/p>\n\n\n\n<p class=\"has-small-font-size\">(Organisateurs : BCD et le centre social de Cleunay) <\/p>\n\n\n\n<p style=\"font-size:11px\">Du mercredi 28 f\u00e9vrier au samedi 16 mars &#8211; Centre social de Cleunay, 49 Rue Jules Lallemand, 35000 Rennes &#8211; Bus&nbsp;: 10 (Arr\u00eat Cleunay) M\u00e9tro&nbsp;: B (Arr\u00eat Cleunay) &#8211; Entr\u00e9e libre &#8211; Renseignements&nbsp;: 02 99 54 36 45 \/ contact@cercleceltiquederennes.org. <\/p>\n<\/div><\/div>\n\n\n\n<div style=\"height:35px\" aria-hidden=\"true\" class=\"wp-block-spacer\"><\/div>\n\n\n\n<h5 class=\"wp-block-heading\">Vernissage de l&rsquo;exposition en pr\u00e9sence du photographe le mardi 5 mars \u00e0 17h30<\/h5>\n\n\n\n<div class=\"wp-block-media-text alignwide has-media-on-the-right is-stacked-on-mobile\" style=\"grid-template-columns:auto 37%\"><div class=\"wp-block-media-text__content\">\n<h5 class=\"wp-block-heading\">EXPOSITION : une nuit au parquet de bal<\/h5>\n\n\n\n<p class=\"has-small-font-size\">Photographe bien connu sur le pays rennais, Jean-Maurice Colombel nous livre ses clich\u00e9s capt\u00e9s lors de soir\u00e9es au Parquet de bal. (Organisateur : CCR) <\/p>\n\n\n\n<p style=\"font-size:11px\">Du mercredi 28 f\u00e9vrier au samedi 16 mars &#8211; Maison Saint Cyr, 59 rue Papu, 35000 RENNES &#8211; Bus C4 53 (Arr\u00eat Marboeuf) &#8211; Entr\u00e9e libre &#8211;  Renseignements&nbsp;: 02 99 54 36 45 \/ contact@cercleceltiquederennes.org. <\/p>\n<\/div><figure class=\"wp-block-media-text__media\"><img loading=\"lazy\" decoding=\"async\" width=\"1024\" height=\"684\" src=\"https:\/\/www.sevenadur.org\/2024\/wp-content\/uploads\/sites\/11\/2024\/01\/26-fevrier-2022-Philippe-Plard-1-1024x684.jpg\" alt=\"\" class=\"wp-image-245 size-full\" srcset=\"https:\/\/www.sevenadur.org\/2024\/wp-content\/uploads\/sites\/11\/2024\/01\/26-fevrier-2022-Philippe-Plard-1-1024x684.jpg 1024w, https:\/\/www.sevenadur.org\/2024\/wp-content\/uploads\/sites\/11\/2024\/01\/26-fevrier-2022-Philippe-Plard-1-300x200.jpg 300w, https:\/\/www.sevenadur.org\/2024\/wp-content\/uploads\/sites\/11\/2024\/01\/26-fevrier-2022-Philippe-Plard-1-768x513.jpg 768w, https:\/\/www.sevenadur.org\/2024\/wp-content\/uploads\/sites\/11\/2024\/01\/26-fevrier-2022-Philippe-Plard-1-1536x1025.jpg 1536w, https:\/\/www.sevenadur.org\/2024\/wp-content\/uploads\/sites\/11\/2024\/01\/26-fevrier-2022-Philippe-Plard-1-2048x1367.jpg 2048w, https:\/\/www.sevenadur.org\/2024\/wp-content\/uploads\/sites\/11\/2024\/01\/26-fevrier-2022-Philippe-Plard-1-500x334.jpg 500w, https:\/\/www.sevenadur.org\/2024\/wp-content\/uploads\/sites\/11\/2024\/01\/26-fevrier-2022-Philippe-Plard-1-800x534.jpg 800w, https:\/\/www.sevenadur.org\/2024\/wp-content\/uploads\/sites\/11\/2024\/01\/26-fevrier-2022-Philippe-Plard-1-1280x854.jpg 1280w, https:\/\/www.sevenadur.org\/2024\/wp-content\/uploads\/sites\/11\/2024\/01\/26-fevrier-2022-Philippe-Plard-1-1920x1282.jpg 1920w\" sizes=\"auto, (max-width: 767px) 89vw, (max-width: 1000px) 54vw, (max-width: 1071px) 543px, 580px\" \/><\/figure><\/div>\n\n\n\n<div style=\"height:36px\" aria-hidden=\"true\" class=\"wp-block-spacer\"><\/div>\n\n\n\n<div class=\"wp-block-media-text alignwide is-stacked-on-mobile\"><figure class=\"wp-block-media-text__media\"><\/figure><div class=\"wp-block-media-text__content\">\n<h5 class=\"wp-block-heading\">EXPOSITION : Liammo\u00f9<\/h5>\n\n\n\n<p class=\"has-small-font-size\">Treuskas ar brezhoneg hiriv an deiz \u2013 La transmission de la langue bretonne aujourd\u2019hui. (Organisateur : Div Yezh)<\/p>\n\n\n\n<p style=\"font-size:11px\">Du mercredi 28 f\u00e9vrier au samedi 16 mars- Cercle celtique de Rennes, 26 Av. Charles et Raymonde Tillon, 35000 RENNES &#8211; Bus&nbsp;: C4\/14\/12 (Arr\u00eat Bois l\u2019abb\u00e9 \/ Normandie) M\u00e9tro&nbsp;: A (Arr\u00eat Villejean) &#8211; Entr\u00e9e libre &#8211;  Renseignements&nbsp;: 02 99 54 36 45 \/ contact@cercleceltiquederennes.org. <\/p>\n<\/div><\/div>\n\n\n\n<div style=\"height:35px\" aria-hidden=\"true\" class=\"wp-block-spacer\"><\/div>\n\n\n\n<div class=\"wp-block-media-text alignwide has-media-on-the-right is-stacked-on-mobile\" style=\"grid-template-columns:auto 39%\"><div class=\"wp-block-media-text__content\">\n<h5 class=\"wp-block-heading\">EXPOSITION : Mourir,  QUELLE HISTOIRE\u202f!<\/h5>\n\n\n\n<p class=\"has-small-font-size\">Le samedi 16 et dimanche 17 mars, pour f\u00eater l\u2019inauguration de l\u2019exposition, le Mus\u00e9e de Bretagne propose de nombreuses animations gratuites et accessibles pour tous. Au programme, une fresque participative, de la musique avec la Fanfare Musical Social Club et des \u00e9l\u00e8ves du Conservatoire de Rennes, des rencontres et projections, des ateliers de coiffure v\u00e9g\u00e9tale et de maquillage, des contes, des visites, des balades d&rsquo;outre-tombe, un atelier photo-spirite\u2026(organisateur : mus\u00e9e de Bretagne) <\/p>\n\n\n\n<p style=\"font-size:11px\">Du 16 mars au 22 septembre 2024 &#8211; Mus\u00e9e de Bretagne, 10 cours des alli\u00e9s, 35000 RENNES &#8211; M\u00e9tro&nbsp;: A B (Arr\u00eat Charles de Gaulle \/ Colombier) &#8211; Renseignements&nbsp;: museedebretagne@leschampslibres.fr<\/p>\n<\/div><figure class=\"wp-block-media-text__media\"><img loading=\"lazy\" decoding=\"async\" width=\"320\" height=\"154\" src=\"https:\/\/www.sevenadur.org\/2024\/wp-content\/uploads\/sites\/11\/2024\/01\/mourir-quelle-histoire.png\" alt=\"\" class=\"wp-image-246 size-full\" srcset=\"https:\/\/www.sevenadur.org\/2024\/wp-content\/uploads\/sites\/11\/2024\/01\/mourir-quelle-histoire.png 320w, https:\/\/www.sevenadur.org\/2024\/wp-content\/uploads\/sites\/11\/2024\/01\/mourir-quelle-histoire-300x144.png 300w\" sizes=\"auto, (max-width: 320px) 100vw, 320px\" \/><\/figure><\/div>\n","protected":false},"excerpt":{"rendered":"<p>VISITES ET EXPOSITIONS VISITE GUID\u00c9E CHANT\u00c9E DE L&rsquo;EXPOSITION PERMANENTE Visite guid\u00e9e, tant\u00f4t cont\u00e9e, tant\u00f4t chant\u00e9e sur le th\u00e8me de la nuit. La nuit comme fil conducteur, du lit-clos, aux affiches &hellip; <\/p>\n<p class=\"link-more\"><a href=\"https:\/\/www.sevenadur.org\/2024\/visites-et-expositions\/\" class=\"more-link\">Continuer la lecture<span class=\"screen-reader-text\"> de &laquo;&nbsp;Visites et expositions&nbsp;&raquo;<\/span><\/a><\/p>\n","protected":false},"author":11,"featured_media":0,"parent":0,"menu_order":0,"comment_status":"closed","ping_status":"closed","template":"","meta":{"_vp_format_video_url":"","_vp_image_focal_point":[],"footnotes":""},"class_list":["post-37","page","type-page","status-publish","hentry"],"_links":{"self":[{"href":"https:\/\/www.sevenadur.org\/2024\/wp-json\/wp\/v2\/pages\/37","targetHints":{"allow":["GET"]}}],"collection":[{"href":"https:\/\/www.sevenadur.org\/2024\/wp-json\/wp\/v2\/pages"}],"about":[{"href":"https:\/\/www.sevenadur.org\/2024\/wp-json\/wp\/v2\/types\/page"}],"author":[{"embeddable":true,"href":"https:\/\/www.sevenadur.org\/2024\/wp-json\/wp\/v2\/users\/11"}],"replies":[{"embeddable":true,"href":"https:\/\/www.sevenadur.org\/2024\/wp-json\/wp\/v2\/comments?post=37"}],"version-history":[{"count":25,"href":"https:\/\/www.sevenadur.org\/2024\/wp-json\/wp\/v2\/pages\/37\/revisions"}],"predecessor-version":[{"id":533,"href":"https:\/\/www.sevenadur.org\/2024\/wp-json\/wp\/v2\/pages\/37\/revisions\/533"}],"wp:attachment":[{"href":"https:\/\/www.sevenadur.org\/2024\/wp-json\/wp\/v2\/media?parent=37"}],"curies":[{"name":"wp","href":"https:\/\/api.w.org\/{rel}","templated":true}]}}