{"id":18,"date":"2024-01-03T10:20:25","date_gmt":"2024-01-03T09:20:25","guid":{"rendered":"https:\/\/www.sevenadur.org\/2024\/?page_id=18"},"modified":"2024-02-07T10:08:34","modified_gmt":"2024-02-07T09:08:34","slug":"sevenadur-enfants","status":"publish","type":"page","link":"https:\/\/www.sevenadur.org\/2024\/sevenadur-enfants\/","title":{"rendered":"Sevenadur enfants"},"content":{"rendered":"\n<h1 class=\"has-text-align-center wp-block-heading\"><strong>SEVENADUR ENFANTS <\/strong><\/h1>\n\n\n\n<hr class=\"wp-block-separator has-text-color has-vivid-cyan-blue-color has-alpha-channel-opacity has-vivid-cyan-blue-background-color has-background is-style-wide\"\/>\n\n\n<div class=\"wp-block-image\">\n<figure class=\"aligncenter size-large is-resized\"><img loading=\"lazy\" decoding=\"async\" src=\"https:\/\/www.sevenadur.org\/2024\/wp-content\/uploads\/sites\/11\/2024\/01\/couv-enfant-sevenadur-727x1024.jpg\" alt=\"\" class=\"wp-image-166\" width=\"301\" height=\"424\" srcset=\"https:\/\/www.sevenadur.org\/2024\/wp-content\/uploads\/sites\/11\/2024\/01\/couv-enfant-sevenadur-727x1024.jpg 727w, https:\/\/www.sevenadur.org\/2024\/wp-content\/uploads\/sites\/11\/2024\/01\/couv-enfant-sevenadur-213x300.jpg 213w, https:\/\/www.sevenadur.org\/2024\/wp-content\/uploads\/sites\/11\/2024\/01\/couv-enfant-sevenadur-768x1082.jpg 768w, https:\/\/www.sevenadur.org\/2024\/wp-content\/uploads\/sites\/11\/2024\/01\/couv-enfant-sevenadur-1091x1536.jpg 1091w, https:\/\/www.sevenadur.org\/2024\/wp-content\/uploads\/sites\/11\/2024\/01\/couv-enfant-sevenadur-1454x2048.jpg 1454w, https:\/\/www.sevenadur.org\/2024\/wp-content\/uploads\/sites\/11\/2024\/01\/couv-enfant-sevenadur-500x704.jpg 500w, https:\/\/www.sevenadur.org\/2024\/wp-content\/uploads\/sites\/11\/2024\/01\/couv-enfant-sevenadur-800x1127.jpg 800w, https:\/\/www.sevenadur.org\/2024\/wp-content\/uploads\/sites\/11\/2024\/01\/couv-enfant-sevenadur-1280x1803.jpg 1280w, https:\/\/www.sevenadur.org\/2024\/wp-content\/uploads\/sites\/11\/2024\/01\/couv-enfant-sevenadur.jpg 1795w\" sizes=\"auto, (max-width: 301px) 100vw, 301px\" \/><\/figure>\n<\/div>\n\n\n<div style=\"height:23px\" aria-hidden=\"true\" class=\"wp-block-spacer\"><\/div>\n\n\n\n<hr class=\"wp-block-separator has-text-color has-vivid-cyan-blue-color has-alpha-channel-opacity has-vivid-cyan-blue-background-color has-background is-style-wide\"\/>\n\n\n\n<p class=\"has-text-align-center\">Du <strong>mercredi 28 f\u00e9vrier au vendredi 01 mars<\/strong>, retrouvez une programmation sp\u00e9ciale pour les enfants dans le festival Sevenadur. Au programme : une journ\u00e9e en breton, de la cuisine, du yoga, des contes et des l\u00e9gendes, mais aussi des stages de musique, danse et broderie !<\/p>\n\n\n\n<div style=\"height:34px\" aria-hidden=\"true\" class=\"wp-block-spacer\"><\/div>\n\n\n\n<div class=\"wp-block-media-text alignwide is-stacked-on-mobile\" style=\"grid-template-columns:36% auto\"><figure class=\"wp-block-media-text__media\"><img loading=\"lazy\" decoding=\"async\" width=\"1024\" height=\"1024\" src=\"https:\/\/www.sevenadur.org\/2024\/wp-content\/uploads\/sites\/11\/2024\/01\/1-1-1024x1024.png\" alt=\"\" class=\"wp-image-359 size-full\" srcset=\"https:\/\/www.sevenadur.org\/2024\/wp-content\/uploads\/sites\/11\/2024\/01\/1-1-1024x1024.png 1024w, https:\/\/www.sevenadur.org\/2024\/wp-content\/uploads\/sites\/11\/2024\/01\/1-1-300x300.png 300w, https:\/\/www.sevenadur.org\/2024\/wp-content\/uploads\/sites\/11\/2024\/01\/1-1-150x150.png 150w, https:\/\/www.sevenadur.org\/2024\/wp-content\/uploads\/sites\/11\/2024\/01\/1-1-768x768.png 768w, https:\/\/www.sevenadur.org\/2024\/wp-content\/uploads\/sites\/11\/2024\/01\/1-1-500x500.png 500w, https:\/\/www.sevenadur.org\/2024\/wp-content\/uploads\/sites\/11\/2024\/01\/1-1-800x800.png 800w, https:\/\/www.sevenadur.org\/2024\/wp-content\/uploads\/sites\/11\/2024\/01\/1-1-100x100.png 100w, https:\/\/www.sevenadur.org\/2024\/wp-content\/uploads\/sites\/11\/2024\/01\/1-1.png 1080w\" sizes=\"auto, (max-width: 767px) 89vw, (max-width: 1000px) 54vw, (max-width: 1071px) 543px, 580px\" \/><\/figure><div class=\"wp-block-media-text__content\">\n<h5 class=\"wp-block-heading\">GLOGORENN&rsquo;NOZ<\/h5>\n\n\n\n<p class=\"has-small-font-size\">Peseurt trouz a ra ur gaouenn&nbsp;? Nijal a ra buan ul logodenn-dall&nbsp;? Da biv eo ar roud-man&nbsp;?<br>Deus d\u2019ober anaoudegezh gant bed burzhudus loened an noz.<br>Une journ\u00e9e pour aller \u00e0 la rencontre des animaux de la nuit&nbsp;! Cette faune nocturne t\u2019invite \u00e0 venir d\u00e9couvrir ses myst\u00e8res. (Organisateur : CCR, H\u00e9lo\u00efse Berthet)<\/p>\n\n\n\n<p style=\"font-size:11px\">28\/02 (9h00-17h00) &#8211; Cercle celtique de Rennes, 26 Av. Charles et Raymonde Tillon, 35000 RENNES &#8211; 7 euros &#8211; Renseignements \/ inscriptions&nbsp;: 07 78 37 38 55 &#8211; mediation@ccrennes.bzh<br> Pr\u00e9voir un pique-nique<\/p>\n<\/div><\/div>\n\n\n\n<div class=\"wp-block-media-text alignwide has-media-on-the-right is-stacked-on-mobile\" style=\"grid-template-columns:auto 35%\"><div class=\"wp-block-media-text__content\">\n<h5 class=\"wp-block-heading\">GRAINEs DE CONTEURS<\/h5>\n\n\n\n<p class=\"has-small-font-size\">Viens plonger dans l\u2019univers merveilleux des contes et l\u00e9gendes&nbsp;! Tu d\u00e9couvriras que les \u00eatres fantastiques ne sont pas si diff\u00e9rents d\u2019une culture \u00e0 l\u2019autre, rencontre entre Bretagne et Allemagne. (Organisateur : CCR,  H\u00e9lo\u00efse Berthet)<\/p>\n\n\n\n<p style=\"font-size:11px\">29\/02 ((9h00-17h00) &#8211; Cercle celtique de Rennes, 26 Av. Charles et Raymonde Tillon, 35000 RENNES &#8211; 7 euros &#8211; Renseignements \/ inscriptions&nbsp;: 07 78 37 38 55 &#8211; mediation@ccrennes.bzh<br>Pr\u00e9voir un pique-nique<\/p>\n<\/div><figure class=\"wp-block-media-text__media\"><img loading=\"lazy\" decoding=\"async\" width=\"1024\" height=\"1024\" src=\"https:\/\/www.sevenadur.org\/2024\/wp-content\/uploads\/sites\/11\/2024\/01\/2-1-1024x1024.png\" alt=\"\" class=\"wp-image-358 size-full\" srcset=\"https:\/\/www.sevenadur.org\/2024\/wp-content\/uploads\/sites\/11\/2024\/01\/2-1-1024x1024.png 1024w, https:\/\/www.sevenadur.org\/2024\/wp-content\/uploads\/sites\/11\/2024\/01\/2-1-300x300.png 300w, https:\/\/www.sevenadur.org\/2024\/wp-content\/uploads\/sites\/11\/2024\/01\/2-1-150x150.png 150w, https:\/\/www.sevenadur.org\/2024\/wp-content\/uploads\/sites\/11\/2024\/01\/2-1-768x768.png 768w, https:\/\/www.sevenadur.org\/2024\/wp-content\/uploads\/sites\/11\/2024\/01\/2-1-500x500.png 500w, https:\/\/www.sevenadur.org\/2024\/wp-content\/uploads\/sites\/11\/2024\/01\/2-1-800x800.png 800w, https:\/\/www.sevenadur.org\/2024\/wp-content\/uploads\/sites\/11\/2024\/01\/2-1-100x100.png 100w, https:\/\/www.sevenadur.org\/2024\/wp-content\/uploads\/sites\/11\/2024\/01\/2-1.png 1080w\" sizes=\"auto, (max-width: 767px) 89vw, (max-width: 1000px) 54vw, (max-width: 1071px) 543px, 580px\" \/><\/figure><\/div>\n\n\n\n<div style=\"height:35px\" aria-hidden=\"true\" class=\"wp-block-spacer\"><\/div>\n\n\n\n<div class=\"wp-block-media-text alignwide is-stacked-on-mobile\" style=\"grid-template-columns:33% auto\"><figure class=\"wp-block-media-text__media\"><img loading=\"lazy\" decoding=\"async\" width=\"1024\" height=\"1024\" src=\"https:\/\/www.sevenadur.org\/2024\/wp-content\/uploads\/sites\/11\/2024\/01\/Sevenadur-enfant1-1024x1024.png\" alt=\"\" class=\"wp-image-292 size-full\" srcset=\"https:\/\/www.sevenadur.org\/2024\/wp-content\/uploads\/sites\/11\/2024\/01\/Sevenadur-enfant1-1024x1024.png 1024w, https:\/\/www.sevenadur.org\/2024\/wp-content\/uploads\/sites\/11\/2024\/01\/Sevenadur-enfant1-300x300.png 300w, https:\/\/www.sevenadur.org\/2024\/wp-content\/uploads\/sites\/11\/2024\/01\/Sevenadur-enfant1-150x150.png 150w, https:\/\/www.sevenadur.org\/2024\/wp-content\/uploads\/sites\/11\/2024\/01\/Sevenadur-enfant1-768x768.png 768w, https:\/\/www.sevenadur.org\/2024\/wp-content\/uploads\/sites\/11\/2024\/01\/Sevenadur-enfant1-500x500.png 500w, https:\/\/www.sevenadur.org\/2024\/wp-content\/uploads\/sites\/11\/2024\/01\/Sevenadur-enfant1-800x800.png 800w, https:\/\/www.sevenadur.org\/2024\/wp-content\/uploads\/sites\/11\/2024\/01\/Sevenadur-enfant1-100x100.png 100w, https:\/\/www.sevenadur.org\/2024\/wp-content\/uploads\/sites\/11\/2024\/01\/Sevenadur-enfant1.png 1080w\" sizes=\"auto, (max-width: 767px) 89vw, (max-width: 1000px) 54vw, (max-width: 1071px) 543px, 580px\" \/><\/figure><div class=\"wp-block-media-text__content\">\n<h5 class=\"wp-block-heading\">STAGE BRODERIE D\u00c8S 8 ANS<\/h5>\n\n\n\n<p class=\"has-small-font-size\">On pique et on tire pour faire appara\u00eetre des broderies aux motifs de la nuit.<br>Les brodeuses passionn\u00e9es du Cercle celtique n&rsquo;attendent que toi. <\/p>\n\n\n\n<p class=\"has-small-font-size\">Et pour clore cette journ\u00e9e, rendez-vous \u00e0 18h30 \u00e0 la mairie pour l\u2019inauguration de Sevenadur<br>Les enfants feront une restitution des ateliers de la journ\u00e9e. (Organisateur : CCR,  H\u00e9lo\u00efse Berthet)<\/p>\n\n\n\n<p style=\"font-size:11px\">Vendredi 01 mars (9h00-17h00) &#8211; Cercle celtique de Rennes, 26 Av. Charles et Raymonde Tillon, 35000 RENNES &#8211; 15 euros &#8211; Renseignements \/ inscriptions&nbsp;: 07 78 37 38 55 -mediation@ccrennes.bzh<br>Pr\u00e9voir un pique-nique<\/p>\n<\/div><\/div>\n\n\n\n<div style=\"height:35px\" aria-hidden=\"true\" class=\"wp-block-spacer\"><\/div>\n\n\n\n<div class=\"wp-block-media-text alignwide has-media-on-the-right is-stacked-on-mobile\" style=\"grid-template-columns:auto 36%\"><div class=\"wp-block-media-text__content\">\n<h5 class=\"wp-block-heading\">STAGE MUSIQUE D&rsquo;ENSEMBLE \u00c0 partir de 8 ans<\/h5>\n\n\n\n<p class=\"has-small-font-size\">Accompagn\u00e9 de ton instrument, viens jouer avec des copains un air de musique bretonne aux sons jazzy de Julien. <\/p>\n\n\n\n<p class=\"has-small-font-size\">Et pour clore cette journ\u00e9e, rendez-vous \u00e0 18h30 \u00e0 la mairie pour l\u2019inauguration de Sevenadur<br>Les enfants feront une restitution des ateliers de la journ\u00e9e. (Organisateur : CCR,  H\u00e9lo\u00efse Berthet)<\/p>\n\n\n\n<p style=\"font-size:11px\">Vendredi 01 mars (9h00-17h00) &#8211; Cercle celtique de Rennes, 26 Av. Charles et Raymonde Tillon, 35000 RENNES &#8211; 15 euros &#8211; Renseignements \/ inscriptions&nbsp;: 07 78 37 38 55 &#8211; mediation@ccrennes.bzh<br>Pr\u00e9voir un pique-nique. Un an de pratique minimum est demand\u00e9. <br><br><\/p>\n<\/div><figure class=\"wp-block-media-text__media\"><img loading=\"lazy\" decoding=\"async\" width=\"1024\" height=\"1024\" src=\"https:\/\/www.sevenadur.org\/2024\/wp-content\/uploads\/sites\/11\/2024\/01\/Sevenadur-enfant1-1-1024x1024.png\" alt=\"\" class=\"wp-image-294 size-full\" srcset=\"https:\/\/www.sevenadur.org\/2024\/wp-content\/uploads\/sites\/11\/2024\/01\/Sevenadur-enfant1-1-1024x1024.png 1024w, https:\/\/www.sevenadur.org\/2024\/wp-content\/uploads\/sites\/11\/2024\/01\/Sevenadur-enfant1-1-300x300.png 300w, https:\/\/www.sevenadur.org\/2024\/wp-content\/uploads\/sites\/11\/2024\/01\/Sevenadur-enfant1-1-150x150.png 150w, https:\/\/www.sevenadur.org\/2024\/wp-content\/uploads\/sites\/11\/2024\/01\/Sevenadur-enfant1-1-768x768.png 768w, https:\/\/www.sevenadur.org\/2024\/wp-content\/uploads\/sites\/11\/2024\/01\/Sevenadur-enfant1-1-500x500.png 500w, https:\/\/www.sevenadur.org\/2024\/wp-content\/uploads\/sites\/11\/2024\/01\/Sevenadur-enfant1-1-800x800.png 800w, https:\/\/www.sevenadur.org\/2024\/wp-content\/uploads\/sites\/11\/2024\/01\/Sevenadur-enfant1-1-100x100.png 100w, https:\/\/www.sevenadur.org\/2024\/wp-content\/uploads\/sites\/11\/2024\/01\/Sevenadur-enfant1-1.png 1080w\" sizes=\"auto, (max-width: 767px) 89vw, (max-width: 1000px) 54vw, (max-width: 1071px) 543px, 580px\" \/><\/figure><\/div>\n\n\n\n<div style=\"height:43px\" aria-hidden=\"true\" class=\"wp-block-spacer\"><\/div>\n\n\n\n<div class=\"wp-block-media-text alignwide is-stacked-on-mobile\" style=\"grid-template-columns:34% auto\"><figure class=\"wp-block-media-text__media\"><img loading=\"lazy\" decoding=\"async\" width=\"1024\" height=\"1024\" src=\"https:\/\/www.sevenadur.org\/2024\/wp-content\/uploads\/sites\/11\/2024\/01\/Sevenadur-enfant1-2-1024x1024.png\" alt=\"\" class=\"wp-image-295 size-full\" srcset=\"https:\/\/www.sevenadur.org\/2024\/wp-content\/uploads\/sites\/11\/2024\/01\/Sevenadur-enfant1-2-1024x1024.png 1024w, https:\/\/www.sevenadur.org\/2024\/wp-content\/uploads\/sites\/11\/2024\/01\/Sevenadur-enfant1-2-300x300.png 300w, https:\/\/www.sevenadur.org\/2024\/wp-content\/uploads\/sites\/11\/2024\/01\/Sevenadur-enfant1-2-150x150.png 150w, https:\/\/www.sevenadur.org\/2024\/wp-content\/uploads\/sites\/11\/2024\/01\/Sevenadur-enfant1-2-768x768.png 768w, https:\/\/www.sevenadur.org\/2024\/wp-content\/uploads\/sites\/11\/2024\/01\/Sevenadur-enfant1-2-500x500.png 500w, https:\/\/www.sevenadur.org\/2024\/wp-content\/uploads\/sites\/11\/2024\/01\/Sevenadur-enfant1-2-800x800.png 800w, https:\/\/www.sevenadur.org\/2024\/wp-content\/uploads\/sites\/11\/2024\/01\/Sevenadur-enfant1-2-100x100.png 100w, https:\/\/www.sevenadur.org\/2024\/wp-content\/uploads\/sites\/11\/2024\/01\/Sevenadur-enfant1-2.png 1080w\" sizes=\"auto, (max-width: 767px) 89vw, (max-width: 1000px) 54vw, (max-width: 1071px) 543px, 580px\" \/><\/figure><div class=\"wp-block-media-text__content\">\n<h5 class=\"wp-block-heading\">STAGE danse D\u00c8S 6 ANS<\/h5>\n\n\n\n<p class=\"has-small-font-size\">Viens t&rsquo;amuser avec les danses bretonnes, folk et le Chigoma. <\/p>\n\n\n\n<p class=\"has-small-font-size\">Et pour clore cette journ\u00e9e, rendez-vous \u00e0 18h30 \u00e0 la mairie pour l\u2019inauguration de Sevenadur<br>Les enfants feront une restitution des ateliers de la journ\u00e9e. (Organisateur : CCR,  H\u00e9lo\u00efse Berthet)<\/p>\n\n\n\n<p style=\"font-size:11px\">Vendredi 01 mars (9h00-17h00) &#8211; Cercle celtique de Rennes, 26 Av. Charles et Raymonde Tillon, 35000 RENNES &#8211; 15 euros &#8211; Renseignements \/ inscriptions&nbsp;: 07 78 37 38 55 &#8211; mediation@ccrennes.bzh<br>Pr\u00e9voir un pique-nique.  <\/p>\n<\/div><\/div>\n\n\n\n<div style=\"height:57px\" aria-hidden=\"true\" class=\"wp-block-spacer\"><\/div>\n\n\n\n<div class=\"wp-block-media-text alignwide is-stacked-on-mobile\" style=\"grid-template-columns:34% auto\"><figure class=\"wp-block-media-text__media\"><img loading=\"lazy\" decoding=\"async\" width=\"1024\" height=\"768\" src=\"https:\/\/www.sevenadur.org\/2024\/wp-content\/uploads\/sites\/11\/2024\/01\/D.Bussonnais-2-1024x768.jpg\" alt=\"\" class=\"wp-image-164 size-full\" srcset=\"https:\/\/www.sevenadur.org\/2024\/wp-content\/uploads\/sites\/11\/2024\/01\/D.Bussonnais-2-1024x768.jpg 1024w, https:\/\/www.sevenadur.org\/2024\/wp-content\/uploads\/sites\/11\/2024\/01\/D.Bussonnais-2-300x225.jpg 300w, https:\/\/www.sevenadur.org\/2024\/wp-content\/uploads\/sites\/11\/2024\/01\/D.Bussonnais-2-768x576.jpg 768w, https:\/\/www.sevenadur.org\/2024\/wp-content\/uploads\/sites\/11\/2024\/01\/D.Bussonnais-2-1536x1152.jpg 1536w, https:\/\/www.sevenadur.org\/2024\/wp-content\/uploads\/sites\/11\/2024\/01\/D.Bussonnais-2-2048x1536.jpg 2048w, https:\/\/www.sevenadur.org\/2024\/wp-content\/uploads\/sites\/11\/2024\/01\/D.Bussonnais-2-500x375.jpg 500w, https:\/\/www.sevenadur.org\/2024\/wp-content\/uploads\/sites\/11\/2024\/01\/D.Bussonnais-2-800x600.jpg 800w, https:\/\/www.sevenadur.org\/2024\/wp-content\/uploads\/sites\/11\/2024\/01\/D.Bussonnais-2-1280x960.jpg 1280w, https:\/\/www.sevenadur.org\/2024\/wp-content\/uploads\/sites\/11\/2024\/01\/D.Bussonnais-2-1920x1440.jpg 1920w\" sizes=\"auto, (max-width: 767px) 89vw, (max-width: 1000px) 54vw, (max-width: 1071px) 543px, 580px\" \/><\/figure><div class=\"wp-block-media-text__content\">\n<h5 class=\"wp-block-heading\">SPECTACLE LES nouveaux CONTES DE LA ROCHE AUX F\u00c9ES (\u00e0 partir de 6 ans) <\/h5>\n\n\n\n<p class=\"has-small-font-size\">Les histoires intrigantes et dr\u00f4les de la Roche aux F\u00e9es\u2026.Ce spectacle raconte la rencontre d\u2019une petite f\u00e9e avec un jeune gar\u00e7on \u00e0 La Roche aux F\u00e9es et leur amiti\u00e9 naissante autour des histoires qu\u2019ils s\u2019\u00e9changent. Job veut absolument conna\u00eetre le secret de pierres du plus grand dolmen de Bretagne. Pour le savoir, il devra d\u00e9couvrir les dr\u00f4les d\u2019\u00e9nigmes de la f\u00e9e Plume\u2026Do\u00e9 lib\u00e8re la saveur, l\u2019humour ou le myst\u00e8re que chaque conte rec\u00e8le, tout en amusant, en faisant fr\u00e9mir autant qu\u2019en captivant son public. Cela gr\u00e2ce \u00e0 des dispositifs sc\u00e9niques vari\u00e9s : Le Th\u00e9\u00e2tre d\u2019Ombres, le Grand LivreAnim\u00e9, la Biblioth\u00e8que des Ombres, le petit th\u00e9\u00e2tre de fleurs, la Bo\u00eete \u00e0 Myst\u00e8res, La Roche aux biscottes \u2026, des chansons et une interactivit\u00e9 avec le public. (Organisateur : CCR,  H\u00e9lo\u00efse Berthet)<\/p>\n\n\n\n<p style=\"font-size:11px\">06\/03 (15h00) &#8211; Cercle celtique de Rennes, 26 Av. Charles et Raymonde Tillon, 35000 RENNES \u2013 Bus : C4 14 12 (Arr\u00eat Bois l\u2019abb\u00e9 \/ Normandie) M\u00e9tro : A (Arr\u00eat Villejean) \u2013 6 euros \u2013 Renseignements \/ r\u00e9servations&nbsp;: 07 78 37 38 55  &#8211; mediation@ccrennes.bzh<\/p>\n<\/div><\/div>\n\n\n\n<p>Pour vous inscrire :<br>1. t\u00e9l\u00e9charger le document ci-dessous<br>2. remplissez le document<br>3. renvoyer par mail : mediation@ccrennes.bzh ou par voie postale<\/p>\n\n\n\n<div class=\"wp-block-file\"><a id=\"wp-block-file--media-3c654114-3222-4174-b90b-041a0a2cb101\" href=\"https:\/\/www.sevenadur.org\/2024\/wp-content\/uploads\/sites\/11\/2024\/01\/inscriptionsite.pdf\">inscription<\/a><a href=\"https:\/\/www.sevenadur.org\/2024\/wp-content\/uploads\/sites\/11\/2024\/01\/inscriptionsite.pdf\" class=\"wp-block-file__button wp-element-button\" download aria-describedby=\"wp-block-file--media-3c654114-3222-4174-b90b-041a0a2cb101\">T\u00e9l\u00e9charger<\/a><\/div>\n\n\n\n<div style=\"height:26px\" aria-hidden=\"true\" class=\"wp-block-spacer\"><\/div>\n\n\n\n<p>Vous pouvez \u00e9galement vous inscrire en ligne en cliquant sur ce lien : <\/p>\n\n\n\n<p><a href=\"https:\/\/www.helloasso.com\/associations\/cercle-celtique-de-rennes\/evenements\/sevenadur-enfants\">https:\/\/www.helloasso.com\/associations\/cercle-celtique-de-rennes\/evenements\/sevenadur-enfants<\/a><\/p>\n\n\n\n<h2 class=\"wp-block-heading\"><strong>Nos partenaires proposent<\/strong> : <\/h2>\n\n\n\n<div class=\"wp-block-media-text alignwide has-media-on-the-right is-stacked-on-mobile\" style=\"grid-template-columns:auto 36%\"><div class=\"wp-block-media-text__content\">\n<h5 class=\"wp-block-heading\">Atelier parents-enfants : Yoga et cuisine indienne<\/h5>\n\n\n\n<p class=\"has-small-font-size\">Nous vous proposons une matin\u00e9e relaxation et bien-\u00eatre avec musique et yoga. Un moment \u00e0 partager avec votre enfant (\u00e0 partir de 3 ans) qui sera suivi d\u2019un atelier culinaire qui vous permettra d\u2019apprendre \u00e0 pr\u00e9parer et d\u00e9guster des sp\u00e9cialit\u00e9s indiennes. (Organisateur : Namast\u00e9 Breizh)<\/p>\n\n\n\n<p style=\"font-size:11px\">06\/03 (10h00 &#8211; 14h00) &#8211; Cercle celtique de Rennes, 26 Av. Charles et Raymonde Tillon, 35000 RENNES \u2013 Bus : C4 14 12 (Arr\u00eat Bois l\u2019abb\u00e9 \/ Normandie) M\u00e9tro : A (Arr\u00eat Villejean) \u2013 10 euros le bin\u00f4me parent-enfant +5 euros par parent suppl\u00e9mentaire \u2013 Renseignements : 06 70 41 56 33 &#8211; <a href=\"mailto:association.namastebreizh@gmail.com\">association.namastebreizh@gmail.com<\/a><\/p>\n\n\n\n<p class=\"has-small-font-size\">Inscription en ligne : <\/p>\n\n\n\n<p class=\"has-small-font-size\"><a href=\"https:\/\/www.helloasso.com\/associations\/cercle-celtique-de-rennes\/evenements\/ateliers-parents-enfants-yoga-et-cuisine-indienne\">https:\/\/www.helloasso.com\/associations\/cercle-celtique-de-rennes\/evenements\/ateliers-parents-enfants-yoga-et-cuisine-indienne<\/a><\/p>\n\n\n\n<p><\/p>\n<\/div><figure class=\"wp-block-media-text__media\"><img loading=\"lazy\" decoding=\"async\" width=\"1024\" height=\"1024\" src=\"https:\/\/www.sevenadur.org\/2024\/wp-content\/uploads\/sites\/11\/2024\/01\/Sevenadur-enfant-1024x1024.png\" alt=\"\" class=\"wp-image-172 size-full\" srcset=\"https:\/\/www.sevenadur.org\/2024\/wp-content\/uploads\/sites\/11\/2024\/01\/Sevenadur-enfant-1024x1024.png 1024w, https:\/\/www.sevenadur.org\/2024\/wp-content\/uploads\/sites\/11\/2024\/01\/Sevenadur-enfant-300x300.png 300w, https:\/\/www.sevenadur.org\/2024\/wp-content\/uploads\/sites\/11\/2024\/01\/Sevenadur-enfant-150x150.png 150w, https:\/\/www.sevenadur.org\/2024\/wp-content\/uploads\/sites\/11\/2024\/01\/Sevenadur-enfant-768x768.png 768w, https:\/\/www.sevenadur.org\/2024\/wp-content\/uploads\/sites\/11\/2024\/01\/Sevenadur-enfant-500x500.png 500w, https:\/\/www.sevenadur.org\/2024\/wp-content\/uploads\/sites\/11\/2024\/01\/Sevenadur-enfant-800x800.png 800w, https:\/\/www.sevenadur.org\/2024\/wp-content\/uploads\/sites\/11\/2024\/01\/Sevenadur-enfant-100x100.png 100w, https:\/\/www.sevenadur.org\/2024\/wp-content\/uploads\/sites\/11\/2024\/01\/Sevenadur-enfant.png 1080w\" sizes=\"auto, (max-width: 767px) 89vw, (max-width: 1000px) 54vw, (max-width: 1071px) 543px, 580px\" \/><\/figure><\/div>\n","protected":false},"excerpt":{"rendered":"<p>SEVENADUR ENFANTS Du mercredi 28 f\u00e9vrier au vendredi 01 mars, retrouvez une programmation sp\u00e9ciale pour les enfants dans le festival Sevenadur. Au programme : une journ\u00e9e en breton, de la &hellip; <\/p>\n<p class=\"link-more\"><a href=\"https:\/\/www.sevenadur.org\/2024\/sevenadur-enfants\/\" class=\"more-link\">Continuer la lecture<span class=\"screen-reader-text\"> de &laquo;&nbsp;Sevenadur enfants&nbsp;&raquo;<\/span><\/a><\/p>\n","protected":false},"author":11,"featured_media":0,"parent":0,"menu_order":0,"comment_status":"closed","ping_status":"closed","template":"","meta":{"_vp_format_video_url":"","_vp_image_focal_point":[],"footnotes":""},"class_list":["post-18","page","type-page","status-publish","hentry"],"_links":{"self":[{"href":"https:\/\/www.sevenadur.org\/2024\/wp-json\/wp\/v2\/pages\/18","targetHints":{"allow":["GET"]}}],"collection":[{"href":"https:\/\/www.sevenadur.org\/2024\/wp-json\/wp\/v2\/pages"}],"about":[{"href":"https:\/\/www.sevenadur.org\/2024\/wp-json\/wp\/v2\/types\/page"}],"author":[{"embeddable":true,"href":"https:\/\/www.sevenadur.org\/2024\/wp-json\/wp\/v2\/users\/11"}],"replies":[{"embeddable":true,"href":"https:\/\/www.sevenadur.org\/2024\/wp-json\/wp\/v2\/comments?post=18"}],"version-history":[{"count":21,"href":"https:\/\/www.sevenadur.org\/2024\/wp-json\/wp\/v2\/pages\/18\/revisions"}],"predecessor-version":[{"id":432,"href":"https:\/\/www.sevenadur.org\/2024\/wp-json\/wp\/v2\/pages\/18\/revisions\/432"}],"wp:attachment":[{"href":"https:\/\/www.sevenadur.org\/2024\/wp-json\/wp\/v2\/media?parent=18"}],"curies":[{"name":"wp","href":"https:\/\/api.w.org\/{rel}","templated":true}]}}