{"id":131,"date":"2024-01-11T15:35:32","date_gmt":"2024-01-11T14:35:32","guid":{"rendered":"https:\/\/www.sevenadur.org\/2024\/?page_id=131"},"modified":"2024-02-01T12:55:29","modified_gmt":"2024-02-01T11:55:29","slug":"jeunesse","status":"publish","type":"page","link":"https:\/\/www.sevenadur.org\/2024\/jeunesse\/","title":{"rendered":"Jeunesse"},"content":{"rendered":"\n<h1 class=\"has-text-align-center wp-block-heading\"><strong>JEUNESSE<\/strong><\/h1>\n\n\n\n<hr class=\"wp-block-separator has-text-color has-vivid-cyan-blue-color has-alpha-channel-opacity has-vivid-cyan-blue-background-color has-background is-style-wide\"\/>\n\n\n\n<div style=\"height:34px\" aria-hidden=\"true\" class=\"wp-block-spacer\"><\/div>\n\n\n\n<div class=\"wp-block-media-text alignwide is-stacked-on-mobile\" style=\"grid-template-columns:32% auto\"><figure class=\"wp-block-media-text__media\"><img loading=\"lazy\" decoding=\"async\" width=\"724\" height=\"1024\" src=\"https:\/\/www.sevenadur.org\/2024\/wp-content\/uploads\/sites\/11\/2024\/01\/Visuel-ini-bal-pop-sevenadur-jeune-2024_page-0001-724x1024.jpg\" alt=\"\" class=\"wp-image-273 size-full\" srcset=\"https:\/\/www.sevenadur.org\/2024\/wp-content\/uploads\/sites\/11\/2024\/01\/Visuel-ini-bal-pop-sevenadur-jeune-2024_page-0001-724x1024.jpg 724w, https:\/\/www.sevenadur.org\/2024\/wp-content\/uploads\/sites\/11\/2024\/01\/Visuel-ini-bal-pop-sevenadur-jeune-2024_page-0001-212x300.jpg 212w, https:\/\/www.sevenadur.org\/2024\/wp-content\/uploads\/sites\/11\/2024\/01\/Visuel-ini-bal-pop-sevenadur-jeune-2024_page-0001-768x1086.jpg 768w, https:\/\/www.sevenadur.org\/2024\/wp-content\/uploads\/sites\/11\/2024\/01\/Visuel-ini-bal-pop-sevenadur-jeune-2024_page-0001-1086x1536.jpg 1086w, https:\/\/www.sevenadur.org\/2024\/wp-content\/uploads\/sites\/11\/2024\/01\/Visuel-ini-bal-pop-sevenadur-jeune-2024_page-0001-1448x2048.jpg 1448w, https:\/\/www.sevenadur.org\/2024\/wp-content\/uploads\/sites\/11\/2024\/01\/Visuel-ini-bal-pop-sevenadur-jeune-2024_page-0001-500x707.jpg 500w, https:\/\/www.sevenadur.org\/2024\/wp-content\/uploads\/sites\/11\/2024\/01\/Visuel-ini-bal-pop-sevenadur-jeune-2024_page-0001-800x1132.jpg 800w, https:\/\/www.sevenadur.org\/2024\/wp-content\/uploads\/sites\/11\/2024\/01\/Visuel-ini-bal-pop-sevenadur-jeune-2024_page-0001-1280x1811.jpg 1280w, https:\/\/www.sevenadur.org\/2024\/wp-content\/uploads\/sites\/11\/2024\/01\/Visuel-ini-bal-pop-sevenadur-jeune-2024_page-0001-1920x2716.jpg 1920w, https:\/\/www.sevenadur.org\/2024\/wp-content\/uploads\/sites\/11\/2024\/01\/Visuel-ini-bal-pop-sevenadur-jeune-2024_page-0001-scaled.jpg 1810w\" sizes=\"auto, (max-width: 724px) 100vw, 724px\" \/><\/figure><div class=\"wp-block-media-text__content\">\n<h5 class=\"wp-block-heading\">INITIATION AUX BALS POPULAIRES D&rsquo;AUJOURD&rsquo;HUI (TRAD\/FOLK) <\/h5>\n\n\n\n<p class=\"has-small-font-size\">Une initiation aux danses traditionnelles des bals, et \u00e0 leurs codes, qu&rsquo;on retrouve aujourd\u2019hui en Bretagne. Entre tradition et modernit\u00e9, danses d&rsquo;ici et d&rsquo;ailleurs, une approche holistique de cet univers riche de diversit\u00e9s.Anim\u00e9e par Lolo \u2013 anim&rsquo; culturel jeunesses au CCR, qui vous accompagnera et facilitera aussi les danses dans le bal trad sauvage du vendredi 1er mars. Ramener de quoi se couvrir les yeux (bandeau\u2026). (16-30 ans) (Organisateur: CCR)<\/p>\n\n\n\n<p style=\"font-size:11px\">Jeudi 29 f\u00e9vrier &#8211; (19h30-22h30) &#8211; Cercle celtique de Rennes, 26 Av. Charles et Raymonde Tillon, 35000, RENNES &#8211; Bus&nbsp;: C4\/14\/12 (Arr\u00eat Bois l\u2019abb\u00e9 \/ Normandie) M\u00e9tro&nbsp;: A (Arr\u00eat Villejean) &#8211; 5 euros &#8211; Renseignements&nbsp;: 02 99 54 36 45 \/ jeunesse@ccrennes.bzh<\/p>\n\n\n\n<p class=\"has-small-font-size\">Inscriptions en ligne : <\/p>\n\n\n\n<p class=\"has-small-font-size\"><a href=\"https:\/\/www.helloasso.com\/associations\/cercle-celtique-de-rennes\/evenements\/initiation-au-bal-populaire-d-aujourd-hui\">https:\/\/www.helloasso.com\/associations\/cercle-celtique-de-rennes\/evenements\/initiation-au-bal-populaire-d-aujourd-hui<\/a><\/p>\n<\/div><\/div>\n\n\n\n<div style=\"height:35px\" aria-hidden=\"true\" class=\"wp-block-spacer\"><\/div>\n\n\n\n<div class=\"wp-block-media-text alignwide has-media-on-the-right is-stacked-on-mobile\" style=\"grid-template-columns:auto 34%\"><div class=\"wp-block-media-text__content\">\n<h5 class=\"wp-block-heading\">BALADE PHOTOGRAPHIQUE NOCTURNE<\/h5>\n\n\n\n<p class=\"has-small-font-size\">Une balade qui offrira l&rsquo;occasion de capturer et mettre en lumi\u00e8re le centre ville de Rennes sous une nouvelle nuit. Certains clich\u00e9s seront ensuite expos\u00e9s au cercle celtique de Rennes pendant un mois. Pr\u00e9voir un appareil photo ou t\u00e9l\u00e9phone faisant des photos de bonne qualit\u00e9. (12-18 ans) (Organisateur : CCR)<\/p>\n\n\n\n<p style=\"font-size:11px\">Samedi 02 mars &#8211;  (18h00 rdv au cercle celtique de Rennes &#8211; 18h30 &#8211; 21h30) &#8211; Cercle celtique de Rennes, 26 Av. Charles et Raymonde Tillon, 35000, RENNES &#8211;  Bus\u00a0: C4\/14\/12 (Arr\u00eat Bois l\u2019abb\u00e9 \/ Normandie) M\u00e9tro\u00a0: A (Arr\u00eat Villejean) &#8211; 5 euros &#8211; Renseignements\u00a0: 02 99 54 36 45 \/ jeunesse@ccrennes.bzh<\/p>\n\n\n\n<p class=\"has-small-font-size\">R\u00e9servations en ligne : <\/p>\n\n\n\n<p class=\"has-small-font-size\"><a href=\"https:\/\/www.helloasso.com\/associations\/cercle-celtique-de-rennes\/evenements\/balade-photographique-nocturne-1\">https:\/\/www.helloasso.com\/associations\/cercle-celtique-de-rennes\/evenements\/balade-photographique-nocturne-1<\/a><\/p>\n<\/div><figure class=\"wp-block-media-text__media\"><img loading=\"lazy\" decoding=\"async\" width=\"724\" height=\"1024\" src=\"https:\/\/www.sevenadur.org\/2024\/wp-content\/uploads\/sites\/11\/2024\/01\/Sevenadur-jeunes-2024-balade-photo_page-0001-724x1024.jpg\" alt=\"\" class=\"wp-image-280 size-full\" srcset=\"https:\/\/www.sevenadur.org\/2024\/wp-content\/uploads\/sites\/11\/2024\/01\/Sevenadur-jeunes-2024-balade-photo_page-0001-724x1024.jpg 724w, https:\/\/www.sevenadur.org\/2024\/wp-content\/uploads\/sites\/11\/2024\/01\/Sevenadur-jeunes-2024-balade-photo_page-0001-212x300.jpg 212w, https:\/\/www.sevenadur.org\/2024\/wp-content\/uploads\/sites\/11\/2024\/01\/Sevenadur-jeunes-2024-balade-photo_page-0001-768x1086.jpg 768w, https:\/\/www.sevenadur.org\/2024\/wp-content\/uploads\/sites\/11\/2024\/01\/Sevenadur-jeunes-2024-balade-photo_page-0001-1086x1536.jpg 1086w, https:\/\/www.sevenadur.org\/2024\/wp-content\/uploads\/sites\/11\/2024\/01\/Sevenadur-jeunes-2024-balade-photo_page-0001-1448x2048.jpg 1448w, https:\/\/www.sevenadur.org\/2024\/wp-content\/uploads\/sites\/11\/2024\/01\/Sevenadur-jeunes-2024-balade-photo_page-0001-500x707.jpg 500w, https:\/\/www.sevenadur.org\/2024\/wp-content\/uploads\/sites\/11\/2024\/01\/Sevenadur-jeunes-2024-balade-photo_page-0001-800x1132.jpg 800w, https:\/\/www.sevenadur.org\/2024\/wp-content\/uploads\/sites\/11\/2024\/01\/Sevenadur-jeunes-2024-balade-photo_page-0001-1280x1811.jpg 1280w, https:\/\/www.sevenadur.org\/2024\/wp-content\/uploads\/sites\/11\/2024\/01\/Sevenadur-jeunes-2024-balade-photo_page-0001-1920x2716.jpg 1920w, https:\/\/www.sevenadur.org\/2024\/wp-content\/uploads\/sites\/11\/2024\/01\/Sevenadur-jeunes-2024-balade-photo_page-0001-scaled.jpg 1810w\" sizes=\"auto, (max-width: 724px) 100vw, 724px\" \/><\/figure><\/div>\n\n\n\n<div style=\"height:35px\" aria-hidden=\"true\" class=\"wp-block-spacer\"><\/div>\n\n\n\n<div class=\"wp-block-media-text alignwide is-stacked-on-mobile\" style=\"grid-template-columns:30% auto\"><figure class=\"wp-block-media-text__media\"><img loading=\"lazy\" decoding=\"async\" width=\"1024\" height=\"681\" src=\"https:\/\/www.sevenadur.org\/2024\/wp-content\/uploads\/sites\/11\/2024\/01\/JPM_2782-1024x681.jpg\" alt=\"\n\" class=\"wp-image-156 size-full\" srcset=\"https:\/\/www.sevenadur.org\/2024\/wp-content\/uploads\/sites\/11\/2024\/01\/JPM_2782-1024x681.jpg 1024w, https:\/\/www.sevenadur.org\/2024\/wp-content\/uploads\/sites\/11\/2024\/01\/JPM_2782-300x200.jpg 300w, https:\/\/www.sevenadur.org\/2024\/wp-content\/uploads\/sites\/11\/2024\/01\/JPM_2782-768x511.jpg 768w, https:\/\/www.sevenadur.org\/2024\/wp-content\/uploads\/sites\/11\/2024\/01\/JPM_2782-1536x1022.jpg 1536w, https:\/\/www.sevenadur.org\/2024\/wp-content\/uploads\/sites\/11\/2024\/01\/JPM_2782-2048x1363.jpg 2048w, https:\/\/www.sevenadur.org\/2024\/wp-content\/uploads\/sites\/11\/2024\/01\/JPM_2782-500x333.jpg 500w, https:\/\/www.sevenadur.org\/2024\/wp-content\/uploads\/sites\/11\/2024\/01\/JPM_2782-800x532.jpg 800w, https:\/\/www.sevenadur.org\/2024\/wp-content\/uploads\/sites\/11\/2024\/01\/JPM_2782-1280x852.jpg 1280w, https:\/\/www.sevenadur.org\/2024\/wp-content\/uploads\/sites\/11\/2024\/01\/JPM_2782-1920x1278.jpg 1920w\" sizes=\"auto, (max-width: 767px) 89vw, (max-width: 1000px) 54vw, (max-width: 1071px) 543px, 580px\" \/><\/figure><div class=\"wp-block-media-text__content\">\n<h5 class=\"wp-block-heading\">Session musicale dans un pub irlandais<\/h5>\n\n\n\n<p class=\"has-small-font-size\"> Viens d\u00e9couvrir la musique et l&rsquo;ambiance nocturne des pubs irlandais ! Pr\u00e9voir titre de transport pour prendre le m\u00e9tro. (12 -18 ans) (Organisateur : CCR) <\/p>\n\n\n\n<p style=\"font-size:11px\">Mardi 05 mars &#8211; (20h30 rdv au cercle celtique de Rennes &#8211; 23h00) &#8211; Cercle celtique de Rennes, 26 Av. Charles et Raymonde Tillon, 35000, RENNES &#8211; Bus : C4\/14\/12 (Arr\u00eat Bois l\u2019abb\u00e9 \/ Normandie) M\u00e9tro : A (Arr\u00eat Villejean) &#8211; 5 euros &#8211; Renseignements&nbsp;: 02 99 54 36 45 \/ jeunesse@ccrennes.bzh<\/p>\n\n\n\n<p style=\"font-size:10px\">\u00a9 Elsa Lovat<\/p>\n<\/div><\/div>\n\n\n\n<p><\/p>\n","protected":false},"excerpt":{"rendered":"<p>JEUNESSE INITIATION AUX BALS POPULAIRES D&rsquo;AUJOURD&rsquo;HUI (TRAD\/FOLK) Une initiation aux danses traditionnelles des bals, et \u00e0 leurs codes, qu&rsquo;on retrouve aujourd\u2019hui en Bretagne. Entre tradition et modernit\u00e9, danses d&rsquo;ici et &hellip; <\/p>\n<p class=\"link-more\"><a href=\"https:\/\/www.sevenadur.org\/2024\/jeunesse\/\" class=\"more-link\">Continuer la lecture<span class=\"screen-reader-text\"> de &laquo;&nbsp;Jeunesse&nbsp;&raquo;<\/span><\/a><\/p>\n","protected":false},"author":11,"featured_media":0,"parent":0,"menu_order":0,"comment_status":"closed","ping_status":"closed","template":"","meta":{"_vp_format_video_url":"","_vp_image_focal_point":[],"footnotes":""},"class_list":["post-131","page","type-page","status-publish","hentry"],"_links":{"self":[{"href":"https:\/\/www.sevenadur.org\/2024\/wp-json\/wp\/v2\/pages\/131","targetHints":{"allow":["GET"]}}],"collection":[{"href":"https:\/\/www.sevenadur.org\/2024\/wp-json\/wp\/v2\/pages"}],"about":[{"href":"https:\/\/www.sevenadur.org\/2024\/wp-json\/wp\/v2\/types\/page"}],"author":[{"embeddable":true,"href":"https:\/\/www.sevenadur.org\/2024\/wp-json\/wp\/v2\/users\/11"}],"replies":[{"embeddable":true,"href":"https:\/\/www.sevenadur.org\/2024\/wp-json\/wp\/v2\/comments?post=131"}],"version-history":[{"count":16,"href":"https:\/\/www.sevenadur.org\/2024\/wp-json\/wp\/v2\/pages\/131\/revisions"}],"predecessor-version":[{"id":404,"href":"https:\/\/www.sevenadur.org\/2024\/wp-json\/wp\/v2\/pages\/131\/revisions\/404"}],"wp:attachment":[{"href":"https:\/\/www.sevenadur.org\/2024\/wp-json\/wp\/v2\/media?parent=131"}],"curies":[{"name":"wp","href":"https:\/\/api.w.org\/{rel}","templated":true}]}}