{"id":40,"date":"2023-01-17T13:18:45","date_gmt":"2023-01-17T12:18:45","guid":{"rendered":"http:\/\/www.sevenadur.org\/2023\/?page_id=40"},"modified":"2023-03-12T19:50:23","modified_gmt":"2023-03-12T18:50:23","slug":"expositions","status":"publish","type":"page","link":"https:\/\/www.sevenadur.org\/2023\/expositions\/","title":{"rendered":"Visites et Expositions"},"content":{"rendered":"\n<h1 class=\"has-text-align-center wp-block-heading\" style=\"text-transform:uppercase\"><strong>visites et expositions<\/strong><\/h1>\n\n\n\n<div style=\"height:30px\" aria-hidden=\"true\" class=\"wp-block-spacer\"><\/div>\n\n\n\n<hr class=\"wp-block-separator has-text-color has-alpha-channel-opacity has-background is-style-wide\" style=\"background-color:#b6581a;color:#b6581a\" \/>\n\n\n\n<p class=\"has-medium-font-size\">Visites et expositions pass\u00e9es<\/p>\n\n\n\n<hr class=\"wp-block-separator has-text-color has-luminous-vivid-orange-color has-alpha-channel-opacity has-luminous-vivid-orange-background-color has-background is-style-wide\" \/>\n\n\n\n<div class=\"wp-block-columns alignwide are-vertically-aligned-top is-layout-flex wp-container-core-columns-is-layout-9d6595d7 wp-block-columns-is-layout-flex\">\n<div class=\"wp-block-column is-layout-flow wp-block-column-is-layout-flow\">\n<div class=\"wp-block-media-text alignwide has-media-on-the-right is-stacked-on-mobile\" style=\"grid-template-columns:auto 47%\"><div class=\"wp-block-media-text__content\">\n<h5 class=\"has-text-color wp-block-heading\" style=\"color:#7a7979;text-transform:uppercase\">exposition : \u00ab\u00a0n\u00fc shu : l&rsquo;\u00e9criture secr\u00e8te des femmes\u00a0\u00bb de dongmei liu<\/h5>\n\n\n\n<p class=\"has-text-color has-small-font-size\" style=\"color:#7a7979\">Liu Dongmei nous propose une exposition de calligraphies employant le<em> N\u00fc Shu<\/em> ou l'\u00a0\u00bb\u00e9criture des femmes\u00a0\u00bb. Un syst\u00e8me d&rsquo;\u00e9criture ancestral n\u00e9e en Chine, dans la province de Hunan, dans le district de Jiang Yong, et exclusivement pratiqu\u00e9 par les femmes. (Organisateur : CCR)<\/p>\n\n\n\n<p class=\"has-text-color\" style=\"color:#7a7979\"><span style=\"font-size: 8pt\"><em>Du 22\/02 au 12\/03 &#8211; Biblioth\u00e8que de Villejean 43 Cr du Pr\u00e9sident John Fitzgerald Kennedy, 35700 &#8211; Entr\u00e9e libre au horaires d&rsquo;ouverture de l&rsquo;institut &#8211; Renseignements : 02 23 62 26 32<\/em><\/span><\/p>\n<\/div><figure class=\"wp-block-media-text__media\"><img loading=\"lazy\" decoding=\"async\" width=\"666\" height=\"436\" src=\"https:\/\/www.sevenadur.org\/2023\/wp-content\/uploads\/sites\/10\/2023\/01\/img15-4.jpg\" alt=\"\" class=\"wp-image-393 size-full\" srcset=\"https:\/\/www.sevenadur.org\/2023\/wp-content\/uploads\/sites\/10\/2023\/01\/img15-4.jpg 666w, https:\/\/www.sevenadur.org\/2023\/wp-content\/uploads\/sites\/10\/2023\/01\/img15-4-300x196.jpg 300w, https:\/\/www.sevenadur.org\/2023\/wp-content\/uploads\/sites\/10\/2023\/01\/img15-4-500x327.jpg 500w\" sizes=\"auto, (max-width: 666px) 100vw, 666px\" \/><\/figure><\/div>\n\n\n\n<div style=\"height:53px\" aria-hidden=\"true\" class=\"wp-block-spacer\"><\/div>\n<\/div>\n<\/div>\n\n\n\n<div class=\"wp-block-media-text alignwide is-stacked-on-mobile\" style=\"grid-template-columns:38% auto\"><figure class=\"wp-block-media-text__media\"><img loading=\"lazy\" decoding=\"async\" width=\"700\" height=\"846\" src=\"http:\/\/www.sevenadur.org\/2023\/wp-content\/uploads\/sites\/10\/2023\/01\/visites-flash-parcours-matrimoine-JEP2022_38917240-wn-4819098.jpg\" alt=\"\" class=\"wp-image-396 size-full\" srcset=\"https:\/\/www.sevenadur.org\/2023\/wp-content\/uploads\/sites\/10\/2023\/01\/visites-flash-parcours-matrimoine-JEP2022_38917240-wn-4819098.jpg 700w, https:\/\/www.sevenadur.org\/2023\/wp-content\/uploads\/sites\/10\/2023\/01\/visites-flash-parcours-matrimoine-JEP2022_38917240-wn-4819098-248x300.jpg 248w, https:\/\/www.sevenadur.org\/2023\/wp-content\/uploads\/sites\/10\/2023\/01\/visites-flash-parcours-matrimoine-JEP2022_38917240-wn-4819098-500x604.jpg 500w\" sizes=\"auto, (max-width: 700px) 100vw, 700px\" \/><\/figure><div class=\"wp-block-media-text__content\">\n<h5 class=\"has-text-color wp-block-heading\" style=\"color:#7a7979;text-transform:uppercase\">visite guid\u00e9e : parcours matrimoine<\/h5>\n\n\n\n<p class=\"has-text-color has-small-font-size\" style=\"color:#7a7979\">Le parcours Matrimoine offre une visite en 14 \u00e9tapes dans les collections permanentes du Mus\u00e9e des beaux-arts de Rennes, \u00e0 travers le prisme de ce que nous devons aux femmes, de l\u2019Antiquit\u00e9 \u00e9gyptienne \u00e0 l\u2019art contemporain. Ce parcours vous permettra de rencontrer une multiplicit\u00e9 de femmes cr\u00e9atrices ayant souvent souffert d\u2019invisibilit\u00e9. (Organisateur : Mus\u00e9e des Beaux-Arts de Bretagne).<br><br><strong>Attention : la visite du 09\/03 est annul\u00e9e.<\/strong><\/p>\n\n\n\n<div class=\"wp-block-file\"><a id=\"wp-block-file--media-29183493-4e69-4d2c-90da-e9d04916e2eb\" href=\"https:\/\/www.sevenadur.org\/2023\/wp-content\/uploads\/sites\/10\/2023\/01\/Livret-MATRIMOINE.pdf\" target=\"_blank\" rel=\"noreferrer noopener\">Livret du parcours<\/a><\/div>\n\n\n\n<p class=\"has-text-color\" style=\"color:#7a7979\"><span style=\"font-size: 8pt\"><em>26\/02 (15h) &#8211; 04\/03 (16h) &#8211; 05\/03 (16h) &#8211; Mus\u00e9e des Beaux-Arts de Rennes, 20 Quai Emile Zola, 35000 RENNES &#8211; Entr\u00e9e Libre &#8211; Renseignements : 02 99 54 36 45<\/em><\/span><\/p>\n<\/div><\/div>\n\n\n\n<div style=\"height:59px\" aria-hidden=\"true\" class=\"wp-block-spacer\"><\/div>\n\n\n\n<div class=\"wp-block-media-text alignwide has-media-on-the-right is-stacked-on-mobile\" style=\"grid-template-columns:auto 46%\"><div class=\"wp-block-media-text__content\">\n<h5 class=\"has-text-color wp-block-heading\" style=\"color:#7a7979;text-transform:uppercase\">visite guid\u00e9e : \u00ab\u00a0les bretonnes dans l&rsquo;histoire de bretagne\u00a0\u00bb<\/h5>\n\n\n\n<p class=\"has-text-color has-small-font-size\" style=\"color:#7a7979\">Venez d\u00e9couvrir un parcours instructif  sur les femmes de bretagne \u00e0 travers les collections du Mus\u00e9e de Bretagne. (Organisateur : Mus\u00e9e de Bretagne)<\/p>\n\n\n\n<p class=\"has-text-color\" style=\"color:#7a7979\"><span style=\"font-size: 8pt\"><em>Le 05\/03 \u00e0 16h00&nbsp; &#8211; Mus\u00e9e de Bretagne, 10 Cr des Alli\u00e9s, 35000 RENNES &#8211; Entr\u00e9e libre (Inscription conseill\u00e9e) &#8211; Renseignements : 02 99 54 36 45<\/em><\/span><\/p>\n<\/div><figure class=\"wp-block-media-text__media\"><img loading=\"lazy\" decoding=\"async\" width=\"768\" height=\"538\" src=\"https:\/\/www.sevenadur.org\/2023\/wp-content\/uploads\/sites\/10\/2023\/01\/les-champs-libres-musee-de-bretagne-1er-etage-alain-amet.jpg\" alt=\"\" class=\"wp-image-487 size-full\" srcset=\"https:\/\/www.sevenadur.org\/2023\/wp-content\/uploads\/sites\/10\/2023\/01\/les-champs-libres-musee-de-bretagne-1er-etage-alain-amet.jpg 768w, https:\/\/www.sevenadur.org\/2023\/wp-content\/uploads\/sites\/10\/2023\/01\/les-champs-libres-musee-de-bretagne-1er-etage-alain-amet-300x210.jpg 300w, https:\/\/www.sevenadur.org\/2023\/wp-content\/uploads\/sites\/10\/2023\/01\/les-champs-libres-musee-de-bretagne-1er-etage-alain-amet-500x350.jpg 500w\" sizes=\"auto, (max-width: 767px) 89vw, (max-width: 1000px) 54vw, (max-width: 1071px) 543px, 580px\" \/><\/figure><\/div>\n\n\n\n<div style=\"height:54px\" aria-hidden=\"true\" class=\"wp-block-spacer\"><\/div>\n\n\n\n<div class=\"wp-block-media-text alignwide is-stacked-on-mobile\" style=\"grid-template-columns:41% auto\"><figure class=\"wp-block-media-text__media\"><img loading=\"lazy\" decoding=\"async\" width=\"1024\" height=\"1024\" src=\"https:\/\/www.sevenadur.org\/2023\/wp-content\/uploads\/sites\/10\/2023\/01\/9-episode-1-1-1024x1024.jpg\" alt=\"\" class=\"wp-image-450 size-full\" srcset=\"https:\/\/www.sevenadur.org\/2023\/wp-content\/uploads\/sites\/10\/2023\/01\/9-episode-1-1-1024x1024.jpg 1024w, https:\/\/www.sevenadur.org\/2023\/wp-content\/uploads\/sites\/10\/2023\/01\/9-episode-1-1-300x300.jpg 300w, https:\/\/www.sevenadur.org\/2023\/wp-content\/uploads\/sites\/10\/2023\/01\/9-episode-1-1-150x150.jpg 150w, https:\/\/www.sevenadur.org\/2023\/wp-content\/uploads\/sites\/10\/2023\/01\/9-episode-1-1-768x768.jpg 768w, https:\/\/www.sevenadur.org\/2023\/wp-content\/uploads\/sites\/10\/2023\/01\/9-episode-1-1-500x500.jpg 500w, https:\/\/www.sevenadur.org\/2023\/wp-content\/uploads\/sites\/10\/2023\/01\/9-episode-1-1-800x800.jpg 800w, https:\/\/www.sevenadur.org\/2023\/wp-content\/uploads\/sites\/10\/2023\/01\/9-episode-1-1-1280x1280.jpg 1280w, https:\/\/www.sevenadur.org\/2023\/wp-content\/uploads\/sites\/10\/2023\/01\/9-episode-1-1-100x100.jpg 100w, https:\/\/www.sevenadur.org\/2023\/wp-content\/uploads\/sites\/10\/2023\/01\/9-episode-1-1.jpg 1500w\" sizes=\"auto, (max-width: 767px) 89vw, (max-width: 1000px) 54vw, (max-width: 1071px) 543px, 580px\" \/><\/figure><div class=\"wp-block-media-text__content\">\n<h5 class=\"has-text-color wp-block-heading\" style=\"color:#7a7979;text-transform:uppercase\">exposition : \u00ab\u00a0l&rsquo;\u00cele auxfemmes, chroniques du matrimone breton\u00a0\u00bb<\/h5>\n\n\n\n<p class=\"has-text-align-left has-text-color has-small-font-size\" style=\"color:#7a7979\">Le projet \u201cL\u2019\u00eele aux femmes\u201d a pour objectif de faire d\u00e9couvrir de nombreuses femmes inspirantes, rest\u00e9es dans l\u2019ombre, qui ont particip\u00e9 \u00e0 l\u2019Histoire de la Bretagne \u00e0 travers une s\u00e9rie radiophonique (10 \u00e9pisodes de 25 minutes), sur le matrimoine breton, c\u2019est-\u00e0-dire sur l\u2019h\u00e9ritage culturel l\u00e9gu\u00e9 par des g\u00e9n\u00e9rations de femmes, baptis\u00e9e \u201cL\u2019\u00cele aux femmes\u201d en r\u00e9f\u00e9rence \u00e0 une petite \u00eele situ\u00e9e dans le Tr\u00e9gor. Retrouvez le podcast en ligne : <a rel=\"noreferrer noopener\" href=\"https:\/\/lile-aux-femmes.com\/\" data-type=\"URL\" data-id=\"https:\/\/lile-aux-femmes.com\/\" target=\"_blank\">ici<\/a>. (Organisateurs : HF Bretagne et CCR)<\/p>\n\n\n\n<p class=\"has-text-color\" style=\"color:#7a7979\"><span style=\"font-size: 8pt\"><em>Du 27\/02 au 03\/03 &#8211; Maison Internationale, 7 Quai Chateaubriand, 35000 RENNES &#8211;<\/em> <em>Entr\u00e9e libre au horaires d&rsquo;ouverture de l&rsquo;institut &#8211; <\/em><\/span><em><span style=\"font-size: 8pt\">Renseignements : 02 99 54 36 45<\/span><\/em><\/p>\n<\/div><\/div>\n\n\n\n<div style=\"height:100px\" aria-hidden=\"true\" class=\"wp-block-spacer\"><\/div>\n\n\n\n<div class=\"wp-block-media-text alignwide is-stacked-on-mobile\" style=\"grid-template-columns:42% auto\"><figure class=\"wp-block-media-text__media\"><img loading=\"lazy\" decoding=\"async\" width=\"1024\" height=\"1024\" src=\"https:\/\/www.sevenadur.org\/2023\/wp-content\/uploads\/sites\/10\/2023\/01\/5-1024x1024.png\" alt=\"\" class=\"wp-image-476 size-full\" srcset=\"https:\/\/www.sevenadur.org\/2023\/wp-content\/uploads\/sites\/10\/2023\/01\/5-1024x1024.png 1024w, https:\/\/www.sevenadur.org\/2023\/wp-content\/uploads\/sites\/10\/2023\/01\/5-300x300.png 300w, https:\/\/www.sevenadur.org\/2023\/wp-content\/uploads\/sites\/10\/2023\/01\/5-150x150.png 150w, https:\/\/www.sevenadur.org\/2023\/wp-content\/uploads\/sites\/10\/2023\/01\/5-768x768.png 768w, https:\/\/www.sevenadur.org\/2023\/wp-content\/uploads\/sites\/10\/2023\/01\/5-500x500.png 500w, https:\/\/www.sevenadur.org\/2023\/wp-content\/uploads\/sites\/10\/2023\/01\/5-800x800.png 800w, https:\/\/www.sevenadur.org\/2023\/wp-content\/uploads\/sites\/10\/2023\/01\/5-100x100.png 100w, https:\/\/www.sevenadur.org\/2023\/wp-content\/uploads\/sites\/10\/2023\/01\/5.png 1080w\" sizes=\"auto, (max-width: 767px) 89vw, (max-width: 1000px) 54vw, (max-width: 1071px) 543px, 580px\" \/><\/figure><div class=\"wp-block-media-text__content\">\n<h5 class=\"has-text-color has-small-font-size wp-block-heading\" style=\"color:#7a7979;text-transform:uppercase\">balade \u00e0 v\u00e9lo<\/h5>\n\n\n\n<p class=\"has-text-color has-small-font-size\" style=\"color:#7a7979\">Parcourez en p\u00e9dalant les rues de Rennes \u00e0 la d\u00e9couverte des lieux embl\u00e9matiques qui ont fait l&rsquo;histoire des femmes rennaises. (Organisateur : Ren&rsquo;velade)<\/p>\n\n\n\n<p class=\"has-text-color\" style=\"color:#7a7979\"><span style=\"font-size: 8pt\"><em>01\/03 (14h) &#8211; 04\/03 (10h &#8211; Enfants) &#8211; 08\/03 (14h) &#8211; 11\/03 (10h) &#8211; D\u00e9part au Cercle Celtique de Rennes, 26 Av. Charles et Raymonde Tillon, 35000 RENNES &#8211; Participation libre (Adulte : 20km\/Enfant : 10km) &#8211; Pr\u00e9voir son v\u00e9lo, casque et gilet jaune &#8211; Renseignements : 06 41 58 22 28<\/em><\/span><\/p>\n<\/div><\/div>\n\n\n\n<div class=\"wp-block-media-text alignwide has-media-on-the-right is-stacked-on-mobile\"><div class=\"wp-block-media-text__content\">\n<h5 class=\"has-text-color wp-block-heading\" style=\"color:#7a7979;text-transform:uppercase\">exposition : \u00ab\u00a0\u00e0 la rencontre des po\u00eatesses\u00a0\u00bb<\/h5>\n\n\n\n<p class=\"has-text-color has-small-font-size\" style=\"color:#7a7979\">La m\u00e9diath\u00e8que de Servon sur Vilaine, met les femmes \u00e0 l&rsquo;honneur \u00e0 l&rsquo;occasion du Printemps de po\u00e8tes. Venez d\u00e9couvrir ou red\u00e9couvrir les textes de po\u00e9tesses contemporaines ou disparues, en fran\u00e7ais ou en gallo. (Organisateur : M\u00e9diath\u00e8que de Servon-Sur-Vilaine)<\/p>\n\n\n\n<p class=\"has-text-color\" style=\"color:#7a7979\"><span style=\"font-size: 8pt\"><em>Du 01\/03 au 12\/03 &#8211; M\u00e9diath\u00e8que, 2 Rue Saint-Martin, 35530 SERVON-SUR-VILAINE &#8211; Entr\u00e9e libre au horaires d&rsquo;ouverture de l&rsquo;institut &#8211; Renseignements : 02 99 04 24 49<\/em><\/span><\/p>\n<\/div><figure class=\"wp-block-media-text__media\"><\/figure><\/div>\n\n\n\n<div class=\"wp-block-media-text alignwide is-stacked-on-mobile\" style=\"grid-template-columns:27% auto\"><figure class=\"wp-block-media-text__media\"><img loading=\"lazy\" decoding=\"async\" width=\"623\" height=\"1024\" src=\"http:\/\/www.sevenadur.org\/2023\/wp-content\/uploads\/sites\/10\/2023\/01\/Decoupage-des-monuments-1-1-623x1024.jpg\" alt=\"\" class=\"wp-image-508 size-full\" srcset=\"https:\/\/www.sevenadur.org\/2023\/wp-content\/uploads\/sites\/10\/2023\/01\/Decoupage-des-monuments-1-1-623x1024.jpg 623w, https:\/\/www.sevenadur.org\/2023\/wp-content\/uploads\/sites\/10\/2023\/01\/Decoupage-des-monuments-1-1-183x300.jpg 183w, https:\/\/www.sevenadur.org\/2023\/wp-content\/uploads\/sites\/10\/2023\/01\/Decoupage-des-monuments-1-1-768x1262.jpg 768w, https:\/\/www.sevenadur.org\/2023\/wp-content\/uploads\/sites\/10\/2023\/01\/Decoupage-des-monuments-1-1-935x1536.jpg 935w, https:\/\/www.sevenadur.org\/2023\/wp-content\/uploads\/sites\/10\/2023\/01\/Decoupage-des-monuments-1-1-1247x2048.jpg 1247w, https:\/\/www.sevenadur.org\/2023\/wp-content\/uploads\/sites\/10\/2023\/01\/Decoupage-des-monuments-1-1-500x821.jpg 500w, https:\/\/www.sevenadur.org\/2023\/wp-content\/uploads\/sites\/10\/2023\/01\/Decoupage-des-monuments-1-1-800x1314.jpg 800w, https:\/\/www.sevenadur.org\/2023\/wp-content\/uploads\/sites\/10\/2023\/01\/Decoupage-des-monuments-1-1-1280x2103.jpg 1280w, https:\/\/www.sevenadur.org\/2023\/wp-content\/uploads\/sites\/10\/2023\/01\/Decoupage-des-monuments-1-1.jpg 1400w\" sizes=\"auto, (max-width: 623px) 100vw, 623px\" \/><\/figure><div class=\"wp-block-media-text__content\">\n<h5 class=\"has-text-color wp-block-heading\" style=\"color:#7a7979;text-transform:uppercase\">exposition : L&rsquo;art du papier d\u00e9coup\u00e9 de pang sijia, une exposition de monuments en papier d\u00e9coup\u00e9<\/h5>\n\n\n\n<p class=\"has-text-align-left has-text-color has-small-font-size\" style=\"color:#7a7979\">Pang Sijia a ramen\u00e9 de Chine et de sa vie \u00e0 l\u2019\u00e9tranger une passion pour l\u2019art du papier d\u00e9coup\u00e9, une tradition populaire chinoise. Elle propose une s\u00e9rie de d\u00e9coupages prenant pour mod\u00e8le des monuments embl\u00e9matiques de Bretagne et de France. L\u2019occasion de d\u00e9couvrir et retracer l\u2019histoire de cet art \u00e0 travers l\u2019exposition d\u2019une vingtaine d\u2019\u0153uvres. <a href=\"https:\/\/www.confucius-bretagne.org\/project\/lart-du-papier-decoupe-de-pang-sijia-20-01-01-04-2023\/\" data-type=\"URL\" data-id=\"https:\/\/www.confucius-bretagne.org\/project\/lart-du-papier-decoupe-de-pang-sijia-20-01-01-04-2023\/\" target=\"_blank\" rel=\"noreferrer noopener\">Plus d&rsquo;informations<\/a> (Organisateur : Institut Confucius)<\/p>\n\n\n\n<p class=\"has-text-color\" style=\"color:#7a7979\"><span style=\"font-size: 8pt\"><em>Du 22\/02 au 12\/03 &#8211; Institut Confucius de Bretagne, 17 Rue de Brest, 35000 RENNES &#8211; <\/em><\/span><span style=\"font-size: 8pt\"><em>Entr\u00e9e libre au horaires d&rsquo;ouverture de l&rsquo;Institut &#8211; <\/em><\/span><em><span style=\"font-size: 8pt\">Renseignements : 02 99 87 08 85<\/span><\/em><\/p>\n<\/div><\/div>\n\n\n\n<div class=\"wp-block-media-text alignwide has-media-on-the-right is-stacked-on-mobile\" style=\"grid-template-columns:auto 37%\"><div class=\"wp-block-media-text__content\">\n<h5 class=\"has-text-color wp-block-heading\" style=\"color:#7a7979;text-transform:uppercase\"><strong>exposition : \u00ab\u00a0du trait\u00e9 de l&rsquo;elus\u00e9e&#8230; au trait\u00e9 d&rsquo;aix la chapelle\u00a0\u00bb<\/strong><\/h5>\n\n\n\n<p class=\"has-text-color has-small-font-size\" style=\"color:#7a7979\">A l\u2019occasion du 60e anniversaire du Trait\u00e9 de l\u2019Elys\u00e9e nous vous pr\u00e9sentons une exposition qui retrace l\u2019histoire unique de la r\u00e9conciliation entre la France et l&rsquo;Allemagne. La signature du Trait\u00e9 de l\u2019Elys\u00e9e marque le d\u00e9but des relations franco-allemandes permettant non seulement la paix durable, mais aussi le d\u00e9veloppement d\u2019\u00e9changes profonds, politiques et culturels entre les deux pays voisins : le d\u00e9but d\u2019une v\u00e9ritable amiti\u00e9. (Organisateurs : CCR, FAFA Bretagne) Vous pouvez \u00e9galement testez vos connaissances et r\u00e9soudre une \u00e9nigme avec le QR code ci-dessous :<\/p>\n\n\n<div class=\"wp-block-image\">\n<figure class=\"aligncenter size-full is-resized\"><img loading=\"lazy\" decoding=\"async\" src=\"https:\/\/www.sevenadur.org\/2023\/wp-content\/uploads\/sites\/10\/2023\/02\/img83.jpg\" alt=\"\" class=\"wp-image-875\" width=\"89\" height=\"89\" srcset=\"https:\/\/www.sevenadur.org\/2023\/wp-content\/uploads\/sites\/10\/2023\/02\/img83.jpg 212w, https:\/\/www.sevenadur.org\/2023\/wp-content\/uploads\/sites\/10\/2023\/02\/img83-150x150.jpg 150w, https:\/\/www.sevenadur.org\/2023\/wp-content\/uploads\/sites\/10\/2023\/02\/img83-100x100.jpg 100w\" sizes=\"auto, (max-width: 89px) 100vw, 89px\" \/><\/figure>\n<\/div>\n\n\n<p class=\"has-text-color\" style=\"color:#7a7979\"><span style=\"font-size: 8pt\"><em>Du 22\/02 au 12\/03 &#8211; Cercle Celtique de Rennes, 26 Av. Charles et Raymonde Tillon, 35000 RENNES &#8211; Entr\u00e9e libre aux horaires du CCR &#8211; Tout public, \u00e0 partir de 12 ans &#8211; Renseignements : 02 99 54 36 45<\/em><\/span><\/p>\n<\/div><figure class=\"wp-block-media-text__media\"><img loading=\"lazy\" decoding=\"async\" width=\"400\" height=\"400\" src=\"https:\/\/www.sevenadur.org\/2023\/wp-content\/uploads\/sites\/10\/2023\/02\/img44.jpg\" alt=\"\" class=\"wp-image-873 size-full\" srcset=\"https:\/\/www.sevenadur.org\/2023\/wp-content\/uploads\/sites\/10\/2023\/02\/img44.jpg 400w, https:\/\/www.sevenadur.org\/2023\/wp-content\/uploads\/sites\/10\/2023\/02\/img44-300x300.jpg 300w, https:\/\/www.sevenadur.org\/2023\/wp-content\/uploads\/sites\/10\/2023\/02\/img44-150x150.jpg 150w, https:\/\/www.sevenadur.org\/2023\/wp-content\/uploads\/sites\/10\/2023\/02\/img44-100x100.jpg 100w\" sizes=\"auto, (max-width: 400px) 100vw, 400px\" \/><\/figure><\/div>\n","protected":false},"excerpt":{"rendered":"<p>visites et expositions Visites et expositions pass\u00e9es exposition : \u00ab\u00a0n\u00fc shu : l&rsquo;\u00e9criture secr\u00e8te des femmes\u00a0\u00bb de dongmei liu Liu Dongmei nous propose une exposition de calligraphies employant le N\u00fc Shu ou l&rsquo;\u00a0\u00bb\u00e9criture des femmes\u00a0\u00bb. Un syst\u00e8me d&rsquo;\u00e9criture ancestral n\u00e9e en Chine, dans la province de Hunan, dans le district de Jiang Yong, et exclusivement &hellip; <\/p>\n<p class=\"link-more\"><a href=\"https:\/\/www.sevenadur.org\/2023\/expositions\/\" class=\"more-link\">Continuer la lecture<span class=\"screen-reader-text\"> de &laquo;&nbsp;Visites et Expositions&nbsp;&raquo;<\/span><\/a><\/p>\n","protected":false},"author":4,"featured_media":0,"parent":0,"menu_order":0,"comment_status":"closed","ping_status":"closed","template":"","meta":{"_vp_format_video_url":"","_vp_image_focal_point":[],"footnotes":""},"class_list":["post-40","page","type-page","status-publish","hentry"],"_links":{"self":[{"href":"https:\/\/www.sevenadur.org\/2023\/wp-json\/wp\/v2\/pages\/40","targetHints":{"allow":["GET"]}}],"collection":[{"href":"https:\/\/www.sevenadur.org\/2023\/wp-json\/wp\/v2\/pages"}],"about":[{"href":"https:\/\/www.sevenadur.org\/2023\/wp-json\/wp\/v2\/types\/page"}],"author":[{"embeddable":true,"href":"https:\/\/www.sevenadur.org\/2023\/wp-json\/wp\/v2\/users\/4"}],"replies":[{"embeddable":true,"href":"https:\/\/www.sevenadur.org\/2023\/wp-json\/wp\/v2\/comments?post=40"}],"version-history":[{"count":79,"href":"https:\/\/www.sevenadur.org\/2023\/wp-json\/wp\/v2\/pages\/40\/revisions"}],"predecessor-version":[{"id":1099,"href":"https:\/\/www.sevenadur.org\/2023\/wp-json\/wp\/v2\/pages\/40\/revisions\/1099"}],"wp:attachment":[{"href":"https:\/\/www.sevenadur.org\/2023\/wp-json\/wp\/v2\/media?parent=40"}],"curies":[{"name":"wp","href":"https:\/\/api.w.org\/{rel}","templated":true}]}}