{"id":34,"date":"2023-01-17T13:17:33","date_gmt":"2023-01-17T12:17:33","guid":{"rendered":"http:\/\/www.sevenadur.org\/2023\/?page_id=34"},"modified":"2023-03-04T15:31:37","modified_gmt":"2023-03-04T14:31:37","slug":"sevenadur-enfants","status":"publish","type":"page","link":"https:\/\/www.sevenadur.org\/2023\/sevenadur-enfants\/","title":{"rendered":"Sevenadur enfants"},"content":{"rendered":"\n<h1 class=\"has-text-align-center wp-block-heading\" style=\"text-transform:uppercase\"><strong>sevenadur enfants<\/strong><\/h1>\n\n\n\n<div style=\"height:30px\" aria-hidden=\"true\" class=\"wp-block-spacer\"><\/div>\n\n\n\n<hr class=\"wp-block-separator has-text-color has-alpha-channel-opacity has-background is-style-wide\" style=\"background-color:#b6581a;color:#b6581a\" \/>\n\n\n\n<div style=\"height:30px\" aria-hidden=\"true\" class=\"wp-block-spacer\"><\/div>\n\n\n<div class=\"wp-block-image\">\n<figure class=\"aligncenter size-medium\"><img loading=\"lazy\" decoding=\"async\" width=\"213\" height=\"300\" src=\"http:\/\/www.sevenadur.org\/2023\/wp-content\/uploads\/sites\/10\/2023\/01\/couv-enfant-sevenadur-213x300.jpg\" alt=\"\" class=\"wp-image-143\" srcset=\"https:\/\/www.sevenadur.org\/2023\/wp-content\/uploads\/sites\/10\/2023\/01\/couv-enfant-sevenadur-213x300.jpg 213w, https:\/\/www.sevenadur.org\/2023\/wp-content\/uploads\/sites\/10\/2023\/01\/couv-enfant-sevenadur-727x1024.jpg 727w, https:\/\/www.sevenadur.org\/2023\/wp-content\/uploads\/sites\/10\/2023\/01\/couv-enfant-sevenadur-768x1082.jpg 768w, https:\/\/www.sevenadur.org\/2023\/wp-content\/uploads\/sites\/10\/2023\/01\/couv-enfant-sevenadur-1091x1536.jpg 1091w, https:\/\/www.sevenadur.org\/2023\/wp-content\/uploads\/sites\/10\/2023\/01\/couv-enfant-sevenadur-1454x2048.jpg 1454w, https:\/\/www.sevenadur.org\/2023\/wp-content\/uploads\/sites\/10\/2023\/01\/couv-enfant-sevenadur.jpg 1795w\" sizes=\"auto, (max-width: 213px) 100vw, 213px\" \/><\/figure>\n<\/div>\n\n\n<div style=\"height:30px\" aria-hidden=\"true\" class=\"wp-block-spacer\"><\/div>\n\n\n\n<hr class=\"wp-block-separator has-alpha-channel-opacity is-style-wide\" \/>\n\n\n\n<p class=\"has-medium-font-size\">Ev\u00e9nements pass\u00e9s<\/p>\n\n\n\n<p class=\"has-text-align-center has-text-color\" style=\"color:#7a7979\">Du <strong>mercredi 22 au vendredi 24 f\u00e9vrier<\/strong>, retrouvez une programmation sp\u00e9ciale pour les enfants dans le festival Sevenadur. Au programme : une journ\u00e9e en breton, des visites, une soir\u00e9e contes, mais aussi des stages de musique, danse et broderie !<\/p>\n\n\n\n<div style=\"height:40px\" aria-hidden=\"true\" class=\"wp-block-spacer\"><\/div>\n\n\n\n<hr class=\"wp-block-separator has-alpha-channel-opacity\" \/>\n\n\n\n<div style=\"height:40px\" aria-hidden=\"true\" class=\"wp-block-spacer\"><\/div>\n\n\n\n<div class=\"wp-block-media-text alignwide is-stacked-on-mobile is-vertically-aligned-center\" style=\"grid-template-columns:40% auto\"><figure class=\"wp-block-media-text__media\"><img loading=\"lazy\" decoding=\"async\" width=\"1024\" height=\"1024\" src=\"https:\/\/www.sevenadur.org\/2023\/wp-content\/uploads\/sites\/10\/2023\/01\/1-1024x1024.png\" alt=\"\" class=\"wp-image-349 size-full\" srcset=\"https:\/\/www.sevenadur.org\/2023\/wp-content\/uploads\/sites\/10\/2023\/01\/1-1024x1024.png 1024w, https:\/\/www.sevenadur.org\/2023\/wp-content\/uploads\/sites\/10\/2023\/01\/1-300x300.png 300w, https:\/\/www.sevenadur.org\/2023\/wp-content\/uploads\/sites\/10\/2023\/01\/1-150x150.png 150w, https:\/\/www.sevenadur.org\/2023\/wp-content\/uploads\/sites\/10\/2023\/01\/1-768x768.png 768w, https:\/\/www.sevenadur.org\/2023\/wp-content\/uploads\/sites\/10\/2023\/01\/1-500x500.png 500w, https:\/\/www.sevenadur.org\/2023\/wp-content\/uploads\/sites\/10\/2023\/01\/1-800x800.png 800w, https:\/\/www.sevenadur.org\/2023\/wp-content\/uploads\/sites\/10\/2023\/01\/1-100x100.png 100w, https:\/\/www.sevenadur.org\/2023\/wp-content\/uploads\/sites\/10\/2023\/01\/1.png 1080w\" sizes=\"auto, (max-width: 767px) 89vw, (max-width: 1000px) 54vw, (max-width: 1071px) 543px, 580px\" \/><\/figure><div class=\"wp-block-media-text__content\">\n<h4 class=\"has-text-color wp-block-heading\" style=\"color:#7a7979;text-transform:uppercase\">Journ\u00e9e en breton : Le matrimoine, qu&rsquo;est-ce que c&rsquo;est ?<\/h4>\n\n\n\n<p class=\"has-text-color\" style=\"color:#7a7979\">Nous vous proposons une visite au Mus\u00e9e de Bretagne pour d\u00e9couvrir l\u2019histoire des bretonnes dans l\u2019Histoire. Puis nous fabriquerons des jeux de 7 familles en lien avec la visite.<\/p>\n<\/div><\/div>\n\n\n\n<div style=\"height:60px\" aria-hidden=\"true\" class=\"wp-block-spacer\"><\/div>\n\n\n\n<div class=\"wp-block-media-text alignwide has-media-on-the-right is-stacked-on-mobile\" style=\"grid-template-columns:auto 40%\"><div class=\"wp-block-media-text__content\">\n<h4 class=\"has-text-color wp-block-heading\" style=\"color:#7a7979;text-transform:uppercase\">Rencontre avec un Cercle de conteurs<\/h4>\n\n\n\n<p class=\"has-text-color\" style=\"color:#7a7979\">Poussez les portes du Cercle Celtique de Rennes pour rentrer dans un cercle de conteurs. Nous irons jusqu\u2019\u00e0 la Nouvelle-Cal\u00e9donie avec Waga et ses amis d\u00e9couvrir les Kanak, leurs musiques, chants, pirogue\u2026<\/p>\n<\/div><figure class=\"wp-block-media-text__media\"><img loading=\"lazy\" decoding=\"async\" width=\"1024\" height=\"1024\" src=\"https:\/\/www.sevenadur.org\/2023\/wp-content\/uploads\/sites\/10\/2023\/01\/2-1024x1024.png\" alt=\"\" class=\"wp-image-350 size-full\" srcset=\"https:\/\/www.sevenadur.org\/2023\/wp-content\/uploads\/sites\/10\/2023\/01\/2-1024x1024.png 1024w, https:\/\/www.sevenadur.org\/2023\/wp-content\/uploads\/sites\/10\/2023\/01\/2-300x300.png 300w, https:\/\/www.sevenadur.org\/2023\/wp-content\/uploads\/sites\/10\/2023\/01\/2-150x150.png 150w, https:\/\/www.sevenadur.org\/2023\/wp-content\/uploads\/sites\/10\/2023\/01\/2-768x768.png 768w, https:\/\/www.sevenadur.org\/2023\/wp-content\/uploads\/sites\/10\/2023\/01\/2-500x500.png 500w, https:\/\/www.sevenadur.org\/2023\/wp-content\/uploads\/sites\/10\/2023\/01\/2-800x800.png 800w, https:\/\/www.sevenadur.org\/2023\/wp-content\/uploads\/sites\/10\/2023\/01\/2-100x100.png 100w, https:\/\/www.sevenadur.org\/2023\/wp-content\/uploads\/sites\/10\/2023\/01\/2.png 1080w\" sizes=\"auto, (max-width: 767px) 89vw, (max-width: 1000px) 54vw, (max-width: 1071px) 543px, 580px\" \/><\/figure><\/div>\n\n\n\n<div style=\"height:60px\" aria-hidden=\"true\" class=\"wp-block-spacer\"><\/div>\n\n\n\n<div class=\"wp-block-media-text alignwide is-stacked-on-mobile\" style=\"grid-template-columns:40% auto\"><figure class=\"wp-block-media-text__media\"><img loading=\"lazy\" decoding=\"async\" width=\"1024\" height=\"1024\" src=\"https:\/\/www.sevenadur.org\/2023\/wp-content\/uploads\/sites\/10\/2023\/01\/3-1024x1024.png\" alt=\"\" class=\"wp-image-351 size-full\" srcset=\"https:\/\/www.sevenadur.org\/2023\/wp-content\/uploads\/sites\/10\/2023\/01\/3-1024x1024.png 1024w, https:\/\/www.sevenadur.org\/2023\/wp-content\/uploads\/sites\/10\/2023\/01\/3-300x300.png 300w, https:\/\/www.sevenadur.org\/2023\/wp-content\/uploads\/sites\/10\/2023\/01\/3-150x150.png 150w, https:\/\/www.sevenadur.org\/2023\/wp-content\/uploads\/sites\/10\/2023\/01\/3-768x768.png 768w, https:\/\/www.sevenadur.org\/2023\/wp-content\/uploads\/sites\/10\/2023\/01\/3-500x500.png 500w, https:\/\/www.sevenadur.org\/2023\/wp-content\/uploads\/sites\/10\/2023\/01\/3-800x800.png 800w, https:\/\/www.sevenadur.org\/2023\/wp-content\/uploads\/sites\/10\/2023\/01\/3-100x100.png 100w, https:\/\/www.sevenadur.org\/2023\/wp-content\/uploads\/sites\/10\/2023\/01\/3.png 1080w\" sizes=\"auto, (max-width: 767px) 89vw, (max-width: 1000px) 54vw, (max-width: 1071px) 543px, 580px\" \/><\/figure><div class=\"wp-block-media-text__content\">\n<h4 class=\"has-text-color wp-block-heading\" style=\"color:#7a7979;text-transform:uppercase\">Stages : musique, danse et broderie<\/h4>\n\n\n\n<p class=\"has-text-color\" style=\"color:#7a7979\">Pour cette journ\u00e9e nous vous proposons diff\u00e9rents ateliers : broderie, musique d&rsquo;ensemble ou danse.<\/p>\n<\/div><\/div>\n\n\n\n<div style=\"height:60px\" aria-hidden=\"true\" class=\"wp-block-spacer\"><\/div>\n\n\n\n<div class=\"wp-block-media-text alignwide has-media-on-the-right is-stacked-on-mobile\" style=\"grid-template-columns:auto 41%\"><div class=\"wp-block-media-text__content\">\n<h4 class=\"has-text-color wp-block-heading\" style=\"color:#7a7979;text-transform:uppercase\"><strong>balade \u00e0 v\u00e9lo : parcours de femmes<\/strong><\/h4>\n\n\n\n<p class=\"has-text-color\" style=\"color:#7a7979\">Une balade \u00e0 v\u00e9lo en famille pour d\u00e9couvrir les rues, les laces, les maisons des grandes femmes rennaises. Une boucle de 10 km avec plusieurs haltes sont pr\u00e9vues en chemin.<\/p>\n<\/div><figure class=\"wp-block-media-text__media\"><img loading=\"lazy\" decoding=\"async\" width=\"1080\" height=\"1080\" src=\"https:\/\/www.sevenadur.org\/2023\/wp-content\/uploads\/sites\/10\/2023\/01\/4-1024x1024.png\" alt=\"\" class=\"wp-image-571 size-full\" srcset=\"https:\/\/www.sevenadur.org\/2023\/wp-content\/uploads\/sites\/10\/2023\/01\/4-1024x1024.png 1024w, https:\/\/www.sevenadur.org\/2023\/wp-content\/uploads\/sites\/10\/2023\/01\/4-300x300.png 300w, https:\/\/www.sevenadur.org\/2023\/wp-content\/uploads\/sites\/10\/2023\/01\/4-150x150.png 150w, https:\/\/www.sevenadur.org\/2023\/wp-content\/uploads\/sites\/10\/2023\/01\/4-768x768.png 768w, https:\/\/www.sevenadur.org\/2023\/wp-content\/uploads\/sites\/10\/2023\/01\/4-500x500.png 500w, https:\/\/www.sevenadur.org\/2023\/wp-content\/uploads\/sites\/10\/2023\/01\/4-800x800.png 800w, https:\/\/www.sevenadur.org\/2023\/wp-content\/uploads\/sites\/10\/2023\/01\/4-100x100.png 100w, https:\/\/www.sevenadur.org\/2023\/wp-content\/uploads\/sites\/10\/2023\/01\/4.png 1080w\" sizes=\"auto, (max-width: 767px) 89vw, (max-width: 1000px) 54vw, (max-width: 1071px) 543px, 580px\" \/><\/figure><\/div>\n\n\n\n<div style=\"height:40px\" aria-hidden=\"true\" class=\"wp-block-spacer\"><\/div>\n\n\n\n<hr class=\"wp-block-separator has-alpha-channel-opacity\" \/>\n\n\n\n<div style=\"height:40px\" aria-hidden=\"true\" class=\"wp-block-spacer\"><\/div>\n\n\n\n<div class=\"wp-block-columns is-layout-flex wp-container-core-columns-is-layout-9d6595d7 wp-block-columns-is-layout-flex\">\n<div class=\"wp-block-column is-layout-flow wp-block-column-is-layout-flow\">\n<figure class=\"wp-block-image\"><img loading=\"lazy\" decoding=\"async\" width=\"1754\" height=\"1241\" src=\"https:\/\/www.sevenadur.org\/2023\/wp-content\/uploads\/sites\/10\/2023\/01\/plaquettesevenadurrecto_page-0001-2.jpg\" alt=\"\" class=\"wp-image-367\" srcset=\"https:\/\/www.sevenadur.org\/2023\/wp-content\/uploads\/sites\/10\/2023\/01\/plaquettesevenadurrecto_page-0001-2.jpg 1754w, https:\/\/www.sevenadur.org\/2023\/wp-content\/uploads\/sites\/10\/2023\/01\/plaquettesevenadurrecto_page-0001-2-300x212.jpg 300w, https:\/\/www.sevenadur.org\/2023\/wp-content\/uploads\/sites\/10\/2023\/01\/plaquettesevenadurrecto_page-0001-2-1024x725.jpg 1024w, https:\/\/www.sevenadur.org\/2023\/wp-content\/uploads\/sites\/10\/2023\/01\/plaquettesevenadurrecto_page-0001-2-768x543.jpg 768w, https:\/\/www.sevenadur.org\/2023\/wp-content\/uploads\/sites\/10\/2023\/01\/plaquettesevenadurrecto_page-0001-2-1536x1087.jpg 1536w, https:\/\/www.sevenadur.org\/2023\/wp-content\/uploads\/sites\/10\/2023\/01\/plaquettesevenadurrecto_page-0001-2-500x354.jpg 500w, https:\/\/www.sevenadur.org\/2023\/wp-content\/uploads\/sites\/10\/2023\/01\/plaquettesevenadurrecto_page-0001-2-800x566.jpg 800w, https:\/\/www.sevenadur.org\/2023\/wp-content\/uploads\/sites\/10\/2023\/01\/plaquettesevenadurrecto_page-0001-2-1280x906.jpg 1280w\" sizes=\"auto, (max-width: 767px) 89vw, (max-width: 1000px) 54vw, (max-width: 1071px) 543px, 580px\" \/><figcaption class=\"wp-element-caption\">Bulletin d&rsquo;inscription<\/figcaption><\/figure>\n<\/div>\n\n\n\n<div class=\"wp-block-column is-layout-flow wp-block-column-is-layout-flow\">\n<figure class=\"wp-block-image\"><img loading=\"lazy\" decoding=\"async\" width=\"1754\" height=\"1241\" src=\"https:\/\/www.sevenadur.org\/2023\/wp-content\/uploads\/sites\/10\/2023\/01\/plaquettesevenadurverso_page-0001-1.jpg\" alt=\"\" class=\"wp-image-368\" srcset=\"https:\/\/www.sevenadur.org\/2023\/wp-content\/uploads\/sites\/10\/2023\/01\/plaquettesevenadurverso_page-0001-1.jpg 1754w, https:\/\/www.sevenadur.org\/2023\/wp-content\/uploads\/sites\/10\/2023\/01\/plaquettesevenadurverso_page-0001-1-300x212.jpg 300w, https:\/\/www.sevenadur.org\/2023\/wp-content\/uploads\/sites\/10\/2023\/01\/plaquettesevenadurverso_page-0001-1-1024x725.jpg 1024w, https:\/\/www.sevenadur.org\/2023\/wp-content\/uploads\/sites\/10\/2023\/01\/plaquettesevenadurverso_page-0001-1-768x543.jpg 768w, https:\/\/www.sevenadur.org\/2023\/wp-content\/uploads\/sites\/10\/2023\/01\/plaquettesevenadurverso_page-0001-1-1536x1087.jpg 1536w, https:\/\/www.sevenadur.org\/2023\/wp-content\/uploads\/sites\/10\/2023\/01\/plaquettesevenadurverso_page-0001-1-500x354.jpg 500w, https:\/\/www.sevenadur.org\/2023\/wp-content\/uploads\/sites\/10\/2023\/01\/plaquettesevenadurverso_page-0001-1-800x566.jpg 800w, https:\/\/www.sevenadur.org\/2023\/wp-content\/uploads\/sites\/10\/2023\/01\/plaquettesevenadurverso_page-0001-1-1280x906.jpg 1280w\" sizes=\"auto, (max-width: 767px) 89vw, (max-width: 1000px) 54vw, (max-width: 1071px) 543px, 580px\" \/><figcaption class=\"wp-element-caption\">Programme enfants<\/figcaption><\/figure>\n<\/div>\n<\/div>\n","protected":false},"excerpt":{"rendered":"<p>sevenadur enfants Ev\u00e9nements pass\u00e9s Du mercredi 22 au vendredi 24 f\u00e9vrier, retrouvez une programmation sp\u00e9ciale pour les enfants dans le festival Sevenadur. Au programme : une journ\u00e9e en breton, des visites, une soir\u00e9e contes, mais aussi des stages de musique, danse et broderie ! Journ\u00e9e en breton : Le matrimoine, qu&rsquo;est-ce que c&rsquo;est ? Nous &hellip; <\/p>\n<p class=\"link-more\"><a href=\"https:\/\/www.sevenadur.org\/2023\/sevenadur-enfants\/\" class=\"more-link\">Continuer la lecture<span class=\"screen-reader-text\"> de &laquo;&nbsp;Sevenadur enfants&nbsp;&raquo;<\/span><\/a><\/p>\n","protected":false},"author":4,"featured_media":0,"parent":0,"menu_order":0,"comment_status":"closed","ping_status":"closed","template":"","meta":{"_vp_format_video_url":"","_vp_image_focal_point":[],"footnotes":""},"class_list":["post-34","page","type-page","status-publish","hentry"],"_links":{"self":[{"href":"https:\/\/www.sevenadur.org\/2023\/wp-json\/wp\/v2\/pages\/34","targetHints":{"allow":["GET"]}}],"collection":[{"href":"https:\/\/www.sevenadur.org\/2023\/wp-json\/wp\/v2\/pages"}],"about":[{"href":"https:\/\/www.sevenadur.org\/2023\/wp-json\/wp\/v2\/types\/page"}],"author":[{"embeddable":true,"href":"https:\/\/www.sevenadur.org\/2023\/wp-json\/wp\/v2\/users\/4"}],"replies":[{"embeddable":true,"href":"https:\/\/www.sevenadur.org\/2023\/wp-json\/wp\/v2\/comments?post=34"}],"version-history":[{"count":25,"href":"https:\/\/www.sevenadur.org\/2023\/wp-json\/wp\/v2\/pages\/34\/revisions"}],"predecessor-version":[{"id":1018,"href":"https:\/\/www.sevenadur.org\/2023\/wp-json\/wp\/v2\/pages\/34\/revisions\/1018"}],"wp:attachment":[{"href":"https:\/\/www.sevenadur.org\/2023\/wp-json\/wp\/v2\/media?parent=34"}],"curies":[{"name":"wp","href":"https:\/\/api.w.org\/{rel}","templated":true}]}}