{"id":32,"date":"2023-01-17T13:16:55","date_gmt":"2023-01-17T12:16:55","guid":{"rendered":"http:\/\/www.sevenadur.org\/2023\/?page_id=32"},"modified":"2023-03-12T20:27:17","modified_gmt":"2023-03-12T19:27:17","slug":"programmation","status":"publish","type":"page","link":"https:\/\/www.sevenadur.org\/2023\/programmation\/","title":{"rendered":"Programmation"},"content":{"rendered":"\n<h5 class=\"has-text-align-center wp-block-heading\" style=\"text-transform:uppercase\">le festival Sevenadur 2023 est termin\u00e9, a l&rsquo;ann\u00e9e prochaine&#8230; <\/h5>\n\n\n\n<div style=\"height:71px\" aria-hidden=\"true\" class=\"wp-block-spacer\"><\/div>\n\n\n<div class=\"wp-block-image\">\n<figure class=\"aligncenter size-large is-resized\"><img loading=\"lazy\" decoding=\"async\" src=\"https:\/\/www.sevenadur.org\/2023\/wp-content\/uploads\/sites\/10\/2023\/03\/597f5b17-92e5-2c6c-21df-cdb124236d58-725x1024.jpg\" alt=\"\" class=\"wp-image-1061\" width=\"238\" height=\"335\" srcset=\"https:\/\/www.sevenadur.org\/2023\/wp-content\/uploads\/sites\/10\/2023\/03\/597f5b17-92e5-2c6c-21df-cdb124236d58-725x1024.jpg 725w, https:\/\/www.sevenadur.org\/2023\/wp-content\/uploads\/sites\/10\/2023\/03\/597f5b17-92e5-2c6c-21df-cdb124236d58-768x1085.jpg 768w, https:\/\/www.sevenadur.org\/2023\/wp-content\/uploads\/sites\/10\/2023\/03\/597f5b17-92e5-2c6c-21df-cdb124236d58-1087x1536.jpg 1087w, https:\/\/www.sevenadur.org\/2023\/wp-content\/uploads\/sites\/10\/2023\/03\/597f5b17-92e5-2c6c-21df-cdb124236d58-800x1131.jpg 800w, https:\/\/www.sevenadur.org\/2023\/wp-content\/uploads\/sites\/10\/2023\/03\/597f5b17-92e5-2c6c-21df-cdb124236d58.jpg 1241w\" sizes=\"auto, (max-width: 238px) 100vw, 238px\" \/><\/figure>\n<\/div>\n\n\n<h1 class=\"has-text-align-center wp-block-heading\" style=\"text-transform:uppercase\"><strong>programmation<\/strong><\/h1>\n\n\n\n<hr class=\"wp-block-separator has-text-color has-alpha-channel-opacity has-background is-style-wide\" style=\"background-color:#b6581a;color:#b6581a\" \/>\n\n\n\n<p class=\"has-white-color has-text-color has-background has-medium-font-size\" style=\"background-color:#b6581a;text-transform:uppercase\"><strong><a href=\"https:\/\/www.sevenadur.org\/2023\/evenements\/\" data-type=\"URL\" data-id=\"https:\/\/www.sevenadur.org\/2023\/evenements\/\">\u00e9v\u00e8nements<\/a><\/strong><\/p>\n\n\n\n<div style=\"height:30px\" aria-hidden=\"true\" class=\"wp-block-spacer\"><\/div>\n\n\n\n<div class=\"wp-block-columns is-layout-flex wp-container-core-columns-is-layout-9d6595d7 wp-block-columns-is-layout-flex\">\n<div class=\"wp-block-column is-layout-flow wp-block-column-is-layout-flow\">\n<p class=\"has-text-align-center\"><span style=\"color: #b6581a\"><span style=\"font-size: 14pt\"><strong><s>24\/02<\/s><\/strong><\/span><\/span><\/p>\n\n\n\n<hr class=\"wp-block-separator has-alpha-channel-opacity\" \/>\n\n\n\n<p class=\"has-text-align-center has-text-color\" style=\"color:#7a7979\">Inauguration du Festival<\/p>\n<\/div>\n\n\n\n<div class=\"wp-block-column is-layout-flow wp-block-column-is-layout-flow\">\n<p class=\"has-text-align-center\"><span style=\"color: #b6581a\"><span style=\"font-size: 14pt\"><strong><s>25\/02<\/s><\/strong><\/span><\/span><\/p>\n\n\n\n<hr class=\"wp-block-separator has-alpha-channel-opacity\" \/>\n\n\n\n<p class=\"has-text-align-center has-text-color\" style=\"color:#7a7979\">Bal Trad&rsquo; Sauvage dans Rennes<\/p>\n\n\n\n<p class=\"has-text-align-center has-text-color\" style=\"color:#7a7979\">Breizh Bazar J\u00e2ze<\/p>\n\n\n\n<p class=\"has-text-align-center has-text-color\" style=\"color:#7a7979\">Sc\u00e8ne Ouverte Contes<\/p>\n<\/div>\n\n\n\n<div class=\"wp-block-column is-layout-flow wp-block-column-is-layout-flow\">\n<p class=\"has-text-align-center has-cyan-bluish-gray-color has-text-color\"><span style=\"color: #b6581a\"><span style=\"font-size: 14pt\"><s><strong>01\/03<\/strong><\/s><\/span><\/span><\/p>\n\n\n\n<hr class=\"wp-block-separator has-alpha-channel-opacity\" \/>\n\n\n\n<p class=\"has-text-align-center has-text-color\" style=\"color:#7a7979\">Fest-Deiz<\/p>\n<\/div>\n<\/div>\n\n\n\n<div style=\"height:20px\" aria-hidden=\"true\" class=\"wp-block-spacer\"><\/div>\n\n\n\n<div class=\"wp-block-columns is-layout-flex wp-container-core-columns-is-layout-9d6595d7 wp-block-columns-is-layout-flex\">\n<div class=\"wp-block-column is-layout-flow wp-block-column-is-layout-flow\">\n<p class=\"has-text-align-center\"><span style=\"color: #b6581a\"><span style=\"font-size: 14pt\"><strong><s>02\/03<\/s><\/strong><\/span><\/span><\/p>\n\n\n\n<hr class=\"wp-block-separator has-alpha-channel-opacity\" \/>\n\n\n\n<p class=\"has-text-align-center has-text-color\" style=\"color:#7a7979\">Sortie d&rsquo;album de Dixit<\/p>\n<\/div>\n\n\n\n<div class=\"wp-block-column is-layout-flow wp-block-column-is-layout-flow\">\n<p class=\"has-text-align-center\"><span style=\"color: #b6581a\"><strong><span style=\"font-size: 14pt\"><s>04\/03<\/s><\/span><\/strong><\/span><\/p>\n\n\n\n<hr class=\"wp-block-separator has-alpha-channel-opacity\" \/>\n\n\n\n<p class=\"has-text-align-center has-text-color\" style=\"color:#7a7979\">Repas chant\u00e9<\/p>\n\n\n\n<p class=\"has-text-align-center has-text-color\" style=\"color:#7a7979\">Kan ar Bobl : concours de chant, de musique et de culture bretonne<\/p>\n\n\n\n<p class=\"has-text-align-center has-text-color\" style=\"color:#7a7979\">Fest-Noz<\/p>\n<\/div>\n\n\n\n<div class=\"wp-block-column is-layout-flow wp-block-column-is-layout-flow\">\n<p class=\"has-text-align-center\"><span style=\"color: #b6581a\"><strong><span style=\"font-size: 14pt\">06\/03<\/span><\/strong><\/span><\/p>\n\n\n\n<hr class=\"wp-block-separator has-alpha-channel-opacity\" \/>\n\n\n\n<p class=\"has-text-align-center has-text-color\" style=\"color:#7a7979\">Veill\u00e9e chant\u00e9e virtuelle<\/p>\n<\/div>\n<\/div>\n\n\n\n<div style=\"height:20px\" aria-hidden=\"true\" class=\"wp-block-spacer\"><\/div>\n\n\n\n<div class=\"wp-block-columns is-layout-flex wp-container-core-columns-is-layout-9d6595d7 wp-block-columns-is-layout-flex\">\n<div class=\"wp-block-column is-layout-flow wp-block-column-is-layout-flow\">\n<p class=\"has-text-align-center\"><span style=\"font-size: 14pt;color: #b6581a\"><strong><s>07\/03<\/s><\/strong><\/span><\/p>\n\n\n\n<hr class=\"wp-block-separator has-alpha-channel-opacity\" \/>\n\n\n\n<p class=\"has-text-align-center has-text-color\" style=\"color:#7a7979\">V\u00e9pr\u00e9e dans\u00e9e et biblio-caf\u00e9<\/p>\n\n\n\n<p class=\"has-text-align-center has-text-color\" style=\"color:#7a7979\">Production litt\u00e9raire groupe gallo<\/p>\n<\/div>\n\n\n\n<div class=\"wp-block-column is-layout-flow wp-block-column-is-layout-flow\">\n<p class=\"has-text-align-center\"><span style=\"color: #b6581a;font-size: 14pt\"><strong><s>08\/03<\/s><\/strong><\/span><\/p>\n\n\n\n<hr class=\"wp-block-separator has-alpha-channel-opacity\" \/>\n\n\n\n<p class=\"has-text-align-center has-text-color\" style=\"color:#7a7979\">Spectacle Marie ChiffeMine<\/p>\n<\/div>\n\n\n\n<div class=\"wp-block-column is-layout-flow wp-block-column-is-layout-flow\">\n<p class=\"has-text-align-center\"><span style=\"font-size: 14pt\"><strong><span style=\"color: #b6581a\">09\/03<\/span><\/strong><\/span><\/p>\n\n\n\n<hr class=\"wp-block-separator has-alpha-channel-opacity\" \/>\n\n\n\n<p class=\"has-text-align-center has-text-color\" style=\"color:#7a7979\">Lecture musicale Anjela Duval et Spectacle <em>Histo\u00e8re Couz\u00fbe<\/em> accompagn\u00e9 de brodeuses<\/p>\n<\/div>\n<\/div>\n\n\n\n<div class=\"wp-block-columns is-layout-flex wp-container-core-columns-is-layout-9d6595d7 wp-block-columns-is-layout-flex\">\n<div class=\"wp-block-column is-layout-flow wp-block-column-is-layout-flow\">\n<p class=\"has-text-align-center\"><span style=\"font-size: 14pt;color: #b6581a\"><strong><span style=\"font-size: 14pt;color: #b6581a\"><strong>10\/03<\/strong><\/span><\/strong><\/span><\/p>\n\n\n\n<hr class=\"wp-block-separator has-alpha-channel-opacity\" \/>\n\n\n\n<p class=\"has-text-align-center has-text-color\" style=\"color:#7a7979\">Cabaret du monde<\/p>\n<\/div>\n\n\n\n<div class=\"wp-block-column is-layout-flow wp-block-column-is-layout-flow\">\n<p class=\"has-text-align-center\"><span style=\"color: #b6581a;font-size: 14pt\"><strong>11\/03<\/strong><\/span><\/p>\n\n\n\n<hr class=\"wp-block-separator has-alpha-channel-opacity\" \/>\n\n\n\n<p class=\"has-text-align-center has-text-color\" style=\"color:#7a7979\">F\u00eate des couleurs<\/p>\n\n\n\n<p class=\"has-text-align-center has-text-color\" style=\"color:#7a7979\">Ap\u00e9ro cont\u00e9 multiculturel<\/p>\n\n\n\n<p class=\"has-text-align-center has-text-color\" style=\"color:#7a7979\">Fest-Noz<\/p>\n<\/div>\n\n\n\n<div class=\"wp-block-column is-layout-flow wp-block-column-is-layout-flow\">\n<p class=\"has-text-align-center\"><span style=\"font-size: 14pt\"><strong><span style=\"color: #b6581a\">12\/03<\/span><\/strong><\/span><\/p>\n\n\n\n<hr class=\"wp-block-separator has-alpha-channel-opacity\" \/>\n\n\n\n<p class=\"has-text-align-center has-text-color\" style=\"color:#7a7979\">F\u00eate de cl\u00f4ture<\/p>\n<\/div>\n<\/div>\n\n\n\n<div style=\"height:20px\" aria-hidden=\"true\" class=\"wp-block-spacer\"><\/div>\n\n\n\n<div style=\"height:30px\" aria-hidden=\"true\" class=\"wp-block-spacer\"><\/div>\n\n\n\n<p class=\"has-white-color has-text-color has-background has-medium-font-size\" style=\"background-color:#b6581a;text-transform:uppercase\"><strong><a href=\"https:\/\/www.sevenadur.org\/2023\/rencontres-et-conferences\/\" data-type=\"URL\" data-id=\"https:\/\/www.sevenadur.org\/2023\/rencontres-et-conferences\/\">rencontres et conf\u00e9rences<\/a><\/strong><\/p>\n\n\n\n<div style=\"height:30px\" aria-hidden=\"true\" class=\"wp-block-spacer\"><\/div>\n\n\n\n<div class=\"wp-block-columns is-layout-flex wp-container-core-columns-is-layout-9d6595d7 wp-block-columns-is-layout-flex\">\n<div class=\"wp-block-column is-layout-flow wp-block-column-is-layout-flow\">\n<p class=\"has-text-align-center\"><span style=\"color: #b6581a;font-size: 14pt\"><strong><s>28\/02<\/s><\/strong><\/span><\/p>\n\n\n\n<hr class=\"wp-block-separator has-alpha-channel-opacity\" \/>\n\n\n\n<p class=\"has-text-align-center has-text-color\" style=\"color:#7a7979\">Rencontre avec Th\u00e9r\u00e8se Dufour, collectrice de chants et de contes de Haute-Bretagne<\/p>\n<\/div>\n\n\n\n<div class=\"wp-block-column is-layout-flow wp-block-column-is-layout-flow\">\n<p class=\"has-text-align-center\"><span style=\"font-size: 14pt;color: #b6581a\"><strong><s>01\/03<\/s><\/strong><\/span><\/p>\n\n\n\n<hr class=\"wp-block-separator has-alpha-channel-opacity\" \/>\n\n\n\n<p class=\"has-text-align-center has-text-color\" style=\"color:#7a7979\">Conf\u00e9rence: \u00ab\u00a0C&rsquo;est quoi le matrimoine ?\u00a0\u00bb<\/p>\n\n\n\n<p class=\"has-text-align-center has-text-color\" style=\"color:#7a7979\">Projection du film documentaire et discussion sur <em>Le N\u00fc Shu, L&rsquo;\u00e9criture secr\u00e8te des femmes<\/em><\/p>\n<\/div>\n\n\n\n<div class=\"wp-block-column is-layout-flow wp-block-column-is-layout-flow\">\n<p class=\"has-text-align-center\"><span style=\"color: #b6581a;font-size: 14pt\"><strong><s>02\/03<\/s><\/strong><\/span><\/p>\n\n\n\n<hr class=\"wp-block-separator has-alpha-channel-opacity\" \/>\n\n\n\n<p class=\"has-text-align-center has-text-color\" style=\"color:#7a7979\">Conf\u00e9rence : \u00ab\u00a0La fl\u00fbte traversi\u00e8re en bois en Bretagne\u00a0\u00bb, suivie d&rsquo;un concert par Jean-Michel Veillon<\/p>\n<\/div>\n<\/div>\n\n\n\n<div style=\"height:30px\" aria-hidden=\"true\" class=\"wp-block-spacer\"><\/div>\n\n\n\n<p class=\"has-white-color has-text-color has-background has-medium-font-size\" style=\"background-color:#b6581a;text-transform:uppercase\"><strong><a href=\"https:\/\/www.sevenadur.org\/2023\/expositions\/\" data-type=\"URL\" data-id=\"https:\/\/www.sevenadur.org\/2023\/expositions\/\">Visites et Expositions<\/a><\/strong><\/p>\n\n\n\n<div style=\"height:30px\" aria-hidden=\"true\" class=\"wp-block-spacer\"><\/div>\n\n\n\n<div class=\"wp-block-columns is-layout-flex wp-container-core-columns-is-layout-9d6595d7 wp-block-columns-is-layout-flex\">\n<div class=\"wp-block-column is-layout-flow wp-block-column-is-layout-flow\">\n<p class=\"has-text-align-center\"><span style=\"color: #b6581a;font-size: 14pt\"><strong>12\/03<\/strong><\/span><\/p>\n\n\n\n<hr class=\"wp-block-separator has-alpha-channel-opacity\" \/>\n\n\n\n<p class=\"has-text-align-center has-text-color\" style=\"color:#7a7979\">Balade chant\u00e9e<\/p>\n<\/div>\n\n\n\n<div class=\"wp-block-column is-layout-flow wp-block-column-is-layout-flow\">\n<p class=\"has-text-align-center\"><span style=\"color: #b6581a;font-size: 14pt\"><strong><s>26\/02 et 02 &#8211; 04 &#8211; 05 &#8211; 09\/03<\/s><\/strong><\/span><\/p>\n\n\n\n<hr class=\"wp-block-separator has-alpha-channel-opacity\" \/>\n\n\n\n<p class=\"has-text-align-center has-text-color\" style=\"color:#7a7979\">Visite guid\u00e9e : parcours matrimoine.<\/p>\n\n\n\n<p class=\"has-text-align-center has-text-color\" style=\"color:#7a7979\"><strong>La visite du 09\/03 est annul\u00e9e&nbsp;<\/strong><\/p>\n<\/div>\n\n\n\n<div class=\"wp-block-column is-layout-flow wp-block-column-is-layout-flow\">\n<p class=\"has-text-align-center\"><span style=\"color: #b6581a;font-size: 14pt\"><strong><s>04 et 05\/03<\/s><\/strong><\/span><\/p>\n\n\n\n<hr class=\"wp-block-separator has-alpha-channel-opacity\" \/>\n\n\n\n<p class=\"has-text-align-center has-text-color\" style=\"color:#7a7979\">Visites guid\u00e9es : \u00ab\u00a0Les bretonnes dans l&rsquo;histoire de Bretagne\u00a0\u00bb<\/p>\n<\/div>\n<\/div>\n\n\n\n<div style=\"height:20px\" aria-hidden=\"true\" class=\"wp-block-spacer\"><\/div>\n\n\n\n<div class=\"wp-block-columns is-layout-flex wp-container-core-columns-is-layout-9d6595d7 wp-block-columns-is-layout-flex\">\n<div class=\"wp-block-column is-layout-flow wp-block-column-is-layout-flow\">\n<p class=\"has-text-align-center\"><span style=\"color: #b6581a\"><strong><span style=\"font-size: 14pt\">01 &#8211; 02\/02 et 08 &#8211; 11\/03<\/span><\/strong><\/span><\/p>\n\n\n\n<hr class=\"wp-block-separator has-alpha-channel-opacity\" \/>\n\n\n\n<p class=\"has-text-align-center has-text-color\" style=\"color:#7a7979\">Balade \u00e0 v\u00e9lo<\/p>\n<\/div>\n\n\n\n<div class=\"wp-block-column is-layout-flow wp-block-column-is-layout-flow\">\n<p class=\"has-text-align-center\"><span style=\"color: #b6581a;font-size: 14pt\"><strong>Du 01\/03 au 12\/03<\/strong><\/span><\/p>\n\n\n\n<hr class=\"wp-block-separator has-alpha-channel-opacity\" \/>\n\n\n\n<p class=\"has-text-align-center has-text-color\" style=\"color:#7a7979\">Exposition : \u00ab\u00a0A la rencontre des po\u00e9tesses\u00a0\u00bb<\/p>\n<\/div>\n\n\n\n<div class=\"wp-block-column is-layout-flow wp-block-column-is-layout-flow\">\n<p class=\"has-text-align-center\"><span style=\"color: #b6581a;font-size: 14pt\"><strong>Du 22\/02 au 12\/03<\/strong><\/span><\/p>\n\n\n\n<hr class=\"wp-block-separator has-alpha-channel-opacity\" \/>\n\n\n\n<p class=\"has-text-align-center has-text-color\" style=\"color:#7a7979\">Exposition : \u00ab\u00a0L&rsquo;art du papier d\u00e9coup\u00e9 de Pang Sijia, une exposition de monuments en papier\u00a0\u00bb<\/p>\n<\/div>\n<\/div>\n\n\n\n<div style=\"height:20px\" aria-hidden=\"true\" class=\"wp-block-spacer\"><\/div>\n\n\n\n<div class=\"wp-block-columns is-layout-flex wp-container-core-columns-is-layout-9d6595d7 wp-block-columns-is-layout-flex\">\n<div class=\"wp-block-column is-layout-flow wp-block-column-is-layout-flow\">\n<p class=\"has-text-align-center\"><span style=\"font-size: 14pt;color: #b6581a\"><strong><s>Du 27\/02 au 03\/03<\/s><\/strong><\/span><\/p>\n\n\n\n<hr class=\"wp-block-separator has-alpha-channel-opacity\" \/>\n\n\n\n<p class=\"has-text-align-center has-text-color\" style=\"color:#7a7979\">Exposition : \u00ab\u00a0L&rsquo;\u00cele aux femmes, chroniques du matrimoine breton\u00a0\u00bb de HF : Bretagne<\/p>\n<\/div>\n\n\n\n<div class=\"wp-block-column is-layout-flow wp-block-column-is-layout-flow\">\n<p class=\"has-text-align-center\"><span style=\"font-size: 14pt;color: #b6581a\"><strong>Du 22\/02 au 12\/03<\/strong><\/span><\/p>\n\n\n\n<hr class=\"wp-block-separator has-alpha-channel-opacity\" \/>\n\n\n\n<p class=\"has-text-align-center has-text-color\" style=\"color:#7a7979\">Exposition de calligraphie : \u00ab\u00a0N\u00fc Shu : l&rsquo;\u00e9criture secr\u00e8te des femmes\u00a0\u00bb de Dongmei Liu<\/p>\n<\/div>\n<\/div>\n\n\n\n<div style=\"height:30px\" aria-hidden=\"true\" class=\"wp-block-spacer\"><\/div>\n\n\n\n<p class=\"has-white-color has-text-color has-background has-medium-font-size\" style=\"background-color:#b6581a;text-transform:uppercase\"><strong><a href=\"https:\/\/www.sevenadur.org\/2023\/stages-et-ateliers\/\" data-type=\"URL\" data-id=\"https:\/\/www.sevenadur.org\/2023\/stages-et-ateliers\/\">Stages et ateliers<\/a><\/strong><\/p>\n\n\n\n<div style=\"height:30px\" aria-hidden=\"true\" class=\"wp-block-spacer\"><\/div>\n\n\n\n<div class=\"wp-block-columns is-layout-flex wp-container-core-columns-is-layout-9d6595d7 wp-block-columns-is-layout-flex\">\n<div class=\"wp-block-column is-layout-flow wp-block-column-is-layout-flow\">\n<p class=\"has-text-align-center\"><span style=\"font-size: 14pt;color: #b6581a\"><strong><s>25\/02<\/s><\/strong><\/span><\/p>\n\n\n\n<hr class=\"wp-block-separator has-alpha-channel-opacity\" \/>\n\n\n\n<p class=\"has-text-align-center has-text-color\" style=\"color:#7a7979\">Colectiva : invitation \u00e0 chanter<\/p>\n\n\n\n<p class=\"has-text-align-center has-text-color\" style=\"color:#7a7979\">Atelier culinaire : raviolis chinois<\/p>\n\n\n\n<p class=\"has-text-align-center has-text-color\" style=\"color:#7a7979\">Atelier papier d\u00e9coup\u00e9<\/p>\n<\/div>\n\n\n\n<div class=\"wp-block-column is-layout-flow wp-block-column-is-layout-flow\">\n<p class=\"has-text-align-center\"><span style=\"font-size: 14pt;color: #b6581a\"><strong><s>26\/02<\/s><\/strong><\/span><\/p>\n\n\n\n<hr class=\"wp-block-separator has-alpha-channel-opacity\" \/>\n\n\n\n<p class=\"has-text-align-center has-text-color\" style=\"color:#7a7979\">Colectiva : invitation \u00e0 chanter<\/p>\n<\/div>\n\n\n\n<div class=\"wp-block-column is-layout-flow wp-block-column-is-layout-flow\">\n<p class=\"has-text-align-center\"><span style=\"font-size: 14pt;color: #b6581a\"><s>03\/03<\/s><\/span><\/p>\n\n\n\n<hr class=\"wp-block-separator has-alpha-channel-opacity\" \/>\n\n\n\n<p class=\"has-text-align-center has-text-color\" style=\"color:#7a7979\">Atelier calligraphie : le N\u00fc Shu<\/p>\n<\/div>\n<\/div>\n\n\n\n<div style=\"height:20px\" aria-hidden=\"true\" class=\"wp-block-spacer\"><\/div>\n\n\n\n<div class=\"wp-block-columns is-layout-flex wp-container-core-columns-is-layout-9d6595d7 wp-block-columns-is-layout-flex\">\n<div class=\"wp-block-column is-layout-flow wp-block-column-is-layout-flow\">\n<p class=\"has-text-align-center\"><span style=\"font-size: 14pt;color: #b6581a\"><strong><s>04\/03<\/s><\/strong><\/span><\/p>\n\n\n\n<hr class=\"wp-block-separator has-alpha-channel-opacity\" \/>\n\n\n\n<p class=\"has-text-align-center has-text-color\" style=\"color:#7a7979\">Stage sonneurs<\/p>\n\n\n\n<p class=\"has-text-align-center has-text-color\" style=\"color:#7a7979\">Stage broderie (deux jours)<\/p>\n\n\n\n<p class=\"has-text-align-center has-text-color\" style=\"color:#7a7979\">Stage de chant<\/p>\n\n\n\n<p class=\"has-text-align-center has-text-color\" style=\"color:#7a7979\">Atelier culinaire indien : biryani v\u00e9g\u00e9tarien et sauce raita<\/p>\n<\/div>\n\n\n\n<div class=\"wp-block-column is-layout-flow wp-block-column-is-layout-flow\">\n<p class=\"has-text-align-center\"><span style=\"font-size: 14pt;color: #b6581a\"><strong><s>05\/03<\/s><\/strong><\/span><\/p>\n\n\n\n<hr class=\"wp-block-separator has-alpha-channel-opacity\" \/>\n\n\n\n<p class=\"has-text-align-center has-text-color\" style=\"color:#7a7979\">Stage broderie<\/p>\n\n\n\n<p class=\"has-text-align-center has-text-color\" style=\"color:#7a7979\">Stage accord\u00e9on<\/p>\n<\/div>\n\n\n\n<div class=\"wp-block-column is-layout-flow wp-block-column-is-layout-flow\">\n<p class=\"has-text-align-center\"><span style=\"font-size: 14pt;color: #b6581a\"><strong>11\/03<\/strong><\/span><\/p>\n\n\n\n<hr class=\"wp-block-separator has-alpha-channel-opacity\" \/>\n\n\n\n<p class=\"has-text-align-center has-text-color\" style=\"color:#7a7979\">Stage de percussions<\/p>\n\n\n\n<p class=\"has-text-align-center has-text-color\" style=\"color:#7a7979\">Stage de chant Kan Ha Diskan<\/p>\n\n\n\n<p class=\"has-text-align-center has-text-color\" style=\"color:#7a7979\">Atelier d&rsquo;\u00e9criture au FRAC avec Diane Rivoire<\/p>\n<\/div>\n<\/div>\n\n\n\n<div style=\"height:60px\" aria-hidden=\"true\" class=\"wp-block-spacer\"><\/div>\n\n\n\n<div class=\"wp-block-file aligncenter\"><a id=\"wp-block-file--media-b62864f1-4eb3-443a-82df-3ea467e1ea7e\" href=\"https:\/\/www.sevenadur.org\/2023\/wp-content\/uploads\/sites\/10\/2023\/01\/586x210-programme-sevenadur-2023-2.pdf\" target=\"_blank\" rel=\"noreferrer noopener\">Programme Sevenadur 2023<\/a><a href=\"https:\/\/www.sevenadur.org\/2023\/wp-content\/uploads\/sites\/10\/2023\/01\/586x210-programme-sevenadur-2023-2.pdf\" class=\"wp-block-file__button wp-element-button\" download aria-describedby=\"wp-block-file--media-b62864f1-4eb3-443a-82df-3ea467e1ea7e\">T\u00e9l\u00e9charger<\/a><\/div>\n\n\n\n<div style=\"height:80px\" aria-hidden=\"true\" class=\"wp-block-spacer\"><\/div>\n\n\n\n<div id=\"eo_fullcalendar_1_loading\" class=\"eo-fullcalendar-loading\" ><img decoding=\"async\" src=\"https:\/\/www.sevenadur.org\/2023\/wp-content\/plugins\/event-organiser\/css\/images\/loading-image.gif\" class=\"eo-fullcalendar-loading-icon\" alt=\"Chargement&#8230;\" \/> Chargement&#8230;<\/div><div class=\"eo-fullcalendar eo-fullcalendar-shortcode eo-fullcalendar-reset eo-fullcalendar-responsive\" id=\"eo_fullcalendar_1\"><\/div>\n\n\n\n<div style=\"height:100px\" aria-hidden=\"true\" class=\"wp-block-spacer\"><\/div>\n\n\n","protected":false},"excerpt":{"rendered":"<p>le festival Sevenadur 2023 est termin\u00e9, a l&rsquo;ann\u00e9e prochaine&#8230; programmation \u00e9v\u00e8nements 24\/02 Inauguration du Festival 25\/02 Bal Trad&rsquo; Sauvage dans Rennes Breizh Bazar J\u00e2ze Sc\u00e8ne Ouverte Contes 01\/03 Fest-Deiz 02\/03 Sortie d&rsquo;album de Dixit 04\/03 Repas chant\u00e9 Kan ar Bobl : concours de chant, de musique et de culture bretonne Fest-Noz 06\/03 Veill\u00e9e chant\u00e9e virtuelle &hellip; <\/p>\n<p class=\"link-more\"><a href=\"https:\/\/www.sevenadur.org\/2023\/programmation\/\" class=\"more-link\">Continuer la lecture<span class=\"screen-reader-text\"> de &laquo;&nbsp;Programmation&nbsp;&raquo;<\/span><\/a><\/p>\n","protected":false},"author":4,"featured_media":0,"parent":0,"menu_order":0,"comment_status":"closed","ping_status":"closed","template":"","meta":{"_vp_format_video_url":"","_vp_image_focal_point":[],"footnotes":""},"class_list":["post-32","page","type-page","status-publish","hentry"],"_links":{"self":[{"href":"https:\/\/www.sevenadur.org\/2023\/wp-json\/wp\/v2\/pages\/32","targetHints":{"allow":["GET"]}}],"collection":[{"href":"https:\/\/www.sevenadur.org\/2023\/wp-json\/wp\/v2\/pages"}],"about":[{"href":"https:\/\/www.sevenadur.org\/2023\/wp-json\/wp\/v2\/types\/page"}],"author":[{"embeddable":true,"href":"https:\/\/www.sevenadur.org\/2023\/wp-json\/wp\/v2\/users\/4"}],"replies":[{"embeddable":true,"href":"https:\/\/www.sevenadur.org\/2023\/wp-json\/wp\/v2\/comments?post=32"}],"version-history":[{"count":78,"href":"https:\/\/www.sevenadur.org\/2023\/wp-json\/wp\/v2\/pages\/32\/revisions"}],"predecessor-version":[{"id":1130,"href":"https:\/\/www.sevenadur.org\/2023\/wp-json\/wp\/v2\/pages\/32\/revisions\/1130"}],"wp:attachment":[{"href":"https:\/\/www.sevenadur.org\/2023\/wp-json\/wp\/v2\/media?parent=32"}],"curies":[{"name":"wp","href":"https:\/\/api.w.org\/{rel}","templated":true}]}}