{"id":30,"date":"2023-01-17T13:15:55","date_gmt":"2023-01-17T12:15:55","guid":{"rendered":"http:\/\/www.sevenadur.org\/2023\/?page_id=30"},"modified":"2023-02-06T10:35:23","modified_gmt":"2023-02-06T09:35:23","slug":"partenaires","status":"publish","type":"page","link":"https:\/\/www.sevenadur.org\/2023\/partenaires\/","title":{"rendered":"Partenaires"},"content":{"rendered":"\n<h1 class=\"has-text-align-center wp-block-heading\" style=\"text-transform:uppercase\"><strong>les participants et partenaires<\/strong><\/h1>\n\n\n\n<div style=\"height:30px\" aria-hidden=\"true\" class=\"wp-block-spacer\"><\/div>\n\n\n\n<hr class=\"wp-block-separator has-text-color has-alpha-channel-opacity has-background is-style-wide\" style=\"background-color:#b6581a;color:#b6581a\"\/>\n\n\n\n<div style=\"height:30px\" aria-hidden=\"true\" class=\"wp-block-spacer\"><\/div>\n\n\n\n<p class=\"has-white-color has-text-color has-background has-medium-font-size\" style=\"background-color:#b6581a\"><strong>LES PARTICIPANTS<\/strong><\/p>\n\n\n<p style=\"padding-left: 40px;\"><a href=\"https:\/\/www.facebook.com\/CompagnieAstour\/\" target=\"_blank\" rel=\"noopener\">La Compagnie Astour<\/a><\/p>\n<p style=\"padding-left: 40px;\">Biblioth\u00e8que de Villejean<\/p>\n<p style=\"padding-left: 40px;\"><a href=\"https:\/\/fr-fr.facebook.com\/bretagne.chigoma.14\/\" target=\"_blank\" rel=\"noopener\">Bretagne Chigoma<\/a><\/p>\n<p style=\"padding-left: 40px;\"><a href=\"https:\/\/www.bcd.bzh\/fr\/bretagne-culture-diversite\/\" target=\"_blank\" rel=\"noopener\">Bretagne Culture et Diversit\u00e9<\/a><\/p>\n<p style=\"padding-left: 40px;\"><a href=\"https:\/\/www.facebook.com\/profile.php?id=100089536776154\" target=\"_blank\" rel=\"noopener\">Caillou en Bretagne<\/a><\/p>\n<p style=\"padding-left: 40px;\">Centre social Villejean<\/p>\n<p style=\"padding-left: 40px;\"><a href=\"https:\/\/www.facebook.com\/triodixit\/\" target=\"_blank\" rel=\"noopener\">DIXIT<\/a><\/p>\n<p style=\"padding-left: 40px;\"><a href=\"https:\/\/www.enoradeparscau.com\/\" target=\"_blank\" rel=\"noopener\">Enora De Parscau<\/a><\/p>\n<p style=\"padding-left: 40px;\"><a href=\"https:\/\/fafabretagne.fr\/\" target=\"_blank\" rel=\"noopener\">FAFA Bretagne<\/a><\/p>\n<p style=\"padding-left: 40px;\"><a href=\"https:\/\/www.facebook.com\/profile.php?id=100044100757227\" target=\"_blank\" rel=\"noopener\">Gallo Tonic<\/a><\/p>\n<p style=\"padding-left: 40px;\"><a href=\"https:\/\/hfbretagne.com\/\" target=\"_blank\" rel=\"noopener\">HF : Bretagne<\/a><\/p>\n<p style=\"padding-left: 40px;\"><a href=\"https:\/\/www.facebook.com\/jeanfelix.hautbois\" target=\"_blank\" rel=\"noopener\">Jean-F\u00e9lix Hautbois<\/a><\/p>\n<p style=\"padding-left: 40px;\"><a href=\"https:\/\/www.lako-compagnie.com\/\" target=\"_blank\" rel=\"noopener\">La Ko-compagnie<\/a><\/p>\n<p style=\"padding-left: 40px;\"><a href=\"https:\/\/balettesaucisse.fr\/\" target=\"_blank\" rel=\"noopener\">La Balette Saucisse<\/a><\/p>\n<p style=\"padding-left: 40px;\"><a href=\"https:\/\/laboueze.com\/site\/\" target=\"_blank\" rel=\"noopener\">La Bou\u00e8ze<\/a><\/p>\n<p style=\"padding-left: 40px;\">La MJC de Servon sur Vilaine<\/p>\n<p style=\"padding-left: 40px;\"><a href=\"https:\/\/maison-europe-rennes.org\/\" target=\"_blank\" rel=\"noopener\">La Maison de l&rsquo;Europe de Rennes<\/a><\/p>\n<p style=\"padding-left: 40px;\">La Maison de Quartier de Villejean<\/p>\n<p style=\"padding-left: 40px;\"><a href=\"https:\/\/www.fracbretagne.fr\/fr\/\" target=\"_blank\" rel=\"noopener\">Le Fond R\u00e9gional d&rsquo;Art Contemporain de Bretagne<\/a><\/p>\n<p style=\"padding-left: 40px;\"><a href=\"https:\/\/www.tudual-hervieux.com\/le-gouarin-hervieux\/\" target=\"_blank\" rel=\"noopener\">Le Gouarin &#8211; Hervieux<\/a><\/p>\n<p style=\"padding-left: 40px;\"><a href=\"http:\/\/leguibra.fr\/\" target=\"_blank\" rel=\"noopener\">Le Guibra<\/a><\/p>\n<p style=\"padding-left: 40px;\"><a href=\"https:\/\/www.facebook.com\/profile.php?id=100083152726682\" target=\"_blank\" rel=\"noopener\">Le Mod Koz<\/a><\/p>\n<p style=\"padding-left: 40px;\"><a href=\"https:\/\/www.facebook.com\/lemoulinetacigne\" target=\"_blank\" rel=\"noopener\">Le Moulinet d&rsquo;Acign\u00e9<\/a><\/p>\n<p style=\"padding-left: 40px;\"><a href=\"https:\/\/www.facebook.com\/larimandelle\/\" target=\"_blank\" rel=\"noopener\">La Rimandelle<\/a><\/p>\n<p style=\"padding-left: 40px;\">La ville de la Bouexi\u00e8re<\/p>\n<p style=\"padding-left: 40px;\"><a href=\"https:\/\/www.facebook.com\/librairie.lencredebretagne\" target=\"_blank\" rel=\"noopener\">L\u2019Encre de Bretagne<\/a><\/p>\n<p style=\"padding-left: 40px;\"><a href=\"https:\/\/www.confucius-bretagne.org\/\" target=\"_blank\" rel=\"noopener\">L\u2019institut Confucius de Bretagne<\/a><\/p>\n<p style=\"padding-left: 40px;\"><a href=\"http:\/\/mba.rennes.fr\/\" target=\"_blank\" rel=\"noopener\">Le Mus\u00e9e des Beaux-Arts de Rennes<\/a><\/p>\n<p style=\"padding-left: 40px;\"><a href=\"https:\/\/www.musee-bretagne.fr\/\" target=\"_blank\" rel=\"noopener\">Le Mus\u00e9e de Bretagne<\/a><\/p>\n<p style=\"padding-left: 40px;\"><a href=\"https:\/\/www.tisseursdecontes.fr\/\" target=\"_blank\" rel=\"noopener\">Les Tisseurs de contes<\/a><\/p>\n<p style=\"padding-left: 40px;\"><a href=\"http:\/\/maisonsaintcyr.com\/\" target=\"_blank\" rel=\"noopener\">La Maison Saint-Cyr<\/a><\/p>\n<p style=\"padding-left: 40px;\"><a href=\"https:\/\/www.xn--rennes-mosaque-5mb.fr\/\" target=\"_blank\" rel=\"noopener\">Mosa\u00efque Bretagne &#8211; Maroc<\/a><\/p>\n<p style=\"padding-left: 40px;\"><a href=\"https:\/\/www.namastebreizh.com\/\" target=\"_blank\" rel=\"noopener\">Namast\u00e9 Breizh<\/a><\/p>\n<p style=\"padding-left: 40px;\"><a href=\"https:\/\/www.instagram.com\/chinesepapercuttingart\/\" target=\"_blank\" rel=\"noopener\">Pang Sijia<\/a><\/p>\n<p style=\"padding-left: 40px;\">Ren&rsquo;v\u00e9lade<\/p>\n<p style=\"padding-left: 40px;\"><a href=\"http:\/\/skeudenn.bzh\/\" target=\"_blank\" rel=\"noopener\">Skeudenn Bro Roazhon<\/a><\/p>\n<p style=\"padding-left: 40px;\"><a href=\"https:\/\/www.facebook.com\/profile.php?id=100010699952084\" target=\"_blank\" rel=\"noopener\">Youen Paranthoen<\/a><\/p>\n<p>\u00a0 \u00a0 \u00a0 \u00a0 \u00a0 \u00a0<a href=\"https:\/\/www.falsab.com\/\">Conf\u00e9d\u00e9ration FALSAB<\/a><\/p>\n\n\n<div style=\"height:39px\" aria-hidden=\"true\" class=\"wp-block-spacer\"><\/div>\n\n\n\n<p class=\"has-white-color has-text-color has-background has-medium-font-size\" style=\"background-color:#b6581a\"><strong>LES PARTENAIRES<\/strong><\/p>\n\n\n<p style=\"padding-left: 40px;\"><a href=\"https:\/\/www.facebook.com\/brasseriedelabizhhh\/\" target=\"_blank\" rel=\"noopener\">Brasserie Bizh<\/a><\/p>\n<p style=\"padding-left: 40px;\"><a href=\"https:\/\/www.coat-albret.com\/\" target=\"_blank\" rel=\"noopener\">Coat-Albret<\/a><\/p>\n<p style=\"padding-left: 40px;\">La ville de Rennes<\/p>\n<p style=\"padding-left: 40px;\">Le Conseil D\u00e9partemental 35<\/p>\n<p style=\"padding-left: 40px;\">Le Conseil R\u00e9gional<\/p>","protected":false},"excerpt":{"rendered":"<p>les participants et partenaires LES PARTICIPANTS La Compagnie Astour Biblioth\u00e8que de Villejean Bretagne Chigoma Bretagne Culture et Diversit\u00e9 Caillou en Bretagne Centre social Villejean DIXIT Enora De Parscau FAFA Bretagne Gallo Tonic HF : Bretagne Jean-F\u00e9lix Hautbois La Ko-compagnie La Balette Saucisse La Bou\u00e8ze La MJC de Servon sur Vilaine La Maison de l&rsquo;Europe de &hellip; <\/p>\n<p class=\"link-more\"><a href=\"https:\/\/www.sevenadur.org\/2023\/partenaires\/\" class=\"more-link\">Continuer la lecture<span class=\"screen-reader-text\"> de &laquo;&nbsp;Partenaires&nbsp;&raquo;<\/span><\/a><\/p>\n","protected":false},"author":4,"featured_media":0,"parent":0,"menu_order":0,"comment_status":"closed","ping_status":"closed","template":"","meta":{"_vp_format_video_url":"","_vp_image_focal_point":[],"footnotes":""},"class_list":["post-30","page","type-page","status-publish","hentry"],"_links":{"self":[{"href":"https:\/\/www.sevenadur.org\/2023\/wp-json\/wp\/v2\/pages\/30","targetHints":{"allow":["GET"]}}],"collection":[{"href":"https:\/\/www.sevenadur.org\/2023\/wp-json\/wp\/v2\/pages"}],"about":[{"href":"https:\/\/www.sevenadur.org\/2023\/wp-json\/wp\/v2\/types\/page"}],"author":[{"embeddable":true,"href":"https:\/\/www.sevenadur.org\/2023\/wp-json\/wp\/v2\/users\/4"}],"replies":[{"embeddable":true,"href":"https:\/\/www.sevenadur.org\/2023\/wp-json\/wp\/v2\/comments?post=30"}],"version-history":[{"count":22,"href":"https:\/\/www.sevenadur.org\/2023\/wp-json\/wp\/v2\/pages\/30\/revisions"}],"predecessor-version":[{"id":912,"href":"https:\/\/www.sevenadur.org\/2023\/wp-json\/wp\/v2\/pages\/30\/revisions\/912"}],"wp:attachment":[{"href":"https:\/\/www.sevenadur.org\/2023\/wp-json\/wp\/v2\/media?parent=30"}],"curies":[{"name":"wp","href":"https:\/\/api.w.org\/{rel}","templated":true}]}}