{"id":85,"date":"2022-01-24T09:41:35","date_gmt":"2022-01-24T08:41:35","guid":{"rendered":"http:\/\/www.sevenadur.org\/2022\/?page_id=85"},"modified":"2022-02-01T14:58:20","modified_gmt":"2022-02-01T13:58:20","slug":"sevenadur-enfants","status":"publish","type":"page","link":"https:\/\/www.sevenadur.org\/2022\/sevenadur-enfants\/","title":{"rendered":"Sevenadur enfants"},"content":{"rendered":"\n<hr class=\"wp-block-separator\"\/>\n\n\n\n<figure class=\"wp-block-gallery columns-2 wp-block-gallery-1 is-layout-flex wp-block-gallery-is-layout-flex\"><ul class=\"blocks-gallery-grid\"><li class=\"blocks-gallery-item\"><figure><img loading=\"lazy\" decoding=\"async\" width=\"736\" height=\"1024\" src=\"http:\/\/www.sevenadur.org\/2022\/wp-content\/uploads\/sites\/9\/2022\/01\/Impression-2_page-0001-1-736x1024-1.jpg\" alt=\"\" data-id=\"124\" data-full-url=\"http:\/\/www.sevenadur.org\/2022\/wp-content\/uploads\/sites\/9\/2022\/01\/Impression-2_page-0001-1-736x1024-1.jpg\" data-link=\"http:\/\/www.sevenadur.org\/2022\/sevenadur-enfants\/impression-2_page-0001-1-736x1024\/\" class=\"wp-image-124\" srcset=\"https:\/\/www.sevenadur.org\/2022\/wp-content\/uploads\/sites\/9\/2022\/01\/Impression-2_page-0001-1-736x1024-1.jpg 736w, https:\/\/www.sevenadur.org\/2022\/wp-content\/uploads\/sites\/9\/2022\/01\/Impression-2_page-0001-1-736x1024-1-216x300.jpg 216w\" sizes=\"auto, (max-width: 736px) 100vw, 736px\" \/><\/figure><\/li><li class=\"blocks-gallery-item\"><figure><img loading=\"lazy\" decoding=\"async\" width=\"736\" height=\"1024\" src=\"http:\/\/www.sevenadur.org\/2022\/wp-content\/uploads\/sites\/9\/2022\/01\/Impression-3_page-0001-736x1024-1.jpg\" alt=\"\" data-id=\"125\" data-full-url=\"http:\/\/www.sevenadur.org\/2022\/wp-content\/uploads\/sites\/9\/2022\/01\/Impression-3_page-0001-736x1024-1.jpg\" data-link=\"http:\/\/www.sevenadur.org\/2022\/sevenadur-enfants\/impression-3_page-0001-736x1024\/\" class=\"wp-image-125\" srcset=\"https:\/\/www.sevenadur.org\/2022\/wp-content\/uploads\/sites\/9\/2022\/01\/Impression-3_page-0001-736x1024-1.jpg 736w, https:\/\/www.sevenadur.org\/2022\/wp-content\/uploads\/sites\/9\/2022\/01\/Impression-3_page-0001-736x1024-1-216x300.jpg 216w\" sizes=\"auto, (max-width: 736px) 100vw, 736px\" \/><\/figure><\/li><\/ul><\/figure>\n\n\n<h2 style=\"text-align: center;\"><span style=\"color: #44c2d2; font-size: 24pt;\">Plus d&rsquo;informations<\/span><\/h2>\n\n\n<div style=\"height:40px\" aria-hidden=\"true\" class=\"wp-block-spacer\"><\/div>\n\n\n\n<div class=\"wp-block-columns is-layout-flex wp-container-core-columns-is-layout-9d6595d7 wp-block-columns-is-layout-flex\">\n<div class=\"wp-block-column is-layout-flow wp-block-column-is-layout-flow\">\n<p class=\"has-text-align-center has-normal-font-size\">Jeudi 17\/02 apr\u00e8s-midi<\/p>\n\n\n\n<p class=\"has-text-align-center has-medium-font-size\">GAELIC FOOTBALL<\/p>\n\n\n\n<p class=\"has-white-color has-text-color\" style=\"font-size:26px\"><\/p>\n\n\n\n<p>Connaissez-vous le football gaelic ? <\/p>\n\n\n\n<p>C&rsquo;est un m\u00e9lange du rugby et du football.<\/p>\n\n\n\n<p>C&rsquo;est un sport tr\u00e8s populaire en Irlande que nous vous proposons de d\u00e9couvrir et pratiquer <\/p>\n\n\n\n<div style=\"height:97px\" aria-hidden=\"true\" class=\"wp-block-spacer\"><\/div>\n\n\n\n<figure class=\"wp-block-image size-large\"><img decoding=\"async\" src=\"http:\/\/cercleceltiquederennes.org\/wp-content\/uploads\/2022\/01\/logo_rennes_v2-01-01-01-01-1-1024x412.png\" alt=\"\" class=\"wp-image-7570\"\/><\/figure>\n\n\n\n<div style=\"height:100px\" aria-hidden=\"true\" class=\"wp-block-spacer\"><\/div>\n\n\n\n<p class=\"has-text-align-center\">Inscription \u00e0 la journ\u00e9e ci-dessous<\/p>\n\n\n\n<p class=\"has-text-align-center\"><strong>5\u20ac<\/strong> la journ\u00e9e<\/p>\n\n\n\n<p class=\"has-text-align-center\">Pr\u00e9voir le pique-nique et des v\u00eatements de sport<\/p>\n<\/div>\n\n\n\n<div class=\"wp-block-column is-layout-flow wp-block-column-is-layout-flow\">\n<p class=\"has-text-align-center has-normal-font-size\">Samedi 19\/02 10h-12h<\/p>\n\n\n\n<p class=\"has-text-align-center has-medium-font-size\">BALADE A V\u00c9LO<\/p>\n\n\n\n<p class=\"has-white-color has-text-color\" style=\"font-size:26px\"><\/p>\n\n\n\n<p>Nous vous proposons une sortie en famille \u00e0 v\u00e9lo<\/p>\n\n\n\n<p>10km pour d\u00e9couvrir et red\u00e9couvrir les quartier de Villejean et Bourg-l&rsquo;\u00e9v\u00eaque. <\/p>\n\n\n\n<p>Plusieurs haltes de d\u00e9gustations sont pr\u00e9vues<\/p>\n\n\n\n<p class=\"has-text-color\" style=\"color:#212020\">SANS<\/p>\n\n\n\n<div class=\"wp-block-image\"><figure class=\"aligncenter size-medium is-resized\"><img loading=\"lazy\" decoding=\"async\" src=\"http:\/\/cercleceltiquederennes.org\/wp-content\/uploads\/2022\/01\/bicycle-6580288_1920-200x300.jpg\" alt=\"\" class=\"wp-image-7571\" width=\"150\" height=\"225\"\/><\/figure><\/div>\n\n\n\n<div style=\"height:89px\" aria-hidden=\"true\" class=\"wp-block-spacer\"><\/div>\n\n\n\n<p class=\"has-text-align-center\">D\u00e9part au <strong>Cercle celtique de Rennes<\/strong><\/p>\n\n\n\n<p class=\"has-text-align-center\"><strong>10\u20ac<\/strong> par adulte et <strong>5\u20ac <\/strong>par enfant<\/p>\n\n\n\n<p class=\"has-text-align-center\">12 places &#8211; r\u00e9servation conseill\u00e9e : contact@cercleceltiquederennes.org<\/p>\n<\/div>\n\n\n\n<div class=\"wp-block-column is-layout-flow wp-block-column-is-layout-flow\">\n<p class=\"has-text-align-center has-normal-font-size\">Dimanche 6\/03 \u00e0 16h<\/p>\n\n\n\n<p class=\"has-text-align-center has-medium-font-size\">SPECTACLE<\/p>\n\n\n\n<p class=\"has-text-align-center has-text-color\" style=\"color:#44c2d2;font-size:26px\"><strong>Souffle, souffle, cachalot<\/strong><\/p>\n\n\n\n<p>Pour s\u00e9duire la belle N\u00e9a Garandel, il ne fait pas bon \u00eatre taupier ! Mieux vaut \u00eatre marin !<br><br>Il n&rsquo;en faut pas plus pour que le jeune Laurik Cosqu\u00ear s&#8217;embarque aussit\u00f4t sur le port de Morlaix.<br>P\u00eache \u00e0 la morue, chasse \u00e0 la baleine&#8230; amours et trahisons sont cont\u00e9s en mots, en chansons et en musique par deux sacr\u00e9s complices.<\/p>\n\n\n\n<figure class=\"wp-block-image size-large\"><img decoding=\"async\" src=\"http:\/\/cercleceltiquederennes.org\/wp-content\/uploads\/2022\/01\/01-Duo-JMarc-Yann-Lo-2-1024x833.jpg\" alt=\"\" class=\"wp-image-7568\"\/><\/figure>\n\n\n\n<p class=\"has-text-align-center\">Au<strong> Parquet de Bal<\/strong> &#8211; Rennes<br><br><strong>7\u20ac<\/strong> &#8211; <a href=\"https:\/\/www.helloasso.com\/associations\/cercle-celtique-de-rennes\/evenements\/spectacle-souffle-souffle-cachalot?_gl=1%2ak06j1b%2a_ga%2aMjAzNzQ1MzUwNS4xNjAzMjY1ODQ3%2a_ga_TKC826G3G2%2aMTY0MzAyMDg1NS4xMi4xLjE2NDMwMjE0NzguMA..&amp;_ga=2.21749432.2075497311.1643020856-2037453505.1603265847\">r\u00e9servation<\/a> conseill\u00e9e<\/p>\n\n\n\n<p class=\"has-text-align-center\">Dur\u00e9e : 1h15<\/p>\n<\/div>\n<\/div>\n\n\n\n<hr class=\"wp-block-separator has-text-color has-background\" style=\"background-color:#44c2d2;color:#44c2d2\"\/>\n\n\n\n<p class=\"has-text-align-center has-text-color\" style=\"font-size:24px;color:#44c2d2\"><h2 style=\"text-align: center;\"><span style=\"color: #44c2d2; font-size: 24pt;\">Plus d&rsquo;informations<\/span><\/h2><\/p>\n\n\n\n<div class=\"wp-block-image\"><figure class=\"aligncenter size-large is-resized\"><a href=\"http:\/\/www.sevenadur.org\/2022\/wp-content\/uploads\/sites\/9\/2022\/01\/Impression-4_page-0001.jpg\"><img loading=\"lazy\" decoding=\"async\" src=\"http:\/\/www.sevenadur.org\/2022\/wp-content\/uploads\/sites\/9\/2022\/01\/Impression-4_page-0001.jpg\" alt=\"\" width=\"234\" height=\"325\"\/><\/a><\/figure><\/div>\n\n\n\n<div class=\"wp-block-columns is-layout-flex wp-container-core-columns-is-layout-9d6595d7 wp-block-columns-is-layout-flex\">\n<div class=\"wp-block-column is-layout-flow wp-block-column-is-layout-flow\">\n<p>1- Gwiriekait e chom ur blas er c\u2019hamp dibabet en ur bellgomz d\u2019ar C\u2019helc\u2019h Keltiek.<\/p>\n\n\n\n<p>2- Leuniit ar folenn enskriva\u00f1. Da pellgarga\u00f1 a-us<\/p>\n\n\n\n<p>3- Kasit ar fichenn dre bostel d\u2019ar C\u2019helc\u2019h Keltiek<\/p>\n<\/div>\n\n\n\n<div class=\"wp-block-column is-layout-flow wp-block-column-is-layout-flow\">\n<p>1- V\u00e9rifiez qu\u2019il reste de la place dans le s\u00e9jour choisi en t\u00e9l\u00e9phonant au Cercle Celtique.<\/p>\n\n\n\n<p>2- Compl\u00e9tez la fiche d\u2019inscription. A t\u00e9l\u00e9charger ci-dessus<\/p>\n\n\n\n<p>3-Envoyez par mail au Cercle Celtique<\/p>\n<\/div>\n\n\n\n<div class=\"wp-block-column is-layout-flow wp-block-column-is-layout-flow\">\n<p>1- Aprouv\u00e9z q\u2019i reste core de la pllace den le sejou chou\u00e9zi en haopant le Cercl Celtiqe.<\/p>\n\n\n\n<p>2- Remplleniss\u00e9z la p\u00e2rch\u00e9e d\u2019encririe a telecharjier <\/p>\n\n\n\n<p>3- Enevey\u00e9z la p\u00e2rch\u00e9es en messaije eletroniqe ao Cercl Celtiqe<\/p>\n<\/div>\n<\/div>\n\n\n\n<div style=\"height:57px\" aria-hidden=\"true\" class=\"wp-block-spacer\"><\/div>\n\n\n\n<p><h2 style=\"text-align: center;\"><span style=\"color: #44c2d2; font-size: 24pt;\">Plus d&rsquo;informations<\/span><\/h2><\/p>\n","protected":false},"excerpt":{"rendered":"<p>Plus d&rsquo;informations Jeudi 17\/02 apr\u00e8s-midi GAELIC FOOTBALL Connaissez-vous le football gaelic ? C&rsquo;est un m\u00e9lange du rugby et du football. C&rsquo;est un sport tr\u00e8s populaire en Irlande que nous vous proposons de d\u00e9couvrir et pratiquer Inscription \u00e0 la journ\u00e9e ci-dessous 5\u20ac la journ\u00e9e Pr\u00e9voir le pique-nique et des v\u00eatements de sport Samedi 19\/02 10h-12h BALADE &hellip; <\/p>\n<p class=\"link-more\"><a href=\"https:\/\/www.sevenadur.org\/2022\/sevenadur-enfants\/\" class=\"more-link\">Continuer la lecture<span class=\"screen-reader-text\"> de &laquo;&nbsp;Sevenadur enfants&nbsp;&raquo;<\/span><\/a><\/p>\n","protected":false},"author":6,"featured_media":0,"parent":0,"menu_order":0,"comment_status":"closed","ping_status":"closed","template":"","meta":{"_vp_format_video_url":"","_vp_image_focal_point":[],"footnotes":""},"class_list":["post-85","page","type-page","status-publish","hentry"],"_links":{"self":[{"href":"https:\/\/www.sevenadur.org\/2022\/wp-json\/wp\/v2\/pages\/85","targetHints":{"allow":["GET"]}}],"collection":[{"href":"https:\/\/www.sevenadur.org\/2022\/wp-json\/wp\/v2\/pages"}],"about":[{"href":"https:\/\/www.sevenadur.org\/2022\/wp-json\/wp\/v2\/types\/page"}],"author":[{"embeddable":true,"href":"https:\/\/www.sevenadur.org\/2022\/wp-json\/wp\/v2\/users\/6"}],"replies":[{"embeddable":true,"href":"https:\/\/www.sevenadur.org\/2022\/wp-json\/wp\/v2\/comments?post=85"}],"version-history":[{"count":12,"href":"https:\/\/www.sevenadur.org\/2022\/wp-json\/wp\/v2\/pages\/85\/revisions"}],"predecessor-version":[{"id":376,"href":"https:\/\/www.sevenadur.org\/2022\/wp-json\/wp\/v2\/pages\/85\/revisions\/376"}],"wp:attachment":[{"href":"https:\/\/www.sevenadur.org\/2022\/wp-json\/wp\/v2\/media?parent=85"}],"curies":[{"name":"wp","href":"https:\/\/api.w.org\/{rel}","templated":true}]}}