{"id":36,"date":"2021-12-01T12:16:25","date_gmt":"2021-12-01T11:16:25","guid":{"rendered":"http:\/\/www.sevenadur.org\/2022\/?page_id=36"},"modified":"2022-02-14T14:06:30","modified_gmt":"2022-02-14T13:06:30","slug":"partenaires-2","status":"publish","type":"page","link":"https:\/\/www.sevenadur.org\/2022\/partenaires-2\/","title":{"rendered":"Partenaires"},"content":{"rendered":"\n<p class=\"has-cyan-bluish-gray-background-color has-background has-medium-font-size\"><em><strong>Partenaires<\/strong><\/em><\/p>\n\n\n\n<p>Bert\u00e8gn Gal\u00e8zz<br>Biblioth\u00e8que de Villejean<br>Big Bravo spectacle<br>Bretagne Culture et Diversit\u00e9<br>Bretagne Mosa\u00efque Maroc<br>Bruzhoneg , Dastum<br>Centre social Cleunay<br>Centre social Villejean<br>Dihun<br>Le CMI, le CIREFE<br>Destination Rennes &#8211; office du tourisme<br>Espoir de Dr\u00e2a<br>Gallo Tonic<br>Kejaden, Kendeskin<br>Kenleur 35<br>F\u00e9d\u00e9ration des jeux en Bretagne<br>La Bou\u00e8ze<br>La Coop\u00e9rative Tafolt<br>La MJC de Servon sur Vilaine<br>La Maison de Quartier de Villejean<br>Radio Rennes<br>La Maison Bleue<br>Le Mod Koz<br>Le Moulinet<br>La petite planche<br>L&rsquo;astrada<br>La ville de la Bouexi\u00e8re<br>L&rsquo;Encre de Bretagne<br>L&rsquo;institut Confucius de Bretagne<br>Le Football Gaelic<br>Le Cadran<br>Le Centre L\u00e9o Lagrange<br>Le TNB<br>Le Conservatoire de Rennes<br>Le Pont Sup\u00e9rieur<br>Le Mus\u00e9e de Bretagne<br>L&rsquo;unit\u00e9 Ertoba<br>Les Champs Libres<br>Les tisseurs de contes<br>Les 3 regards, L&rsquo;UAIR<br>Les 3 Maisons<br>La Maison Saint-Cyr<br>Musikad&rsquo;art Association<br>Moov&rsquo;n&rsquo;brass<br>Namast\u00e9 Breizh<br>Nuit d&rsquo;orage<br>Skeudenn Bro Roazhon<br>Skol an Emsav<br>France Bleu Armorique<br>TV Rennes<\/p>\n\n\n\n<p><\/p>\n\n\n\n<p class=\"has-cyan-bluish-gray-background-color has-background has-medium-font-size\"><strong><em>Soutiens de la manifestation<\/em><\/strong><\/p>\n\n\n\n<p>Coat Albret<br>La ville de Rennes,<br>Le conseil d\u00e9partemental 35<br>Le Conseil R\u00e9gional<br>Le Cr\u00e9dit Mutuel de Bretagne<br>France Bleu Armorique<br>Ker Soazig<br>Petit Breton &#8211; Triballat<br>Tamm Kreiz, TV Rennes<\/p>\n","protected":false},"excerpt":{"rendered":"<p>Partenaires Bert\u00e8gn Gal\u00e8zzBiblioth\u00e8que de VillejeanBig Bravo spectacleBretagne Culture et Diversit\u00e9Bretagne Mosa\u00efque MarocBruzhoneg , DastumCentre social CleunayCentre social VillejeanDihunLe CMI, le CIREFEDestination Rennes &#8211; office du tourismeEspoir de Dr\u00e2aGallo TonicKejaden, KendeskinKenleur 35F\u00e9d\u00e9ration des jeux en BretagneLa Bou\u00e8zeLa Coop\u00e9rative TafoltLa MJC de Servon sur VilaineLa Maison de Quartier de VillejeanRadio RennesLa Maison BleueLe Mod KozLe MoulinetLa petite &hellip; <\/p>\n<p class=\"link-more\"><a href=\"https:\/\/www.sevenadur.org\/2022\/partenaires-2\/\" class=\"more-link\">Continuer la lecture<span class=\"screen-reader-text\"> de &laquo;&nbsp;Partenaires&nbsp;&raquo;<\/span><\/a><\/p>\n","protected":false},"author":4,"featured_media":0,"parent":0,"menu_order":0,"comment_status":"closed","ping_status":"closed","template":"","meta":{"_vp_format_video_url":"","_vp_image_focal_point":[],"footnotes":""},"class_list":["post-36","page","type-page","status-publish","hentry"],"_links":{"self":[{"href":"https:\/\/www.sevenadur.org\/2022\/wp-json\/wp\/v2\/pages\/36","targetHints":{"allow":["GET"]}}],"collection":[{"href":"https:\/\/www.sevenadur.org\/2022\/wp-json\/wp\/v2\/pages"}],"about":[{"href":"https:\/\/www.sevenadur.org\/2022\/wp-json\/wp\/v2\/types\/page"}],"author":[{"embeddable":true,"href":"https:\/\/www.sevenadur.org\/2022\/wp-json\/wp\/v2\/users\/4"}],"replies":[{"embeddable":true,"href":"https:\/\/www.sevenadur.org\/2022\/wp-json\/wp\/v2\/comments?post=36"}],"version-history":[{"count":6,"href":"https:\/\/www.sevenadur.org\/2022\/wp-json\/wp\/v2\/pages\/36\/revisions"}],"predecessor-version":[{"id":417,"href":"https:\/\/www.sevenadur.org\/2022\/wp-json\/wp\/v2\/pages\/36\/revisions\/417"}],"wp:attachment":[{"href":"https:\/\/www.sevenadur.org\/2022\/wp-json\/wp\/v2\/media?parent=36"}],"curies":[{"name":"wp","href":"https:\/\/api.w.org\/{rel}","templated":true}]}}