{"id":29,"date":"2017-02-02T01:59:07","date_gmt":"2017-02-02T00:59:07","guid":{"rendered":"http:\/\/www.sevenadur.org\/2017\/?page_id=29"},"modified":"2017-02-07T18:54:51","modified_gmt":"2017-02-07T17:54:51","slug":"stages","status":"publish","type":"page","link":"https:\/\/www.sevenadur.org\/2017\/stages","title":{"rendered":"\u25a0 Stages"},"content":{"rendered":"<h6><span style=\"font-family: Trebuchet MS,Geneva; font-size: 10pt;\"><strong><span style=\"color: #993300;\"><span style=\"font-size: 12pt;\">Stages et ateliers de musique<\/span><\/span><br \/>\n<\/strong><\/span><span style=\"font-family: Trebuchet MS,Geneva; font-size: 8pt;\">Les ateliers et stages propos\u00e9s par Sevenadur sont organis\u00e9s par le Cercle Celtique de Rennes, l\u2019association Gallo Tonic et le cercle montfortais.<\/span><br \/>\n<span style=\"font-family: Trebuchet MS,Geneva; font-size: 8pt;\"> Cette ann\u00e9e, Gallo Tonic propose un stage de chant sur le Pays gu\u00e9randais. Pour r\u00e9server, merci de contacter Gallo Tonic : gallotonic@orange.fr.<\/span><br \/>\n<span style=\"font-family: Trebuchet MS,Geneva; font-size: 8pt;\"> Un stage de chant est propos\u00e9, aussi, par le cercle montfortais avec le Kan ha diskan.<\/span><br \/>\n<span style=\"font-family: Trebuchet MS,Geneva; font-size: 8pt;\"> Du c\u00f4t\u00e9 du Cercle, les musiciens avec une bonne connaissance de leurs instruments pourront s\u2019inscrire aux stages des musiques d\u2019ensemble de musique bretonne, sans oublier le stage de Couple Biniou Bombarde !<\/span><br \/>\n<span style=\"font-family: Trebuchet MS,Geneva; font-size: 8pt;\"> Il y a la musique, mais il y a aussi la broderie ! Cette ann\u00e9e, les brodeuses b\u00e9n\u00e9voles proposent une rencontre et une initiation pour les d\u00e9butantes.<\/span><br \/>\n<span style=\"font-family: Trebuchet MS,Geneva; font-size: 8pt;\"> Sans oublier le stage de conte avec Xavier Les\u00e8che\u2026<br \/>\nPour les conditions de participation des stages et ateliers du Cercle Celtique de Rennes, il faut :<br \/>\n&#8211; Se munir d\u2019une autorisation parentale pour les mineurs. A demander au secr\u00e9tariat du Cercle Celtique ou \u00e0 remplir directement par les parents.<br \/>\n&#8211; Quel que soit le motif invoqu\u00e9, en cas d\u2019absence ou de retard, aucun stage ne sera rembours\u00e9.<br \/>\n&#8211; En cas d\u2019annulation d\u2019un stage par les organisateurs, les ch\u00e8ques seront retourn\u00e9s.<\/span><\/h6>\n<h6><span style=\"color: #993300; font-size: 12pt;\"><strong><span style=\"font-family: Trebuchet MS,Geneva;\">Stages de chant<\/span><\/strong><\/span><\/h6>\n<h6><span style=\"font-size: 8pt;\"><span style=\"font-family: Trebuchet MS,Geneva;\"><span style=\"font-size: 10pt;\"><strong><span style=\"color: #e80c30;\">Samedi 25 f\u00e9vrier | Stage de chant sur le pays Gu\u00e9randais avec Roland Guillou<\/span><br \/>\n<\/strong><\/span><\/span><\/span><span style=\"font-family: Trebuchet MS,Geneva;\"><strong><span style=\"font-size: 8pt;\">Relais des Cultures \u00e0 Erc\u00e9-pr\u00e8s-Liffr\u00e9 | de 9h30 \u00e0 17h30 | 20 \u20ac<\/span><br \/>\n<\/strong><\/span><span style=\"font-size: 8pt;\"><span style=\"font-family: Trebuchet MS,Geneva;\"><strong>R\u00e9servation \u00e0 adresser, avec le r\u00e8glement, avant le 15 f\u00e9vrier 2017, \u00e0 Association <a href=\"http:\/\/gallotonic.pagesperso-orange.fr\/\">Gallo Tonic<\/a> &#8211; La Morlais &#8211; 35340 Liffr\u00e9<\/strong><br \/>\n<\/span><span style=\"font-family: Trebuchet MS,Geneva;\"><strong>Renseignements : Gallo Tonic au 02 99 23 54 57 ou gallotonic@orange.fr + repas \u00e0 apporter<\/strong><br \/>\n<\/span><\/span><span style=\"font-family: Trebuchet MS,Geneva; font-size: 8pt;\">Quelques chants \u00e0 marcher, petit rafra\u00eechissement de m\u00e9moire sur le rond et bal paludier et quelques chansons qui vont bien avec. Pour finir une ou deux m\u00e9lodies de par chez Roland.<\/span><br \/>\n<span style=\"font-family: Trebuchet MS,Geneva; font-size: 8pt;\"> Natif de la Presqu&rsquo;\u00eele Gu\u00e9randaise, o\u00f9 il est toujours rest\u00e9, Roland Guillou, de par ses diff\u00e9rents m\u00e9tiers (m\u00e9canicien agricole, paludier (exploitant de marais salants), g\u00e9om\u00e8tre, &#8230;) a toujours \u00e9t\u00e9 en contact \u00e9troit avec le monde rural, la Bri\u00e8re, les marais salants, la campagne gu\u00e9randaise, dans lesquels il s&rsquo;est impr\u00e9gn\u00e9 depuis plus de 30 ans de musique, de contes et de chants traditionnels de Bretagne.<\/span><br \/>\n<span style=\"font-family: Trebuchet MS,Geneva; font-size: 8pt;\"> Collectages de chants et d&rsquo;histoires aupr\u00e8s des anciens porteurs de traditions, recherches dans les recueils de contes et de chants de tradition orale et adaptations personnelles lui ont permis de se cr\u00e9er un r\u00e9pertoire de chants et de contes merveilleux et fac\u00e9tieux o\u00f9 l&rsquo;humour trouve souvent une bonne place.<\/span><br \/>\n<span style=\"font-family: Trebuchet MS,Geneva; font-size: 8pt;\"> Son grand plaisir est maintenant de partager et de faire d\u00e9couvrir (ou re-d\u00e9couvrir) ce patrimoine \u00e0 tous au travers des veill\u00e9es, des balades cont\u00e9es, des marches chant\u00e9es, des festou-noz, des spectacles dans les \u00e9coles ou les maisons de retraite qu&rsquo;il anime avec sa bonne humeur et son humour ! &#8230; ou parfois dans d&rsquo;autres lieux plus improbables (granges, bistrots, \u00e9tables, grottes,&#8230;) !<\/span><\/h6>\n<p>&nbsp;<\/p>\n<hr \/>\n<h6><\/h6>\n<h6><span style=\"font-family: Trebuchet MS,Geneva; font-size: 10pt;\"><strong><span style=\"color: #e80c30;\">Samedi 25 f\u00e9vrier | Stage de chant Kan ha diskan avec Anjela Lorho Pasco<\/span><br \/>\n<\/strong><\/span><span style=\"font-family: Trebuchet MS,Geneva; font-size: 8pt;\"><strong>Cercle montfortais Le Confluent \u00e0 Montfort sur Meu | de 14h &#8211; 17h30 | 15 \u20ac pour le stage | 20 \u20ac pour le stage + le fest-noz<br \/>\nRenseignements : 07 89 54 29 22 ou parmathildegilet35@gmail.com<\/strong><\/span><\/h6>\n<hr \/>\n<h6><\/h6>\n<h6><span style=\"color: #993300; font-size: 12pt;\"><strong><span style=\"font-family: Trebuchet MS,Geneva;\">Stages de musique<\/span><\/strong><\/span><\/h6>\n<h6><span style=\"font-family: Trebuchet MS,Geneva; font-size: 10pt;\"><strong><span style=\"color: #e80c30;\">Samedi 4 mars| Stage de musique d\u2019ensemble avec Armel Rucet et Micka\u00ebl Penault \u00a0\u00bb Le jeu en duo \u00ab\u00a0<\/span><\/strong><br \/>\n<\/span><span style=\"font-family: Trebuchet MS,Geneva; font-size: 8pt;\"><strong>Cercle Celtique de Rennes \u00e0 la Ferme de la Harpe \u00e0 Rennes | 9h30 \u00e0 17h \u2013 Accueil \u00e0 9h &#8211; D\u00e9jeuner de 12h30 \u00e0 14h | 28 \u20ac<br \/>\nRenseignements et inscription : Armel RUCET : 06 88 76 52 76 et laurent.prize@laposte.net<\/strong><br \/>\nLe jeu en duo (instrument harmonique et instrument m\u00e9lodique)<br \/>\n&#8211; Constitution de duos : explication et recensement de toutes les combinaisons possibles \/ travailler sur une grille harmonique&#8230;<br \/>\n&#8211; Travail accompagn\u00e9 des duos pour qu\u2019en fin de journ\u00e9e, chaque duo restitue son travail et pr\u00e9sente ses choix d&rsquo;arrangement<br \/>\n<strong><em>Pour les inscrits transmission \u00e0 l\u2019avance des th\u00e8mes servant de support au stage.<br \/>\n<\/em><\/strong><\/span><\/h6>\n<hr \/>\n<h6><\/h6>\n<h6><span style=\"color: #f50c3b;\"><span style=\"font-family: Trebuchet MS,Geneva; font-size: 10pt;\"><strong>Samedi 4 mars| Stage sonneur biniou\/bombarde avec Herv\u00e9 Chevrollier et Didier Le Bot Stage sonneurs de couple &#8211; Pays Vannetais<\/strong><\/span><span style=\"font-family: Trebuchet MS,Geneva; font-size: 8pt;\"><strong><br \/>\n<span style=\"color: #000000;\">Cercle Celtique de Rennes \u00e0 la Ferme de la Harpe \u00e0 Rennes | 9h30 \u00e0 17h \u2013 Accueil \u00e0 9h D\u00e9jeuner de 12h30 \u00e0 14h | 40 \u20ac<\/span><br \/>\n<span style=\"color: #000000;\"> Renseignements et inscription : St\u00e9phane LEBRETON au 06 10 66 96 92 &#8211; stephane.lebreton@wanadoo.fr<\/span><\/strong><br \/>\n<span style=\"color: #000000;\"> Ce stage s\u2019adresse aux sonneurs non d\u00e9butants (2-3 ans de pratique). Ind\u00e9pendants ou en couple.<\/span><br \/>\n&#8211; Pr\u00e9sentation g\u00e9n\u00e9rale du terroir du Pays vannetais \u00e0 travers des airs du r\u00e9pertoire : airs \u00e0 danser (andro, hanter dro, kas a barh&#8230;), airs \u00e0 la marche, m\u00e9lodies. Airs issus de collectages et\/ou du r\u00e9pertoire des intervenants<br \/>\n&#8211; Travail instrumental \/ jeu en couple bombarde\/biniou : travail d\u2018appropriation, expression de chacun, technique instrumentale<br \/>\n&#8211; Echange autour de la pratique du couple de sonneurs \u2013 Le Bot Chevrolier<br \/>\n<img loading=\"lazy\" decoding=\"async\" class=\"alignnone size-medium wp-image-47\" src=\"http:\/\/www.sevenadur.org\/2017\/wp-content\/uploads\/sites\/4\/2017\/02\/Sonneurs-de-couple-300x200.jpg\" alt=\"\" width=\"300\" height=\"200\" \/><br \/>\n<\/span><\/span><\/h6>\n<hr \/>\n<h6><\/h6>\n<h6><span style=\"font-family: Trebuchet MS,Geneva; font-size: 10pt; color: #e80c30;\"><strong>Samedi 4 mars| Stage de harpe autour de la musique \u00e9cossaise avec Dimitri Boekhoorn<br \/>\n<\/strong><\/span><span style=\"font-family: Trebuchet MS,Geneva; font-size: 8pt;\"><strong>Cercle Celtique de Rennes \u00e0 la Ferme de la Harpe \u00e0 Rennes | 10h &#8211; 16h | 40 \u20ac<br \/>\nInscriptions : dimitri10000@hotmail.com<\/strong><br \/>\nIl s&rsquo;agit d&rsquo;un stage tous niveaux pour tous types de harpes (celtique, classique, \u00ab\u00a0ancienne\u00a0\u00bb). Apporter votre harpe et un pupitre. Contacter Dimitri d\u00e8s que possible pour retenir votre place, le stage se remplit toujours vite !<br \/>\n<a href=\"http:\/\/www.harpes-dimitri.eu\">http:\/\/www.harpes-dimitri.eu<\/a><\/span><br \/>\n<img loading=\"lazy\" decoding=\"async\" class=\"alignnone size-medium wp-image-46\" src=\"http:\/\/www.sevenadur.org\/2017\/wp-content\/uploads\/sites\/4\/2017\/02\/Dimitri-225x300.jpg\" alt=\"\" width=\"225\" height=\"300\" \/><\/h6>\n<h6><\/h6>\n<h6><\/h6>\n<hr \/>\n<h6><\/h6>\n<h6><span style=\"color: #993300; font-size: 12pt;\"><strong><span style=\"font-family: Trebuchet MS,Geneva;\">Stage de danse<\/span><\/strong><\/span><\/h6>\n<h6><span style=\"font-family: Trebuchet MS,Geneva; font-size: 10pt; color: #e80c30;\"><strong>Samedi 25 f\u00e9vrier | Stage de danses de Haute-Bretagne<\/strong><\/span><span style=\"font-family: Trebuchet MS,Geneva; font-size: 8pt;\"><strong><br \/>\nCercle Celtique de Rennes \u00e0 la Ferme de la Harpe \u00e0 Rennes<br \/>\nDemi-journ\u00e9e : 6 \u20ac et journ\u00e9e compl\u00e8te : 10 \u20ac (pour les adh\u00e9rents du Cercle Celtique et Kendalc\u2019h 35) Personnes non adh\u00e9rentes : demi-journ\u00e9e 9 \u20ac et journ\u00e9e compl\u00e8te 15 \u20ac + repas \u00e0 apporter<\/strong><br \/>\n<strong>Renseignements : Corentin Neveu : 06 23 99 87 24 &#8211; neveucorentin@gmail.com<\/strong><br \/>\nProgramme de danses : Avant deux<br \/>\n&#8211; Pays de Dinan : Trompeuse de Dinan, Avant deux de Saint-Aaron, Gu\u00e9dennes de Rance.<br \/>\n&#8211; Pays de Rennes : Avant deux du Coglais, Les vieux en avant deux, Rassembl\u00e9e, Avant deux de G\u00e9vez\u00e9.<br \/>\nCorentin Neveu a plus d\u2019une vingtaine d\u2019ann\u00e9es de pratique de la danse bretonne en cercle celtique : Groupe Gallo breton de Rennes (groupe enfant), Cercle Celtique de Rennes (groupe ado et adulte de 1\u00e8re cat\u00e9gorie Kendalc\u2019h) et Les Perri\u00e8res de Cesson-S\u00e9vign\u00e9 (groupe adulte de 1\u00e8re cat\u00e9gorie War\u2019l Leur). Depuis 6 ans il enseigne la danse bretonne en cours loisir au Cercle Celtique de Cesson-S\u00e9vign\u00e9, \u00e0 Chateaugiron et \u00e0 Noyal-sur-Vilaine.<br \/>\n<img loading=\"lazy\" decoding=\"async\" class=\"alignnone size-medium wp-image-45\" src=\"http:\/\/www.sevenadur.org\/2017\/wp-content\/uploads\/sites\/4\/2017\/02\/Danses-de-Haute-Bretagne-169x300.jpg\" alt=\"\" width=\"169\" height=\"300\" \/><br \/>\n<\/span><\/h6>\n<hr \/>\n<h6><\/h6>\n<h6><span style=\"color: #993300; font-size: 12pt;\"><strong><span style=\"font-family: Trebuchet MS,Geneva;\">Stage de broderie<\/span><\/strong><\/span><\/h6>\n<h6><span style=\"font-family: Trebuchet MS,Geneva; font-size: 10pt;\"><strong>Samedi 25 f\u00e9vrier | Stage de broderie<br \/>\n<\/strong><\/span><span style=\"font-family: Trebuchet MS,Geneva; font-size: 8pt;\"><strong>Maison de retraite St-Cy, rue Papu \u00e0 Rennes s | de 9h30 \u00e0 17h30 s | un kit (un carr\u00e9 de tissu, du fil, un mod\u00e8le technique, une aiguille) de 10 \u20ac pour une initiation + repas \u00e0 apporter<br \/>\nRenseignements : Marie-Odile Plelan : 02 99 35 01 55 &#8211; mo.plelan@orange.fr<\/strong><br \/>\n<\/span><span style=\"font-size: 8pt;\">Venez broder avec le groupe de brodeuses du Cercle Celtique de Rennes. Apportez vos ouvrages, commenc\u00e9s ou non, pour en parler, les continuer ou tout simplement les montrer. Pour une initiation, un kit vous sera propos\u00e9. Exposition d&rsquo;ouvrages r\u00e9alis\u00e9s par l&rsquo;atelier.<br \/>\n<img loading=\"lazy\" decoding=\"async\" class=\"alignnone size-medium wp-image-44\" src=\"http:\/\/www.sevenadur.org\/2017\/wp-content\/uploads\/sites\/4\/2017\/02\/Broderie-300x174.jpg\" alt=\"\" width=\"300\" height=\"174\" \/><br \/>\n<\/span><\/h6>\n<h6><\/h6>\n<hr \/>\n<h6><\/h6>\n<h6><span style=\"color: #993300; font-size: 12pt;\"><strong><span style=\"font-family: Trebuchet MS,Geneva;\">Stage de contes<\/span><\/strong><\/span><\/h6>\n<h6><span style=\"font-family: Trebuchet MS,Geneva; font-size: 10pt;\"><strong><span style=\"color: #e80c30;\">Samedi 25 f\u00e9vrier | Stage de contes avec Xavier Les\u00e8che<\/span><br \/>\n<\/strong><\/span><span style=\"font-family: Trebuchet MS,Geneva; font-size: 8pt;\"><strong>Cercle Celtique de Rennes \u00e0 la Ferme de la Harpe \u00e0 Rennes | de 10h \u00e0 18h suivi des portes ouvertes | 25\u20ac + repas \u00e0 apporter<br \/>\nRenseignements : 06 87 15 05 29<br \/>\n<img loading=\"lazy\" decoding=\"async\" class=\"alignnone size-medium wp-image-190\" src=\"http:\/\/www.sevenadur.org\/2017\/wp-content\/uploads\/sites\/4\/2017\/02\/Xavier-Les\u00e8che9-300x300.jpg\" alt=\"\" width=\"300\" height=\"300\" \/><br \/>\n<\/strong><\/span><\/h6>\n","protected":false},"excerpt":{"rendered":"<p>Stages et ateliers de musique Les ateliers et stages propos\u00e9s par Sevenadur sont organis\u00e9s par le Cercle Celtique de Rennes, l\u2019association Gallo Tonic et le cercle montfortais. Cette ann\u00e9e, Gallo Tonic propose un stage de chant sur le Pays gu\u00e9randais. &hellip; <a href=\"https:\/\/www.sevenadur.org\/2017\/stages\">Continuer la lecture <span class=\"meta-nav\">&rarr;<\/span><\/a><\/p>\n","protected":false},"author":1,"featured_media":0,"parent":0,"menu_order":0,"comment_status":"closed","ping_status":"closed","template":"","meta":{"_vp_format_video_url":"","_vp_image_focal_point":[],"footnotes":""},"class_list":["post-29","page","type-page","status-publish","hentry"],"_links":{"self":[{"href":"https:\/\/www.sevenadur.org\/2017\/wp-json\/wp\/v2\/pages\/29","targetHints":{"allow":["GET"]}}],"collection":[{"href":"https:\/\/www.sevenadur.org\/2017\/wp-json\/wp\/v2\/pages"}],"about":[{"href":"https:\/\/www.sevenadur.org\/2017\/wp-json\/wp\/v2\/types\/page"}],"author":[{"embeddable":true,"href":"https:\/\/www.sevenadur.org\/2017\/wp-json\/wp\/v2\/users\/1"}],"replies":[{"embeddable":true,"href":"https:\/\/www.sevenadur.org\/2017\/wp-json\/wp\/v2\/comments?post=29"}],"version-history":[{"count":22,"href":"https:\/\/www.sevenadur.org\/2017\/wp-json\/wp\/v2\/pages\/29\/revisions"}],"predecessor-version":[{"id":193,"href":"https:\/\/www.sevenadur.org\/2017\/wp-json\/wp\/v2\/pages\/29\/revisions\/193"}],"wp:attachment":[{"href":"https:\/\/www.sevenadur.org\/2017\/wp-json\/wp\/v2\/media?parent=29"}],"curies":[{"name":"wp","href":"https:\/\/api.w.org\/{rel}","templated":true}]}}