{"id":25,"date":"2017-02-02T01:35:37","date_gmt":"2017-02-02T00:35:37","guid":{"rendered":"http:\/\/www.sevenadur.org\/2017\/?page_id=25"},"modified":"2017-02-09T12:07:59","modified_gmt":"2017-02-09T11:07:59","slug":"jeunesse","status":"publish","type":"page","link":"https:\/\/www.sevenadur.org\/2017\/jeunesse","title":{"rendered":"\u25a0 Jeunesse"},"content":{"rendered":"<h6><span style=\"font-family: Trebuchet MS,Geneva; color: #000000;\"><strong>Informations et r\u00e9servations : 02 99 54 36 45 \u2013 mediation@cercleceltiquederennes.org \u2013 Inscription \u00e0 la journ\u00e9e \u2013 Pr\u00e9voir le pique-nique | Au Cercle Celtique de Rennes, Ferme de la Harpe \/ De 9h30 \u00e0 17h30 (accueil d\u00e8s 9h jusqu\u2019\u00e0 18h)<\/strong><\/span><\/h6>\n<h6><span style=\"color: #ff9900;\"><span style=\"font-size: 10pt;\"><strong><span style=\"font-family: Trebuchet MS,Geneva;\"><span style=\"color: #ff9900;\">\u25a0<\/span> Mercredi 22 f\u00e9vrier<\/span><\/strong><\/span> <span style=\"font-family: Trebuchet MS,Geneva; font-size: 10pt;\"><strong>|<\/strong> <\/span><\/span><span style=\"font-family: Trebuchet MS,Geneva;\"><span style=\"color: #ff9900; font-size: 10pt;\">R\u00e9invente le quartier \u00ab\u00a0Ker Yann\u00a0\u00bb<\/span><br \/>\n<strong><span style=\"color: #ff9900; font-size: 10pt;\">De 6 \u00e0 12 ans | 5 \u20ac<\/span><br \/>\n<\/strong>Apr\u00e8s la d\u00e9couverte &#8211; ou la red\u00e9couverte &#8211; d&rsquo;une artiste engag\u00e9e dans le renouveau de Beauregard (Aur\u00e9lie Nemours) lors de la visite du Mus\u00e9e des beaux-arts, trois ateliers sont organis\u00e9s en collaboration avec le Centre Social de Villejean pour r\u00e9inventer le quartier \u00e0 travers :<br \/>\n&#8211; <\/span><span style=\"font-family: Trebuchet MS,Geneva; font-size: 8pt;\">un jeu de collage \u00ab\u00a0\u00e0 plat\u00a0\u00bb o\u00f9 les couleurs seront privil\u00e9gi\u00e9es<br \/>\n&#8211; des constructions en 3D qui revisitent le quartier \u00ab\u00a0tout en dentelle\u00a0\u00bb (et broderies !)<br \/>\n&#8211; des jeux linguistiques pour rebaptiser nos rues en s&rsquo;inspirant des terminologies de Bretagne\u2026 et d&rsquo;ailleurs !<br \/>\n<\/span><span style=\"font-family: Trebuchet MS,Geneva;\">Une exposition photos \u00e0 suivre immortalisera les \u0153uvres r\u00e9alis\u00e9es.<\/span><\/h6>\n<h6><span style=\"color: #ff9900; font-size: 10pt;\"><strong><span style=\"font-family: Trebuchet MS,Geneva;\">\u25a0 Mercredi 22 f\u00e9vrier<\/span><\/strong> <span style=\"font-family: Trebuchet MS,Geneva;\"><strong>| <\/strong><\/span><\/span><span style=\"font-family: Trebuchet MS,Geneva;\"><span style=\"color: #ff9900; font-size: 10pt;\">Stage de broderie<\/span><br \/>\n<strong>\u00c0 partir de 8 ans | 10 \u20ac<br \/>\n<\/strong>Accompagn\u00e9(e) par les brodeuses du Cercle Celtique, les enfants r\u00e9alisent une broderie originale et font ainsi revivre ce savoir-faire ancien en l&rsquo;adaptant \u00e0 leurs go\u00fbts.<\/span><\/h6>\n<p><img loading=\"lazy\" decoding=\"async\" class=\"wp-image-51 alignleft\" src=\"http:\/\/www.sevenadur.org\/2017\/wp-content\/uploads\/sites\/4\/2017\/02\/Broderie-enfants-225x300.jpg\" alt=\"\" width=\"180\" height=\"238\" \/><\/p>\n<p>&nbsp;<\/p>\n<hr \/>\n<h6><span style=\"color: #ff9900;\"><strong><span style=\"font-size: 10pt;\"><span style=\"font-family: Trebuchet MS,Geneva;\"><br \/>\n\u25a0 Jeudi 23 f\u00e9vrier<\/span> <span style=\"font-family: Trebuchet MS,Geneva;\">|<\/span> <\/span><\/strong><\/span><span style=\"font-family: Trebuchet MS,Geneva;\"><span style=\"color: #ff9900;\"><strong><span style=\"font-size: 10pt;\">Calligraphie, peinture chinoise pour la r\u00e9alisation d\u2019un mah-jong sino-breton !<\/span><\/strong><\/span><br \/>\n<strong>De 6 \u00e0 12 ans | 5 \u20ac<br \/>\n<\/strong>Plusieurs ateliers (calligraphie, langue, collage\u2026) encadr\u00e9s par les animateurs de l&rsquo;Institut Confucius et du Cercle Celtique de Rennes concourront \u00e0 la cr\u00e9ation d&rsquo;un mah-jong g\u00e9ant s&rsquo;inspirant des cultures chinoises et bretonnes avant de terminer par une partie tout aussi g\u00e9ante et un atelier chant o\u00f9 nous apprendrons \u00e0 compter\u2026 en chinois\u00a0!<\/span><\/h6>\n<hr \/>\n<h6><\/h6>\n<h6><strong><span style=\"font-family: Trebuchet MS,Geneva;\"><span style=\"font-size: 10pt; color: #ff9900;\">\u25a0 Vendredi 24 f\u00e9vrier | Sous le soleil de Guin\u00e9e<\/span><br \/>\n<\/span><\/strong><span style=\"font-family: Trebuchet MS,Geneva;\"><br \/>\n<span style=\"font-size: 10pt; color: #ff9900;\">La Bretagne aux rythmes de la Guin\u00e9e<\/span><br \/>\n<strong>De 6 \u00e0 11 ans | 10 \u20ac<br \/>\n<\/strong>En association avec MusikaD&rsquo;Art Association, un programme riche et rythm\u00e9 attend les enfants qui viendront d\u00e9couvrir la culture guin\u00e9enne\u00a0: rencontre du musicien Doura Barry, d\u00e9couverte des instruments de musique guin\u00e9ens de chants guin\u00e9ens, cuisine guin\u00e9enne, costumes, danses bretonnes et guin\u00e9ennes,&#8230;<\/span><\/h6>\n<h6><span style=\"font-family: Trebuchet MS,Geneva; font-size: 10pt; color: #ff9900;\">Musique d&rsquo;ensemble<br \/>\n<\/span><span style=\"font-family: Trebuchet MS,Geneva;\"><strong>\u00c0 partir de 10 ans | 10 \u20ac<br \/>\n<\/strong>Encadr\u00e9s par les musiciens du Cercle Celtique de Rennes, les jeunes musiciens (ayant au minimum deux ou trois ans de pratique instrumentale) travailleront un morceau en commun qu&rsquo;ils pourront restituer dans le cadre de la soir\u00e9e.<br \/>\n<img loading=\"lazy\" decoding=\"async\" class=\"wp-image-54 alignleft\" src=\"http:\/\/www.sevenadur.org\/2017\/wp-content\/uploads\/sites\/4\/2017\/02\/Musique-d\u2019ensemble-enfants-225x300.jpg\" alt=\"\" width=\"165\" height=\"199\" \/><br \/>\n<\/span><\/h6>\n<h6><\/h6>\n<h6><\/h6>\n<h6><\/h6>\n<h6><\/h6>\n<h6><\/h6>\n<h6><\/h6>\n<h6><span style=\"color: #ff9900;\"><strong><span style=\"font-family: Trebuchet MS,Geneva; font-size: 10pt;\">Kiffe ta Breizh | Sp\u00e9cial 11-15 ans\u00a0!<\/span><\/strong><\/span><\/h6>\n<h6><span style=\"font-family: Trebuchet MS,Geneva;\"><strong><img loading=\"lazy\" decoding=\"async\" class=\"alignleft wp-image-53\" src=\"http:\/\/www.sevenadur.org\/2017\/wp-content\/uploads\/sites\/4\/2017\/02\/Kiffe-ta-Breizh-300x169.jpg\" alt=\"\" width=\"222\" height=\"133\" \/>\u00c0 partir de 11 ans | 5 \u20ac<\/strong><\/span><\/h6>\n<h6><span style=\"font-family: Trebuchet MS,Geneva;\">Prends ton badge et\u00a0 glisse toi dans la peau d&rsquo;un organisateur de soir\u00e9e. Viens rejoindre une \u00e9quipe de jeunes b\u00e9n\u00e9voles ultra m\u00e9ga \u2026.motiv\u00e9e\u00a0!!!<\/span><br \/>\n<span style=\"font-family: Trebuchet MS,Geneva;\"> Ta mission\u00a0: \u00catre le ma\u00eetre de c\u00e9r\u00e9monie\u00a0 et oui c&rsquo;est toi qu&rsquo;assure l\u2019accueil de nos artistes\u00a0: backstage, billetterie, artistes, bar \u00e0 jus, musique, danse, lumi\u00e8res, sono<\/span><br \/>\n<span style=\"font-family: Trebuchet MS,Geneva;\"> La Guin\u00e9e est \u00e0 l&rsquo;honneur,\u00a0 laisse aller ton imagination\u2026 Pour accueillir un invit\u00e9 d&rsquo;exception Doura Barry\u00a0et les musiciens du Cercle !<\/span><\/h6>\n<h6><span style=\"font-size: 10pt; color: #ff9900;\"><strong><span style=\"font-family: Trebuchet MS,Geneva;\">Ka hirdh\u00e9 noz<\/span><\/strong><\/span><\/h6>\n<h6><span style=\"font-family: Trebuchet MS,Geneva;\"><strong><img loading=\"lazy\" decoding=\"async\" class=\"alignleft size-medium wp-image-52\" src=\"http:\/\/www.sevenadur.org\/2017\/wp-content\/uploads\/sites\/4\/2017\/02\/Ka-hirdh\u00e9-noz-300x169.jpg\" alt=\"\" width=\"300\" height=\"169\" \/>\u00c0 partir de 20h30 | entr\u00e9e libre<\/strong><\/span><\/h6>\n<h6><span style=\"font-family: Trebuchet MS,Geneva;\">Une soir\u00e9e in\u00e9dite de rencontre entre la musique et les danses guin\u00e9ennes et bretonnes &#8230; Un moment convivial pour tous (danses bretonnes et guin\u00e9ennes emmen\u00e9es). Les parents et les fr\u00e8res et s\u0153urs, ainsi que les voisins et amis sont -\u00e9videmment- gracieusement invit\u00e9s \u00e0 ce Ka Hird\u00e9 Noz exceptionnel.<\/span><\/h6>\n","protected":false},"excerpt":{"rendered":"<p>Informations et r\u00e9servations : 02 99 54 36 45 \u2013 mediation@cercleceltiquederennes.org \u2013 Inscription \u00e0 la journ\u00e9e \u2013 Pr\u00e9voir le pique-nique | Au Cercle Celtique de Rennes, Ferme de la Harpe \/ De 9h30 \u00e0 17h30 (accueil d\u00e8s 9h jusqu\u2019\u00e0 18h) &hellip; <a href=\"https:\/\/www.sevenadur.org\/2017\/jeunesse\">Continuer la lecture <span class=\"meta-nav\">&rarr;<\/span><\/a><\/p>\n","protected":false},"author":1,"featured_media":0,"parent":0,"menu_order":0,"comment_status":"closed","ping_status":"closed","template":"","meta":{"_vp_format_video_url":"","_vp_image_focal_point":[],"footnotes":""},"class_list":["post-25","page","type-page","status-publish","hentry"],"_links":{"self":[{"href":"https:\/\/www.sevenadur.org\/2017\/wp-json\/wp\/v2\/pages\/25","targetHints":{"allow":["GET"]}}],"collection":[{"href":"https:\/\/www.sevenadur.org\/2017\/wp-json\/wp\/v2\/pages"}],"about":[{"href":"https:\/\/www.sevenadur.org\/2017\/wp-json\/wp\/v2\/types\/page"}],"author":[{"embeddable":true,"href":"https:\/\/www.sevenadur.org\/2017\/wp-json\/wp\/v2\/users\/1"}],"replies":[{"embeddable":true,"href":"https:\/\/www.sevenadur.org\/2017\/wp-json\/wp\/v2\/comments?post=25"}],"version-history":[{"count":30,"href":"https:\/\/www.sevenadur.org\/2017\/wp-json\/wp\/v2\/pages\/25\/revisions"}],"predecessor-version":[{"id":235,"href":"https:\/\/www.sevenadur.org\/2017\/wp-json\/wp\/v2\/pages\/25\/revisions\/235"}],"wp:attachment":[{"href":"https:\/\/www.sevenadur.org\/2017\/wp-json\/wp\/v2\/media?parent=25"}],"curies":[{"name":"wp","href":"https:\/\/api.w.org\/{rel}","templated":true}]}}