{"id":202,"date":"2017-02-07T19:03:31","date_gmt":"2017-02-07T18:03:31","guid":{"rendered":"http:\/\/www.sevenadur.org\/2017\/?page_id=202"},"modified":"2017-02-07T19:03:31","modified_gmt":"2017-02-07T18:03:31","slug":"stage-de-conte","status":"publish","type":"page","link":"https:\/\/www.sevenadur.org\/2017\/stage-de-conte","title":{"rendered":"Stage de conte"},"content":{"rendered":"<h6><span style=\"color: #993300; font-size: 12pt;\"><strong><span style=\"font-family: Trebuchet MS,Geneva;\">Stage de contes<\/span><\/strong><\/span><\/h6>\n<h6><span style=\"font-family: Trebuchet MS,Geneva; font-size: 10pt;\"><strong><span style=\"color: #e80c30;\">Samedi 25 f\u00e9vrier | Stage de contes avec Xavier Les\u00e8che<\/span><br \/>\n<\/strong><\/span><span style=\"font-family: Trebuchet MS,Geneva; font-size: 8pt;\"><strong>Cercle Celtique de Rennes \u00e0 la Ferme de la Harpe \u00e0 Rennes | de 10h \u00e0 18h suivi des portes ouvertes | 25\u20ac + repas \u00e0 apporter<br \/>\nRenseignements : 06 87 15 05 29<br \/>\n<img loading=\"lazy\" decoding=\"async\" class=\"alignnone size-medium wp-image-190\" src=\"http:\/\/www.sevenadur.org\/2017\/wp-content\/uploads\/sites\/4\/2017\/02\/Xavier-Les\u00e8che9-300x300.jpg\" alt=\"\" width=\"300\" height=\"300\" \/><\/strong><\/span><\/h6>\n","protected":false},"excerpt":{"rendered":"<p>Stage de contes Samedi 25 f\u00e9vrier | Stage de contes avec Xavier Les\u00e8che Cercle Celtique de Rennes \u00e0 la Ferme de la Harpe \u00e0 Rennes | de 10h \u00e0 18h suivi des portes ouvertes | 25\u20ac + repas \u00e0 apporter &hellip; <a href=\"https:\/\/www.sevenadur.org\/2017\/stage-de-conte\">Continuer la lecture <span class=\"meta-nav\">&rarr;<\/span><\/a><\/p>\n","protected":false},"author":1,"featured_media":0,"parent":0,"menu_order":0,"comment_status":"closed","ping_status":"closed","template":"","meta":{"_vp_format_video_url":"","_vp_image_focal_point":[],"footnotes":""},"class_list":["post-202","page","type-page","status-publish","hentry"],"_links":{"self":[{"href":"https:\/\/www.sevenadur.org\/2017\/wp-json\/wp\/v2\/pages\/202","targetHints":{"allow":["GET"]}}],"collection":[{"href":"https:\/\/www.sevenadur.org\/2017\/wp-json\/wp\/v2\/pages"}],"about":[{"href":"https:\/\/www.sevenadur.org\/2017\/wp-json\/wp\/v2\/types\/page"}],"author":[{"embeddable":true,"href":"https:\/\/www.sevenadur.org\/2017\/wp-json\/wp\/v2\/users\/1"}],"replies":[{"embeddable":true,"href":"https:\/\/www.sevenadur.org\/2017\/wp-json\/wp\/v2\/comments?post=202"}],"version-history":[{"count":1,"href":"https:\/\/www.sevenadur.org\/2017\/wp-json\/wp\/v2\/pages\/202\/revisions"}],"predecessor-version":[{"id":203,"href":"https:\/\/www.sevenadur.org\/2017\/wp-json\/wp\/v2\/pages\/202\/revisions\/203"}],"wp:attachment":[{"href":"https:\/\/www.sevenadur.org\/2017\/wp-json\/wp\/v2\/media?parent=202"}],"curies":[{"name":"wp","href":"https:\/\/api.w.org\/{rel}","templated":true}]}}