{"id":32,"date":"2020-01-14T16:41:40","date_gmt":"2020-01-14T15:41:40","guid":{"rendered":"http:\/\/www.sevenadur.org\/2020\/?page_id=32"},"modified":"2020-02-03T11:05:49","modified_gmt":"2020-02-03T10:05:49","slug":"stages","status":"publish","type":"page","link":"http:\/\/www.sevenadur.org\/2020\/stages\/","title":{"rendered":"Stages"},"content":{"rendered":"\n<div style=\"height:52px\" aria-hidden=\"true\" class=\"wp-block-spacer\"><\/div>\n\n\n\n<div class=\"wp-block-cover has-pale-cyan-blue-background-color has-background-dim\" style=\"min-height:90px;aspect-ratio:unset;\"><div class=\"wp-block-cover__inner-container is-layout-flow wp-block-cover-is-layout-flow\">\n<p class=\"has-text-align-left has-large-font-size\"><strong>Stage de danses du pays de Dinan anim\u00e9 par Corentin Neveu <\/strong><\/p>\n<\/div><\/div>\n\n\n\n<div style=\"height:70px\" aria-hidden=\"true\" class=\"wp-block-spacer\"><\/div>\n\n\n\n<div class=\"wp-block-media-text alignwide\"><figure class=\"wp-block-media-text__media\"><img loading=\"lazy\" decoding=\"async\" width=\"259\" height=\"194\" src=\"http:\/\/www.sevenadur.org\/2020\/wp-content\/uploads\/sites\/7\/2020\/01\/images.jpg\" alt=\"\" class=\"wp-image-127\" \/><\/figure><div class=\"wp-block-media-text__content\">\n<p class=\"has-medium-font-size\"><strong><em>Samedi 7 mars<\/em><\/strong> <\/p>\n\n\n\n<p class=\"has-normal-font-size\">La Rimandelle de Ch\u00e2teaugiron vous invite \u00e0 participer \u00e0 son stage d\u2019initiation aux danses du pays de Dinan. L\u2019id\u00e9e de ce stage est de former des non-initi\u00e9s aux danses bretonnes. (Gu\u00e9dennes de Rance, trompeuse de Dinan, Gu\u00e9dennes d&rsquo;Erquy, Gu\u00e9dennes de Gourlay, Pil\u00e9es de Saint-Carn\u00e9es, Pil\u00e9es de Qu\u00e9vert, Bal de Broons, et plus si affinit\u00e9). L\u2019animateur, Corentin Neveu, (danseur depuis 25 ans dont 10 ann\u00e9es \u00e0 enseigner) vous propose de d\u00e9couvrir ces danses avec lui.  <\/p>\n\n\n\n<p class=\"has-small-font-size\"><strong>Salle des Polkas \u00e0 l&rsquo;Orangerie, rue de l&rsquo;Orangerie \u00e0 Ch\u00e2teaugiron &#8211; 9h30\/17h &#8211; Tarifs : Journ\u00e9e enti\u00e8re&nbsp; : 7 \u20ac 1\/2 journ\u00e9e : 5 \u20ac<\/strong> <strong>Possibilit\u00e9 d&rsquo;un forfait stage + Fest-Noz du 14 mars 2020 : Journ\u00e9e enti\u00e8re + Fest-Noz : 12 \u20ac 1\/2 journ\u00e9e + Fest-Noz : 10\u20ac&nbsp; Renseignements et Inscriptions :&nbsp;Corentin au 06 23 99 87 24&nbsp;<\/strong> <\/p>\n<\/div><\/div>\n\n\n\n<div style=\"height:70px\" aria-hidden=\"true\" class=\"wp-block-spacer\"><\/div>\n\n\n\n<hr class=\"wp-block-separator is-style-wide\" \/>\n\n\n\n<div style=\"height:70px\" aria-hidden=\"true\" class=\"wp-block-spacer\"><\/div>\n\n\n\n<div class=\"wp-block-cover has-pale-cyan-blue-background-color has-background-dim\" style=\"min-height:90px;aspect-ratio:unset;\"><div class=\"wp-block-cover__inner-container is-layout-flow wp-block-cover-is-layout-flow\">\n<p class=\"has-text-align-left has-large-font-size\"><strong>Stage sonneurs avec Louri Derrien, Stage de plinn<\/strong> <\/p>\n<\/div><\/div>\n\n\n\n<div style=\"height:100px\" aria-hidden=\"true\" class=\"wp-block-spacer\"><\/div>\n\n\n\n<figure class=\"wp-block-image size-large\"><img loading=\"lazy\" decoding=\"async\" width=\"775\" height=\"775\" src=\"http:\/\/www.sevenadur.org\/2020\/wp-content\/uploads\/sites\/7\/2020\/01\/Photo-Louri-DERRIEN.jpg\" alt=\"\" class=\"wp-image-117\" srcset=\"http:\/\/www.sevenadur.org\/2020\/wp-content\/uploads\/sites\/7\/2020\/01\/Photo-Louri-DERRIEN.jpg 775w, http:\/\/www.sevenadur.org\/2020\/wp-content\/uploads\/sites\/7\/2020\/01\/Photo-Louri-DERRIEN-300x300.jpg 300w, http:\/\/www.sevenadur.org\/2020\/wp-content\/uploads\/sites\/7\/2020\/01\/Photo-Louri-DERRIEN-150x150.jpg 150w, http:\/\/www.sevenadur.org\/2020\/wp-content\/uploads\/sites\/7\/2020\/01\/Photo-Louri-DERRIEN-768x768.jpg 768w\" sizes=\"auto, (max-width: 775px) 100vw, 775px\" \/><\/figure>\n\n\n\n<div style=\"height:70px\" aria-hidden=\"true\" class=\"wp-block-spacer\"><\/div>\n\n\n\n<p class=\"has-medium-font-size\"><strong><em>Samedi 7 mars<\/em><\/strong><\/p>\n\n\n\n<p>Tomb\u00e9 tr\u00e8s t\u00f4t dans la marmite de la culture populaire traditionnelle centre-bretonne, Louri Derrien commence \u00e0 faire danser les gens en fest-noz par le kan-ha-diskan. Il d\u00e9cide ensuite de se mettre au biniou kozh et \u00e0 la bombarde, qu\u2019il apprend d\u2019abord en autodidacte, puis au sein du bagad de Bourbriac. Il sonne aujourd&rsquo;hui avec Elouan Le Sauze. Le couple Derrien\/Le Sauze se sp\u00e9cialise dans les terroirs Plinn et Fisel et se d\u00e9marque dans plusieurs concours de sonneurs (1er prix aux Concours Fisel de 2017 et 2018, 1er prix au concours Plinn de 2018). Louri ne cesse aujourd\u2019hui d\u2019explorer la musique bretonne \u00e0 travers diverses formations (Bitraak, Modkozmik, Derrien\/Le Gallic, Arn\u2019) et fait partie du 7\u00e8me collectif de Kreiz Breizh Akademi dirig\u00e9 par Erik Marchand. Ce stage permettra d&rsquo;explorer dans un premier temps le terroir Fa\u00f1ch\/Plinn, tant historiquement, g\u00e9ographiquement que culturellement. Ensuite, a partir d&rsquo;exemples issus d&rsquo;enregistrements de collectage, le stage abordera les notions de r\u00e9pertoire et de styles li\u00e9s \u00e0 la da\u00f1s Plinn.<\/p>\n\n\n\n<p class=\"has-small-font-size\"><strong>CCR, Ferme de la Harpe, Rennes &#8211; 9h30 \/ 17h &#8211; Tarif : 40 \u20ac &#8211; Renseignements et inscriptions 02 99 54 36 45 &#8211; contact@cercleceltiquederennes.org<\/strong> <\/p>\n\n\n\n<div style=\"height:70px\" aria-hidden=\"true\" class=\"wp-block-spacer\"><\/div>\n\n\n\n<hr class=\"wp-block-separator is-style-wide\" \/>\n\n\n\n<div style=\"height:100px\" aria-hidden=\"true\" class=\"wp-block-spacer\"><\/div>\n\n\n\n<div class=\"wp-block-cover has-pale-cyan-blue-background-color has-background-dim\" style=\"min-height:90px;aspect-ratio:unset;\"><div class=\"wp-block-cover__inner-container is-layout-flow wp-block-cover-is-layout-flow\">\n<p class=\"has-text-align-left has-large-font-size\">Stage de chant \u00ab\u00a0kan-ha-diskan\u00a0\u00bb avec Alan &lsquo;Rouz<\/p>\n<\/div><\/div>\n\n\n\n<div style=\"height:100px\" aria-hidden=\"true\" class=\"wp-block-spacer\"><\/div>\n\n\n\n<div class=\"wp-block-image\"><figure class=\"aligncenter size-large\"><img loading=\"lazy\" decoding=\"async\" width=\"681\" height=\"1024\" src=\"http:\/\/www.sevenadur.org\/2020\/wp-content\/uploads\/sites\/7\/2020\/01\/DSC_8993-681x1024.jpg\" alt=\"\" class=\"wp-image-118\" srcset=\"http:\/\/www.sevenadur.org\/2020\/wp-content\/uploads\/sites\/7\/2020\/01\/DSC_8993-681x1024.jpg 681w, http:\/\/www.sevenadur.org\/2020\/wp-content\/uploads\/sites\/7\/2020\/01\/DSC_8993-200x300.jpg 200w, http:\/\/www.sevenadur.org\/2020\/wp-content\/uploads\/sites\/7\/2020\/01\/DSC_8993-768x1154.jpg 768w, http:\/\/www.sevenadur.org\/2020\/wp-content\/uploads\/sites\/7\/2020\/01\/DSC_8993-1022x1536.jpg 1022w, http:\/\/www.sevenadur.org\/2020\/wp-content\/uploads\/sites\/7\/2020\/01\/DSC_8993-1363x2048.jpg 1363w, http:\/\/www.sevenadur.org\/2020\/wp-content\/uploads\/sites\/7\/2020\/01\/DSC_8993-scaled.jpg 1703w\" sizes=\"auto, (max-width: 681px) 100vw, 681px\" \/><\/figure><\/div>\n\n\n\n<div style=\"height:70px\" aria-hidden=\"true\" class=\"wp-block-spacer\"><\/div>\n\n\n\n<p class=\"has-medium-font-size\"><strong><em>Samedi 7 mars<\/em><\/strong><\/p>\n\n\n\n<p>\u00c0 partir du th\u00e8me des v\u00eatements dans les chants populaires, et notamment ceux destin\u00e9s \u00e0 la danse, Alan &lsquo;Rouz proposera de travailler sur trois th\u00e8mes de basse Bretagne chant\u00e9s par les fr\u00e8res Morvan et les s\u0153urs Goadec. Le singulier air de danse plinn \u00ab\u00a0an inta\u00f1vez\u00a0\u00bb peu chant\u00e9 et pourtant int\u00e9ressant sur le plan du texte et du phras\u00e9 de la danse r\u00e9duit \u00e0 sa plus simple expression : un bal (tamm kreiz ou bal fisel) peu connu, \u00ab\u00a0Disul d&rsquo;ar beure, beure\u00a0\u00bb, dans sa belle version longue, tr\u00e8s peu chant\u00e9 \u00e9galement. Enfin un air de gavotte double \u00ab\u00a0ar spilho\u00f9\u00a0\u00bb qui a la particularit\u00e9 de ne pas comporter de ritournelle et donc de baser le phras\u00e9, les ornementations et le swing uniquement sur le texte. Le premier est sur une veuve qui fait changer de garde-robe \u00e0 Yann ou plut\u00f4t impose un \u00ab\u00a0dress code\u00a0\u00bb qui se r\u00e9duit aux noms port\u00e9s par les diff\u00e9rents v\u00eatements. Le second souligne, avec un certain conservatisme ou un humour espi\u00e8gle, qu&rsquo;\u00e0 chaque \u00e9tat correspond son v\u00eatement. Quelle d\u00e9cadence cette tendance qui consiste \u00e0 l&rsquo;oublier\u00a0! Le dernier, sur le mode de l&rsquo;\u00e9loge paradoxal, vante les m\u00e9rites divers et insoup\u00e7onn\u00e9s des&#8230; \u00e9pingles\u00a0!<\/p>\n\n\n\n<p class=\"has-small-font-size\"><strong>CCR , Ferme de la Harpe &#8211; 9h30 \/ 17h\u00a0&#8211; Tarif : 40 \u20ac\u00a0 Renseignements et inscriptions : CCR 02 99 54 46 45 contact@cercleceltiquederennes.org<\/strong><\/p>\n\n\n\n<div style=\"height:70px\" aria-hidden=\"true\" class=\"wp-block-spacer\"><\/div>\n\n\n\n<hr class=\"wp-block-separator is-style-wide\" \/>\n\n\n\n<div style=\"height:100px\" aria-hidden=\"true\" class=\"wp-block-spacer\"><\/div>\n\n\n\n<div class=\"wp-block-cover has-pale-cyan-blue-background-color has-background-dim\" style=\"min-height:90px;aspect-ratio:unset;\"><div class=\"wp-block-cover__inner-container is-layout-flow wp-block-cover-is-layout-flow\">\n<p class=\"has-text-align-left has-large-font-size\"><strong>Stage de broderie avec Paul Balbous<\/strong><\/p>\n<\/div><\/div>\n\n\n\n<div style=\"height:70px\" aria-hidden=\"true\" class=\"wp-block-spacer\"><\/div>\n\n\n\n<div class=\"wp-block-media-text alignwide\"><figure class=\"wp-block-media-text__media\"><img loading=\"lazy\" decoding=\"async\" width=\"188\" height=\"268\" src=\"http:\/\/www.sevenadur.org\/2020\/wp-content\/uploads\/sites\/7\/2020\/01\/image-1.png\" alt=\"\" class=\"wp-image-119\" \/><\/figure><div class=\"wp-block-media-text__content\">\n<p class=\"has-medium-font-size\"><strong><em>Samedi 7 et Dimanche 8 mars<\/em><\/strong><\/p>\n\n\n\n<p class=\"has-normal-font-size\">Bien que brodeur professionnel bien connu dans le Finist\u00e8re, ses stages se d\u00e9rouleront dans un esprit de partage et de convivialit\u00e9. Ils sont adress\u00e9s \u00e0 tout public, des d\u00e9butants au plus chevronn\u00e9s. Paul Balbous s\u2019adapte avec pr\u00e9venance \u00e0 tous. <\/p>\n\n\n\n<p class=\"has-small-font-size\"><strong>Au mus\u00e9e de Bretagne, 10 cours des alli\u00e9s, Rennes<\/strong> &#8211; <strong>Tarifs :  Non adh\u00e9rent : 32 euros pour une journ\u00e9e, 44 euros pour 2 jours<\/strong> <strong>&#8211; Adh\u00e9rent : 27 euros pour une journ\u00e9e, 39 euros pour 2 jours -Horaires : 9h \/ 17h30\u00a0&#8211;<\/strong> <strong>Renseignements et inscriptions : Marie-Odile Pl\u00e9lan\/06 31 36 04 41 &#8211; mo.plelan@orange.fr<\/strong><\/p>\n<\/div><\/div>\n\n\n\n<div style=\"height:70px\" aria-hidden=\"true\" class=\"wp-block-spacer\"><\/div>\n\n\n\n<hr class=\"wp-block-separator is-style-wide\" \/>\n\n\n\n<div style=\"height:70px\" aria-hidden=\"true\" class=\"wp-block-spacer\"><\/div>\n\n\n<div class=\"has-avatars has-dates has-excerpts no-comments wp-block-latest-comments\">Aucun commentaire \u00e0 afficher.<\/div>","protected":false},"excerpt":{"rendered":"<p>Samedi 7 mars La Rimandelle de Ch\u00e2teaugiron vous invite \u00e0 participer \u00e0 son stage d\u2019initiation aux danses du pays de Dinan. L\u2019id\u00e9e de ce stage est de former des non-initi\u00e9s aux danses bretonnes. (Gu\u00e9dennes de Rance, trompeuse de Dinan, Gu\u00e9dennes &hellip; <a href=\"http:\/\/www.sevenadur.org\/2020\/stages\/\">Continuer la lecture <span class=\"meta-nav\">&rarr;<\/span><\/a><\/p>\n","protected":false},"author":5,"featured_media":0,"parent":0,"menu_order":0,"comment_status":"closed","ping_status":"closed","template":"","meta":{"_vp_format_video_url":"","_vp_image_focal_point":[],"footnotes":""},"class_list":["post-32","page","type-page","status-publish","hentry"],"_links":{"self":[{"href":"http:\/\/www.sevenadur.org\/2020\/wp-json\/wp\/v2\/pages\/32","targetHints":{"allow":["GET"]}}],"collection":[{"href":"http:\/\/www.sevenadur.org\/2020\/wp-json\/wp\/v2\/pages"}],"about":[{"href":"http:\/\/www.sevenadur.org\/2020\/wp-json\/wp\/v2\/types\/page"}],"author":[{"embeddable":true,"href":"http:\/\/www.sevenadur.org\/2020\/wp-json\/wp\/v2\/users\/5"}],"replies":[{"embeddable":true,"href":"http:\/\/www.sevenadur.org\/2020\/wp-json\/wp\/v2\/comments?post=32"}],"version-history":[{"count":18,"href":"http:\/\/www.sevenadur.org\/2020\/wp-json\/wp\/v2\/pages\/32\/revisions"}],"predecessor-version":[{"id":197,"href":"http:\/\/www.sevenadur.org\/2020\/wp-json\/wp\/v2\/pages\/32\/revisions\/197"}],"wp:attachment":[{"href":"http:\/\/www.sevenadur.org\/2020\/wp-json\/wp\/v2\/media?parent=32"}],"curies":[{"name":"wp","href":"https:\/\/api.w.org\/{rel}","templated":true}]}}