{"id":20,"date":"2020-01-14T16:40:46","date_gmt":"2020-01-14T15:40:46","guid":{"rendered":"http:\/\/www.sevenadur.org\/2020\/?page_id=20"},"modified":"2020-02-25T10:52:35","modified_gmt":"2020-02-25T09:52:35","slug":"partenaires","status":"publish","type":"page","link":"http:\/\/www.sevenadur.org\/2020\/partenaires\/","title":{"rendered":"Partenaires"},"content":{"rendered":"\n<p><a href=\"https:\/\/www.ascreb.org\/ascreb\/ascreb_news.php\" target=\"_blank\" rel=\"noreferrer noopener\">ASCREB<\/a><\/p>\n\n\n\n<p><a href=\"https:\/\/fr-fr.facebook.com\/avantdeuxdurheu\/\" target=\"_blank\" rel=\"noreferrer noopener\">Avant Deux du Rheu<\/a><\/p>\n\n\n\n<p><a rel=\"noreferrer noopener\" href=\"https:\/\/www.bertegn-galezz.bzh\/\" target=\"_blank\">Bert\u00e8gn Gal\u00e8zz<\/a><\/p>\n\n\n\n<p>Breizhoucada<\/p>\n\n\n\n<p><a href=\"http:\/\/bruzhoneg.breizhpositive.com\/\" target=\"_blank\" rel=\"noreferrer noopener\">Bruzhoneg<\/a><\/p>\n\n\n\n<p><a href=\"http:\/\/www.dastum.bzh\/\" target=\"_blank\" rel=\"noreferrer noopener\">Dastum<\/a><\/p>\n\n\n\n<p><a href=\"http:\/\/dihunbroroazhon.wixsite.com\/dihun-bro-roazhon\" target=\"_blank\" rel=\"noreferrer noopener\">Dihun bro Roazhon<\/a><\/p>\n\n\n\n<p><\/p>\n\n\n\n<p><a href=\"http:\/\/divyezh.bruz.free.fr\/wordpress\/\" target=\"_blank\" rel=\"noreferrer noopener\">Div Yezh Bruz<\/a><\/p>\n\n\n\n<p><\/p>\n\n\n\n<p><a href=\"https:\/\/www.facebook.com\/espoirdedraa\/\" target=\"_blank\" rel=\"noreferrer noopener\">Espoir de Dr\u00e2a<\/a><\/p>\n\n\n\n<p><a href=\"http:\/\/gallotonic.pagesperso-orange.fr\/\" target=\"_blank\" rel=\"noreferrer noopener\">Gallo Tonic<\/a><\/p>\n\n\n\n<p><a href=\"https:\/\/www.graindesel.bzh\/\" target=\"_blank\" rel=\"noreferrer noopener\">Grain de Sel<\/a><\/p>\n\n\n\n<p><\/p>\n\n\n\n<p><a href=\"https:\/\/fr-fr.facebook.com\/kejadenn.roazhonii\" target=\"_blank\" rel=\"noreferrer noopener\">Kejadenn<\/a><\/p>\n\n\n\n<p><a href=\"https:\/\/fr-fr.facebook.com\/KENDESKIN\/\">Kendeski\u00f1<\/a><\/p>\n\n\n\n<p><\/p>\n\n\n\n<p><a href=\"https:\/\/jeuxbretons.bzh\/\" target=\"_blank\" rel=\"noreferrer noopener\">La Jaupitre<\/a><\/p>\n\n\n\n<p><a href=\"http:\/\/lamaisonbleuerennes.fr\/\" target=\"_blank\" rel=\"noreferrer noopener\">La Maison bleue<\/a><\/p>\n\n\n\n<p><\/p>\n\n\n\n<p><a rel=\"noreferrer noopener\" href=\"http:\/\/www.ville-acigne.fr\/\" target=\"_blank\">La Ville d\u2019Acign\u00e9<\/a><\/p>\n\n\n\n<p><a href=\"https:\/\/www.mairie-labouexiere.fr\/\">La Ville de la Bo\u00ebxi\u00e8re<\/a><\/p>\n\n\n\n<p>L&rsquo;\u00e9cole Andr\u00e9e Chedid<\/p>\n\n\n\n<p>L&rsquo;\u00e9cole Sonia Delaunay<\/p>\n\n\n\n<p><a href=\"http:\/\/encredebretagne.bzh\/\" target=\"_blank\" rel=\"noreferrer noopener\">L\u2019Encre de Bretagne<\/a><\/p>\n\n\n\n<p><a rel=\"noreferrer noopener\" href=\"http:\/\/www.confucius-bretagne.org\/\" target=\"_blank\">L\u2019Institut Confucius de Bretagne<\/a><\/p>\n\n\n\n<p><a href=\"http:\/\/institutdugalo.bzh\/fr\/accueil\/\">L&rsquo;institut du galo<\/a><\/p>\n\n\n\n<p><\/p>\n\n\n\n<p><a href=\"http:\/\/www.lagranjagoul.fr\/\">La Granjagoul<\/a><\/p>\n\n\n\n<p><a href=\"https:\/\/www.mqvillejean.fr\/\">La Maison de Quartier de Villejean<\/a><\/p>\n\n\n\n<p>La Rimandelle <\/p>\n\n\n\n<p><a rel=\"noreferrer noopener\" href=\"http:\/\/www.bagad-roazhon.org\/\" target=\"_blank\">Le Bagad Roazhon<\/a><\/p>\n\n\n\n<p><a href=\"http:\/\/www.3regards.com\/equipements\/le-cadran\/\">Le Cadran<\/a><\/p>\n\n\n\n<p><a rel=\"noreferrer noopener\" href=\"http:\/\/www.centres-sociaux-rennais.fr\/accueil\/centres-sociaux\/villejean\/presentation\/var\/lang\/FR\/rub\/2494.html\" target=\"_blank\">Le Centre Social de Villejean<\/a><\/p>\n\n\n\n<p><a href=\"https:\/\/cerclepaulbert.asso.fr\/cpb-villejean-beauregard\/\">Le Cercle Paul Bert<\/a><\/p>\n\n\n\n<p><a rel=\"noreferrer noopener\" href=\"http:\/\/www.lemoulinet.net\/\" target=\"_blank\">Le Moulinet d\u2019Acign\u00e9<\/a><\/p>\n\n\n\n<p><a rel=\"noreferrer noopener\" href=\"https:\/\/www.musee-bretagne.fr\/\" target=\"_blank\">Le Mus\u00e9e de Bretagne<\/a><\/p>\n\n\n\n<p><a rel=\"noreferrer noopener\" href=\"https:\/\/mba.rennes.fr\/\" target=\"_blank\">Le Mus\u00e9e des beaux-arts<\/a><\/p>\n\n\n\n<p><a rel=\"noreferrer noopener\" href=\"https:\/\/www.lepontsuperieur.eu\/\" target=\"_blank\">Le Pont Sup\u00e9rieur<\/a><\/p>\n\n\n\n<p><a href=\"http:\/\/troismaisons.org\/\">Les 3 Maisons<\/a><\/p>\n\n\n\n<p><a href=\"https:\/\/www.leschampslibres.fr\/\" target=\"_blank\" rel=\"noreferrer noopener\">Les Champs Libres<\/a><\/p>\n\n\n\n<p><a href=\"http:\/\/www.tisseursdecontes.fr\/\" target=\"_blank\" rel=\"noreferrer noopener\" aria-label=\" (s\u2019ouvre dans un nouvel onglet)\">Les Tisseurs de Contes<\/a><\/p>\n\n\n\n<p>Lunite Ertoba<\/p>\n\n\n\n<p><a rel=\"noreferrer noopener\" href=\"http:\/\/maisonsaintcyr.com\/\" target=\"_blank\">Maison Saint-Cyr<\/a><\/p>\n\n\n\n<p><a href=\"https:\/\/fr-fr.facebook.com\/pages\/category\/Restaurant\/MOD-KOZ-1439307649661263\/\">Mod Koz<\/a><\/p>\n\n\n\n<p>Mosa\u00efque Bretagne Maroc<\/p>\n\n\n\n<p><a href=\"https:\/\/fr-fr.facebook.com\/musikadartassociation\">Musikad&rsquo;art<\/a><\/p>\n\n\n\n<p><a href=\"https:\/\/www.namastebreizh.com\/\">Namaste Breizh<\/a><\/p>\n\n\n\n<p><a href=\"http:\/\/skeudenn.bzh\/\" target=\"_blank\" rel=\"noreferrer noopener\">Skeudenn Bro Roazhon<\/a><\/p>\n\n\n\n<p><a href=\"http:\/\/www.skolanemsav.bzh\/\" target=\"_blank\" rel=\"noreferrer noopener\">Skol an Emsav<\/a><\/p>\n\n\n\n<p><a href=\"https:\/\/www.univ-rennes2.fr\/\">Universit\u00e9 Rennes 2<\/a><\/p>\n\n\n\n<p><a href=\"http:\/\/uair.org\/\" target=\"_blank\" rel=\"noreferrer noopener\">UAIR (Union des Associations Interculturelles de Rennes)<\/a><\/p>\n\n\n\n<p><strong>Soutiens :<\/strong><\/p>\n\n\n\n<p><a rel=\"noreferrer noopener\" href=\"https:\/\/www.maif.fr\/?xtor=SEC-5530-GOO-[SEA_ALL%20%7c%20Exact%20%7c%20BRAND%20%7c%20Brand_\/_Brand%20Pure_Maif]-[316281361158]-S-[la%20maif]&amp;xts=377850&amp;ds_rl=1235230&amp;gclid=Cj0KCQiApvbhBRDXARIsALnNoK0I9ZoBPT8yCJbZBfwolJFWYQ_WUiJSVZ77E9Mjm4iqLYXok2huvB4aAhVfEALw_wcB&amp;gclsrc=aw.ds\" target=\"_blank\">La MAIF<\/a><\/p>\n\n\n\n<figure class=\"wp-block-image is-resized\"><img loading=\"lazy\" decoding=\"async\" src=\"http:\/\/www.sevenadur.org\/2019\/wp-content\/uploads\/sites\/6\/2019\/03\/logo-maif-signature-curseur-ok.png\" alt=\"\" class=\"wp-image-407\" width=\"153\" height=\"150\" \/><\/figure>\n\n\n\n<p>La Maif nous fait le plaisir d\u2019\u00eatre notre partenaire, encore cette ann\u00e9e.<br>Attach\u00e9e aux valeurs du partage de la connaissance et tr\u00e8s investie depuis sa cr\u00e9ation, la Maif est engag\u00e9e dans un&nbsp;<strong>projet de soci\u00e9t\u00e9 plus solidaire et plus collaboratif<\/strong>.<br>Son souci est d\u2019<strong>encourager, de soutenir, d\u2019accompagner les projets dans le domaine de la culture<\/strong>, source de lien social, d\u2019enrichissement mutuel, d\u2019engagement, de confiance en soi et en l\u2019autre, vecteur de coh\u00e9sion, de mixit\u00e9 sociale et de vivre ensemble.<br><strong>D\u00e9couvrir, \u00e9changer, cr\u00e9er ensemble, innover<\/strong>,\u2026 autant d\u2019actions qui enthousiasment la MAIF par le projet de soci\u00e9t\u00e9 qu\u2019elles sous-tendent, un projet qui implique de&nbsp;<strong>penser et d\u2019agir de mani\u00e8res diff\u00e9rentes<\/strong>, qui&nbsp;<strong>conditionne notre avenir<\/strong>, parce-qu\u2019il touche \u00e0 notre projet de faire soci\u00e9t\u00e9.<br>C\u2019est dans cet esprit d\u2019\u00e9thique que la MAIF est, naturellement, partenaire du Cercle Celtique de Rennes et des rencontres interculturelles Sevenadur.<\/p>\n\n\n\n<p>Merci \u00e0&nbsp;<strong>Christine Simon<\/strong>, repr\u00e9sentante des mandataires militants du p\u00f4le 35 de la MAIF, pour l\u2019int\u00e9r\u00eat qu\u2019elle porte au projet Sevenadur !<\/p>\n\n\n\n<p><a href=\"https:\/\/www.coat-albret.com\/cidrerie-coat-albret\/\" target=\"_blank\" rel=\"noreferrer noopener\">Coat Albret<\/a><\/p>\n\n\n\n<p><a href=\"https:\/\/metropole.rennes.fr\/\" target=\"_blank\" rel=\"noreferrer noopener\">La Ville de Rennes<\/a><\/p>\n\n\n\n<p><a href=\"http:\/\/www.ille-et-vilaine.fr\/fr\" target=\"_blank\" rel=\"noreferrer noopener\">Le &nbsp;Conseil D\u00e9partemental 35<\/a><\/p>\n\n\n\n<p><a href=\"https:\/\/www.bretagne.bzh\/\" target=\"_blank\" rel=\"noreferrer noopener\">Le Conseil R\u00e9gional<\/a><\/p>\n\n\n\n<p><a href=\"https:\/\/www.cmb.fr\/banque\/assurance\/credit-mutuel\/pro\/chapeau\" target=\"_blank\" rel=\"noreferrer noopener\">Le Cr\u00e9dit Mutuel de Bretagne<\/a><\/p>\n\n\n\n<p><a href=\"https:\/\/www.francebleu.fr\/armorique\" target=\"_blank\" rel=\"noreferrer noopener\">France Bleu Armorique<\/a><\/p>\n\n\n\n<p><a href=\"https:\/\/mba.rennes.fr\/\">Mus\u00e9e des Beaux-arts de Rennes<\/a><\/p>\n\n\n\n<p><a href=\"https:\/\/www.musee-bretagne.fr\/\">Mus\u00e9e de Bretagne<\/a><\/p>\n\n\n\n<p><a href=\"http:\/\/www.triballat.fr\/\" target=\"_blank\" rel=\"noreferrer noopener\">Petit Breton \u2013 Triballat<\/a><\/p>\n\n\n\n<p><a href=\"http:\/\/www.tamm-kreiz.bzh\/\" target=\"_blank\" rel=\"noreferrer noopener\">Tamm Kreiz<\/a><\/p>\n\n\n\n<p><a rel=\"noreferrer noopener\" href=\"https:\/\/www.tvr.bzh\/\" target=\"_blank\">TV Rennes<\/a><\/p>\n\n\n\n<p><a href=\"http:\/\/www.radiorennes.fr\/\">Radio Rennes<\/a><\/p>\n","protected":false},"excerpt":{"rendered":"<p>ASCREB Avant Deux du Rheu Bert\u00e8gn Gal\u00e8zz Breizhoucada Bruzhoneg Dastum Dihun bro Roazhon Div Yezh Bruz Espoir de Dr\u00e2a Gallo Tonic Grain de Sel Kejadenn Kendeski\u00f1 La Jaupitre La Maison bleue La Ville d\u2019Acign\u00e9 La Ville de la Bo\u00ebxi\u00e8re L&rsquo;\u00e9cole &hellip; <a href=\"http:\/\/www.sevenadur.org\/2020\/partenaires\/\">Continuer la lecture <span class=\"meta-nav\">&rarr;<\/span><\/a><\/p>\n","protected":false},"author":5,"featured_media":0,"parent":0,"menu_order":0,"comment_status":"closed","ping_status":"closed","template":"","meta":{"_vp_format_video_url":"","_vp_image_focal_point":[],"footnotes":""},"class_list":["post-20","page","type-page","status-publish","hentry"],"_links":{"self":[{"href":"http:\/\/www.sevenadur.org\/2020\/wp-json\/wp\/v2\/pages\/20","targetHints":{"allow":["GET"]}}],"collection":[{"href":"http:\/\/www.sevenadur.org\/2020\/wp-json\/wp\/v2\/pages"}],"about":[{"href":"http:\/\/www.sevenadur.org\/2020\/wp-json\/wp\/v2\/types\/page"}],"author":[{"embeddable":true,"href":"http:\/\/www.sevenadur.org\/2020\/wp-json\/wp\/v2\/users\/5"}],"replies":[{"embeddable":true,"href":"http:\/\/www.sevenadur.org\/2020\/wp-json\/wp\/v2\/comments?post=20"}],"version-history":[{"count":6,"href":"http:\/\/www.sevenadur.org\/2020\/wp-json\/wp\/v2\/pages\/20\/revisions"}],"predecessor-version":[{"id":246,"href":"http:\/\/www.sevenadur.org\/2020\/wp-json\/wp\/v2\/pages\/20\/revisions\/246"}],"wp:attachment":[{"href":"http:\/\/www.sevenadur.org\/2020\/wp-json\/wp\/v2\/media?parent=20"}],"curies":[{"name":"wp","href":"https:\/\/api.w.org\/{rel}","templated":true}]}}