{"id":14,"date":"2020-01-14T16:40:21","date_gmt":"2020-01-14T15:40:21","guid":{"rendered":"http:\/\/www.sevenadur.org\/2020\/?page_id=14"},"modified":"2020-02-03T11:14:27","modified_gmt":"2020-02-03T10:14:27","slug":"fest-nbreizh","status":"publish","type":"page","link":"http:\/\/www.sevenadur.org\/2020\/fest-nbreizh\/","title":{"rendered":"Fest&rsquo;n Breizh"},"content":{"rendered":"\n<div class=\"wp-block-image\"><figure class=\"aligncenter size-large\"><img loading=\"lazy\" decoding=\"async\" width=\"275\" height=\"183\" src=\"http:\/\/www.sevenadur.org\/2020\/wp-content\/uploads\/sites\/7\/2020\/01\/images-1-1.jpg\" alt=\"\" class=\"wp-image-184\" \/><\/figure><\/div>\n\n\n\n<p>Fest&rsquo;n Breizh est un \u00e9v\u00e9nement organis\u00e9 par un collectif d&rsquo;associations des deux universit\u00e9s rennaises, d\u00e9sireux de faire d\u00e9couvrir la culture bretonne aux \u00e9tudiants et de l&rsquo;ouvrir aux influences musicales actuelles. Il s\u2019ins\u00e8re dans le cadre de la ND4J et il est soutenu par les universit\u00e9s de Rennes 1 et Rennes 2.  Tous les ans,&nbsp;des artistes amateurs peuvent jouer et chanter dans le cadre d\u2019un Fest-noz de grande \u00e9chelle. La th\u00e9matique d\u2019ouverture sur d\u2019autres pratiques culturelles, (par exemple hip-hop, turques, folk \u2026) permet de toucher un nouveau public curieux de d\u00e9couvrir un foisonnement de cultures \u00e0 la fois diff\u00e9rentes et tr\u00e8s semblables. Au programme : repr\u00e9sentation des \u00e9l\u00e8ves du Pont Sup\u00e9rieur, et cinq groupes \u00e0 l&rsquo;affiche pour vous faire danser! <\/p>\n\n\n\n<p>Avec Talskann, Forj Sextet, An Teir Hag Eben, La Groove Compagnie, Elouan Le Sauze, Louri Derrien, Youenn Lange<\/p>\n\n\n\n<p class=\"has-small-font-size\"><strong>L&rsquo;\u00e9tage libert\u00e9, 1 esplanade Charles de Gaulles, Rennes &#8211; \u00c0 partir de 20h jusqu&rsquo;\u00e0 1h00 &#8211; Gratuit &#8211; Organis\u00e9 par le CCR &#8211; Renseignement : Festnbzh@gmail.com <\/strong><\/p>\n","protected":false},"excerpt":{"rendered":"<p>Fest&rsquo;n Breizh est un \u00e9v\u00e9nement organis\u00e9 par un collectif d&rsquo;associations des deux universit\u00e9s rennaises, d\u00e9sireux de faire d\u00e9couvrir la culture bretonne aux \u00e9tudiants et de l&rsquo;ouvrir aux influences musicales actuelles. Il s\u2019ins\u00e8re dans le cadre de la ND4J et il &hellip; <a href=\"http:\/\/www.sevenadur.org\/2020\/fest-nbreizh\/\">Continuer la lecture <span class=\"meta-nav\">&rarr;<\/span><\/a><\/p>\n","protected":false},"author":5,"featured_media":0,"parent":0,"menu_order":0,"comment_status":"closed","ping_status":"closed","template":"","meta":{"_vp_format_video_url":"","_vp_image_focal_point":[],"footnotes":""},"class_list":["post-14","page","type-page","status-publish","hentry"],"_links":{"self":[{"href":"http:\/\/www.sevenadur.org\/2020\/wp-json\/wp\/v2\/pages\/14","targetHints":{"allow":["GET"]}}],"collection":[{"href":"http:\/\/www.sevenadur.org\/2020\/wp-json\/wp\/v2\/pages"}],"about":[{"href":"http:\/\/www.sevenadur.org\/2020\/wp-json\/wp\/v2\/types\/page"}],"author":[{"embeddable":true,"href":"http:\/\/www.sevenadur.org\/2020\/wp-json\/wp\/v2\/users\/5"}],"replies":[{"embeddable":true,"href":"http:\/\/www.sevenadur.org\/2020\/wp-json\/wp\/v2\/comments?post=14"}],"version-history":[{"count":5,"href":"http:\/\/www.sevenadur.org\/2020\/wp-json\/wp\/v2\/pages\/14\/revisions"}],"predecessor-version":[{"id":199,"href":"http:\/\/www.sevenadur.org\/2020\/wp-json\/wp\/v2\/pages\/14\/revisions\/199"}],"wp:attachment":[{"href":"http:\/\/www.sevenadur.org\/2020\/wp-json\/wp\/v2\/media?parent=14"}],"curies":[{"name":"wp","href":"https:\/\/api.w.org\/{rel}","templated":true}]}}