{"id":119,"date":"2019-01-15T16:41:41","date_gmt":"2019-01-15T15:41:41","guid":{"rendered":"http:\/\/www.sevenadur.org\/2019\/?page_id=119"},"modified":"2019-02-12T10:27:41","modified_gmt":"2019-02-12T09:27:41","slug":"stages","status":"publish","type":"page","link":"http:\/\/www.sevenadur.org\/2019\/stages\/","title":{"rendered":"Stages"},"content":{"rendered":"\n<p class=\"has-text-color has-background has-large-font-size has-vivid-red-color has-luminous-vivid-amber-background-color\"><strong>Fabrication de low whistles<\/strong><\/p>\n\n\n\n<div style=\"height:20px\" aria-hidden=\"true\" class=\"wp-block-spacer\"><\/div>\n\n\n\n<p class=\"has-text-color has-medium-font-size has-vivid-red-color\"><strong>Vendredi 1er au dimanche 03 mars<\/strong><\/p>\n\n\n\n<div style=\"height:20px\" aria-hidden=\"true\" class=\"wp-block-spacer\"><\/div>\n\n\n\n<p>Le low whistle a \u00e9t\u00e9 invent\u00e9 (ou r\u00e9invent\u00e9) en Irlande vers la fin des ann\u00e9es 1960 d\u00e9but 70 sous l\u2019impulsion de Finbar Furey et du luthier Bernard Overton.<br><\/p>\n\n\n\n<p>Cette grande fl\u00fbte \u00e0 bec en m\u00e9tal \u00e0 6 trous au son profond et cuivr\u00e9 est devenue un instrument incontournable de la musique irlandaise actuelle, et par extension dans toute la culture celte&#8230; elle s&rsquo;ouvre et se prette aussi \u00e0 une multitude d&rsquo;autres styles musicaux. Le mod\u00e8le propos\u00e9 en stage est en aluminium et cuivre avec un bouchon en delrin.<br><\/p>\n\n\n\n<p>Alors pourquoi ne pas venir fabriquer de vos mains votre propre instrument&nbsp;?<br><\/p>\n\n\n\n<p>Fort de plus de 18 ans d&rsquo;exp\u00e9rience, Sylvestre Charbin vous propose de vous accompagner dans cette aventure. <\/p>\n\n\n\n<p>Dans une ambiance d&rsquo;\u00e9change d\u00e9tendue et conviviale, venez d\u00e9couvrir les tenants et aboutissant de la fabrication d&rsquo;un low whistle : Son fonctionnement, son accordage, ses r\u00e8glages&#8230; <br><\/p>\n\n\n\n<p class=\"has-text-color has-very-dark-gray-color\">Vous pourrez, dans une certaine mesure, choisir la tonalit\u00e9 dans laquelle vous souhaitez fabriquer votre instrument (du DO au FA) la plus courante \u00e9tant le R\u00e9. Si vous choisissez la tonalit\u00e9 de DO (fl\u00fbte plus grande), pensez \u00e0 le pr\u00e9ciser au moment de l&rsquo;inscription car le diam\u00e8tre du tube n&rsquo;est pas le m\u00eame <\/p>\n\n\n\n<p><strong>Tous les mat\u00e9riaux sont fournis et les outils n\u00e9cessaires sont mis \u00e0 votre disposition pour le stage. N&rsquo;apportez avec vous que votre bonne humeur.<\/strong><br><\/p>\n\n\n\n<div class=\"wp-block-image\"><figure class=\"aligncenter is-resized\"><img loading=\"lazy\" decoding=\"async\" src=\"http:\/\/www.sevenadur.org\/2019\/wp-content\/uploads\/sites\/6\/2019\/01\/IMG_2962-1024x683.jpg\" alt=\"\" class=\"wp-image-194\" width=\"402\" height=\"268\" srcset=\"http:\/\/www.sevenadur.org\/2019\/wp-content\/uploads\/sites\/6\/2019\/01\/IMG_2962-1024x683.jpg 1024w, http:\/\/www.sevenadur.org\/2019\/wp-content\/uploads\/sites\/6\/2019\/01\/IMG_2962-300x200.jpg 300w, http:\/\/www.sevenadur.org\/2019\/wp-content\/uploads\/sites\/6\/2019\/01\/IMG_2962-768x512.jpg 768w\" sizes=\"auto, (max-width: 402px) 100vw, 402px\" \/><\/figure><\/div>\n\n\n\n<div style=\"height:20px\" aria-hidden=\"true\" class=\"wp-block-spacer\"><\/div>\n\n\n\n<p style=\"text-align:center\"><em>Ouvert \u00e0 tous (\u00e0 partir de 15 ans*) et ne n\u00e9cessite aucun pr\u00e9requis. Le nombre de place est limit\u00e9 \u00e0 <\/em><strong><em>8 participants. <\/em><\/strong><em><br><\/em><strong><em>A la Ferme de la Harpe &#8211; Cercle Celtique de Rennes &#8211; Avenue Charles et Raymonde Tillon, Rennes<\/em><\/strong><\/p>\n\n\n\n<p class=\"has-text-color has-vivid-red-color\"><br>*<em>Attention cet instrument \u00e9tant assez grand il n\u00e9cessite une technique de jeu permettant de boucher les trous de l&rsquo;instrument avec les phalanges. Les enfants qui ont de petites mains auront du mal \u00e0 en jouer<\/em><\/p>\n\n\n\n<div style=\"height:24px\" aria-hidden=\"true\" class=\"wp-block-spacer\"><\/div>\n\n\n\n<p><strong>Inscriptions : Cercle Celtique de Rennes 02 99 54 36 45<\/strong><\/p>\n\n\n\n<p><strong>Renseignements compl\u00e9mentaires :   <\/strong><a rel=\"noreferrer noopener\" aria-label=\" (s\u2019ouvre dans un nouvel onglet)\" href=\"mailto:sylvestre.charbin@laposte.net\" target=\"_blank\"><strong>sylvestre.charbin@laposte.net<\/strong><\/a><\/p>\n\n\n\n<div style=\"height:20px\" aria-hidden=\"true\" class=\"wp-block-spacer\"><\/div>\n\n\n\n<hr class=\"wp-block-separator is-style-dots\" \/>\n\n\n\n<div style=\"height:20px\" aria-hidden=\"true\" class=\"wp-block-spacer\"><\/div>\n\n\n\n<p class=\"has-text-color has-background has-large-font-size has-vivid-red-color has-luminous-vivid-amber-background-color\"><strong>Stage de danses bretonnes<\/strong><\/p>\n\n\n\n<div style=\"height:27px\" aria-hidden=\"true\" class=\"wp-block-spacer\"><\/div>\n\n\n\n<p class=\"has-text-color has-medium-font-size has-vivid-red-color\"><strong>Samedi 02 mars<\/strong><\/p>\n\n\n\n<div style=\"height:22px\" aria-hidden=\"true\" class=\"wp-block-spacer\"><\/div>\n\n\n\n<div class=\"wp-block-image\"><figure class=\"alignleft is-resized\"><img loading=\"lazy\" decoding=\"async\" src=\"http:\/\/www.sevenadur.org\/2019\/wp-content\/uploads\/sites\/6\/2019\/01\/la-rimandelle-logo.jpg\" alt=\"\" class=\"wp-image-200\" width=\"111\" height=\"183\" \/><\/figure><\/div>\n\n\n\n<p>La Rimandelle de Chateaugiron vous invite \u00e0 vous pr\u00e9parer au fest-noz du 09 mars en participant \u00e0 son stage d\u2019initiation aux danses bretonnes. L\u2019id\u00e9e de ce stage est de former des non-initi\u00e9s aux danses bretonnes. L\u2019animateur, Corentin NEVEU, danseurs depuis 25 ans dont 10 ann\u00e9es \u00e0 enseigner, propose d\u2019aborder les danses du programme du fest-noz de la Saint-Patrick.<\/p>\n\n\n\n<p style=\"text-align:center\"> <br><strong><em>Salle de l\u2019orangerie de Chateaugiron * 14h \u00e0 17h30 * 4\u20ac <\/em><\/strong><\/p>\n\n\n\n<div style=\"height:83px\" aria-hidden=\"true\" class=\"wp-block-spacer\"><\/div>\n\n\n\n<p><strong>Renseignements : Corentin Neveu &#8211; neveucorentin@gmail.com  <\/strong><\/p>\n\n\n\n<div style=\"height:33px\" aria-hidden=\"true\" class=\"wp-block-spacer\"><\/div>\n\n\n\n<hr class=\"wp-block-separator is-style-dots\" \/>\n\n\n\n<div style=\"height:33px\" aria-hidden=\"true\" class=\"wp-block-spacer\"><\/div>\n\n\n\n<p class=\"has-text-color has-background has-large-font-size has-vivid-red-color has-luminous-vivid-amber-background-color\"><strong>Stage de chant<\/strong><\/p>\n\n\n\n<div style=\"height:21px\" aria-hidden=\"true\" class=\"wp-block-spacer\"><\/div>\n\n\n\n<p class=\"has-text-color has-medium-font-size has-vivid-red-color\"><strong>Samedi 09 mars<\/strong><\/p>\n\n\n\n<div style=\"height:20px\" aria-hidden=\"true\" class=\"wp-block-spacer\"><\/div>\n\n\n\n<div class=\"wp-block-image\"><figure class=\"alignleft is-resized\"><img loading=\"lazy\" decoding=\"async\" src=\"http:\/\/www.sevenadur.org\/2019\/wp-content\/uploads\/sites\/6\/2019\/01\/stage-_de_chant.jpg\" alt=\"\" class=\"wp-image-203\" width=\"186\" height=\"186\" srcset=\"http:\/\/www.sevenadur.org\/2019\/wp-content\/uploads\/sites\/6\/2019\/01\/stage-_de_chant.jpg 351w, http:\/\/www.sevenadur.org\/2019\/wp-content\/uploads\/sites\/6\/2019\/01\/stage-_de_chant-150x150.jpg 150w, http:\/\/www.sevenadur.org\/2019\/wp-content\/uploads\/sites\/6\/2019\/01\/stage-_de_chant-300x300.jpg 300w\" sizes=\"auto, (max-width: 186px) 100vw, 186px\" \/><\/figure><\/div>\n\n\n\n<p>D\u00e9couverte et appropriation de r\u00e9pertoire de Haute-Bretagne.<\/p>\n\n\n\n<p>Autour du r\u00e9pertoire \u00e0 danser nous aborderons la notion de chant dans la ronde (\u00eatre capable de mener dans la ronde, de prendre son tour&#8230;) et sur l&rsquo;ensemble du r\u00e9pertoire nous travaillerons sur \u00ab\u00a0l&rsquo;expression du chanteur\u00a0\u00bb (l&rsquo;identit\u00e9 vocale de chacun) par le biais de la technique vocale et des notions d&rsquo;interpr\u00e9tation (pr\u00e9sence, intention&#8230;).<\/p>\n\n\n\n<p>Si chacun des stagiaires peut avoir d\u00e9j\u00e0 une ou deux chansons (m\u00e9lodie, marche ou danse) qu&rsquo;il ma\u00eetrise et conna\u00eet par c\u0153ur c&rsquo;est un plus (pour le travail sur l&rsquo;interpr\u00e9tation et \u00e9galement pour mener la danse). Si ce n&rsquo;est pas le cas on partira des chants appris en stage.<\/p>\n\n\n\n<p>Ce stage s&rsquo;appuiera sur le th\u00e8me de la f\u00eate et des noces, dont du r\u00e9pertoire de B\u00e9bert Chevalier (Albert Chevalier, sonneur d&rsquo;accord\u00e9on de Gl\u00e9nac (56) qui a anim\u00e9 des noces tout au long de sa vie).<\/p>\n\n\n\n<div style=\"height:20px\" aria-hidden=\"true\" class=\"wp-block-spacer\"><\/div>\n\n\n\n<p style=\"text-align:center\"><strong><em> Relais des Cultures \u00e0 Erc\u00e9 pr\u00e8s Liffr\u00e9 (pr\u00e8s de la mairie) *  <br>9h30 &#8211; 17h30 *  stage de chant seul : 30 \u20ac \/  Stage de chant et repas chant\u00e9 : 50 \u20ac <\/em><\/strong><\/p>\n\n\n\n<div style=\"height:20px\" aria-hidden=\"true\" class=\"wp-block-spacer\"><\/div>\n\n\n\n<p><strong>Renseignements&nbsp;:  <\/strong><a href=\"mailto:gallotonic@orange.fr\"><strong>gallotonic@orange.fr<\/strong><\/a><strong> <\/strong><\/p>\n\n\n\n<p><strong>R\u00e9servation \u00e0 adresser, avec le r\u00e8glement, avant le 28 f\u00e9vrier 2019, \u00e0 Association Gallo Tonic &#8211; La Morlais &#8211; 35340 Liffr\u00e9<\/strong><\/p>\n\n\n\n<div style=\"height:30px\" aria-hidden=\"true\" class=\"wp-block-spacer\"><\/div>\n\n\n\n<hr class=\"wp-block-separator is-style-dots\" \/>\n\n\n\n<div style=\"height:20px\" aria-hidden=\"true\" class=\"wp-block-spacer\"><\/div>\n\n\n\n<p class=\"has-text-color has-background has-large-font-size has-vivid-red-color has-luminous-vivid-amber-background-color\"><strong>Stage de vielle \u00e0 roue<\/strong><\/p>\n\n\n\n<div style=\"height:20px\" aria-hidden=\"true\" class=\"wp-block-spacer\"><\/div>\n\n\n\n<p class=\"has-text-color has-medium-font-size has-vivid-red-color\"><strong>Samedi 09 mars<\/strong><\/p>\n\n\n\n<div style=\"height:20px\" aria-hidden=\"true\" class=\"wp-block-spacer\"><\/div>\n\n\n\n<p><strong>F\u00eate de la vielle<\/strong><\/p>\n\n\n\n<p>\u00ab Sonneur de noces, sonneur de bal : Victor Gautier, vielleux de tradition \u00bb anim\u00e9 par Michel Colleu. Stage de vielle autour du r\u00e9pertoire de Victor Gautier, vielleux de Plaint.<\/p>\n\n\n\n<div class=\"wp-block-image\"><figure class=\"aligncenter is-resized\"><img loading=\"lazy\" decoding=\"async\" src=\"http:\/\/www.sevenadur.org\/2019\/wp-content\/uploads\/sites\/6\/2019\/01\/BAL-PLOUGASTEL-2017.jpg\" alt=\"\" class=\"wp-image-207\" width=\"381\" height=\"286\" srcset=\"http:\/\/www.sevenadur.org\/2019\/wp-content\/uploads\/sites\/6\/2019\/01\/BAL-PLOUGASTEL-2017.jpg 960w, http:\/\/www.sevenadur.org\/2019\/wp-content\/uploads\/sites\/6\/2019\/01\/BAL-PLOUGASTEL-2017-300x225.jpg 300w, http:\/\/www.sevenadur.org\/2019\/wp-content\/uploads\/sites\/6\/2019\/01\/BAL-PLOUGASTEL-2017-768x576.jpg 768w\" sizes=\"auto, (max-width: 381px) 100vw, 381px\" \/><\/figure><\/div>\n\n\n\n<div style=\"height:20px\" aria-hidden=\"true\" class=\"wp-block-spacer\"><\/div>\n\n\n\n<p style=\"text-align:center\"><em><strong>La Maison Bleue, 123 blvd de Verdun, Rennes * 9h30-17h * 25 \u20ac adh\u00e9rents Vielle \u00e0 Roue en Bretagne &nbsp;\/ &nbsp;30 \u20ac non-adh\u00e9rents \/ 10 \u20ac auditeurs libres<\/strong><\/em><\/p>\n\n\n\n<div style=\"height:20px\" aria-hidden=\"true\" class=\"wp-block-spacer\"><\/div>\n\n\n\n<p><strong>Inscription pr\u00e9alable indispensable (limit\u00e9 \u00e0 10 participants)<\/strong><\/p>\n\n\n\n<p><em><strong> <\/strong><\/em><strong>Informations et formulaire \u00e0 t\u00e9l\u00e9charger sur le site <\/strong><a href=\"http:\/\/vrb.bzh\"><strong>http:\/\/vrb.bzh<\/strong><\/a><strong> , par mail \u00e0 vrb-asso.sec@laposte.net , ou par t\u00e9l\u00e9phone 06 62 37 05 48<\/strong><\/p>\n\n\n\n<div style=\"height:20px\" aria-hidden=\"true\" class=\"wp-block-spacer\"><\/div>\n\n\n\n<hr class=\"wp-block-separator is-style-dots\" \/>\n\n\n\n<div style=\"height:20px\" aria-hidden=\"true\" class=\"wp-block-spacer\"><\/div>\n\n\n\n<p class=\"has-text-color has-background has-large-font-size has-vivid-red-color has-luminous-vivid-amber-background-color\"><strong>Stage de kan ha diska\u00f1<\/strong><\/p>\n\n\n\n<div style=\"height:20px\" aria-hidden=\"true\" class=\"wp-block-spacer\"><\/div>\n\n\n\n<p class=\"has-text-color has-medium-font-size has-vivid-red-color\"><strong>Samedi 09 mars<\/strong><\/p>\n\n\n\n<div style=\"height:20px\" aria-hidden=\"true\" class=\"wp-block-spacer\"><\/div>\n\n\n\n<div class=\"wp-block-image\"><figure class=\"aligncenter\"><img loading=\"lazy\" decoding=\"async\" width=\"480\" height=\"480\" src=\"http:\/\/www.sevenadur.org\/2019\/wp-content\/uploads\/sites\/6\/2019\/02\/annie_ebrel.jpeg\" alt=\"\" class=\"wp-image-319\" srcset=\"http:\/\/www.sevenadur.org\/2019\/wp-content\/uploads\/sites\/6\/2019\/02\/annie_ebrel.jpeg 480w, http:\/\/www.sevenadur.org\/2019\/wp-content\/uploads\/sites\/6\/2019\/02\/annie_ebrel-150x150.jpeg 150w, http:\/\/www.sevenadur.org\/2019\/wp-content\/uploads\/sites\/6\/2019\/02\/annie_ebrel-300x300.jpeg 300w\" sizes=\"auto, (max-width: 480px) 100vw, 480px\" \/><\/figure><\/div>\n\n\n\n<p>La gavotte et la m\u00e9lodie seront \u00e0 l\u2019honneur pour ce stage de kan ha diska\u00f1, encadr\u00e9 par Annie Ebrel. <br><\/p>\n\n\n\n<div style=\"height:20px\" aria-hidden=\"true\" class=\"wp-block-spacer\"><\/div>\n\n\n\n<p style=\"text-align:center\"><strong><em>A la Ferme de la Harpe, Cercle Celtique de Rennes * 9h -17h * 40\u20ac<\/em><\/strong><\/p>\n\n\n\n<div style=\"height:20px\" aria-hidden=\"true\" class=\"wp-block-spacer\"><\/div>\n\n\n\n<p style=\"text-align:center\"><strong>Renseignements : V\u00e9ronique Ollivier &#8211; <\/strong><a href=\"mailto:ve.ollivier@orange.fr\"><strong>ve.ollivier@orange.fr<\/strong><\/a><strong> <\/strong><\/p>\n\n\n\n<p style=\"text-align:center\"><strong>Inscriptions : Cercle Celtique de Rennes &#8211; 02 99 54 36 45<\/strong><\/p>\n\n\n\n<div style=\"height:20px\" aria-hidden=\"true\" class=\"wp-block-spacer\"><\/div>\n\n\n\n<hr class=\"wp-block-separator is-style-dots\" \/>\n\n\n\n<div style=\"height:20px\" aria-hidden=\"true\" class=\"wp-block-spacer\"><\/div>\n\n\n\n<p class=\"has-text-color has-background has-large-font-size has-vivid-red-color has-luminous-vivid-amber-background-color\"><strong>Stage de musique d&rsquo;ensemble&nbsp;\/&nbsp;Fanfare<\/strong><\/p>\n\n\n\n<div style=\"height:20px\" aria-hidden=\"true\" class=\"wp-block-spacer\"><\/div>\n\n\n\n<p class=\"has-text-color has-medium-font-size has-vivid-red-color\"><strong>Samedi 09 mars<\/strong><\/p>\n\n\n\n<p>Du funk, du jazz, \u2026 et de la musique bretonne en mode fanfare \u00e9ph\u00e9m\u00e8re sur Sevenadur ! On fait le pari ? <\/p>\n\n\n\n<p>Accompagn\u00e9 de <strong>St\u00e9phane Hardy,<\/strong> aficionado du genre avec la Breizhoucadie ou la GroOve Cie, le programme promet d\u2019\u00eatre riche&#8230;<\/p>\n\n\n\n<ul class=\"wp-block-list\"><li>\nen pr\u00e9ambule, un panorama des fanfares, avec une r\u00e9flexion sur l\u2019\u00e9lan cr\u00e9atif et social qu\u2019elles g\u00e9n\u00e8rent, et plus pr\u00e9cis\u00e9ment sur la fanfare bretonne\n<\/li><\/ul>\n\n\n\n<ul class=\"wp-block-list\"><li>\npuis la pratique instrumentale, bien \u00e9videmment, avec le travail par pupitres et en ensemble, la rythmique, l\u2019improvisation par niveaux, la fanfare en mouvement, etc. St\u00e9phane Hardy sensibilisera \u00e9galement les stagiaires \u00e0 la m\u00e9thode orale avec le relev\u00e9 des airs et des arrangements \u00ab\u00a0\u00e0 la feuille\u00a0\u00bb, ainsi que le travail rythmique par onomatop\u00e9es et par rep\u00e8res corporels.\n<\/li><\/ul>\n\n\n\n<p>Et pour finir, que vaudrait un stage fanfare sans une mise en pratique dans la rue ? La journ\u00e9e se terminera par une prestation dans le quartier Villejean !<\/p>\n\n\n\n<p>Accessibles \u00e0 tous les instruments, avec ou sans exp\u00e9rience en fanfare : bombarde en sol, accord\u00e9on sol\/do, cuivres, percussions\u2026<br><\/p>\n\n\n\n<div style=\"height:20px\" aria-hidden=\"true\" class=\"wp-block-spacer\"><\/div>\n\n\n\n<p style=\"text-align:center\"><strong><em>A la Ferme de la Harpe &#8211; Cercle Celtique de Rennes * 9h &#8211; 17h * 35\u20ac<\/em><\/strong><\/p>\n\n\n\n<p style=\"text-align:center\"><strong>Renseignements : Laurent Priz\u00e9 &#8211; laurent.prize@laposte.net <\/strong><\/p>\n\n\n\n<p style=\"text-align:center\"><strong>Inscriptions : Cercle Celtique de Rennes 02 99 54 36 45<\/strong><\/p>\n\n\n\n<div style=\"height:20px\" aria-hidden=\"true\" class=\"wp-block-spacer\"><\/div>\n\n\n\n<hr class=\"wp-block-separator is-style-dots\" \/>\n\n\n\n<div style=\"height:20px\" aria-hidden=\"true\" class=\"wp-block-spacer\"><\/div>\n\n\n\n<p class=\"has-text-color has-background has-large-font-size has-vivid-red-color has-luminous-vivid-amber-background-color\"><strong>Stage de broderie<\/strong><\/p>\n\n\n\n<div style=\"height:20px\" aria-hidden=\"true\" class=\"wp-block-spacer\"><\/div>\n\n\n\n<p class=\"has-text-color has-medium-font-size has-vivid-red-color\"><strong>Samedi 16 et Dimanche 17 mars<\/strong><\/p>\n\n\n\n<div style=\"height:20px\" aria-hidden=\"true\" class=\"wp-block-spacer\"><\/div>\n\n\n\n<div class=\"wp-block-image\"><figure class=\"alignleft is-resized\"><img loading=\"lazy\" decoding=\"async\" src=\"http:\/\/www.sevenadur.org\/2019\/wp-content\/uploads\/sites\/6\/2019\/01\/broderie.jpeg\" alt=\"\" class=\"wp-image-214\" width=\"185\" height=\"328\" srcset=\"http:\/\/www.sevenadur.org\/2019\/wp-content\/uploads\/sites\/6\/2019\/01\/broderie.jpeg 531w, http:\/\/www.sevenadur.org\/2019\/wp-content\/uploads\/sites\/6\/2019\/01\/broderie-169x300.jpeg 169w\" sizes=\"auto, (max-width: 185px) 100vw, 185px\" \/><\/figure><\/div>\n\n\n\n<p>Stage anim\u00e9 par Kristell PENAULT, accompagn\u00e9e de Maryse PENAULT. Kristell est une brodeuse professionnelle, elle est MOF en broderie Haute Couture depuis 2007. Elle travaille actuellement pour Chanel, au studio MTX Broderie Architecturale (dont la derni\u00e8re r\u00e9alisation a \u00e9t\u00e9 mont\u00e9e dans le grand salon du dernier paquebot de croisi\u00e8re de luxe) et a collabor\u00e9, en tant qu&rsquo;\u00e9chantillonneuse pour les d\u00e9fil\u00e9s Haute Couture de Jean-Paul GAUTHIER, Christian DIOR, Yves SAINT LAURENT&#8230;<\/p>\n\n\n\n<div style=\"height:20px\" aria-hidden=\"true\" class=\"wp-block-spacer\"><\/div>\n\n\n\n<p><strong>Le kit sera fourni, \u00e0 r\u00e9gler sur place, co\u00fbt 10\u20ac<\/strong><\/p>\n\n\n\n<div style=\"height:20px\" aria-hidden=\"true\" class=\"wp-block-spacer\"><\/div>\n\n\n\n<p style=\"text-align:center\"><strong><em>A la Maison Saint-Cyr, 59 rue Papu, Rennes * 9h-17h30 * adh\u00e9rents KKR : 23\u20ac la journ\u00e9e, 33\u20ac pour les 2 jours \/ non adh\u00e9rents : 28\u20ac la journ\u00e9e, 38\u20ac les 2 jours<\/em><\/strong><\/p>\n\n\n\n<div style=\"height:20px\" aria-hidden=\"true\" class=\"wp-block-spacer\"><\/div>\n\n\n\n<p><strong>Renseignements et r\u00e9servations : Marie Odile PLELAN &#8211; 06.10.03.47.05 &nbsp;&#8211; mo.plelan@orange.fr<\/strong><\/p>\n","protected":false},"excerpt":{"rendered":"<p>Fabrication de low whistles Vendredi 1er au dimanche 03 mars Le low whistle a \u00e9t\u00e9 invent\u00e9 (ou r\u00e9invent\u00e9) en Irlande vers la fin des ann\u00e9es 1960 d\u00e9but 70 sous l\u2019impulsion de Finbar Furey et du luthier Bernard Overton. Cette grande &hellip; <a href=\"http:\/\/www.sevenadur.org\/2019\/stages\/\">Continuer la lecture <span class=\"meta-nav\">&rarr;<\/span><\/a><\/p>\n","protected":false},"author":4,"featured_media":0,"parent":0,"menu_order":0,"comment_status":"closed","ping_status":"closed","template":"","meta":{"_vp_format_video_url":"","_vp_image_focal_point":[],"footnotes":""},"class_list":["post-119","page","type-page","status-publish","hentry"],"_links":{"self":[{"href":"http:\/\/www.sevenadur.org\/2019\/wp-json\/wp\/v2\/pages\/119","targetHints":{"allow":["GET"]}}],"collection":[{"href":"http:\/\/www.sevenadur.org\/2019\/wp-json\/wp\/v2\/pages"}],"about":[{"href":"http:\/\/www.sevenadur.org\/2019\/wp-json\/wp\/v2\/types\/page"}],"author":[{"embeddable":true,"href":"http:\/\/www.sevenadur.org\/2019\/wp-json\/wp\/v2\/users\/4"}],"replies":[{"embeddable":true,"href":"http:\/\/www.sevenadur.org\/2019\/wp-json\/wp\/v2\/comments?post=119"}],"version-history":[{"count":17,"href":"http:\/\/www.sevenadur.org\/2019\/wp-json\/wp\/v2\/pages\/119\/revisions"}],"predecessor-version":[{"id":383,"href":"http:\/\/www.sevenadur.org\/2019\/wp-json\/wp\/v2\/pages\/119\/revisions\/383"}],"wp:attachment":[{"href":"http:\/\/www.sevenadur.org\/2019\/wp-json\/wp\/v2\/media?parent=119"}],"curies":[{"name":"wp","href":"https:\/\/api.w.org\/{rel}","templated":true}]}}