{"id":113,"date":"2019-01-15T16:40:22","date_gmt":"2019-01-15T15:40:22","guid":{"rendered":"http:\/\/www.sevenadur.org\/2019\/?page_id=113"},"modified":"2019-02-07T12:27:49","modified_gmt":"2019-02-07T11:27:49","slug":"fest-n-breizh","status":"publish","type":"page","link":"http:\/\/www.sevenadur.org\/2019\/fest-n-breizh\/","title":{"rendered":"Fest N&rsquo; Breizh"},"content":{"rendered":"\n<p>Fest\u2019n\n Breizh est un \u00e9v\u00e9nement organis\u00e9 par un collectif d\u2019associations des \nUniversit\u00e9s Rennes 1 et Rennes 2, d\u00e9sireux de faire d\u00e9couvrir la culture\n bretonne aux \u00e9tudiants et de l\u2019ouvrir aux influences musicales \nactuelles.&nbsp;Il s\u2019ins\u00e8re dans le cadre de la <a href=\"https:\/\/www.facebook.com\/ND4JRennes\/\" target=\"_blank\" rel=\"noreferrer noopener\">ND4J<\/a> et il est soutenu par les universit\u00e9s de <a href=\"https:\/\/www.univ-rennes1.fr\/\" target=\"_blank\" rel=\"noreferrer noopener\">Rennes 1 <\/a>et <a href=\"https:\/\/www.univ-rennes2.fr\/\" target=\"_blank\" rel=\"noreferrer noopener\">Rennes 2<\/a>.<\/p>\n\n\n\n<div class=\"wp-block-image\"><figure class=\"aligncenter\"><img loading=\"lazy\" decoding=\"async\" width=\"436\" height=\"637\" src=\"http:\/\/www.sevenadur.org\/2019\/wp-content\/uploads\/sites\/6\/2019\/02\/festnbreizh19.jpg\" alt=\"\" class=\"wp-image-322\" srcset=\"http:\/\/www.sevenadur.org\/2019\/wp-content\/uploads\/sites\/6\/2019\/02\/festnbreizh19.jpg 436w, http:\/\/www.sevenadur.org\/2019\/wp-content\/uploads\/sites\/6\/2019\/02\/festnbreizh19-205x300.jpg 205w\" sizes=\"auto, (max-width: 436px) 100vw, 436px\" \/><\/figure><\/div>\n\n\n\n<div style=\"height:41px\" aria-hidden=\"true\" class=\"wp-block-spacer\"><\/div>\n\n\n\n<p class=\"has-medium-font-size\"><strong>Au programme :<\/strong><\/p>\n\n\n\n<ul class=\"wp-block-list\"><li><strong>12h30<\/strong> &#8211; pr\u00e9sentation sur le campus de Beaulieu avec d\u00e9ambulation de Forj Sextet<\/li><li><strong>16h<\/strong> &#8211; pr\u00e9sentation sur le campus de Villejean avec d\u00e9ambulation de Forj Sextet<\/li><li><strong>19h15<\/strong> &#8211; d\u00e9ambulation de Forj Sextet de la Mairie de Rennes jusqu&rsquo;\u00e0 l&rsquo;Etage<\/li><li><strong>20h <\/strong>&#8211; Soir\u00e9e \u00e0 L&rsquo;Etage<\/li><\/ul>\n\n\n\n<div style=\"height:20px\" aria-hidden=\"true\" class=\"wp-block-spacer\"><\/div>\n\n\n\n<p style=\"text-align:center\"><strong><em>L\u2019Etage, 1 Esplanade G\u00e9n\u00e9ral de Gaulle, Rennes * 27 f\u00e9vrier * de 20h \u00e0 2h * Gratuit * Renseignements : festnbzh@gmail.com <\/em><\/strong><\/p>\n","protected":false},"excerpt":{"rendered":"<p>Fest\u2019n Breizh est un \u00e9v\u00e9nement organis\u00e9 par un collectif d\u2019associations des Universit\u00e9s Rennes 1 et Rennes 2, d\u00e9sireux de faire d\u00e9couvrir la culture bretonne aux \u00e9tudiants et de l\u2019ouvrir aux influences musicales actuelles.&nbsp;Il s\u2019ins\u00e8re dans le cadre de la ND4J &hellip; <a href=\"http:\/\/www.sevenadur.org\/2019\/fest-n-breizh\/\">Continuer la lecture <span class=\"meta-nav\">&rarr;<\/span><\/a><\/p>\n","protected":false},"author":4,"featured_media":0,"parent":0,"menu_order":0,"comment_status":"closed","ping_status":"closed","template":"","meta":{"_vp_format_video_url":"","_vp_image_focal_point":[],"footnotes":""},"class_list":["post-113","page","type-page","status-publish","hentry"],"_links":{"self":[{"href":"http:\/\/www.sevenadur.org\/2019\/wp-json\/wp\/v2\/pages\/113","targetHints":{"allow":["GET"]}}],"collection":[{"href":"http:\/\/www.sevenadur.org\/2019\/wp-json\/wp\/v2\/pages"}],"about":[{"href":"http:\/\/www.sevenadur.org\/2019\/wp-json\/wp\/v2\/types\/page"}],"author":[{"embeddable":true,"href":"http:\/\/www.sevenadur.org\/2019\/wp-json\/wp\/v2\/users\/4"}],"replies":[{"embeddable":true,"href":"http:\/\/www.sevenadur.org\/2019\/wp-json\/wp\/v2\/comments?post=113"}],"version-history":[{"count":7,"href":"http:\/\/www.sevenadur.org\/2019\/wp-json\/wp\/v2\/pages\/113\/revisions"}],"predecessor-version":[{"id":324,"href":"http:\/\/www.sevenadur.org\/2019\/wp-json\/wp\/v2\/pages\/113\/revisions\/324"}],"wp:attachment":[{"href":"http:\/\/www.sevenadur.org\/2019\/wp-json\/wp\/v2\/media?parent=113"}],"curies":[{"name":"wp","href":"https:\/\/api.w.org\/{rel}","templated":true}]}}