{"id":99,"date":"2017-12-06T17:16:43","date_gmt":"2017-12-06T16:16:43","guid":{"rendered":"http:\/\/www.sevenadur.org\/2018\/?page_id=99"},"modified":"2018-03-05T10:25:02","modified_gmt":"2018-03-05T09:25:02","slug":"stage-de-musique-vannetaise","status":"publish","type":"page","link":"http:\/\/www.sevenadur.org\/2018\/stage-de-musique-vannetaise\/","title":{"rendered":"Stage de musique vannetaise"},"content":{"rendered":"<h3><span style=\"color: #003366;font-family: 'Trebuchet MS', Geneva;font-size: 14pt\">Samedi 17 mars<\/span><\/h3>\n<h4><span style=\"color: #003366;font-size: 12pt\">Stage de musique vannetaise par Jorj Botuha (bombarde) et Micka\u00ebl Jouanno (biniou).<\/span><\/h4>\n<h4><img loading=\"lazy\" decoding=\"async\" class=\" wp-image-885 alignnone\" src=\"http:\/\/www.sevenadur.org\/2018\/wp-content\/uploads\/sites\/5\/2018\/01\/stages_sonneurs-300x169.jpg\" alt=\"\" width=\"305\" height=\"172\" srcset=\"http:\/\/www.sevenadur.org\/2018\/wp-content\/uploads\/sites\/5\/2018\/01\/stages_sonneurs-300x169.jpg 300w, http:\/\/www.sevenadur.org\/2018\/wp-content\/uploads\/sites\/5\/2018\/01\/stages_sonneurs.jpg 521w\" sizes=\"auto, (max-width: 305px) 100vw, 305px\" \/><\/h4>\n<h4><span style=\"font-family: 'Trebuchet MS', Geneva;font-size: 10pt\"><span style=\"color: #000000\"><b>Cercle Celtique de Rennes, Ferme de la Harpe, Rennes \u2666<\/b><b>\u00a09h30 &#8211; 17h\u00a0\u2666<\/b>\u00a0<b>accueil \u00e0 9h\u00a0<\/b><\/span><span style=\"color: #000000\"><b>\u2666\u00a0<\/b><\/span><b>pause d\u00e9jeuner de 12h30 \u00e0 14h \u2666<\/b>\u00a0<b>40 \u20ac \u2666<\/b>\u00a0<b>Renseignements et inscriptions : Laurent Priz\u00e9 &#8211; 06 72 44 13 42 <\/b><b style=\"color: #000000\"><a style=\"color: #000000\" href=\"mailto:laurent.prize@laposte.net\">laurent.prize@laposte.net<\/a>\u00a0<b>\u2666\u00a0<em><strong><img loading=\"lazy\" decoding=\"async\" class=\" wp-image-941 alignnone\" src=\"http:\/\/www.sevenadur.org\/2018\/wp-content\/uploads\/sites\/5\/2018\/01\/picto_handicap.jpg\" alt=\"\" width=\"17\" height=\"17\" srcset=\"http:\/\/www.sevenadur.org\/2018\/wp-content\/uploads\/sites\/5\/2018\/01\/picto_handicap.jpg 256w, http:\/\/www.sevenadur.org\/2018\/wp-content\/uploads\/sites\/5\/2018\/01\/picto_handicap-150x150.jpg 150w\" sizes=\"auto, (max-width: 17px) 100vw, 17px\" \/><\/strong><\/em><\/b><\/b><\/span><\/h4>\n<p><span style=\"font-weight: 400;font-size: 10pt;font-family: 'Trebuchet MS', Geneva\">Apprentissage et sensibilisation aux variantes privil\u00e9giant le rythme interne du timbre. \u00a0Travail sur l\u2019anche et r\u00e9flexion sur les phras\u00e9s et les attaques de notes. R\u00e9flexions sur les articulations et ornementations personnelles. Ce stage s&rsquo;adresse aux sonneurs non-d\u00e9butants (minimum deux ans de pratique), ind\u00e9pendants ou en couple.<\/span><\/p>\n<p><span style=\"font-family: 'Trebuchet MS', Geneva;font-size: 8pt;color: #008080\"><strong><em>Org. :\u00a0<a style=\"color: #008080\" href=\"http:\/\/cercleceltiquederennes.org\/\" target=\"_blank\" rel=\"noopener noreferrer\">Cercle Celtique de Rennes<\/a><\/em><\/strong><\/span><\/p>\n<p><span style=\"font-family: 'Trebuchet MS', Geneva;font-size: 10pt\"> <strong><em><span style=\"color: #000000\"><img loading=\"lazy\" decoding=\"async\" class=\" wp-image-143 alignleft\" src=\"http:\/\/www.sevenadur.org\/2018\/wp-content\/uploads\/sites\/5\/2017\/12\/kkr-300x83.png\" alt=\"\" width=\"166\" height=\"46\" \/><\/span><\/em><\/strong><\/span><\/p>\n","protected":false},"excerpt":{"rendered":"<p>Samedi 17 mars Stage de musique vannetaise par Jorj Botuha (bombarde) et Micka\u00ebl Jouanno (biniou). Cercle Celtique de Rennes, Ferme de la Harpe, Rennes \u2666\u00a09h30 &#8211; 17h\u00a0\u2666\u00a0accueil \u00e0 9h\u00a0\u2666\u00a0pause d\u00e9jeuner de 12h30 \u00e0 14h \u2666\u00a040 \u20ac \u2666\u00a0Renseignements et inscriptions : &hellip; <a href=\"http:\/\/www.sevenadur.org\/2018\/stage-de-musique-vannetaise\/\">Continuer la lecture <span class=\"meta-nav\">&rarr;<\/span><\/a><\/p>\n","protected":false},"author":1,"featured_media":0,"parent":0,"menu_order":0,"comment_status":"closed","ping_status":"closed","template":"","meta":{"_vp_format_video_url":"","_vp_image_focal_point":[],"footnotes":""},"class_list":["post-99","page","type-page","status-publish","hentry"],"_links":{"self":[{"href":"http:\/\/www.sevenadur.org\/2018\/wp-json\/wp\/v2\/pages\/99","targetHints":{"allow":["GET"]}}],"collection":[{"href":"http:\/\/www.sevenadur.org\/2018\/wp-json\/wp\/v2\/pages"}],"about":[{"href":"http:\/\/www.sevenadur.org\/2018\/wp-json\/wp\/v2\/types\/page"}],"author":[{"embeddable":true,"href":"http:\/\/www.sevenadur.org\/2018\/wp-json\/wp\/v2\/users\/1"}],"replies":[{"embeddable":true,"href":"http:\/\/www.sevenadur.org\/2018\/wp-json\/wp\/v2\/comments?post=99"}],"version-history":[{"count":18,"href":"http:\/\/www.sevenadur.org\/2018\/wp-json\/wp\/v2\/pages\/99\/revisions"}],"predecessor-version":[{"id":1081,"href":"http:\/\/www.sevenadur.org\/2018\/wp-json\/wp\/v2\/pages\/99\/revisions\/1081"}],"wp:attachment":[{"href":"http:\/\/www.sevenadur.org\/2018\/wp-json\/wp\/v2\/media?parent=99"}],"curies":[{"name":"wp","href":"https:\/\/api.w.org\/{rel}","templated":true}]}}