{"id":88,"date":"2017-12-06T17:05:43","date_gmt":"2017-12-06T16:05:43","guid":{"rendered":"http:\/\/www.sevenadur.org\/2018\/?page_id=88"},"modified":"2018-03-05T11:55:33","modified_gmt":"2018-03-05T10:55:33","slug":"stage-daccordeon","status":"publish","type":"page","link":"http:\/\/www.sevenadur.org\/2018\/stage-daccordeon\/","title":{"rendered":"Stage d&rsquo;accord\u00e9on avec Delphine Florez"},"content":{"rendered":"<h3><span style=\"color: #003366;font-family: 'Trebuchet MS', Geneva;font-size: 14pt\">Samedi 10 mars<\/span><\/h3>\n<p><span style=\"font-size: 10pt;font-family: 'Trebuchet MS', Geneva;color: #000000\"><b><img loading=\"lazy\" decoding=\"async\" class=\" wp-image-714 alignleft\" src=\"http:\/\/www.sevenadur.org\/2018\/wp-content\/uploads\/sites\/5\/2018\/01\/delphine_florez-200x300.jpg\" alt=\"\" width=\"148\" height=\"222\" srcset=\"http:\/\/www.sevenadur.org\/2018\/wp-content\/uploads\/sites\/5\/2018\/01\/delphine_florez-200x300.jpg 200w, http:\/\/www.sevenadur.org\/2018\/wp-content\/uploads\/sites\/5\/2018\/01\/delphine_florez-768x1152.jpg 768w, http:\/\/www.sevenadur.org\/2018\/wp-content\/uploads\/sites\/5\/2018\/01\/delphine_florez-683x1024.jpg 683w, http:\/\/www.sevenadur.org\/2018\/wp-content\/uploads\/sites\/5\/2018\/01\/delphine_florez.jpg 1000w\" sizes=\"auto, (max-width: 148px) 100vw, 148px\" \/>Cercle Celtique de Rennes, Ferme de la Harpe, Rennes \u2666<\/b><b>\u00a09h &#8211; 17h\u00a0\u2666<\/b>\u00a0<b>Pause d\u00e9jeuner de 12h30 \u00e0 14h \u2666<\/b>\u00a0<strong>Pr\u00e9voir son repas\u00a0<\/strong><b>\u2666\u00a0<\/b><b>40 \u20ac \u2666<\/b>\u00a0<b>Renseignements et inscriptions : <\/b><b style=\"color: #000000\"><a style=\"color: #000000\" href=\"mailto:dflorez@free.fr\">dflorez@free.fr<\/a>\u00a0<b>\u2666\u00a0<em><strong><img loading=\"lazy\" decoding=\"async\" class=\" wp-image-941 alignnone\" src=\"http:\/\/www.sevenadur.org\/2018\/wp-content\/uploads\/sites\/5\/2018\/01\/picto_handicap.jpg\" alt=\"\" width=\"17\" height=\"17\" srcset=\"http:\/\/www.sevenadur.org\/2018\/wp-content\/uploads\/sites\/5\/2018\/01\/picto_handicap.jpg 256w, http:\/\/www.sevenadur.org\/2018\/wp-content\/uploads\/sites\/5\/2018\/01\/picto_handicap-150x150.jpg 150w\" sizes=\"auto, (max-width: 17px) 100vw, 17px\" \/><\/strong><\/em><\/b><\/b><\/span><\/p>\n<p><span style=\"font-size: 10pt;font-family: 'Trebuchet MS', Geneva\">Stage d\u2019accord\u00e9on avec Delphine Florez\u00a0articul\u00e9 autour du rythme \u00e0 5 temps : travail autour d\u2019un chant du pays vannetais, m\u00e9lodie, rythmique main gauche et main droite, jeu d\u2019ensemble.<\/span><\/p>\n<p><span style=\"font-weight: 400;font-size: 10pt;font-family: 'Trebuchet MS', Geneva\">Ce stage s\u2019adresse \u00e0 des accord\u00e9onistes confirm\u00e9s (2 \u00e0 3 ans de pratique minimum, maitrise des accords <\/span><span style=\"font-weight: 400;font-size: 10pt;font-family: 'Trebuchet MS', Geneva\">de base \u00e0 la main droite).<\/span><\/p>\n<p><span style=\"font-size: 8pt;color: #008080\"><em><strong><span style=\"font-family: 'Trebuchet MS', Geneva\">Org. : <a style=\"color: #008080\" href=\"http:\/\/cercleceltiquederennes.org\/\" target=\"_blank\" rel=\"noopener noreferrer\">Cercle celtique de Rennes<\/a><\/span><\/strong><\/em><\/span><\/p>\n","protected":false},"excerpt":{"rendered":"<p>Samedi 10 mars Cercle Celtique de Rennes, Ferme de la Harpe, Rennes \u2666\u00a09h &#8211; 17h\u00a0\u2666\u00a0Pause d\u00e9jeuner de 12h30 \u00e0 14h \u2666\u00a0Pr\u00e9voir son repas\u00a0\u2666\u00a040 \u20ac \u2666\u00a0Renseignements et inscriptions : dflorez@free.fr\u00a0\u2666\u00a0 Stage d\u2019accord\u00e9on avec Delphine Florez\u00a0articul\u00e9 autour du rythme \u00e0 5 temps &hellip; <a href=\"http:\/\/www.sevenadur.org\/2018\/stage-daccordeon\/\">Continuer la lecture <span class=\"meta-nav\">&rarr;<\/span><\/a><\/p>\n","protected":false},"author":1,"featured_media":0,"parent":0,"menu_order":0,"comment_status":"closed","ping_status":"closed","template":"","meta":{"_vp_format_video_url":"","_vp_image_focal_point":[],"footnotes":""},"class_list":["post-88","page","type-page","status-publish","hentry"],"_links":{"self":[{"href":"http:\/\/www.sevenadur.org\/2018\/wp-json\/wp\/v2\/pages\/88","targetHints":{"allow":["GET"]}}],"collection":[{"href":"http:\/\/www.sevenadur.org\/2018\/wp-json\/wp\/v2\/pages"}],"about":[{"href":"http:\/\/www.sevenadur.org\/2018\/wp-json\/wp\/v2\/types\/page"}],"author":[{"embeddable":true,"href":"http:\/\/www.sevenadur.org\/2018\/wp-json\/wp\/v2\/users\/1"}],"replies":[{"embeddable":true,"href":"http:\/\/www.sevenadur.org\/2018\/wp-json\/wp\/v2\/comments?post=88"}],"version-history":[{"count":16,"href":"http:\/\/www.sevenadur.org\/2018\/wp-json\/wp\/v2\/pages\/88\/revisions"}],"predecessor-version":[{"id":1089,"href":"http:\/\/www.sevenadur.org\/2018\/wp-json\/wp\/v2\/pages\/88\/revisions\/1089"}],"wp:attachment":[{"href":"http:\/\/www.sevenadur.org\/2018\/wp-json\/wp\/v2\/media?parent=88"}],"curies":[{"name":"wp","href":"https:\/\/api.w.org\/{rel}","templated":true}]}}