{"id":84,"date":"2017-12-06T17:01:23","date_gmt":"2017-12-06T16:01:23","guid":{"rendered":"http:\/\/www.sevenadur.org\/2018\/?page_id=84"},"modified":"2018-02-12T09:23:48","modified_gmt":"2018-02-12T08:23:48","slug":"stage-de-broderie","status":"publish","type":"page","link":"http:\/\/www.sevenadur.org\/2018\/stage-de-broderie\/","title":{"rendered":"Stage de broderie avec Paul Balbous"},"content":{"rendered":"<h3><span style=\"color: #003366;font-family: 'Trebuchet MS', Geneva;font-size: 14pt\">Samedi 03 mars &#8211; Dimanche 04 mars<\/span><\/h3>\n<p><span style=\"font-family: 'Trebuchet MS', Geneva;font-size: 10pt\"><b><img loading=\"lazy\" decoding=\"async\" class=\"size-medium wp-image-1045 alignleft\" src=\"http:\/\/www.sevenadur.org\/2018\/wp-content\/uploads\/sites\/5\/2018\/02\/Affiche-stage-broderie-03.2018-01-212x300.png\" alt=\"\" width=\"212\" height=\"300\" srcset=\"http:\/\/www.sevenadur.org\/2018\/wp-content\/uploads\/sites\/5\/2018\/02\/Affiche-stage-broderie-03.2018-01-212x300.png 212w, http:\/\/www.sevenadur.org\/2018\/wp-content\/uploads\/sites\/5\/2018\/02\/Affiche-stage-broderie-03.2018-01-768x1086.png 768w, http:\/\/www.sevenadur.org\/2018\/wp-content\/uploads\/sites\/5\/2018\/02\/Affiche-stage-broderie-03.2018-01-724x1024.png 724w\" sizes=\"auto, (max-width: 212px) 100vw, 212px\" \/>Maison St-Cyr, 59 Rue Papu, Rennes \u2666<\/b><b>\u00a09h30-17h30 \u2666<\/b><b>\u00a0Repas \u00e0 apporter\u00a0\u2666<\/b><b>\u00a0R\u00e9servation et renseignements :\u00a0<\/b><b style=\"color: #000000\"><a style=\"color: #000000\" href=\"mailto:mo.plelan@orange.fr\">mo.plelan@orange.fr<\/a>\u00a0<b>\u2666<\/b>\u00a0<em><strong><img loading=\"lazy\" decoding=\"async\" class=\" wp-image-941 alignnone\" src=\"http:\/\/www.sevenadur.org\/2018\/wp-content\/uploads\/sites\/5\/2018\/01\/picto_handicap.jpg\" alt=\"\" width=\"17\" height=\"17\" srcset=\"http:\/\/www.sevenadur.org\/2018\/wp-content\/uploads\/sites\/5\/2018\/01\/picto_handicap.jpg 256w, http:\/\/www.sevenadur.org\/2018\/wp-content\/uploads\/sites\/5\/2018\/01\/picto_handicap-150x150.jpg 150w\" sizes=\"auto, (max-width: 17px) 100vw, 17px\" \/><\/strong><\/em><\/b><\/span><\/p>\n<p><span style=\"font-family: 'Trebuchet MS', Geneva;font-size: 10pt\"><b>Pour les adh\u00e9rents : 23\u20ac la journ\u00e9e et 33\u20ac les deux jours \/ Pour les non-adh\u00e9rents : 28\u20ac la journ\u00e9e et 38\u20ac les deux jours.<\/b><\/span><\/p>\n<p><span style=\"font-family: 'Trebuchet MS', Geneva;font-size: 10pt\">Venez broder avec Paul Balbous autour du th\u00e8me de la cannetille. Le kit sera fourni par le brodeur (\u00e0 lui r\u00e9gler sur place).<\/span><\/p>\n<p><em><span style=\"font-family: 'Trebuchet MS', Geneva\"><span style=\"font-size: 8pt;color: #008080\"><b>Org. :\u00a0<\/b><b><a style=\"color: #008080\" href=\"http:\/\/cercleceltiquederennes.org\/\" target=\"_blank\" rel=\"noopener noreferrer\">Cercle Celtique de Rennes<\/a><\/b><\/span><b><a style=\"color: #008080\" href=\"http:\/\/cercleceltiquederennes.org\/\" target=\"_blank\" rel=\"noopener noreferrer\"><br \/>\n<\/a><\/b><\/span><\/em><\/p>\n","protected":false},"excerpt":{"rendered":"<p>Samedi 03 mars &#8211; Dimanche 04 mars Maison St-Cyr, 59 Rue Papu, Rennes \u2666\u00a09h30-17h30 \u2666\u00a0Repas \u00e0 apporter\u00a0\u2666\u00a0R\u00e9servation et renseignements :\u00a0mo.plelan@orange.fr\u00a0\u2666\u00a0 Pour les adh\u00e9rents : 23\u20ac la journ\u00e9e et 33\u20ac les deux jours \/ Pour les non-adh\u00e9rents : 28\u20ac la journ\u00e9e &hellip; <a href=\"http:\/\/www.sevenadur.org\/2018\/stage-de-broderie\/\">Continuer la lecture <span class=\"meta-nav\">&rarr;<\/span><\/a><\/p>\n","protected":false},"author":1,"featured_media":0,"parent":0,"menu_order":0,"comment_status":"closed","ping_status":"closed","template":"","meta":{"_vp_format_video_url":"","_vp_image_focal_point":[],"footnotes":""},"class_list":["post-84","page","type-page","status-publish","hentry"],"_links":{"self":[{"href":"http:\/\/www.sevenadur.org\/2018\/wp-json\/wp\/v2\/pages\/84","targetHints":{"allow":["GET"]}}],"collection":[{"href":"http:\/\/www.sevenadur.org\/2018\/wp-json\/wp\/v2\/pages"}],"about":[{"href":"http:\/\/www.sevenadur.org\/2018\/wp-json\/wp\/v2\/types\/page"}],"author":[{"embeddable":true,"href":"http:\/\/www.sevenadur.org\/2018\/wp-json\/wp\/v2\/users\/1"}],"replies":[{"embeddable":true,"href":"http:\/\/www.sevenadur.org\/2018\/wp-json\/wp\/v2\/comments?post=84"}],"version-history":[{"count":17,"href":"http:\/\/www.sevenadur.org\/2018\/wp-json\/wp\/v2\/pages\/84\/revisions"}],"predecessor-version":[{"id":1046,"href":"http:\/\/www.sevenadur.org\/2018\/wp-json\/wp\/v2\/pages\/84\/revisions\/1046"}],"wp:attachment":[{"href":"http:\/\/www.sevenadur.org\/2018\/wp-json\/wp\/v2\/media?parent=84"}],"curies":[{"name":"wp","href":"https:\/\/api.w.org\/{rel}","templated":true}]}}