{"id":8,"date":"2017-12-06T14:57:23","date_gmt":"2017-12-06T13:57:23","guid":{"rendered":"http:\/\/www.sevenadur.org\/2018\/?page_id=8"},"modified":"2018-01-29T12:22:24","modified_gmt":"2018-01-29T11:22:24","slug":"partenaires","status":"publish","type":"page","link":"http:\/\/www.sevenadur.org\/2018\/partenaires\/","title":{"rendered":"Partenaires"},"content":{"rendered":"<ul>\n<li><a href=\"http:\/\/www.ville-acigne.fr\" target=\"_blank\" rel=\"noopener noreferrer\">La Ville d&rsquo;Acign\u00e9<\/a><\/li>\n<li><a href=\"https:\/\/www.ar-redadeg.bzh\/?lang=fr\" target=\"_blank\" rel=\"noopener noreferrer\">Redadeg<\/a><\/li>\n<li><a href=\"http:\/\/www.kendalch.com\/\" target=\"_blank\" rel=\"noopener noreferrer\">Kendal&rsquo;ch<\/a><\/li>\n<li><a href=\"http:\/\/www.chapelotte.fr\/\" target=\"_blank\" rel=\"noopener noreferrer\">La Chapelotte<\/a><\/li>\n<li><a href=\"http:\/\/www.diwan-bro-roazhon.org\/?lang=fr\" target=\"_blank\" rel=\"noopener noreferrer\">Diwan Bro Roazhon<\/a><\/li>\n<li><a href=\"http:\/\/www.ascreb.org\/ascreb\/ascreb_news.php\" target=\"_blank\" rel=\"noopener noreferrer\">L&rsquo;ASCREB<\/a><\/li>\n<li><a href=\"https:\/\/www.facebook.com\/graindeselrennes\/\" target=\"_blank\" rel=\"noopener noreferrer\">Grain de Sel<\/a><\/li>\n<li><a href=\"https:\/\/www.facebook.com\/kejadenn.roazhonii\" target=\"_blank\" rel=\"noopener noreferrer\">Kejadenn<\/a><\/li>\n<li><a href=\"http:\/\/solidarite35roumanie.fr\/S35R\/index.php\" target=\"_blank\" rel=\"noopener noreferrer\">Solidarit\u00e9 35 Roumanie<\/a><\/li>\n<li>Comit\u00e9 de jumelage Rennes\/ Sibiu<\/li>\n<li><a href=\"http:\/\/www.skolanemsav.bzh\/\" target=\"_blank\" rel=\"noopener noreferrer\">Skol An Emsav<\/a><\/li>\n<li><a href=\"https:\/\/www.facebook.com\/musikadartassociation\/\" target=\"_blank\" rel=\"noopener noreferrer\">Musika d&rsquo;Art<\/a><\/li>\n<li><a href=\"https:\/\/rennescorktwinning.wordpress.com\/\" target=\"_blank\" rel=\"noopener noreferrer\">Comit\u00e9 de jumelage Rennes\/ Cork<\/a><\/li>\n<li><a href=\"https:\/\/www.lepontsuperieur.eu\/\" target=\"_blank\" rel=\"noopener noreferrer\">Le Pont sup\u00e9rieur<\/a><\/li>\n<li><a href=\"http:\/\/www.conservatoire-rennes.fr\/\" target=\"_blank\" rel=\"noopener noreferrer\">Le Conservatoire de Rennes<\/a><\/li>\n<li><a href=\"https:\/\/www.tvb.com.fr\/\" target=\"_blank\" rel=\"noopener noreferrer\">TVB<\/a>\u00a0\/\u00a0<a href=\"http:\/\/www.rideonmusic.com\/\" target=\"_blank\" rel=\"noopener noreferrer\">RIDE ON<\/a><\/li>\n<li><a href=\"http:\/\/www.chavagne.fr\/culture-et-loisirs-sports\/bibliotheque\/\" target=\"_blank\" rel=\"noopener noreferrer\">Biblioth\u00e8que municipale de Chavagne<\/a><\/li>\n<li><a href=\"http:\/\/www.vrb.bzh\/\" target=\"_blank\" rel=\"noopener noreferrer\">Vielle \u00e0 Roue en Bretagne<\/a><\/li>\n<li><a href=\"http:\/\/www.avantdeuxdurheu.fr\" target=\"_blank\" rel=\"noopener noreferrer\">Avant Deux du Rheu<\/a><\/li>\n<li><a href=\"http:\/\/www.bagad-roazhon.org\" target=\"_blank\" rel=\"noopener noreferrer\">Le Bagad Roazhon<\/a><\/li>\n<li><a href=\"http:\/\/www.bertegn-galezz.bzh\" target=\"_blank\" rel=\"noopener noreferrer\">Bert\u00e8gn Gal\u00e8zz<\/a><\/li>\n<li><a href=\"https:\/\/www.laboueze.com\" target=\"_blank\" rel=\"noopener noreferrer\">La Bou\u00e8ze<\/a><\/li>\n<li><a href=\"http:\/\/bruzhoneg.breizhpositive.com\/\" target=\"_blank\" rel=\"noopener noreferrer\">Bruzhoneg<\/a><\/li>\n<li><a href=\"http:\/\/www.centres-sociaux-rennais.fr\/index.php?rub=2494\" target=\"_blank\" rel=\"noopener noreferrer\">Le Centre Social de Villejean<\/a><\/li>\n<li><a href=\"http:\/\/divyezh.bruz.free.fr\" target=\"_blank\" rel=\"noopener noreferrer\">Div Yezh Bruz<\/a><\/li>\n<li><a href=\"http:\/\/www.dastum.bzh\" target=\"_blank\" rel=\"noopener noreferrer\">Dastum<\/a><\/li>\n<li><a href=\"http:\/\/dihunbroroazhon.wix.com\/dihun-bro-roazhon\" target=\"_blank\" rel=\"noopener noreferrer\">Dihun bro Roazhon<\/a><\/li>\n<li><a href=\"http:\/\/www.divskouarn.fr\" target=\"_blank\" rel=\"noopener noreferrer\">Divskouarn<\/a><\/li>\n<li><a href=\"http:\/\/www.dihunbreizh.bzh\/\" target=\"_blank\" rel=\"noopener noreferrer\">Dihun Breizh<\/a><\/li>\n<li><a href=\"https:\/\/www.tourisme-rennes.com\" target=\"_blank\" rel=\"noopener noreferrer\">Destination Rennes &#8211; Office de Tourisme<\/a><\/li>\n<li><a href=\"http:\/\/centre-avicenne.fr\/\" target=\"_blank\" rel=\"noopener noreferrer\">Le Centre culturel Avicenne<\/a><\/li>\n<li><a href=\"https:\/\/www.bcd.bzh\/fr\/accueil\/\" target=\"_blank\" rel=\"noopener noreferrer\">BCD<\/a><\/li>\n<li><a href=\"http:\/\/encredebretagne.bzh\" target=\"_blank\" rel=\"noopener noreferrer\">L&rsquo;Encre de Bretagne<\/a><\/li>\n<li><a href=\"http:\/\/gallotonic.com\" target=\"_blank\" rel=\"noopener noreferrer\">Gallo Tonic<\/a><\/li>\n<li><a href=\"http:\/\/confucius-bretagne.org\" target=\"_blank\" rel=\"noopener noreferrer\">L&rsquo;Institut Confucius de Bretagne<\/a><\/li>\n<li><a href=\"http:\/\/jeuxbretons.bzh\" target=\"_blank\" rel=\"noopener noreferrer\">La Jaupitre<\/a><\/li>\n<li><a href=\"http:\/\/lamaisonbleuerennes.fr\/\" target=\"_blank\" rel=\"noopener noreferrer\">Maison bleue<\/a><\/li>\n<li><a href=\"http:\/\/maisonsaintcyr.com\/\" target=\"_blank\" rel=\"noopener noreferrer\">Maison Saint Cyr<\/a><\/li>\n<li><a href=\"https:\/\/www.facebook.com\/maisoninternationalederennes\/\" target=\"_blank\" rel=\"noopener noreferrer\">La Maison Internationale de Rennes<\/a><\/li>\n<li><a href=\"http:\/\/uair.org\/\" target=\"_blank\" rel=\"noopener noreferrer\">UAIR<\/a><\/li>\n<li><a href=\"https:\/\/bouexazik.weebly.com\/\" target=\"_blank\" rel=\"noopener noreferrer\">Bou\u00ebxazik<\/a><\/li>\n<li><a href=\"https:\/\/www.facebook.com\/mosaiquebretagnemaroc\/\" target=\"_blank\" rel=\"noopener noreferrer\">Association Mosa\u00efque Bretagne Maroc<\/a><\/li>\n<li><a href=\"http:\/\/www.lemoulinet.net\" target=\"_blank\" rel=\"noopener noreferrer\">Le Moulinet d\u2019Acign\u00e9<\/a><\/li>\n<li><a href=\"http:\/\/www.musee-bretagne.fr\" target=\"_blank\" rel=\"noopener noreferrer\">Le Mus\u00e9e de Bretagne<\/a><\/li>\n<li><a href=\"http:\/\/www.mbar.org\" target=\"_blank\" rel=\"noopener noreferrer\">Le Mus\u00e9e des Beaux-Arts<\/a><\/li>\n<li><a href=\"http:\/\/www.3regards.com\" target=\"_blank\" rel=\"noopener noreferrer\">Les 3 Regards<\/a><\/li>\n<li><a href=\"http:\/\/skeudenn.bzh\/\" target=\"_blank\" rel=\"noopener noreferrer\">Skeudenn Bro Roazhon<\/a><\/li>\n<li><a href=\"http:\/\/termen.net\/\" target=\"_blank\" rel=\"noopener noreferrer\">Termen<\/a><\/li>\n<li><a href=\"https:\/\/www.facebook.com\/tyanna.tavarn\" target=\"_blank\" rel=\"noopener noreferrer\">Le Ty Anna Tavarn<\/a><\/li>\n<li><a href=\"https:\/\/www.facebook.com\/institutdugalo\/?hc_ref=ARSWH-XCw95jXBzPqlbMFUDzYSFDrovpPzjN6rvUw7St4pALBelk_-JLvVsxCaZa9Ec\" target=\"_blank\" rel=\"noopener noreferrer\">L&rsquo;Institut du Galo<\/a><\/li>\n<\/ul>\n<p>&nbsp;<\/p>\n<p><span style=\"font-size: 14pt;color: #000000\"><strong>Soutiens<\/strong><\/span><\/p>\n<p>&nbsp;<\/p>\n<ul>\n<li><a href=\"https:\/\/www.cmb.fr\/banque\/assurance\/credit-mutuel\/pro\/chapeau\" target=\"_blank\" rel=\"noopener noreferrer\">Cr\u00e9dit Mutuel de Bretagne<\/a><\/li>\n<li>Le Conseil g\u00e9n\u00e9ral<\/li>\n<li>Le Conseil r\u00e9gional<\/li>\n<li><a href=\"https:\/\/www.francebleu.fr\/armorique\" target=\"_blank\" rel=\"noopener noreferrer\">France Bleu Armorique<\/a><\/li>\n<li><a href=\"https:\/\/www.tvr.bzh\/\" target=\"_blank\" rel=\"noopener noreferrer\">TV Rennes<\/a><\/li>\n<li><a href=\"http:\/\/www.triballat.fr\/\" target=\"_blank\" rel=\"noopener noreferrer\">Triballat<\/a><\/li>\n<li><a href=\"http:\/\/www.coat-albret.com\/\" target=\"_blank\" rel=\"noopener noreferrer\">Coat Albret<\/a><\/li>\n<li><a href=\"https:\/\/www.maif.fr\/?xtor=SEC-1705-GOO-[Marque_exact_\/_Marque_Maif]-[48181613982]-S-[maif]&amp;xts=377850\" target=\"_blank\" rel=\"noopener noreferrer\">MAIF<\/a><\/li>\n<li>&#8230;<\/li>\n<\/ul>\n","protected":false},"excerpt":{"rendered":"<p>La Ville d&rsquo;Acign\u00e9 Redadeg Kendal&rsquo;ch La Chapelotte Diwan Bro Roazhon L&rsquo;ASCREB Grain de Sel Kejadenn Solidarit\u00e9 35 Roumanie Comit\u00e9 de jumelage Rennes\/ Sibiu Skol An Emsav Musika d&rsquo;Art Comit\u00e9 de jumelage Rennes\/ Cork Le Pont sup\u00e9rieur Le Conservatoire de Rennes &hellip; <a href=\"http:\/\/www.sevenadur.org\/2018\/partenaires\/\">Continuer la lecture <span class=\"meta-nav\">&rarr;<\/span><\/a><\/p>\n","protected":false},"author":1,"featured_media":0,"parent":0,"menu_order":0,"comment_status":"closed","ping_status":"closed","template":"","meta":{"_vp_format_video_url":"","_vp_image_focal_point":[],"footnotes":""},"class_list":["post-8","page","type-page","status-publish","hentry"],"_links":{"self":[{"href":"http:\/\/www.sevenadur.org\/2018\/wp-json\/wp\/v2\/pages\/8","targetHints":{"allow":["GET"]}}],"collection":[{"href":"http:\/\/www.sevenadur.org\/2018\/wp-json\/wp\/v2\/pages"}],"about":[{"href":"http:\/\/www.sevenadur.org\/2018\/wp-json\/wp\/v2\/types\/page"}],"author":[{"embeddable":true,"href":"http:\/\/www.sevenadur.org\/2018\/wp-json\/wp\/v2\/users\/1"}],"replies":[{"embeddable":true,"href":"http:\/\/www.sevenadur.org\/2018\/wp-json\/wp\/v2\/comments?post=8"}],"version-history":[{"count":16,"href":"http:\/\/www.sevenadur.org\/2018\/wp-json\/wp\/v2\/pages\/8\/revisions"}],"predecessor-version":[{"id":988,"href":"http:\/\/www.sevenadur.org\/2018\/wp-json\/wp\/v2\/pages\/8\/revisions\/988"}],"wp:attachment":[{"href":"http:\/\/www.sevenadur.org\/2018\/wp-json\/wp\/v2\/media?parent=8"}],"curies":[{"name":"wp","href":"https:\/\/api.w.org\/{rel}","templated":true}]}}