{"id":62,"date":"2017-12-06T16:24:30","date_gmt":"2017-12-06T15:24:30","guid":{"rendered":"http:\/\/www.sevenadur.org\/2018\/?page_id=62"},"modified":"2018-03-05T12:21:00","modified_gmt":"2018-03-05T11:21:00","slug":"programme-detaille","status":"publish","type":"page","link":"http:\/\/www.sevenadur.org\/2018\/programme-detaille\/","title":{"rendered":"Programme"},"content":{"rendered":"<p><a href=\"http:\/\/www.sevenadur.org\/2018\/wp-content\/uploads\/sites\/5\/2018\/03\/flyer-2018-web.pdf\">Programme 2018<\/a><\/p>\n<p>&nbsp;<\/p>\n<table width=\"968\">\n<tbody>\n<tr>\n<td colspan=\"7\" width=\"968\">\n<p style=\"text-align: center\"><span style=\"font-family: 'Trebuchet MS', Geneva;font-size: 14pt;color: #003366\"><strong>FEVRIER &#8211; MARS 2018<\/strong><\/span><\/p>\n<\/td>\n<\/tr>\n<tr>\n<td style=\"text-align: center\" width=\"133\"><span style=\"font-family: 'Trebuchet MS', Geneva;font-size: 10pt\">Lundi 26 f\u00e9vrier<\/span><\/td>\n<td style=\"text-align: center\" width=\"116\"><span style=\"font-family: 'Trebuchet MS', Geneva;font-size: 10pt\">Mardi 27 f\u00e9vrier<\/span><\/td>\n<td style=\"text-align: center\" width=\"156\"><span style=\"font-size: 10pt\"><a href=\"http:\/\/www.sevenadur.org\/2018\/jeunesse\/\" target=\"_blank\" rel=\"noopener noreferrer\"><span style=\"font-family: 'Trebuchet MS', Geneva\">Mercredi 28 f\u00e9vrier<\/span><\/a><\/span><\/td>\n<td style=\"text-align: center\" width=\"106\"><span style=\"font-size: 10pt\"><a href=\"http:\/\/www.sevenadur.org\/2018\/jeunesse\/\" target=\"_blank\" rel=\"noopener noreferrer\"><span style=\"font-family: 'Trebuchet MS', Geneva\">Jeudi 01 mars<\/span><\/a><\/span><\/td>\n<td style=\"text-align: center\" width=\"155\"><span style=\"font-size: 10pt\"><a href=\"http:\/\/www.sevenadur.org\/2018\/jeunesse\/\" target=\"_blank\" rel=\"noopener noreferrer\"><span style=\"font-family: 'Trebuchet MS', Geneva\">Vendredi 02 mars<\/span><\/a><\/span><\/td>\n<td style=\"text-align: center\" width=\"133\"><span style=\"font-size: 10pt\"><a href=\"http:\/\/www.sevenadur.org\/2018\/samedi-3-mars-et-dimanche-4-mars\/\" target=\"_blank\" rel=\"noopener noreferrer\"><span style=\"font-family: 'Trebuchet MS', Geneva\">Samedi 03 mars<\/span><\/a><\/span><\/td>\n<td width=\"167\">\n<p style=\"text-align: center\"><span style=\"font-size: 10pt\"><a href=\"http:\/\/www.sevenadur.org\/2018\/samedi-3-mars-et-dimanche-4-mars\/\" target=\"_blank\" rel=\"noopener noreferrer\"><span style=\"font-family: 'Trebuchet MS', Geneva\">Dimanche 04 mars<\/span><\/a><\/span><\/p>\n<\/td>\n<\/tr>\n<tr>\n<td style=\"text-align: center\" width=\"133\"><span style=\"font-family: 'Trebuchet MS', Geneva;font-size: 10pt\">Lundi 05 mars<\/span><\/td>\n<td style=\"text-align: center\" width=\"116\"><span style=\"font-family: 'Trebuchet MS', Geneva;font-size: 10pt\">Mardi 06 mars<\/span><\/td>\n<td style=\"text-align: center\" width=\"156\"><span style=\"font-family: 'Trebuchet MS', Geneva;font-size: 10pt\">Mercredi 07 mars<\/span><\/td>\n<td style=\"text-align: center\" width=\"106\"><span style=\"font-family: 'Trebuchet MS', Geneva;font-size: 10pt\">Jeudi 08 mars<\/span><\/td>\n<td style=\"text-align: center\" width=\"155\"><span style=\"font-family: 'Trebuchet MS', Geneva;font-size: 10pt\">Vendredi 09 mars<\/span><\/td>\n<td style=\"text-align: center\" width=\"133\"><span style=\"font-size: 10pt\"><a href=\"http:\/\/www.sevenadur.org\/2018\/samedi-10-mars\/\" target=\"_blank\" rel=\"noopener noreferrer\"><span style=\"font-family: 'Trebuchet MS', Geneva\">Samedi 10 mars<\/span><\/a><\/span><\/td>\n<td style=\"text-align: center\" width=\"167\"><span style=\"font-family: 'Trebuchet MS', Geneva;font-size: 10pt\">Dimanche 11 mars<\/span><\/td>\n<\/tr>\n<tr>\n<td style=\"text-align: center\" width=\"133\"><span style=\"font-size: 10pt\"><a href=\"http:\/\/www.sevenadur.org\/2018\/lundi-12-mars\/\" target=\"_blank\" rel=\"noopener noreferrer\"><span style=\"font-family: 'Trebuchet MS', Geneva\">Lundi 12 mars<\/span><\/a><\/span><\/td>\n<td style=\"text-align: center\" width=\"116\"><span style=\"font-family: 'Trebuchet MS', Geneva;font-size: 10pt\">Mardi 13 mars<\/span><\/td>\n<td style=\"text-align: center\" width=\"156\"><span style=\"font-size: 10pt\"><a href=\"http:\/\/www.sevenadur.org\/2018\/mercredi-14-mars\/\" target=\"_blank\" rel=\"noopener noreferrer\"><span style=\"font-family: 'Trebuchet MS', Geneva\">Mercredi 14 mars<\/span><\/a><\/span><\/td>\n<td style=\"text-align: center\" width=\"106\"><span style=\"font-size: 10pt\"><a href=\"http:\/\/www.sevenadur.org\/2018\/jeudi-15-mars\/\" target=\"_blank\" rel=\"noopener noreferrer\"><span style=\"font-family: 'Trebuchet MS', Geneva\">Jeudi 15 mars<\/span><\/a><\/span><\/td>\n<td style=\"text-align: center\" width=\"155\"><span style=\"font-size: 10pt\"><a href=\"http:\/\/www.sevenadur.org\/2018\/vendredi-16-mars\/\" target=\"_blank\" rel=\"noopener noreferrer\"><span style=\"font-family: 'Trebuchet MS', Geneva\">Vendredi 16 mars<\/span><\/a><\/span><\/td>\n<td style=\"text-align: center\" width=\"133\"><span style=\"font-size: 10pt\"><a href=\"http:\/\/www.sevenadur.org\/2018\/samedi-17-mars\/\" target=\"_blank\" rel=\"noopener noreferrer\"><span style=\"font-family: 'Trebuchet MS', Geneva\">Samedi 17 mars<\/span><\/a><\/span><\/td>\n<td style=\"text-align: center\" width=\"167\"><span style=\"font-size: 10pt\"><a href=\"http:\/\/www.sevenadur.org\/2018\/dimanche-18-mars\/\" target=\"_blank\" rel=\"noopener noreferrer\"><span style=\"font-family: 'Trebuchet MS', Geneva\">Dimanche 18 mars<\/span><\/a><\/span><\/td>\n<\/tr>\n<tr>\n<td style=\"text-align: center\" width=\"133\"><span style=\"font-size: 10pt\"><span style=\"font-family: 'Trebuchet MS', Geneva\">Lundi 19 mars<\/span><\/span><\/td>\n<td style=\"text-align: center\" width=\"116\"><span style=\"font-size: 10pt\"><a href=\"http:\/\/www.sevenadur.org\/2018\/mardi-20-mars\/\" target=\"_blank\" rel=\"noopener noreferrer\"><span style=\"font-family: 'Trebuchet MS', Geneva\">Mardi 20 mars<\/span><\/a><\/span><\/td>\n<td style=\"text-align: center\" width=\"156\"><span style=\"font-size: 10pt\"><a href=\"http:\/\/www.sevenadur.org\/2018\/mercredi-21-mars\/\" target=\"_blank\" rel=\"noopener noreferrer\"><span style=\"font-family: 'Trebuchet MS', Geneva\">Mercredi 21 mars<\/span><\/a><\/span><\/td>\n<td style=\"text-align: center\" width=\"106\"><span style=\"font-size: 10pt\"><a href=\"http:\/\/www.sevenadur.org\/2018\/jeudi-22-mars\/\" target=\"_blank\" rel=\"noopener noreferrer\"><span style=\"font-family: 'Trebuchet MS', Geneva\">Jeudi 22 mars<\/span><\/a><\/span><\/td>\n<td style=\"text-align: center\" width=\"155\"><span style=\"font-size: 10pt\"><a href=\"http:\/\/www.sevenadur.org\/2018\/vendredi-23-mars\/\" target=\"_blank\" rel=\"noopener noreferrer\"><span style=\"font-family: 'Trebuchet MS', Geneva\">Vendredi 23 mars<\/span><\/a><\/span><\/td>\n<td style=\"text-align: center\" width=\"133\"><span style=\"font-size: 10pt\"><a href=\"http:\/\/www.sevenadur.org\/2018\/samedi-24-mars\/\" target=\"_blank\" rel=\"noopener noreferrer\"><span style=\"font-family: 'Trebuchet MS', Geneva\">Samedi 24 mars<\/span><\/a><\/span><\/td>\n<td style=\"text-align: center\" width=\"167\"><span style=\"font-size: 10pt\"><a href=\"http:\/\/www.sevenadur.org\/2018\/fete-des-culture-bretonnes\/\" target=\"_blank\" rel=\"noopener noreferrer\"><span style=\"font-family: 'Trebuchet MS', Geneva\">Dimanche 25 mars<\/span><\/a><\/span><\/td>\n<\/tr>\n<\/tbody>\n<\/table>\n","protected":false},"excerpt":{"rendered":"<p>Programme 2018 &nbsp; FEVRIER &#8211; MARS 2018 Lundi 26 f\u00e9vrier Mardi 27 f\u00e9vrier Mercredi 28 f\u00e9vrier Jeudi 01 mars Vendredi 02 mars Samedi 03 mars Dimanche 04 mars Lundi 05 mars Mardi 06 mars Mercredi 07 mars Jeudi 08 mars &hellip; <a href=\"http:\/\/www.sevenadur.org\/2018\/programme-detaille\/\">Continuer la lecture <span class=\"meta-nav\">&rarr;<\/span><\/a><\/p>\n","protected":false},"author":1,"featured_media":0,"parent":0,"menu_order":0,"comment_status":"closed","ping_status":"closed","template":"","meta":{"_vp_format_video_url":"","_vp_image_focal_point":[],"footnotes":""},"class_list":["post-62","page","type-page","status-publish","hentry"],"_links":{"self":[{"href":"http:\/\/www.sevenadur.org\/2018\/wp-json\/wp\/v2\/pages\/62","targetHints":{"allow":["GET"]}}],"collection":[{"href":"http:\/\/www.sevenadur.org\/2018\/wp-json\/wp\/v2\/pages"}],"about":[{"href":"http:\/\/www.sevenadur.org\/2018\/wp-json\/wp\/v2\/types\/page"}],"author":[{"embeddable":true,"href":"http:\/\/www.sevenadur.org\/2018\/wp-json\/wp\/v2\/users\/1"}],"replies":[{"embeddable":true,"href":"http:\/\/www.sevenadur.org\/2018\/wp-json\/wp\/v2\/comments?post=62"}],"version-history":[{"count":32,"href":"http:\/\/www.sevenadur.org\/2018\/wp-json\/wp\/v2\/pages\/62\/revisions"}],"predecessor-version":[{"id":1093,"href":"http:\/\/www.sevenadur.org\/2018\/wp-json\/wp\/v2\/pages\/62\/revisions\/1093"}],"wp:attachment":[{"href":"http:\/\/www.sevenadur.org\/2018\/wp-json\/wp\/v2\/media?parent=62"}],"curies":[{"name":"wp","href":"https:\/\/api.w.org\/{rel}","templated":true}]}}