{"id":190,"date":"2017-12-07T12:48:24","date_gmt":"2017-12-07T11:48:24","guid":{"rendered":"http:\/\/www.sevenadur.org\/2018\/?page_id=190"},"modified":"2018-03-08T12:40:26","modified_gmt":"2018-03-08T11:40:26","slug":"samedi-24-mars","status":"publish","type":"page","link":"http:\/\/www.sevenadur.org\/2018\/samedi-24-mars\/","title":{"rendered":"Samedi 24 mars"},"content":{"rendered":"<p><span style=\"font-family: 'Trebuchet MS', Geneva;font-size: 14pt;color: #003366\">Bal Traditionnel Nomade<\/span><\/p>\n<p>&nbsp;<\/p>\n<p><img loading=\"lazy\" decoding=\"async\" class=\" wp-image-1065 alignnone\" src=\"http:\/\/www.sevenadur.org\/2018\/wp-content\/uploads\/sites\/5\/2018\/03\/bal_trad-affiche-300x155.jpg\" alt=\"\" width=\"321\" height=\"166\" srcset=\"http:\/\/www.sevenadur.org\/2018\/wp-content\/uploads\/sites\/5\/2018\/03\/bal_trad-affiche-300x155.jpg 300w, http:\/\/www.sevenadur.org\/2018\/wp-content\/uploads\/sites\/5\/2018\/03\/bal_trad-affiche.jpg 707w\" sizes=\"auto, (max-width: 321px) 100vw, 321px\" \/><\/p>\n<p><span style=\"font-family: 'Trebuchet MS', Geneva;font-size: 10pt;color: #000000\"><b>Deux rendez-vous dans le centre ville de Rennes : Place des Lices \u00e0 11h et Place Hoche \u00e0 14h \u2666<\/b><b>\u00a0Gratuit \u2666\u00a0<\/b><b>Renseignements : 02 99 54 36 45 <\/b><\/span><\/p>\n<p><span style=\"font-family: 'Trebuchet MS', Geneva;font-size: 10pt;color: #000000\"><b>&#8211; 06 32 38 87 74\u00a0\u2666\u00a0<em><strong><img loading=\"lazy\" decoding=\"async\" class=\" wp-image-941 alignnone\" src=\"http:\/\/www.sevenadur.org\/2018\/wp-content\/uploads\/sites\/5\/2018\/01\/picto_handicap.jpg\" alt=\"\" width=\"17\" height=\"17\" srcset=\"http:\/\/www.sevenadur.org\/2018\/wp-content\/uploads\/sites\/5\/2018\/01\/picto_handicap.jpg 256w, http:\/\/www.sevenadur.org\/2018\/wp-content\/uploads\/sites\/5\/2018\/01\/picto_handicap-150x150.jpg 150w\" sizes=\"auto, (max-width: 17px) 100vw, 17px\" \/><\/strong><\/em><\/b><\/span><\/p>\n<p><span style=\"font-weight: 400;font-family: 'Trebuchet MS', Geneva;font-size: 10pt\">Chaque terroir poss\u00e8de son bal traditionnel avec des codes et des \u00e9l\u00e9ments qui lui sont singuliers. Le Fest-Noz en Basse-Bretagne, le Riguedau en Haute-Bretagne, le Ceili pour les Irlandais, le bal Folk en centre France. A l&rsquo;occasion de ce bal nomade, nous vous invitons \u00e0 d\u00e9couvrir ces diff\u00e9rents \u00e9l\u00e9ments qui vont vous faire voyager gr\u00e2ce aux danses propos\u00e9es. Vous allez ainsi pouvoir appr\u00e9cier dans des lieux et sur des places diff\u00e9rentes des supports musicaux vari\u00e9s. Des sonneurs aux chanteurs en passant par les Bou\u00e9zous, violoneux, vielleux&#8230; Chacun aura \u00e0 coeur de vous faire danser. Alors n&rsquo;h\u00e9sitez pas un instant, embarquez pour cette balade dans le monde de la danse traditionnelle.<\/span><\/p>\n<p><span style=\"font-weight: 400;font-family: 'Trebuchet MS', Geneva;font-size: 10pt\">A la fin du bal trad, direction le caf\u00e9 du Ty Anna pour y d\u00e9couvrir une culture du monde\u2026 surprise !<\/span><\/p>\n<p><span style=\"font-family: 'Trebuchet MS', Geneva;font-size: 8pt;color: #008080\"><b><i>Org. : <a style=\"color: #008080\" href=\"http:\/\/www.astour.fr\/\" target=\"_blank\" rel=\"noopener noreferrer\">La Compagnie Astour<\/a> du Cercle Celtique de Rennes, en partenariat avec des associations du Pays de<\/i><\/b> <b><i>Rennes<\/i><\/b><\/span><\/p>\n<p>&nbsp;<\/p>\n<p>&nbsp;<\/p>\n<p>&nbsp;<\/p>\n<p><span style=\"font-family: 'Trebuchet MS', Geneva;font-size: 14pt;color: #003366\"><img loading=\"lazy\" decoding=\"async\" class=\" wp-image-1101 alignleft\" src=\"http:\/\/www.sevenadur.org\/2018\/wp-content\/uploads\/sites\/5\/2018\/03\/affiche-ton-eire-de-bouex-2018_orig-211x300.jpg\" alt=\"\" width=\"164\" height=\"233\" srcset=\"http:\/\/www.sevenadur.org\/2018\/wp-content\/uploads\/sites\/5\/2018\/03\/affiche-ton-eire-de-bouex-2018_orig-211x300.jpg 211w, http:\/\/www.sevenadur.org\/2018\/wp-content\/uploads\/sites\/5\/2018\/03\/affiche-ton-eire-de-bouex-2018_orig.jpg 587w\" sizes=\"auto, (max-width: 164px) 100vw, 164px\" \/>Bal pour enfants &#8211; Ton&rsquo;Eire de Bou\u00ebx<\/span><\/p>\n<p>&nbsp;<\/p>\n<p><span style=\"font-family: 'Trebuchet MS', Geneva;font-size: 10pt;color: #000000\"><b>Salle de la Corbi\u00e8re, <\/b><b>La Bou\u00ebxi\u00e8re<\/b> <b>\u2666<\/b><b>\u00a015h- 16h\u00a0\u2666 2\u20ac par enfant, gratuit pour les accompagnateurs \u2666<\/b><b>\u00a0<\/b><b>Renseignements : <\/b><b style=\"color: #000000\"><a style=\"color: #000000\" href=\"mailto:bouexazik@laposte.net\">bouexazik@laposte.net<\/a>\u00a0<b>\u2666\u00a0<em><strong><img loading=\"lazy\" decoding=\"async\" class=\" wp-image-941 alignnone\" src=\"http:\/\/www.sevenadur.org\/2018\/wp-content\/uploads\/sites\/5\/2018\/01\/picto_handicap.jpg\" alt=\"\" width=\"17\" height=\"17\" srcset=\"http:\/\/www.sevenadur.org\/2018\/wp-content\/uploads\/sites\/5\/2018\/01\/picto_handicap.jpg 256w, http:\/\/www.sevenadur.org\/2018\/wp-content\/uploads\/sites\/5\/2018\/01\/picto_handicap-150x150.jpg 150w\" sizes=\"auto, (max-width: 17px) 100vw, 17px\" \/><\/strong><\/em><\/b><\/b><\/span><\/p>\n<p><span style=\"font-weight: 400;font-size: 10pt\"><span style=\"font-family: 'Trebuchet MS', Geneva\">Bal pour enfants anim\u00e9 par C\u00e9dric Malaunais (chant, veuze, accord\u00e9on) et suivi d\u2019un go\u00fbter.<\/span><\/span><\/p>\n<p><span style=\"font-family: 'Trebuchet MS', Geneva;font-size: 8pt;color: #008080\"><b><i>Org. : <a style=\"color: #008080\" href=\"https:\/\/bouexazik.weebly.com\/\" target=\"_blank\" rel=\"noopener noreferrer\">Bou\u00ebxazik<\/a> en partenariat avec La Granjagoul dans le cadre du festival \u201cTon\u2019Eire de Bou\u00ebx\u201d<\/i><\/b><\/span><\/p>\n<p>&nbsp;<\/p>\n<p>&nbsp;<\/p>\n<p>&nbsp;<\/p>\n<p>&nbsp;<\/p>\n<p>&nbsp;<\/p>\n<p>&nbsp;<\/p>\n<p><span style=\"font-family: 'Trebuchet MS', Geneva;font-size: 14pt;color: #003366\">Concert Nicola Hayes et H\u00e9l\u00e8ne Brunet<\/span><\/p>\n<p>&nbsp;<\/p>\n<p><img loading=\"lazy\" decoding=\"async\" class=\"wp-image-192 alignleft\" src=\"http:\/\/www.sevenadur.org\/2018\/wp-content\/uploads\/sites\/5\/2017\/12\/nicolas-et-h\u00e9l\u00e8ne-300x124.jpg\" alt=\"\" width=\"317\" height=\"131\" srcset=\"http:\/\/www.sevenadur.org\/2018\/wp-content\/uploads\/sites\/5\/2017\/12\/nicolas-et-h\u00e9l\u00e8ne-300x124.jpg 300w, http:\/\/www.sevenadur.org\/2018\/wp-content\/uploads\/sites\/5\/2017\/12\/nicolas-et-h\u00e9l\u00e8ne.jpg 720w\" sizes=\"auto, (max-width: 317px) 100vw, 317px\" \/><\/p>\n<p><span style=\"font-family: 'Trebuchet MS', Geneva;font-size: 10pt;color: #000000\"><b>Caf\u00e9 La Bicyclette, 2 Rue Th\u00e9ophile R\u00e9mond, <\/b><b>La Bou\u00ebxi\u00e8re \u2666<\/b><b>\u00a0<\/b><b>20h30\u00a0\u2666<\/b><b>\u00a05\u20ac<\/b> <b>\u2666<\/b><b>\u00a0<\/b><b>Renseignements : bouexazik@laposte.net\u00a0\u2666\u00a0<em><strong><img loading=\"lazy\" decoding=\"async\" class=\" wp-image-941 alignnone\" src=\"http:\/\/www.sevenadur.org\/2018\/wp-content\/uploads\/sites\/5\/2018\/01\/picto_handicap.jpg\" alt=\"\" width=\"17\" height=\"17\" srcset=\"http:\/\/www.sevenadur.org\/2018\/wp-content\/uploads\/sites\/5\/2018\/01\/picto_handicap.jpg 256w, http:\/\/www.sevenadur.org\/2018\/wp-content\/uploads\/sites\/5\/2018\/01\/picto_handicap-150x150.jpg 150w\" sizes=\"auto, (max-width: 17px) 100vw, 17px\" \/><\/strong><\/em><\/b><\/span><\/p>\n<p><span style=\"font-weight: 400;font-family: 'Trebuchet MS', Geneva;font-size: 10pt\">Concert avec le duo Nicola Hayes \/ H\u00e9l\u00e8ne Brunet<\/span><\/p>\n<p><span style=\"font-family: 'Trebuchet MS', Geneva;font-size: 8pt;color: #008080\"><b><i>Org. : <\/i><\/b><b><i><a style=\"color: #008080\" href=\"https:\/\/bouexazik.weebly.com\/\" target=\"_blank\" rel=\"noopener noreferrer\">Bou\u00ebxazik<\/a> dans le cadre de la manifestation \u201cTon&rsquo;Eire de Bou\u00ebx\u201d<\/i><\/b><\/span><\/p>\n<p>&nbsp;<\/p>\n<p>&nbsp;<\/p>\n<p>&nbsp;<\/p>\n<p>&nbsp;<\/p>\n<p>&nbsp;<\/p>\n<p><span style=\"font-family: 'Trebuchet MS', Geneva;font-size: 14pt;color: #003366\"><img loading=\"lazy\" decoding=\"async\" class=\"wp-image-20 alignleft\" src=\"http:\/\/www.sevenadur.org\/2018\/wp-content\/uploads\/sites\/5\/2017\/12\/Fest-Noz-Sevenadur-Sam-24-mars-2018-203x300.jpg\" alt=\"\" width=\"173\" height=\"255\" srcset=\"http:\/\/www.sevenadur.org\/2018\/wp-content\/uploads\/sites\/5\/2017\/12\/Fest-Noz-Sevenadur-Sam-24-mars-2018-203x300.jpg 203w, http:\/\/www.sevenadur.org\/2018\/wp-content\/uploads\/sites\/5\/2017\/12\/Fest-Noz-Sevenadur-Sam-24-mars-2018-768x1134.jpg 768w, http:\/\/www.sevenadur.org\/2018\/wp-content\/uploads\/sites\/5\/2017\/12\/Fest-Noz-Sevenadur-Sam-24-mars-2018-693x1024.jpg 693w\" sizes=\"auto, (max-width: 173px) 100vw, 173px\" \/>Fest Noz &#8211; Acign\u00e9<\/span><\/p>\n<p>&nbsp;<\/p>\n<p><span style=\"font-family: 'Trebuchet MS', Geneva;font-size: 10pt;color: #000000\"><b>Le Triptik, Acign\u00e9 \u2666<\/b><b>\u00a020h30 \u2666<\/b><b>\u00a07\u20ac et 5\u20ac pour les moins de 26 ans\u00a0\u2666<\/b><b>\u00a0R<\/b><b>enseignements : alain.gouaillier@free.fr &#8211;\u00a0<\/b><b>07 81 92 87 49\u00a0\u2666\u00a0<em><strong><img loading=\"lazy\" decoding=\"async\" class=\" wp-image-941 alignnone\" src=\"http:\/\/www.sevenadur.org\/2018\/wp-content\/uploads\/sites\/5\/2018\/01\/picto_handicap.jpg\" alt=\"\" width=\"17\" height=\"17\" srcset=\"http:\/\/www.sevenadur.org\/2018\/wp-content\/uploads\/sites\/5\/2018\/01\/picto_handicap.jpg 256w, http:\/\/www.sevenadur.org\/2018\/wp-content\/uploads\/sites\/5\/2018\/01\/picto_handicap-150x150.jpg 150w\" sizes=\"auto, (max-width: 17px) 100vw, 17px\" \/><\/strong><\/em><\/b><\/span><\/p>\n<p><span style=\"font-family: 'Trebuchet MS', Geneva;font-size: 10pt\"><span style=\"font-weight: 400\">Cette ann\u00e9e, le Moulinet accueille <\/span><span style=\"font-weight: 400\">Loened Fall, Blain et Leyzour, Termen et le duo Elluard et Varnier pour un Fest-noz \u00e0 20h30.<\/span><\/span><\/p>\n<p><span style=\"font-family: 'Trebuchet MS', Geneva;font-size: 8pt;color: #008080\"><b><i>Org. : <a style=\"color: #008080\" href=\"http:\/\/www.lemoulinet.net\/\" target=\"_blank\" rel=\"noopener noreferrer\">Le Moulinet d\u2019Acign\u00e9<\/a><\/i><\/b><\/span><\/p>\n<p>&nbsp;<\/p>\n","protected":false},"excerpt":{"rendered":"<p>Bal Traditionnel Nomade &nbsp; Deux rendez-vous dans le centre ville de Rennes : Place des Lices \u00e0 11h et Place Hoche \u00e0 14h \u2666\u00a0Gratuit \u2666\u00a0Renseignements : 02 99 54 36 45 &#8211; 06 32 38 87 74\u00a0\u2666\u00a0 Chaque terroir poss\u00e8de &hellip; <a href=\"http:\/\/www.sevenadur.org\/2018\/samedi-24-mars\/\">Continuer la lecture <span class=\"meta-nav\">&rarr;<\/span><\/a><\/p>\n","protected":false},"author":1,"featured_media":0,"parent":0,"menu_order":0,"comment_status":"closed","ping_status":"closed","template":"","meta":{"_vp_format_video_url":"","_vp_image_focal_point":[],"footnotes":""},"class_list":["post-190","page","type-page","status-publish","hentry"],"_links":{"self":[{"href":"http:\/\/www.sevenadur.org\/2018\/wp-json\/wp\/v2\/pages\/190","targetHints":{"allow":["GET"]}}],"collection":[{"href":"http:\/\/www.sevenadur.org\/2018\/wp-json\/wp\/v2\/pages"}],"about":[{"href":"http:\/\/www.sevenadur.org\/2018\/wp-json\/wp\/v2\/types\/page"}],"author":[{"embeddable":true,"href":"http:\/\/www.sevenadur.org\/2018\/wp-json\/wp\/v2\/users\/1"}],"replies":[{"embeddable":true,"href":"http:\/\/www.sevenadur.org\/2018\/wp-json\/wp\/v2\/comments?post=190"}],"version-history":[{"count":38,"href":"http:\/\/www.sevenadur.org\/2018\/wp-json\/wp\/v2\/pages\/190\/revisions"}],"predecessor-version":[{"id":1102,"href":"http:\/\/www.sevenadur.org\/2018\/wp-json\/wp\/v2\/pages\/190\/revisions\/1102"}],"wp:attachment":[{"href":"http:\/\/www.sevenadur.org\/2018\/wp-json\/wp\/v2\/media?parent=190"}],"curies":[{"name":"wp","href":"https:\/\/api.w.org\/{rel}","templated":true}]}}