{"id":183,"date":"2017-12-07T12:43:13","date_gmt":"2017-12-07T11:43:13","guid":{"rendered":"http:\/\/www.sevenadur.org\/2018\/?page_id=183"},"modified":"2018-03-05T11:52:33","modified_gmt":"2018-03-05T10:52:33","slug":"vendredi-23-mars","status":"publish","type":"page","link":"http:\/\/www.sevenadur.org\/2018\/vendredi-23-mars\/","title":{"rendered":"Vendredi 23 mars"},"content":{"rendered":"<p><span style=\"font-family: 'Trebuchet MS', Geneva;font-size: 14pt;color: #003366\">A la d\u00e9couverte de \u00ab\u00a0Solenn et Plop\u00a0\u00bb<\/span><\/p>\n<p>&nbsp;<\/p>\n<p><img loading=\"lazy\" decoding=\"async\" class=\"wp-image-30 alignleft\" src=\"http:\/\/www.sevenadur.org\/2018\/wp-content\/uploads\/sites\/5\/2017\/12\/Solenn_plop-300x170.jpg\" alt=\"\" width=\"271\" height=\"154\" srcset=\"http:\/\/www.sevenadur.org\/2018\/wp-content\/uploads\/sites\/5\/2017\/12\/Solenn_plop-300x170.jpg 300w, http:\/\/www.sevenadur.org\/2018\/wp-content\/uploads\/sites\/5\/2017\/12\/Solenn_plop.jpg 517w\" sizes=\"auto, (max-width: 271px) 100vw, 271px\" \/><\/p>\n<p><span style=\"font-family: 'Trebuchet MS', Geneva;font-size: 10pt;color: #000000\"><b>Biblioth\u00e8que Municipale de Chavagne, 7 Rue de la Croix Verte, Chavagne <strong><span style=\"font-family: 'Trebuchet MS', Geneva\">\u2666\u00a0<\/span><\/strong><\/b><b>15h30 &#8211; 18h30\u00a0<strong><span style=\"font-family: 'Trebuchet MS', Geneva\">\u2666<\/span><\/strong><\/b><b>\u00a0Gratuit\u00a0<strong><span style=\"font-family: 'Trebuchet MS', Geneva\">\u2666<\/span><\/strong><\/b><b>\u00a0Renseignements : Katia Brul\u00e9, 02 99 64 25 18, brule@chavagne.fr \u00a0\u2666\u00a0<em><strong><img loading=\"lazy\" decoding=\"async\" class=\" wp-image-941 alignnone\" src=\"http:\/\/www.sevenadur.org\/2018\/wp-content\/uploads\/sites\/5\/2018\/01\/picto_handicap.jpg\" alt=\"\" width=\"17\" height=\"17\" srcset=\"http:\/\/www.sevenadur.org\/2018\/wp-content\/uploads\/sites\/5\/2018\/01\/picto_handicap.jpg 256w, http:\/\/www.sevenadur.org\/2018\/wp-content\/uploads\/sites\/5\/2018\/01\/picto_handicap-150x150.jpg 150w\" sizes=\"auto, (max-width: 17px) 100vw, 17px\" \/><\/strong><\/em><\/b><\/span><\/p>\n<p><span style=\"font-weight: 400;font-size: 10pt;font-family: 'Trebuchet MS', Geneva\">Afin de sensibiliser le plus grand nombre \u00e0 la culture locale et \u00e0 la richesse du patrimoine breton, mat\u00e9riel et immat\u00e9riel, la biblioth\u00e8que enrichit son \u00ab fonds local \u00bb ; ensemble de documentaires et romans d\u2019auteurs bretons ou sur la Bretagne, albums et documents en breton et en gallo. Dans ce cadre, en partenariat avec Bretagne Culture Diversit\u00e9, nous vous proposons de venir d\u00e9couvrir, \u00e0 la biblioth\u00e8que, le vendredi 23 mars de 15h30 \u00e0 18h30, une nouvelle web s\u00e9rie d\u2019animation originale et \u00e9ducative, destin\u00e9e aux 6-11 ans, \u00ab Solenn et Plop \u00bb. Cette s\u00e9rie, diffus\u00e9e \u00e0 raison d\u2019un \u00e9pisode par mois sur le site B\u00e9c\u00e9dia.bzh et sur la playlist Youtube de Solenn et Plop, invite les jeunes internautes \u00e0 suivre les aventures de la petite bretonne Solenn et de l\u2019extraterrestre Plop afin de d\u00e9couvrir les particularit\u00e9s de notre r\u00e9gion comme les m\u00e9galithes, les fest-noz, les galettes ou encore les binious. Douze \u00e9pisodes, d&rsquo;une dur\u00e9e de 2 \u00e0 3 minutes, ont \u00e9t\u00e9 r\u00e9alis\u00e9s et sont diffus\u00e9s \u00e0 raison d\u2019un par mois jusqu\u2019en d\u00e9cembre 2018. Venez donc en d\u00e9couvrir quelques-uns le 23 mars \u00e0 la biblioth\u00e8que ; laissez-vous tenter par ce nouveau rendez-vous mensuel et parlez-en autour de vous : partagez, diffusez, valorisez ainsi, \u00e0 votre tour, culture et savoirs de Bretagne . Les aventures de Solenn et Plop seront \u00e9galement tr\u00e8s prochainement disponibles en langue bretonne et dans une version sous-titr\u00e9e en anglais.<\/span><\/p>\n<p><span style=\"font-size: 8pt;font-family: 'Trebuchet MS', Geneva;color: #008080\"><em><strong>Org. : <a style=\"color: #008080\" href=\"http:\/\/www.chavagne.fr\/culture-et-loisirs-sports\/bibliotheque\/\" target=\"_blank\" rel=\"noopener noreferrer\">Biblioth\u00e8que municipale de Chavagne<\/a><\/strong><\/em><\/span><\/p>\n<p>&nbsp;<\/p>\n<p>&nbsp;<\/p>\n<p>&nbsp;<\/p>\n<p><span style=\"font-family: 'Trebuchet MS', Geneva;font-size: 14pt;color: #003366\">Bal des mondes<img loading=\"lazy\" decoding=\"async\" class=\"alignright wp-image-1054\" src=\"http:\/\/www.sevenadur.org\/2018\/wp-content\/uploads\/sites\/5\/2018\/02\/affiche_bal_mondes2-1-212x300.jpg\" alt=\"\" width=\"176\" height=\"249\" srcset=\"http:\/\/www.sevenadur.org\/2018\/wp-content\/uploads\/sites\/5\/2018\/02\/affiche_bal_mondes2-1-212x300.jpg 212w, http:\/\/www.sevenadur.org\/2018\/wp-content\/uploads\/sites\/5\/2018\/02\/affiche_bal_mondes2-1.jpg 596w\" sizes=\"auto, (max-width: 176px) 100vw, 176px\" \/><\/span><\/p>\n<p>&nbsp;<\/p>\n<p><span style=\"font-family: 'Trebuchet MS', Geneva;font-size: 10pt;color: #000000\"><b>Place Aulnette, Beauregard, Rennes\u00a0<strong><span style=\"font-family: 'Trebuchet MS', Geneva\">\u2666<\/span><\/strong><\/b><b>\u00a016h30 &#8211; 18h\u00a0<strong><span style=\"font-family: 'Trebuchet MS', Geneva\">\u2666<\/span><\/strong>\u00a0<\/b><b>Gratuit<\/b><b>\u00a0<strong><span style=\"font-family: 'Trebuchet MS', Geneva\">\u2666<\/span><\/strong>\u00a0<\/b><b>Renseignements : 02 99 54 36 45 &#8211; vincent@cercleceltiquederennes.org\u00a0\u2666\u00a0<em><strong><img loading=\"lazy\" decoding=\"async\" class=\" wp-image-941 alignnone\" src=\"http:\/\/www.sevenadur.org\/2018\/wp-content\/uploads\/sites\/5\/2018\/01\/picto_handicap.jpg\" alt=\"\" width=\"17\" height=\"17\" srcset=\"http:\/\/www.sevenadur.org\/2018\/wp-content\/uploads\/sites\/5\/2018\/01\/picto_handicap.jpg 256w, http:\/\/www.sevenadur.org\/2018\/wp-content\/uploads\/sites\/5\/2018\/01\/picto_handicap-150x150.jpg 150w\" sizes=\"auto, (max-width: 17px) 100vw, 17px\" \/><\/strong><\/em><\/b><\/span><\/p>\n<p><span style=\"font-weight: 400;font-family: 'Trebuchet MS', Geneva;font-size: 10pt\">Voici une invitation \u00e0 un voyage musical qui vous fera traverser la Bretagne et le Maroc en passant par la Roumanie. Venez d\u00e9couvrir ces diff\u00e9rentes cultures et danser avec les enfants des \u00e9coles du quartier de Beauregard.<\/span><\/p>\n<p><span style=\"font-size: 8pt;color: #008080\"><em><strong><span style=\"font-family: 'Trebuchet MS', Geneva\"><span style=\"color: #008080\">Org. :<\/span> <span style=\"color: #008080\">p\u00f4le m\u00e9diation<\/span>\u00a0<a style=\"color: #008080\" href=\"http:\/\/cercleceltiquederennes.org\/\" target=\"_blank\" rel=\"noopener noreferrer\">Cercle Celtique de Rennes<\/a>, <span style=\"color: #008080\">en partenariat avec<\/span><a style=\"color: #008080\" href=\"https:\/\/www.famillesenmouvement.fr\/\" target=\"_blank\" rel=\"noopener noreferrer\"> Familles en Mouvement<\/a>, <span style=\"color: #008080\"><a href=\"https:\/\/www.vivreabeauregard.fr\/\" target=\"_blank\" rel=\"noopener noreferrer\">Vivre \u00e0 Beauregard<\/a>, <a href=\"http:\/\/www.3regards.com\/?page_id=176\" target=\"_blank\" rel=\"noopener noreferrer\">Le Cadran<\/a><\/span><\/span><\/strong><\/em><\/span><\/p>\n<p><span style=\"font-size: 10pt\"><em><strong><span style=\"font-family: 'Trebuchet MS', Geneva\"><img loading=\"lazy\" decoding=\"async\" class=\" wp-image-143 alignleft\" src=\"http:\/\/www.sevenadur.org\/2018\/wp-content\/uploads\/sites\/5\/2017\/12\/kkr-300x83.png\" alt=\"\" width=\"137\" height=\"38\" \/><\/span><\/strong><\/em><\/span><\/p>\n<p>&nbsp;<\/p>\n<p>&nbsp;<\/p>\n<p>&nbsp;<\/p>\n<p>&nbsp;<\/p>\n<p><span style=\"font-family: 'Trebuchet MS', Geneva;font-size: 14pt;color: #003366\"><img loading=\"lazy\" decoding=\"async\" class=\" wp-image-1040 alignleft\" src=\"http:\/\/www.sevenadur.org\/2018\/wp-content\/uploads\/sites\/5\/2018\/02\/Cabaret-du-mondev2-01-212x300.png\" alt=\"\" width=\"165\" height=\"234\" srcset=\"http:\/\/www.sevenadur.org\/2018\/wp-content\/uploads\/sites\/5\/2018\/02\/Cabaret-du-mondev2-01-212x300.png 212w, http:\/\/www.sevenadur.org\/2018\/wp-content\/uploads\/sites\/5\/2018\/02\/Cabaret-du-mondev2-01-768x1086.png 768w, http:\/\/www.sevenadur.org\/2018\/wp-content\/uploads\/sites\/5\/2018\/02\/Cabaret-du-mondev2-01-724x1024.png 724w\" sizes=\"auto, (max-width: 165px) 100vw, 165px\" \/>Veill\u00e9e d&rsquo;Astour : Cabaret du Monde<\/span><\/p>\n<p>&nbsp;<\/p>\n<p><span style=\"font-size: 10pt;color: #000000\"><strong><span style=\"font-family: 'Trebuchet MS', Geneva\">Cercle Celtique de Rennes, ferme de la Harpe, Rennes\u00a0\u2666 20h30\u00a0\u2666 Gratuit\u00a0\u2666 Renseignements : www.astour.fr &#8211; 06 32 38 87 74<\/span><\/strong><\/span><\/p>\n<p><span style=\"font-family: 'Trebuchet MS', Geneva;font-size: 10pt;color: #333333\">La culture bretonne s&rsquo;est toujours enrichie des apports et des rencontres propos\u00e9es. Elle a toujours \u00e9t\u00e9 ouverte aux mondes gr\u00e2ce notamment aux marins, mais pas que. Pour poursuivre dans cette vision, la compagnie ASTOUR organise des rencontres avec des traditions du monde entier. Dans l&rsquo;esprit des veill\u00e9es au coin du feu, vous pourrez ainsi d\u00e9couvrir chacune de ces cultures, danser et chanter les diff\u00e9rents r\u00e9pertoires.<\/span><\/p>\n<p><span style=\"font-size: 8pt;color: #008080\"><strong><em><span style=\"font-family: 'Trebuchet MS', Geneva\">Org. :<a style=\"color: #008080\" href=\"http:\/\/www.astour.fr\/\" target=\"_blank\" rel=\"noopener noreferrer\"> La Compagnie d&rsquo;Astour<\/a><\/span><\/em><\/strong><\/span><\/p>\n<p>&nbsp;<\/p>\n<p>&nbsp;<\/p>\n<p>&nbsp;<\/p>\n<p>&nbsp;<\/p>\n<p><span style=\"font-family: 'Trebuchet MS', Geneva;font-size: 14pt;color: #003366\">La plume et le dessin : comment \u00e9crire \u00e0 quatre mains ?<\/span><\/p>\n<p>&nbsp;<\/p>\n<p><img loading=\"lazy\" decoding=\"async\" class=\"wp-image-34 alignleft\" src=\"http:\/\/www.sevenadur.org\/2018\/wp-content\/uploads\/sites\/5\/2017\/12\/2018_03_23_sevenadur7-212x300.jpg\" alt=\"\" width=\"172\" height=\"243\" srcset=\"http:\/\/www.sevenadur.org\/2018\/wp-content\/uploads\/sites\/5\/2017\/12\/2018_03_23_sevenadur7-212x300.jpg 212w, http:\/\/www.sevenadur.org\/2018\/wp-content\/uploads\/sites\/5\/2017\/12\/2018_03_23_sevenadur7-768x1086.jpg 768w, http:\/\/www.sevenadur.org\/2018\/wp-content\/uploads\/sites\/5\/2017\/12\/2018_03_23_sevenadur7-724x1024.jpg 724w\" sizes=\"auto, (max-width: 172px) 100vw, 172px\" \/><\/p>\n<p><span style=\"font-family: 'Trebuchet MS', Geneva;font-size: 10pt\"><b>Auditorium Aur\u00e9a, rue des Planches <\/b><b>35170 <\/b><b>Bruz <strong><span style=\"font-family: 'Trebuchet MS', Geneva\">\u2666<\/span><\/strong><\/b><b>\u00a020h30 <strong><span style=\"font-family: 'Trebuchet MS', Geneva\">\u2666<\/span><\/strong><\/b><b>\u00a0Gratuit\u00a0<strong><span style=\"font-family: 'Trebuchet MS', Geneva\">\u2666<\/span><\/strong><\/b><b>\u00a0Renseignements et i<\/b><b>nscription (conseill\u00e9e) : bruzhoneg@gmail.com\u00a0\u2666\u00a0<em><strong><img loading=\"lazy\" decoding=\"async\" class=\" wp-image-941 alignnone\" src=\"http:\/\/www.sevenadur.org\/2018\/wp-content\/uploads\/sites\/5\/2018\/01\/picto_handicap.jpg\" alt=\"\" width=\"17\" height=\"17\" srcset=\"http:\/\/www.sevenadur.org\/2018\/wp-content\/uploads\/sites\/5\/2018\/01\/picto_handicap.jpg 256w, http:\/\/www.sevenadur.org\/2018\/wp-content\/uploads\/sites\/5\/2018\/01\/picto_handicap-150x150.jpg 150w\" sizes=\"auto, (max-width: 17px) 100vw, 17px\" \/><\/strong><\/em><\/b><\/span><\/p>\n<div class=\"gmail_default\"><span style=\"font-size: 10pt;font-family: 'Trebuchet MS', Geneva\">Ils ont commenc\u00e9 \u00e0 travailler ensemble il y a de cela plusieurs ann\u00e9es. 12 albums plus tard, Herv\u00e9 Lossec, l&rsquo;auteur du best-seller \u00ab\u00a0Les bretonnismes\u00a0\u00bb et le non moins c\u00e9l\u00e8bre illustrateur Nono continuent leur collaboration haute en couleurs. Le L\u00e9onard et le Morbihannais viennent justement de signer leur dernier forfait : \u00a0\u00bbLes 7 p\u00each\u00e9s capitaux \u00e0 la mode de Bretagne\u00a0\u00bb, aux \u00e9ditions Ouest-France et ont encore des id\u00e9es \u00e0 foison.<br \/>\n<\/span><\/div>\n<div class=\"gmail_default\"><span style=\"font-size: 10pt;font-family: 'Trebuchet MS', Geneva\">Comment ces deux auteurs travaillent-ils de concert ? Quelle place tient la langue bretonne dans leur travail et dans leur histoire personnelle ? Quel d\u00e9licat \u00e9quilibre doit-on sans cesse pr\u00e9server entre l&rsquo;\u00e9crit et le dessin ? Herv\u00e9 Lossec et Nono vous diront tout, lors d&rsquo;une conf\u00e9rence-d\u00e9bat , anim\u00e9e par la journaliste Anna Qu\u00e9r\u00e9, \u00e0 l&rsquo;auditorium Aur\u00e9a \u00e0\u00a0 Bruz.<\/span><\/div>\n<div class=\"gmail_default\"><\/div>\n<div class=\"gmail_default\"><\/div>\n<div class=\"gmail_default\"><span style=\"font-family: 'Trebuchet MS', Geneva;font-size: 8pt;color: #008080\"><b><i>Org. : <a style=\"color: #008080\" href=\"http:\/\/bruzhoneg.breizhpositive.com\/\" target=\"_blank\" rel=\"noopener noreferrer\">Bruzhoneg<\/a>, en partenariat avec <\/i><\/b><a style=\"color: #008080\" href=\"http:\/\/divyezh.bruz.free.fr\/wordpress\/\" target=\"_blank\" rel=\"noopener noreferrer\"><b><i>Div Yezh Bruz<\/i><\/b><\/a><\/span><\/div>\n<p><img loading=\"lazy\" decoding=\"async\" class=\" wp-image-184 alignnone\" src=\"http:\/\/www.sevenadur.org\/2018\/wp-content\/uploads\/sites\/5\/2017\/12\/div-yezh-bruz.jpg\" alt=\"\" width=\"73\" height=\"82\" \/>\u00a0 \u00a0\u00a0<img loading=\"lazy\" decoding=\"async\" class=\" wp-image-185 alignnone\" src=\"http:\/\/www.sevenadur.org\/2018\/wp-content\/uploads\/sites\/5\/2017\/12\/copy-bruzhoneg_blanc_master-e1393279939471-300x100.jpg\" alt=\"\" width=\"174\" height=\"58\" \/><\/p>\n<p>&nbsp;<\/p>\n<p>&nbsp;<\/p>\n<p>&nbsp;<\/p>\n<p><span style=\"font-family: 'Trebuchet MS', Geneva;font-size: 14pt;color: #003366\">Concert McDonnell Trio et Insch<\/span><\/p>\n<p>&nbsp;<\/p>\n<p><img loading=\"lazy\" decoding=\"async\" class=\" wp-image-1068 alignleft\" src=\"http:\/\/www.sevenadur.org\/2018\/wp-content\/uploads\/sites\/5\/2018\/03\/mcdonnell-insch-300x300.jpg\" alt=\"\" width=\"223\" height=\"223\" srcset=\"http:\/\/www.sevenadur.org\/2018\/wp-content\/uploads\/sites\/5\/2018\/03\/mcdonnell-insch-300x300.jpg 300w, http:\/\/www.sevenadur.org\/2018\/wp-content\/uploads\/sites\/5\/2018\/03\/mcdonnell-insch-150x150.jpg 150w, http:\/\/www.sevenadur.org\/2018\/wp-content\/uploads\/sites\/5\/2018\/03\/mcdonnell-insch-768x768.jpg 768w, http:\/\/www.sevenadur.org\/2018\/wp-content\/uploads\/sites\/5\/2018\/03\/mcdonnell-insch.jpg 960w\" sizes=\"auto, (max-width: 223px) 100vw, 223px\" \/><\/p>\n<p><span style=\"font-family: 'Trebuchet MS', Geneva;font-size: 10pt\"><b>\u00a0Le 4Bis, cours des alli\u00e9s, Rennes <strong><span style=\"font-family: 'Trebuchet MS', Geneva\">\u2666<\/span><\/strong><\/b><b>\u00a0<\/b><b>20h <strong><span style=\"font-family: 'Trebuchet MS', Geneva\">\u2666<\/span><\/strong><\/b><b>\u00a0<\/b><b>10\u20ac\u00a0<strong><span style=\"font-family: 'Trebuchet MS', Geneva\">\u2666<\/span><\/strong> Renseignements : simon.jb.mcdonnell@gmail.com\u00a0\u2666\u00a0<em><strong><img loading=\"lazy\" decoding=\"async\" class=\" wp-image-941 alignnone\" src=\"http:\/\/www.sevenadur.org\/2018\/wp-content\/uploads\/sites\/5\/2018\/01\/picto_handicap.jpg\" alt=\"\" width=\"17\" height=\"17\" srcset=\"http:\/\/www.sevenadur.org\/2018\/wp-content\/uploads\/sites\/5\/2018\/01\/picto_handicap.jpg 256w, http:\/\/www.sevenadur.org\/2018\/wp-content\/uploads\/sites\/5\/2018\/01\/picto_handicap-150x150.jpg 150w\" sizes=\"auto, (max-width: 17px) 100vw, 17px\" \/><\/strong><\/em><\/b><\/span><\/p>\n<p><span style=\"font-weight: 400;font-family: 'Trebuchet MS', Geneva;font-size: 10pt\">McDonnell Trio sillonne les sc\u00e8nes avec sa double culture Franco-Irlandaise et un \u00a0parcours musical empreint de belles aventures. Son r\u00e9pertoire parle autant de l&rsquo;Irlande que de bluegrass ou de chansons universelles nous racontant l&rsquo;histoire des peuples et des migrations. D&rsquo;influences folks transmises par une riche filiation familiale et musicale, il \u00e9tait naturel que le p\u00e8re et les deux fils se retrouvent aujourd&rsquo;hui sur sc\u00e8ne.<\/span><\/p>\n<p><span style=\"font-weight: 400;font-family: 'Trebuchet MS', Geneva;font-size: 10pt\">Insch explore la musique traditionnelle \u00e9cossaise afin de vous faire voyager dans un univers sonore moderne et captivant. Compos\u00e9 de trois multi-instrumentistes, le trio joue avec toute la palette sonore \u00e0 sa disposition pour cr\u00e9er un m\u00e9lange de textures et d\u2019harmonies \u00e0 travers des arrangements subtils et originaux.<\/span><\/p>\n<p><span style=\"font-family: 'Trebuchet MS', Geneva;font-size: 8pt;color: #008080\"><b><i>Org. \u00a0:<a style=\"color: #008080\" href=\"https:\/\/www.tvb.com.fr\/\" target=\"_blank\" rel=\"noopener noreferrer\"> TVB<\/a> \/ <a style=\"color: #008080\" href=\"http:\/\/www.rideonmusic.com\/\" target=\"_blank\" rel=\"noopener noreferrer\">RIDE ON<\/a><\/i><\/b><\/span><\/p>\n<p>&nbsp;<\/p>\n<p>&nbsp;<\/p>\n<p>&nbsp;<\/p>\n<p><span style=\"font-family: 'Trebuchet MS', Geneva;font-size: 14pt;color: #003366\"><img loading=\"lazy\" decoding=\"async\" class=\"alignright wp-image-1067\" src=\"http:\/\/www.sevenadur.org\/2018\/wp-content\/uploads\/sites\/5\/2018\/03\/fest-noz-bouexazik-211x300.jpg\" alt=\"\" width=\"180\" height=\"256\" srcset=\"http:\/\/www.sevenadur.org\/2018\/wp-content\/uploads\/sites\/5\/2018\/03\/fest-noz-bouexazik-211x300.jpg 211w, http:\/\/www.sevenadur.org\/2018\/wp-content\/uploads\/sites\/5\/2018\/03\/fest-noz-bouexazik.jpg 678w\" sizes=\"auto, (max-width: 180px) 100vw, 180px\" \/>Fest Noz &#8211; Ton&rsquo;Eire de Bou\u00ebx<\/span><\/p>\n<p>&nbsp;<\/p>\n<p><span style=\"font-family: 'Trebuchet MS', Geneva;font-size: 10pt\"><b>\u00a0<\/b><b>Salle Andr\u00e9 Blot, <\/b><b>La Bou\u00ebxi\u00e8re<\/b> <strong><span style=\"font-family: 'Trebuchet MS', Geneva\">\u2666<\/span><\/strong><b>\u00a020h30 \u2666 6\u20ac <strong><span style=\"font-family: 'Trebuchet MS', Geneva\">\u2666<\/span><\/strong><\/b><b>\u00a0<\/b><b>Renseignements : bouexazik@laposte.net\u00a0\u2666\u00a0<em><strong><img loading=\"lazy\" decoding=\"async\" class=\" wp-image-941 alignnone\" src=\"http:\/\/www.sevenadur.org\/2018\/wp-content\/uploads\/sites\/5\/2018\/01\/picto_handicap.jpg\" alt=\"\" width=\"17\" height=\"17\" srcset=\"http:\/\/www.sevenadur.org\/2018\/wp-content\/uploads\/sites\/5\/2018\/01\/picto_handicap.jpg 256w, http:\/\/www.sevenadur.org\/2018\/wp-content\/uploads\/sites\/5\/2018\/01\/picto_handicap-150x150.jpg 150w\" sizes=\"auto, (max-width: 17px) 100vw, 17px\" \/><\/strong><\/em><\/b><\/span><\/p>\n<p><span style=\"font-weight: 400;font-family: 'Trebuchet MS', Geneva;font-size: 10pt\">Au programme : le duo Bouffort et P\u00e9nard, Eskemm trio, les chanteurs Herv\u00e9 Lambrecht et Olivier Moc\u00e9.<\/span><\/p>\n<p><span style=\"font-family: 'Trebuchet MS', Geneva;font-size: 8pt;color: #008080\"><b><i>Org. : <\/i><\/b><b><i><a style=\"color: #008080\" href=\"https:\/\/bouexazik.weebly.com\/\">Bou\u00ebxazik<\/a> dans le cadre de la manifestation \u201cTon&rsquo;Eire de Bou\u00ebx\u201d<\/i><\/b><\/span><\/p>\n","protected":false},"excerpt":{"rendered":"<p>A la d\u00e9couverte de \u00ab\u00a0Solenn et Plop\u00a0\u00bb &nbsp; Biblioth\u00e8que Municipale de Chavagne, 7 Rue de la Croix Verte, Chavagne \u2666\u00a015h30 &#8211; 18h30\u00a0\u2666\u00a0Gratuit\u00a0\u2666\u00a0Renseignements : Katia Brul\u00e9, 02 99 64 25 18, brule@chavagne.fr \u00a0\u2666\u00a0 Afin de sensibiliser le plus grand nombre \u00e0 &hellip; <a href=\"http:\/\/www.sevenadur.org\/2018\/vendredi-23-mars\/\">Continuer la lecture <span class=\"meta-nav\">&rarr;<\/span><\/a><\/p>\n","protected":false},"author":1,"featured_media":0,"parent":0,"menu_order":0,"comment_status":"closed","ping_status":"closed","template":"","meta":{"_vp_format_video_url":"","_vp_image_focal_point":[],"footnotes":""},"class_list":["post-183","page","type-page","status-publish","hentry"],"_links":{"self":[{"href":"http:\/\/www.sevenadur.org\/2018\/wp-json\/wp\/v2\/pages\/183","targetHints":{"allow":["GET"]}}],"collection":[{"href":"http:\/\/www.sevenadur.org\/2018\/wp-json\/wp\/v2\/pages"}],"about":[{"href":"http:\/\/www.sevenadur.org\/2018\/wp-json\/wp\/v2\/types\/page"}],"author":[{"embeddable":true,"href":"http:\/\/www.sevenadur.org\/2018\/wp-json\/wp\/v2\/users\/1"}],"replies":[{"embeddable":true,"href":"http:\/\/www.sevenadur.org\/2018\/wp-json\/wp\/v2\/comments?post=183"}],"version-history":[{"count":48,"href":"http:\/\/www.sevenadur.org\/2018\/wp-json\/wp\/v2\/pages\/183\/revisions"}],"predecessor-version":[{"id":1086,"href":"http:\/\/www.sevenadur.org\/2018\/wp-json\/wp\/v2\/pages\/183\/revisions\/1086"}],"wp:attachment":[{"href":"http:\/\/www.sevenadur.org\/2018\/wp-json\/wp\/v2\/media?parent=183"}],"curies":[{"name":"wp","href":"https:\/\/api.w.org\/{rel}","templated":true}]}}