{"id":171,"date":"2017-12-07T12:18:48","date_gmt":"2017-12-07T11:18:48","guid":{"rendered":"http:\/\/www.sevenadur.org\/2018\/?page_id=171"},"modified":"2018-01-22T15:47:42","modified_gmt":"2018-01-22T14:47:42","slug":"mardi-20-mars","status":"publish","type":"page","link":"http:\/\/www.sevenadur.org\/2018\/mardi-20-mars\/","title":{"rendered":"Mardi 20 mars"},"content":{"rendered":"<p><span style=\"font-family: 'Trebuchet MS', Geneva;font-size: 14pt;color: #003366\">Fest Deiz Eskemm<\/span><\/p>\n<p>&nbsp;<\/p>\n<p><span style=\"font-family: 'Trebuchet MS', Geneva;font-size: 10pt;color: #000000\"><b>Ferme de la Harpe \u2666<\/b>\u00a0<b>14h-17h30 \u2666<\/b>\u00a0<b>Gratuit\u00a0\u2666<\/b>\u00a0<b>Renseignements : 02 99 54 36 45, contact@cercleceltiquederennes.org<\/b><\/span><\/p>\n<p><span style=\"font-family: 'Trebuchet MS', Geneva;font-size: 10pt\">Le mardi 20 mars, Eskemm propose de vous retrouver pour un fest-deiz dans les locaux du Cercle celtique\u00a0 \u00e0 partir de 14h.\u00a0Venez danser !<\/span><\/p>\n<p><span style=\"font-family: 'Trebuchet MS', Geneva;font-size: 8pt;color: #008080\"><b><i>Org. : <a style=\"color: #008080\" href=\"http:\/\/cercleceltiquederennes.org\/\" target=\"_blank\" rel=\"noopener noreferrer\">Cercle Celtique de Rennes<\/a>\u00a0section Eskemm<\/i><\/b><\/span><\/p>\n<p>&nbsp;<\/p>\n<p>&nbsp;<\/p>\n<p>&nbsp;<\/p>\n<p><span style=\"font-family: 'Trebuchet MS', Geneva;font-size: 14pt;color: #003366\">Concert \u00ab\u00a0les Trois Ours\u00a0\u00bb<\/span><\/p>\n<p>&nbsp;<\/p>\n<p><img loading=\"lazy\" decoding=\"async\" class=\"wp-image-680 alignleft\" src=\"http:\/\/www.sevenadur.org\/2018\/wp-content\/uploads\/sites\/5\/2018\/01\/Ingrig-Blasco-4-\u00a9FiF-Marc-Anthony-300x247.jpg\" alt=\"\" width=\"249\" height=\"205\" srcset=\"http:\/\/www.sevenadur.org\/2018\/wp-content\/uploads\/sites\/5\/2018\/01\/Ingrig-Blasco-4-\u00a9FiF-Marc-Anthony-300x247.jpg 300w, http:\/\/www.sevenadur.org\/2018\/wp-content\/uploads\/sites\/5\/2018\/01\/Ingrig-Blasco-4-\u00a9FiF-Marc-Anthony-768x631.jpg 768w, http:\/\/www.sevenadur.org\/2018\/wp-content\/uploads\/sites\/5\/2018\/01\/Ingrig-Blasco-4-\u00a9FiF-Marc-Anthony-1024x842.jpg 1024w, http:\/\/www.sevenadur.org\/2018\/wp-content\/uploads\/sites\/5\/2018\/01\/Ingrig-Blasco-4-\u00a9FiF-Marc-Anthony.jpg 1772w\" sizes=\"auto, (max-width: 249px) 100vw, 249px\" \/><\/p>\n<p><span style=\"font-family: 'Trebuchet MS', Geneva;font-size: 10pt;color: #000000\"><b>Ty Anna Tavarn, 19 Place Sainte Anne, Rennes \u2666<\/b><b>\u00a020h30 \u2666<\/b><b>\u00a0Gratuit \u2666 Renseignements : ingrid.blasco@orange.fr<\/b><\/span><\/p>\n<p><span style=\"font-size: 10pt;font-family: 'Trebuchet MS', Geneva\">Concert pour vielle \u00e0 roue et \u00e9lectronique qui vous conduit au centre du sonore, dans un univers \u00e0 la crois\u00e9e de chemins qui n&rsquo;ont pas toujours l&rsquo;habitude de se rencontrer : musiques traditionnelles, musiques concr\u00e8tes et \u00e9lectroniques, musiques improvis\u00e9es, jusqu&rsquo;au bruit comme art brut. La d\u00e9marche musicale est articul\u00e9e autour d&rsquo;un outil logiciel \u00ab Logelloop \u00bb, \u00e9l\u00e9ment technique qui s&rsquo;oublie de la premi\u00e8re \u00e0 la derni\u00e8re seconde, laissant la place \u00e0 une large lyrique po\u00e9tique, tant\u00f4t recueillie, tant\u00f4t submersion par le sonore. L&rsquo;auditeur conduit dans des paysages sonores comme les tableaux d&rsquo;un op\u00e9ra imaginaire, d&rsquo;un conte, entra\u00een\u00e9 \u00e0 habiter la musique avec sa propre perception. <\/span><\/p>\n<p><span style=\"font-size: 10pt;font-family: 'Trebuchet MS', Geneva\">La vielle est polymorphe, chim\u00e9rique aux multiples modes de jeu, changeante. Elle devient concertante avec des \u00e9v\u00e9nements sonores dont le mat\u00e9riau lui-m\u00eame est issu de la vielle et transform\u00e9 ; elle dialogue avec elle-m\u00eame au d\u00e9tour des boucles (loops) \u00e9lectroniques. Le chant des cordes poly-m\u00e9lodiques s&rsquo;\u00e9l\u00e8ve des profondeurs des bourdons vers les harmoniques, offert parfois aux stridulations de la corde trompette et du chien. Un concerto pour une vielliste et son auditeur&#8230;<\/span><\/p>\n<p>&nbsp;<\/p>\n<p><span style=\"font-weight: 400;font-family: 'Trebuchet MS', Geneva;font-size: 10pt\">Artiste pluridisciplinaire, Ingrid Blasco s\u2019adonne \u00e0 la fois \u00e0 l\u2019\u00e9criture po\u00e9tique et musicale, la peinture, la photographie. Depuis sa rencontre avec la vielle \u00e0 roue elle se consacre plus particuli\u00e8rement \u00e0 cet instrument. En effet, la transformation de la couleur et du sentiment des m\u00e9lodies en passant d\u2019un mode \u00e0 l\u2019autre autour d\u2019un m\u00eame bourdon est pour elle l\u2019essence et le coeur de sa musique. Note fondamentale servant de r\u00e9f\u00e9rence permanente, le bourdon permet toutes les nuances du discours, l\u2019accord, l\u2019\u00e9loignement, la rupture, la surprise. Si elle aime habituellement m\u00ealer sa vielle \u00e0 roue aux mots, corps et autres images, elle propose ici une pi\u00e8ce uniquement musicale.<\/span><\/p>\n<p><span style=\"font-family: 'Trebuchet MS', Geneva;font-size: 8pt;color: #008080\"><b><i>Org. : <\/i><\/b><a style=\"color: #008080\" href=\"http:\/\/www.vrb.bzh\/\" target=\"_blank\" rel=\"noopener noreferrer\"><b><i>Vielle \u00e0 Roue en Bretagne<\/i><\/b><\/a><\/span><\/p>\n<p>&nbsp;<\/p>\n<p>&nbsp;<\/p>\n<p><span style=\"font-family: 'Trebuchet MS', Geneva;font-size: 14pt;color: #003366\">Atelier de langue bretonne ouvert \u00e0 tous<\/span><\/p>\n<p>&nbsp;<\/p>\n<p><span style=\"font-family: 'Trebuchet MS', Geneva;font-size: 10pt\"><b>Ancienne \u00e9cole\u00a0Kennedy, 5 rue de Lorraine, Rennes\u00a0\u2666 19h &#8211; 22h\u00a0\u2666 Gratuit\u00a0\u2666 Renseignements et inscriptions : 0<\/b><b>6 89 40 82 95 &#8211; laure.bevout@gmail.com<\/b><\/span><\/p>\n<p><span style=\"font-family: 'Trebuchet MS', Geneva;font-size: 10pt\">Le Cercle Celtique vous propose un mom<\/span><span style=\"font-family: 'Trebuchet MS', Geneva;font-size: 10pt\">ent de rencontre ludique et convivial autour de la langue bretonne.<\/span><\/p>\n<p><span style=\"font-size: 8pt;color: #008080\"><strong><em><span style=\"font-family: 'Trebuchet MS', Geneva\">Org. : <a style=\"color: #008080\" href=\"http:\/\/cercleceltiquederennes.org\/\">Cercle Celtique de Rennes<\/a><\/span><\/em><\/strong><\/span><\/p>\n","protected":false},"excerpt":{"rendered":"<p>Fest Deiz Eskemm &nbsp; Ferme de la Harpe \u2666\u00a014h-17h30 \u2666\u00a0Gratuit\u00a0\u2666\u00a0Renseignements : 02 99 54 36 45, contact@cercleceltiquederennes.org Le mardi 20 mars, Eskemm propose de vous retrouver pour un fest-deiz dans les locaux du Cercle celtique\u00a0 \u00e0 partir de 14h.\u00a0Venez danser &hellip; <a href=\"http:\/\/www.sevenadur.org\/2018\/mardi-20-mars\/\">Continuer la lecture <span class=\"meta-nav\">&rarr;<\/span><\/a><\/p>\n","protected":false},"author":1,"featured_media":0,"parent":0,"menu_order":0,"comment_status":"closed","ping_status":"closed","template":"","meta":{"_vp_format_video_url":"","_vp_image_focal_point":[],"footnotes":""},"class_list":["post-171","page","type-page","status-publish","hentry"],"_links":{"self":[{"href":"http:\/\/www.sevenadur.org\/2018\/wp-json\/wp\/v2\/pages\/171","targetHints":{"allow":["GET"]}}],"collection":[{"href":"http:\/\/www.sevenadur.org\/2018\/wp-json\/wp\/v2\/pages"}],"about":[{"href":"http:\/\/www.sevenadur.org\/2018\/wp-json\/wp\/v2\/types\/page"}],"author":[{"embeddable":true,"href":"http:\/\/www.sevenadur.org\/2018\/wp-json\/wp\/v2\/users\/1"}],"replies":[{"embeddable":true,"href":"http:\/\/www.sevenadur.org\/2018\/wp-json\/wp\/v2\/comments?post=171"}],"version-history":[{"count":31,"href":"http:\/\/www.sevenadur.org\/2018\/wp-json\/wp\/v2\/pages\/171\/revisions"}],"predecessor-version":[{"id":849,"href":"http:\/\/www.sevenadur.org\/2018\/wp-json\/wp\/v2\/pages\/171\/revisions\/849"}],"wp:attachment":[{"href":"http:\/\/www.sevenadur.org\/2018\/wp-json\/wp\/v2\/media?parent=171"}],"curies":[{"name":"wp","href":"https:\/\/api.w.org\/{rel}","templated":true}]}}