{"id":16,"date":"2017-12-06T15:07:12","date_gmt":"2017-12-06T14:07:12","guid":{"rendered":"http:\/\/www.sevenadur.org\/2018\/?page_id=16"},"modified":"2018-03-02T16:30:31","modified_gmt":"2018-03-02T15:30:31","slug":"bienvenue-degemer-mat-bone-arive","status":"publish","type":"page","link":"http:\/\/www.sevenadur.org\/2018\/","title":{"rendered":"Bienvenue ! Degemer mat ! Bone arive !"},"content":{"rendered":"<p><span style=\"font-weight: 400;font-family: 'Trebuchet MS', Geneva;font-size: 10pt\">Du mercredi 14 au dimanche 25 mars 2018 aura lieu la 18e \u00e9dition des rencontres interculturelles<\/span><span style=\"font-weight: 400;font-family: 'Trebuchet MS', Geneva;font-size: 10pt\">\u00a0Sevenadur.\u00a0<\/span><span style=\"font-weight: 400;font-family: 'Trebuchet MS', Geneva;font-size: 10pt\">Les journ\u00e9es enfants et ados se tiendront les 28 f\u00e9vrier, 1er, 2, 3 et 4 mars.<\/span><\/p>\n<p>&nbsp;<\/p>\n<p><span style=\"font-weight: 400;font-family: 'Trebuchet MS', Geneva;font-size: 10pt\"><img loading=\"lazy\" decoding=\"async\" class=\"alignright wp-image-206\" src=\"http:\/\/www.sevenadur.org\/2018\/wp-content\/uploads\/sites\/5\/2017\/12\/halles-300x199.jpg\" alt=\"\" width=\"289\" height=\"192\" srcset=\"http:\/\/www.sevenadur.org\/2018\/wp-content\/uploads\/sites\/5\/2017\/12\/halles-300x199.jpg 300w, http:\/\/www.sevenadur.org\/2018\/wp-content\/uploads\/sites\/5\/2017\/12\/halles-768x510.jpg 768w, http:\/\/www.sevenadur.org\/2018\/wp-content\/uploads\/sites\/5\/2017\/12\/halles-1024x680.jpg 1024w, http:\/\/www.sevenadur.org\/2018\/wp-content\/uploads\/sites\/5\/2017\/12\/halles.jpg 2048w\" sizes=\"auto, (max-width: 289px) 100vw, 289px\" \/>Cet \u00e9v\u00e9nement est le moment o\u00f9 plus d\u2019une trentaine d\u2019acteurs porteurs de cette culture populaire se rassemblent pour proposer une programmation commune, riche et diversifi\u00e9e autour des cultures bretonnes et des cultures pr\u00e9sentes sur le territoire. Dans le pays de Rennes, Sevenadur propose plus de 40 rencontres diff\u00e9rentes sur plus d&rsquo;une dizaine de jours : expositions, ateliers de langue, de musique et de danse, conf\u00e9rences, stages, concerts, spectacles, festo\u00f9-deiz, festo\u00f9-noz, jeux, broderie&#8230; le tout gr\u00e2ce \u00e0 la mobilisation de plus d\u2019une trentaine d\u2019associations et de structures diff\u00e9rentes.<\/span><\/p>\n<p>&nbsp;<\/p>\n<p>&nbsp;<\/p>\n<p><span style=\"font-weight: 400;font-family: 'Trebuchet MS', Geneva;font-size: 10pt\"><img loading=\"lazy\" decoding=\"async\" class=\"alignright wp-image-210\" src=\"http:\/\/www.sevenadur.org\/2018\/wp-content\/uploads\/sites\/5\/2017\/12\/halles3-300x199.jpg\" alt=\"\" width=\"288\" height=\"191\" srcset=\"http:\/\/www.sevenadur.org\/2018\/wp-content\/uploads\/sites\/5\/2017\/12\/halles3-300x199.jpg 300w, http:\/\/www.sevenadur.org\/2018\/wp-content\/uploads\/sites\/5\/2017\/12\/halles3-768x510.jpg 768w, http:\/\/www.sevenadur.org\/2018\/wp-content\/uploads\/sites\/5\/2017\/12\/halles3-1024x680.jpg 1024w, http:\/\/www.sevenadur.org\/2018\/wp-content\/uploads\/sites\/5\/2017\/12\/halles3.jpg 2048w\" sizes=\"auto, (max-width: 288px) 100vw, 288px\" \/>Sevenadur, c\u2019e\u00adst \u00e9galement travailler conjointement avec les autres cultures rennaises pour\u00a0<\/span><span style=\"font-family: 'Trebuchet MS', Geneva;font-size: 10pt\">promouvoir la diversit\u00e9 culturelle du pays de Rennes dans son ensemble. En favorisant les\u00a0<\/span><span style=\"font-weight: 400;font-family: 'Trebuchet MS', Geneva;font-size: 10pt\">rencontres festives entre la culture bretonne et les autres cultures pr\u00e9sentes sur le\u00a0<\/span><span style=\"font-family: 'Trebuchet MS', Geneva;font-size: 10pt\">territoire, Sevenadur permet de renforcer et de co-construire ensemble le socle culturel\u00a0<\/span><span style=\"font-weight: 400;font-family: 'Trebuchet MS', Geneva;font-size: 10pt\">commun de notre territoire d\u2019aujourd\u2019hui : les cultures traditionnelles continuent de se\u00a0<\/span><span style=\"font-weight: 400;font-family: 'Trebuchet MS', Geneva;font-size: 10pt\">d\u00e9velopper, de s\u2019inventer et de se r\u00e9g\u00e9n\u00e9rer au contact d\u2019autres pratiques.\u00a0<\/span><span style=\"font-family: 'Trebuchet MS', Geneva;font-size: 10pt\">Cette ann\u00e9e\u00a0<\/span><span style=\"font-family: 'Trebuchet MS', Geneva;font-size: 10pt\">la culture roumaine et le patrimoine culturel immat\u00e9riel occitan seront \u00e0 l\u2019honneur.<\/span><\/p>\n<p><span style=\"font-family: Trebuchet MS,Geneva;font-size: 10pt\">\u00a0<\/span><\/p>\n<p>&nbsp;<\/p>\n<p><span style=\"font-weight: 400;font-family: 'Trebuchet MS', Geneva;font-size: 10pt\"><img loading=\"lazy\" decoding=\"async\" class=\"alignright wp-image-205\" src=\"http:\/\/www.sevenadur.org\/2018\/wp-content\/uploads\/sites\/5\/2017\/12\/halles2-300x199.jpg\" alt=\"\" width=\"289\" height=\"192\" srcset=\"http:\/\/www.sevenadur.org\/2018\/wp-content\/uploads\/sites\/5\/2017\/12\/halles2-300x199.jpg 300w, http:\/\/www.sevenadur.org\/2018\/wp-content\/uploads\/sites\/5\/2017\/12\/halles2-768x510.jpg 768w, http:\/\/www.sevenadur.org\/2018\/wp-content\/uploads\/sites\/5\/2017\/12\/halles2-1024x680.jpg 1024w, http:\/\/www.sevenadur.org\/2018\/wp-content\/uploads\/sites\/5\/2017\/12\/halles2.jpg 2048w\" sizes=\"auto, (max-width: 289px) 100vw, 289px\" \/>La transmission d&rsquo;une culture, quelle que soit la forme qu&rsquo;elle prend, permet de construire l&rsquo;identit\u00e9 culturelle des personnes ainsi que des groupes dans lesquels ils \u00e9voluent. Ce qui anime le Cercle, c&rsquo;est de valoriser ces cultures, propres \u00e0 chacun, qui se c\u00f4toient quotidiennement.\u00a0<\/span><span style=\"font-weight: 400;font-family: 'Trebuchet MS', Geneva;font-size: 10pt\">La culture bretonne s&rsquo;est toujours nourrie de rencontres et s&rsquo;est recr\u00e9\u00e9e au fil de nouvelles interactions v\u00e9cues. Aujourd&rsquo;hui, \u00e0 Rennes, cet h\u00e9ritage vit et \u00e9change avec les autres cultures \u00e0 travers \u00a0de multiples expressions. Cette ann\u00e9e, Sevenadur a choisi d&rsquo;\u00e9voquer le r\u00f4le de \u00ab\u00a0la main\u00a0\u00bb, qui tient une place importante dans la transmission des cultures populaires, en tant que fil conducteur des rencontres.<\/span><\/p>\n<p>&nbsp;<\/p>\n<p><span style=\"font-weight: 400;font-family: 'Trebuchet MS', Geneva;font-size: 10pt\">Vous pouvez t\u00e9l\u00e9chargez directement le dossier de presse et les programmes :<\/span><\/p>\n<ul>\n<li style=\"font-weight: 400\"><span style=\"font-family: 'Trebuchet MS', Geneva;font-size: 10pt\"><a href=\"http:\/\/www.sevenadur.org\/2018\/wp-content\/uploads\/sites\/5\/2018\/02\/Dossier-de-Presse-Sevenadur-72-site.pdf\" target=\"_blank\" rel=\"noopener noreferrer\">Dossier de Presse Sevenadur 2018<\/a><\/span><\/li>\n<li style=\"font-weight: 400\"><span style=\"font-size: 10pt\"><a href=\"http:\/\/www.sevenadur.org\/2018\/wp-content\/uploads\/sites\/5\/2018\/03\/flyer-2018-web.pdf\"><span style=\"font-weight: 400;font-family: 'Trebuchet MS', Geneva\">Programme Sevenadur 2018<\/span><\/a><\/span><\/li>\n<li style=\"font-weight: 400\"><span style=\"font-weight: 400;font-family: 'Trebuchet MS', Geneva;font-size: 10pt\">Programme et bulletin d&rsquo;inscription des <a href=\"http:\/\/www.sevenadur.org\/2018\/wp-content\/uploads\/sites\/5\/2018\/02\/Programme-enfant-Sevenadur2018.indd_.pdf\" target=\"_blank\" rel=\"noopener noreferrer\">journ\u00e9es enfants et ados<\/a><\/span><\/li>\n<li style=\"font-weight: 400\"><span style=\"font-weight: 400;font-family: 'Trebuchet MS', Geneva;font-size: 10pt\">Programme et bulletin d&rsquo;inscription des <a href=\"http:\/\/www.sevenadur.org\/2018\/wp-content\/uploads\/sites\/5\/2018\/02\/plaquette_stage.indd_.pdf\">stages de musique, chant et danse<\/a><\/span><\/li>\n<li style=\"font-weight: 400\"><span style=\"font-weight: 400;font-family: 'Trebuchet MS', Geneva;font-size: 10pt\">Programme et bulletin d&rsquo;inscription du <a href=\"http:\/\/www.sevenadur.org\/2018\/wp-content\/uploads\/sites\/5\/2018\/02\/atelier-broderie.pdf\" target=\"_blank\" rel=\"noopener noreferrer\">stage de broderie<\/a><\/span><\/li>\n<\/ul>\n<p>&nbsp;<\/p>\n","protected":false},"excerpt":{"rendered":"<p>Du mercredi 14 au dimanche 25 mars 2018 aura lieu la 18e \u00e9dition des rencontres interculturelles\u00a0Sevenadur.\u00a0Les journ\u00e9es enfants et ados se tiendront les 28 f\u00e9vrier, 1er, 2, 3 et 4 mars. &nbsp; Cet \u00e9v\u00e9nement est le moment o\u00f9 plus d\u2019une &hellip; <a href=\"http:\/\/www.sevenadur.org\/2018\/\">Continuer la lecture <span class=\"meta-nav\">&rarr;<\/span><\/a><\/p>\n","protected":false},"author":1,"featured_media":0,"parent":0,"menu_order":0,"comment_status":"closed","ping_status":"closed","template":"","meta":{"_vp_format_video_url":"","_vp_image_focal_point":[],"footnotes":""},"class_list":["post-16","page","type-page","status-publish","hentry"],"_links":{"self":[{"href":"http:\/\/www.sevenadur.org\/2018\/wp-json\/wp\/v2\/pages\/16","targetHints":{"allow":["GET"]}}],"collection":[{"href":"http:\/\/www.sevenadur.org\/2018\/wp-json\/wp\/v2\/pages"}],"about":[{"href":"http:\/\/www.sevenadur.org\/2018\/wp-json\/wp\/v2\/types\/page"}],"author":[{"embeddable":true,"href":"http:\/\/www.sevenadur.org\/2018\/wp-json\/wp\/v2\/users\/1"}],"replies":[{"embeddable":true,"href":"http:\/\/www.sevenadur.org\/2018\/wp-json\/wp\/v2\/comments?post=16"}],"version-history":[{"count":35,"href":"http:\/\/www.sevenadur.org\/2018\/wp-json\/wp\/v2\/pages\/16\/revisions"}],"predecessor-version":[{"id":1064,"href":"http:\/\/www.sevenadur.org\/2018\/wp-json\/wp\/v2\/pages\/16\/revisions\/1064"}],"wp:attachment":[{"href":"http:\/\/www.sevenadur.org\/2018\/wp-json\/wp\/v2\/media?parent=16"}],"curies":[{"name":"wp","href":"https:\/\/api.w.org\/{rel}","templated":true}]}}