{"id":137,"date":"2017-12-07T11:08:53","date_gmt":"2017-12-07T10:08:53","guid":{"rendered":"http:\/\/www.sevenadur.org\/2018\/?page_id=137"},"modified":"2018-03-05T09:28:33","modified_gmt":"2018-03-05T08:28:33","slug":"samedi-17-mars","status":"publish","type":"page","link":"http:\/\/www.sevenadur.org\/2018\/samedi-17-mars\/","title":{"rendered":"Samedi 17 mars"},"content":{"rendered":"<h2><span style=\"color: #003366;font-family: 'Trebuchet MS', Geneva;font-size: 14pt\">Visite du centre historique de Rennes en\u00a0langue gall\u00e8se avec Rapha\u00ebl Gouablin<\/span><\/h2>\n<p><span style=\"font-family: 'Trebuchet MS', Geneva;font-size: 14pt;color: #003366\">Tourn\u00e9e de Rene en galo d&rsquo;o Fay\u00e8l Gouablin<\/span><\/p>\n<p>&nbsp;<\/p>\n<p><img loading=\"lazy\" decoding=\"async\" class=\"wp-image-248 alignleft\" src=\"http:\/\/www.sevenadur.org\/2018\/wp-content\/uploads\/sites\/5\/2017\/12\/visite-galo-300x225.jpg\" alt=\"\" width=\"264\" height=\"198\" \/><\/p>\n<p><span style=\"font-size: 10pt;font-family: 'Trebuchet MS', Geneva;color: #000000\"><b>D\u00e9part de Destination Rennes, Office de Tourisme, Chapelle Saint-Yves \u2666<\/b><b>\u00a014h30\u00a0\u2666 Gratuit\u00a0\u2666<\/b><b>\u00a0Renseignements : <\/b><b>raphaelgouablin@hotmail.fr, 06 69 18 86 66\u00a0\u2666\u00a0<em><strong><img loading=\"lazy\" decoding=\"async\" class=\" wp-image-941 alignnone\" src=\"http:\/\/www.sevenadur.org\/2018\/wp-content\/uploads\/sites\/5\/2018\/01\/picto_handicap.jpg\" alt=\"\" width=\"17\" height=\"17\" srcset=\"http:\/\/www.sevenadur.org\/2018\/wp-content\/uploads\/sites\/5\/2018\/01\/picto_handicap.jpg 256w, http:\/\/www.sevenadur.org\/2018\/wp-content\/uploads\/sites\/5\/2018\/01\/picto_handicap-150x150.jpg 150w\" sizes=\"auto, (max-width: 17px) 100vw, 17px\" \/><\/strong><\/em><\/b><\/span><\/p>\n<p><span style=\"font-family: 'Trebuchet MS', Geneva;font-size: 10pt\">Rapha\u00ebl Gouablin, fera visiter le centre historique de Rennes en Gallo\u00a0\u00e0 partir d\u2019histoires v\u00e9cues et racont\u00e9es!\u00a0 <\/span><span style=\"font-family: 'Trebuchet MS', Geneva;font-size: 10pt\">Le parcours dure\u00a01h30 et est accessible \u00e0 une trentaine de personnes.\u00a0\u00a0<\/span><\/p>\n<p><span style=\"font-size: 8pt;font-family: 'Trebuchet MS', Geneva;color: #008080\"><b><i>Org. : <a style=\"color: #008080\" href=\"https:\/\/www.facebook.com\/institutdugalo\/?hc_ref=ARSWH-XCw95jXBzPqlbMFUDzYSFDrovpPzjN6rvUw7St4pALBelk_-JLvVsxCaZa9Ec\" target=\"_blank\" rel=\"noopener noreferrer\">Institut de la langue gall\u00e8se<\/a>\u00a0et <a style=\"color: #008080\" href=\"https:\/\/www.tourisme-rennes.com\/fr\" target=\"_blank\" rel=\"noopener noreferrer\">L&rsquo;Office du tourisme et des congr\u00e8s de Rennes M\u00e9tropole<\/a><\/i><\/b><\/span><\/p>\n<p><span style=\"font-size: 10pt;font-family: 'Trebuchet MS', Geneva;color: #000000\"><b><i>\u00a0 \u00a0\u00a0<a href=\"https:\/\/www.tourisme-rennes.com\/fr\" target=\"_blank\" rel=\"noopener noreferrer\"><img loading=\"lazy\" decoding=\"async\" class=\"wp-image-49 alignnone\" src=\"http:\/\/www.sevenadur.org\/2018\/wp-content\/uploads\/sites\/5\/2017\/12\/Capture-d\u2019\u00e9cran-2017-11-21-\u00e0-20.17.27-Institut-du-Galo-300x188.png\" alt=\"\" width=\"115\" height=\"72\" \/><\/a>\u00a0\u00a0<\/i><\/b><\/span><\/p>\n<p>&nbsp;<\/p>\n<h2><span style=\"font-family: 'Trebuchet MS', Geneva;color: #003366;font-size: 14pt\">Rencontre D\u00e9dicace avec Roland Becker<\/span><\/h2>\n<p>&nbsp;<\/p>\n<p><img loading=\"lazy\" decoding=\"async\" class=\"wp-image-203 alignleft\" src=\"http:\/\/www.sevenadur.org\/2018\/wp-content\/uploads\/sites\/5\/2017\/12\/roland-becker-222x300.jpg\" alt=\"\" width=\"179\" height=\"241\" srcset=\"http:\/\/www.sevenadur.org\/2018\/wp-content\/uploads\/sites\/5\/2017\/12\/roland-becker-222x300.jpg 222w, http:\/\/www.sevenadur.org\/2018\/wp-content\/uploads\/sites\/5\/2017\/12\/roland-becker.jpg 526w\" sizes=\"auto, (max-width: 179px) 100vw, 179px\" \/><\/p>\n<p>&nbsp;<\/p>\n<p><span style=\"font-size: 10pt;font-family: 'Trebuchet MS', Geneva;color: #000000\"><b>Librairie \u201cL\u2019Encre de Bretagne\u201d, 28 rue Saint-Melaine, Rennes \u2666<\/b><b>\u00a0<\/b><b>15h &#8211; 18h\u00a0\u2666<\/b><b>\u00a0Gratuit \u2666<\/b><b>\u00a0Renseignements : <\/b><b>Bruno Duval &#8211; 02 99 63 98 35<\/b><\/span><\/p>\n<p><span style=\"font-family: 'Trebuchet MS', Geneva;font-size: 10pt\"><span style=\"font-weight: 400\">Rencontre avec le musicien et auteur Roland Becker que l\u2019on ne pr\u00e9sente plus. Il sera \u00e0 la librairie l\u2019Encre de de Bretagne pour d\u00e9dicacer son livre <\/span><i><span style=\"font-weight: 400\">Joseph Mah\u00e9 (1760-1831) : premier collecteur de musique populaire de Haute et Basse-Bretagne<\/span><\/i><span style=\"font-weight: 400\">, paru aux \u00e9ditions Dastum-Presses universitaires de Rennes.<\/span><\/span><\/p>\n<p><b><\/b><span style=\"font-family: 'Trebuchet MS', Geneva;font-size: 8pt;color: #008080\"><em><b>Org. : <a style=\"color: #008080\" href=\"http:\/\/encredebretagne.bzh\/\" target=\"_blank\" rel=\"noopener noreferrer\">L&rsquo;encre de Bretagne<\/a><\/b><\/em><\/span><\/p>\n<p>&nbsp;<\/p>\n<p>&nbsp;<\/p>\n<h2><span style=\"font-family: 'Trebuchet MS', Geneva;color: #003366;font-size: 14pt\">Bal de la Saint Patrick enfants<\/span><\/h2>\n<p>&nbsp;<\/p>\n<p><span style=\"font-size: 10pt;font-family: 'Trebuchet MS', Geneva;color: #000000\"><b><img loading=\"lazy\" decoding=\"async\" class=\" wp-image-1066 alignleft\" src=\"http:\/\/www.sevenadur.org\/2018\/wp-content\/uploads\/sites\/5\/2018\/03\/bal-enfants-212x300.jpg\" alt=\"\" width=\"164\" height=\"232\" srcset=\"http:\/\/www.sevenadur.org\/2018\/wp-content\/uploads\/sites\/5\/2018\/03\/bal-enfants-212x300.jpg 212w, http:\/\/www.sevenadur.org\/2018\/wp-content\/uploads\/sites\/5\/2018\/03\/bal-enfants.jpg 679w\" sizes=\"auto, (max-width: 164px) 100vw, 164px\" \/>Centre culturel Agora, place Jean Auvergne, Le Rheu<\/b> <b>\u2666<\/b><b>\u00a014h &#8211; 18h \u2666<\/b><b>\u00a01\u20ac\u00a0\u2666<\/b><b>\u00a0de 5 \u00e0 15 ans, adultes accept\u00e9s pour encadrer \u2666<\/b><b>\u00a0Renseignements et\u00a0inscriptions : <\/b><b>edith.leguay@free.fr, 06 79 20 70 26<\/b><\/span><\/p>\n<p><span style=\"font-weight: 400;font-size: 10pt;font-family: 'Trebuchet MS', Geneva\">Pour la Saint Patrick, emmenez vos enfants d\u00e9couvrir des danses traditionnelles bretonnes et irlandaises, des instruments de musiques et des histoires avec des intervenants et musiciens. En bonus, le go\u00fbter est offert !<\/span><\/p>\n<p><span style=\"font-size: 8pt;font-family: 'Trebuchet MS', Geneva;color: #008080\"><b><i>Org. : <a style=\"color: #008080\" href=\"http:\/\/www.avantdeuxdurheu.fr\/\" target=\"_blank\" rel=\"noopener noreferrer\">Avant Deux du Rheu<\/a><\/i><\/b><\/span><\/p>\n<p>&nbsp;<\/p>\n<p>&nbsp;<\/p>\n<p>&nbsp;<\/p>\n<h2><span style=\"font-family: 'Trebuchet MS', Geneva;color: #003366;font-size: 14pt\">Contes au bistrot et sc\u00e8ne ouverte<\/span><\/h2>\n<p>&nbsp;<\/p>\n<p><span style=\"font-size: 10pt;font-family: 'Trebuchet MS', Geneva;color: #000000\"><strong><img loading=\"lazy\" decoding=\"async\" class=\" wp-image-917 alignleft\" src=\"http:\/\/www.sevenadur.org\/2018\/wp-content\/uploads\/sites\/5\/2018\/01\/contes_au_bistrot-213x300.jpg\" alt=\"\" width=\"180\" height=\"253\" srcset=\"http:\/\/www.sevenadur.org\/2018\/wp-content\/uploads\/sites\/5\/2018\/01\/contes_au_bistrot-213x300.jpg 213w, http:\/\/www.sevenadur.org\/2018\/wp-content\/uploads\/sites\/5\/2018\/01\/contes_au_bistrot.jpg 306w\" sizes=\"auto, (max-width: 180px) 100vw, 180px\" \/>Bar l&rsquo;Entre Temps, 12 avenue Fran\u00e7ois Mitterrand, Liffr\u00e9\u00a0<b>\u2666<\/b> 18h &#8211; 20h\u00a0<b>\u2666<\/b> Gratuit\u00a0<b>\u2666<\/b> Renseignement : 02 99 23 54 57, gallotonic@orange.fr, \u00a0http:\/\/gallotonic.org<\/strong><\/span><\/p>\n<p><span style=\"font-weight: 400;font-size: 10pt;font-family: 'Trebuchet MS', Geneva\">Avec les conteurs de Gallo tonic et de la section Per Roy du Cercle Celtique de Rennes, on prend un verre tout en \u00e9coutant les r\u00e9cits issus de la tradition populaire et de l\u2019imagination des conteurs. Chacun peut venir conter, \u00e0 condition que son histoire soit issue du r\u00e9pertoire traditionnel.<\/span><\/p>\n<p><span style=\"font-size: 8pt;font-family: 'Trebuchet MS', Geneva;color: #008080\"><b><i>Org. : <a style=\"color: #008080\" href=\"http:\/\/gallotonic.com\/\" target=\"_blank\" rel=\"noopener noreferrer\">Gallo Tonic<\/a> et la section Per Roy du\u00a0<a style=\"color: #008080\" href=\"http:\/\/cercleceltiquederennes.org\/\" target=\"_blank\" rel=\"noopener noreferrer\">Cercle Celtique de Rennes<\/a><\/i><\/b><\/span><\/p>\n<p><img loading=\"lazy\" decoding=\"async\" class=\" wp-image-21 alignnone\" src=\"http:\/\/www.sevenadur.org\/2018\/wp-content\/uploads\/sites\/5\/2017\/12\/gt-300x300.png\" alt=\"\" width=\"73\" height=\"73\" \/>\u00a0 \u00a0<img loading=\"lazy\" decoding=\"async\" class=\" wp-image-144 alignnone\" src=\"http:\/\/www.sevenadur.org\/2018\/wp-content\/uploads\/sites\/5\/2017\/12\/per-roy-300x82.png\" alt=\"\" width=\"260\" height=\"71\" \/><\/p>\n<p>&nbsp;<\/p>\n<p>&nbsp;<\/p>\n<h2><span style=\"font-family: 'Trebuchet MS', Geneva;color: #003366;font-size: 14pt\">Folk Noz et Sc\u00e8ne Ouverte*<\/span><\/h2>\n<p>&nbsp;<\/p>\n<p><span style=\"font-family: 'Trebuchet MS', Geneva;font-size: 10pt;color: #000000\"><b><img loading=\"lazy\" decoding=\"async\" class=\" wp-image-1052 alignleft\" src=\"http:\/\/www.sevenadur.org\/2018\/wp-content\/uploads\/sites\/5\/2018\/02\/affiche_folknoz-212x300.png\" alt=\"\" width=\"167\" height=\"237\" srcset=\"http:\/\/www.sevenadur.org\/2018\/wp-content\/uploads\/sites\/5\/2018\/02\/affiche_folknoz-212x300.png 212w, http:\/\/www.sevenadur.org\/2018\/wp-content\/uploads\/sites\/5\/2018\/02\/affiche_folknoz.png 596w\" sizes=\"auto, (max-width: 167px) 100vw, 167px\" \/>Ferme de la Harpe, Rennes\u00a0\u2666<\/b><b>\u00a020h30 \u2666<\/b>\u00a0<b>Gratuit<\/b> <b>\u2666<\/b><b>\u00a0*Sc\u00e8ne ouverte sur inscription \u2666<\/b><b>\u00a0Renseignements et inscriptions : Laurent Priz\u00e9 &#8211; laurent.prize@laposte.net &#8211; 06 72 44 13 42<\/b><\/span><\/p>\n<p><span style=\"font-weight: 400;font-family: 'Trebuchet MS', Geneva;font-size: 10pt\">Pr\u00e9sent dans toutes les musiques de tradition populaire, le r\u00e9pertoire de musique \u00e0 danser est un fait musical permettant \u00e0 ses acteurs de se mettre rapidement aux centres d\u2019un moment de convivialit\u00e9 partag\u00e9e. Ici bourr\u00e9e, passe-pieds, avant-deux se m\u00e9langent gr\u00e2ce aux diff\u00e9rents ensembles de musiciens pr\u00eats \u00e0 vous faire danser.<\/span><\/p>\n<p><span style=\"font-family: 'Trebuchet MS', Geneva;font-size: 8pt;color: #008080\"><b><i>Org. : <a style=\"color: #008080\" href=\"http:\/\/cercleceltiquederennes.org\/\" target=\"_blank\" rel=\"noopener noreferrer\">Cercle Celtique de Rennes<\/a> section Eskemm<\/i><\/b><\/span><\/p>\n<p>&nbsp;<\/p>\n<p>&nbsp;<\/p>\n<p>&nbsp;<\/p>\n<p>&nbsp;<\/p>\n<p>&nbsp;<\/p>\n<p>&nbsp;<\/p>\n<p><span style=\"font-family: 'Trebuchet MS', Geneva;font-size: 14pt;color: #003366\">Retrouvez \u00e9galement :<\/span><\/p>\n<ul>\n<li><span style=\"font-family: 'Trebuchet MS', Geneva;font-size: 10pt\">Le <strong><a href=\"http:\/\/www.sevenadur.org\/2018\/stage-de-pratiques-occitanes\/\" target=\"_blank\" rel=\"noopener noreferrer\">Stage de pratiques occitanes <\/a><\/strong><\/span><\/li>\n<li><span style=\"font-family: 'Trebuchet MS', Geneva;font-size: 10pt\">Le <strong><a href=\"http:\/\/www.sevenadur.org\/2018\/stage-de-musique-vannetaise\/\" target=\"_blank\" rel=\"noopener noreferrer\">Stage de musique vannetaise<\/a><\/strong><\/span><\/li>\n<\/ul>\n<p><span style=\"font-family: 'Trebuchet MS', Geneva;font-size: 10pt\">&#8230; organis\u00e9s par le Cercle Celtique !<\/span><\/p>\n","protected":false},"excerpt":{"rendered":"<p>Visite du centre historique de Rennes en\u00a0langue gall\u00e8se avec Rapha\u00ebl Gouablin Tourn\u00e9e de Rene en galo d&rsquo;o Fay\u00e8l Gouablin &nbsp; D\u00e9part de Destination Rennes, Office de Tourisme, Chapelle Saint-Yves \u2666\u00a014h30\u00a0\u2666 Gratuit\u00a0\u2666\u00a0Renseignements : raphaelgouablin@hotmail.fr, 06 69 18 86 66\u00a0\u2666\u00a0 Rapha\u00ebl Gouablin, &hellip; <a href=\"http:\/\/www.sevenadur.org\/2018\/samedi-17-mars\/\">Continuer la lecture <span class=\"meta-nav\">&rarr;<\/span><\/a><\/p>\n","protected":false},"author":1,"featured_media":0,"parent":0,"menu_order":0,"comment_status":"closed","ping_status":"closed","template":"","meta":{"_vp_format_video_url":"","_vp_image_focal_point":[],"footnotes":""},"class_list":["post-137","page","type-page","status-publish","hentry"],"_links":{"self":[{"href":"http:\/\/www.sevenadur.org\/2018\/wp-json\/wp\/v2\/pages\/137","targetHints":{"allow":["GET"]}}],"collection":[{"href":"http:\/\/www.sevenadur.org\/2018\/wp-json\/wp\/v2\/pages"}],"about":[{"href":"http:\/\/www.sevenadur.org\/2018\/wp-json\/wp\/v2\/types\/page"}],"author":[{"embeddable":true,"href":"http:\/\/www.sevenadur.org\/2018\/wp-json\/wp\/v2\/users\/1"}],"replies":[{"embeddable":true,"href":"http:\/\/www.sevenadur.org\/2018\/wp-json\/wp\/v2\/comments?post=137"}],"version-history":[{"count":53,"href":"http:\/\/www.sevenadur.org\/2018\/wp-json\/wp\/v2\/pages\/137\/revisions"}],"predecessor-version":[{"id":1073,"href":"http:\/\/www.sevenadur.org\/2018\/wp-json\/wp\/v2\/pages\/137\/revisions\/1073"}],"wp:attachment":[{"href":"http:\/\/www.sevenadur.org\/2018\/wp-json\/wp\/v2\/media?parent=137"}],"curies":[{"name":"wp","href":"https:\/\/api.w.org\/{rel}","templated":true}]}}