{"id":109,"date":"2017-12-06T17:47:21","date_gmt":"2017-12-06T16:47:21","guid":{"rendered":"http:\/\/www.sevenadur.org\/2018\/?page_id=109"},"modified":"2018-03-05T11:38:01","modified_gmt":"2018-03-05T10:38:01","slug":"lundi-12-mars","status":"publish","type":"page","link":"http:\/\/www.sevenadur.org\/2018\/lundi-12-mars\/","title":{"rendered":"Lundi 12 mars"},"content":{"rendered":"<p><span style=\"color: #003366;font-size: 14pt;font-family: 'Trebuchet MS', Geneva\">S\u00e9ance de d\u00e9couverte du breton et du gallo pour les moins de 3 ans avec Dihun et Divskouarn\u00a0<\/span><\/p>\n<p>&nbsp;<\/p>\n<p><img loading=\"lazy\" decoding=\"async\" class=\"wp-image-240 alignleft\" src=\"http:\/\/www.sevenadur.org\/2018\/wp-content\/uploads\/sites\/5\/2017\/12\/d\u00e9couverte-3ans-300x178.jpg\" alt=\"\" width=\"340\" height=\"202\" \/><\/p>\n<p><span style=\"font-size: 10pt;font-family: 'Trebuchet MS', Geneva;color: #000000\"><strong>Centre Social Villejean, Lieu d&rsquo;Accueil Enfant Parent, 9 avenue du Doyen Colas \u00e0 Villejean, Rennes\u00a0<b>\u2666<\/b>\u00a0de 9h45 \u00e0 10h45 <b>\u2666\u00a0<\/b>Gratuit\u00a0<b>\u2666\u00a0<\/b>R\u00e9servation conseill\u00e9e aupr\u00e8s de Virginie Pronost\u00a0 : diorroer@divskouarn.fr ou 06 49 22 86 72\u00a0<b>\u2666\u00a0<em><img loading=\"lazy\" decoding=\"async\" class=\" wp-image-941 alignnone\" src=\"http:\/\/www.sevenadur.org\/2018\/wp-content\/uploads\/sites\/5\/2018\/01\/picto_handicap.jpg\" alt=\"\" width=\"17\" height=\"17\" srcset=\"http:\/\/www.sevenadur.org\/2018\/wp-content\/uploads\/sites\/5\/2018\/01\/picto_handicap.jpg 256w, http:\/\/www.sevenadur.org\/2018\/wp-content\/uploads\/sites\/5\/2018\/01\/picto_handicap-150x150.jpg 150w\" sizes=\"auto, (max-width: 17px) 100vw, 17px\" \/><\/em><\/b><\/strong><\/span><\/p>\n<p><span style=\"font-weight: 400;font-size: 10pt;font-family: 'Trebuchet MS', Geneva\">Dans le cadre de Sevenadur 2018, Divskouarn et Dihun Breizh animeront une s\u00e9ance de d\u00e9couverte du breton, du gallo et d&rsquo;autres langues pour les tout-petits (enfants de 0 \u00e0 3 ans) et leurs parents. Venez d\u00e9couvrir le breton, le gallo et d&rsquo;autres langues gr\u00e2ce \u00e0 des comptines, jeux de doigts, chansons et rondes !<\/span><\/p>\n<p><span style=\"font-family: 'Trebuchet MS', Geneva;font-size: 8pt;color: #008080\"><b><i>Org. : <a style=\"color: #008080\" href=\"http:\/\/www.divskouarn.fr\/\" target=\"_blank\" rel=\"noopener noreferrer\">Divskouarn<\/a>, <a style=\"color: #008080\" href=\"http:\/\/dihunbroroazhon.wixsite.com\/dihun-bro-roazhon\" target=\"_blank\" rel=\"noopener noreferrer\">Dihun Bro Roazhon<\/a> et le <a style=\"color: #008080\" href=\"http:\/\/www.centres-sociaux-rennais.fr\/accueil\/centres-sociaux\/villejean\/presentation\/var\/lang\/FR\/rub\/2494.html\" target=\"_blank\" rel=\"noopener noreferrer\">Centre Social de Villejean.<\/a><\/i><\/b><\/span><\/p>\n<p><span style=\"font-size: 10pt;font-family: 'Trebuchet MS', Geneva\"><b><i><img loading=\"lazy\" decoding=\"async\" class=\" wp-image-50 alignleft\" src=\"http:\/\/www.sevenadur.org\/2018\/wp-content\/uploads\/sites\/5\/2017\/12\/decouverte-breton-moins-3-ans-300x123.png\" alt=\"\" width=\"210\" height=\"86\" \/><\/i><\/b><\/span><\/p>\n","protected":false},"excerpt":{"rendered":"<p>S\u00e9ance de d\u00e9couverte du breton et du gallo pour les moins de 3 ans avec Dihun et Divskouarn\u00a0 &nbsp; Centre Social Villejean, Lieu d&rsquo;Accueil Enfant Parent, 9 avenue du Doyen Colas \u00e0 Villejean, Rennes\u00a0\u2666\u00a0de 9h45 \u00e0 10h45 \u2666\u00a0Gratuit\u00a0\u2666\u00a0R\u00e9servation conseill\u00e9e aupr\u00e8s &hellip; <a href=\"http:\/\/www.sevenadur.org\/2018\/lundi-12-mars\/\">Continuer la lecture <span class=\"meta-nav\">&rarr;<\/span><\/a><\/p>\n","protected":false},"author":1,"featured_media":0,"parent":0,"menu_order":0,"comment_status":"closed","ping_status":"closed","template":"","meta":{"_vp_format_video_url":"","_vp_image_focal_point":[],"footnotes":""},"class_list":["post-109","page","type-page","status-publish","hentry"],"_links":{"self":[{"href":"http:\/\/www.sevenadur.org\/2018\/wp-json\/wp\/v2\/pages\/109","targetHints":{"allow":["GET"]}}],"collection":[{"href":"http:\/\/www.sevenadur.org\/2018\/wp-json\/wp\/v2\/pages"}],"about":[{"href":"http:\/\/www.sevenadur.org\/2018\/wp-json\/wp\/v2\/types\/page"}],"author":[{"embeddable":true,"href":"http:\/\/www.sevenadur.org\/2018\/wp-json\/wp\/v2\/users\/1"}],"replies":[{"embeddable":true,"href":"http:\/\/www.sevenadur.org\/2018\/wp-json\/wp\/v2\/comments?post=109"}],"version-history":[{"count":16,"href":"http:\/\/www.sevenadur.org\/2018\/wp-json\/wp\/v2\/pages\/109\/revisions"}],"predecessor-version":[{"id":1082,"href":"http:\/\/www.sevenadur.org\/2018\/wp-json\/wp\/v2\/pages\/109\/revisions\/1082"}],"wp:attachment":[{"href":"http:\/\/www.sevenadur.org\/2018\/wp-json\/wp\/v2\/media?parent=109"}],"curies":[{"name":"wp","href":"https:\/\/api.w.org\/{rel}","templated":true}]}}