{"id":103,"date":"2017-12-06T17:37:23","date_gmt":"2017-12-06T16:37:23","guid":{"rendered":"http:\/\/www.sevenadur.org\/2018\/?page_id=103"},"modified":"2018-01-25T12:38:55","modified_gmt":"2018-01-25T11:38:55","slug":"samedi-10-mars","status":"publish","type":"page","link":"http:\/\/www.sevenadur.org\/2018\/samedi-10-mars\/","title":{"rendered":"Samedi 10 mars"},"content":{"rendered":"<h3><span style=\"color: #003366;font-family: 'Trebuchet MS', Geneva;font-size: 14pt\">Filou\u00e2z\u00e9e- Veill\u00e9e Partag\u00e9e<\/span><\/h3>\n<p><span style=\"font-size: 10pt;font-family: 'Trebuchet MS', Geneva;color: #000000\"><b><img loading=\"lazy\" decoding=\"async\" class=\"wp-image-274 alignleft\" src=\"http:\/\/www.sevenadur.org\/2018\/wp-content\/uploads\/sites\/5\/2017\/12\/Veill\u00e9e2-300x169.jpg\" alt=\"\" width=\"296\" height=\"167\" \/>44 square du Berry, 35 000 Rennes<\/b>\u00a0<b>\u2666<\/b>\u00a0<b>19h30\u00a0\u2666<\/b>\u00a0<b>Gratuit \u2666<\/b>\u00a0<b>Renseignements et inscriptions (limit\u00e9e \u00e0 20 personnes) : 06 75 33 19 04, jackyderennes@gmail.com\u00a0\u2666\u00a0<em><strong><img loading=\"lazy\" decoding=\"async\" class=\" wp-image-941 alignnone\" src=\"http:\/\/www.sevenadur.org\/2018\/wp-content\/uploads\/sites\/5\/2018\/01\/picto_handicap.jpg\" alt=\"\" width=\"17\" height=\"17\" srcset=\"http:\/\/www.sevenadur.org\/2018\/wp-content\/uploads\/sites\/5\/2018\/01\/picto_handicap.jpg 256w, http:\/\/www.sevenadur.org\/2018\/wp-content\/uploads\/sites\/5\/2018\/01\/picto_handicap-150x150.jpg 150w\" sizes=\"auto, (max-width: 17px) 100vw, 17px\" \/><\/strong><\/em><\/b><\/span><\/p>\n<p><span style=\"font-weight: 400;font-size: 10pt;font-family: 'Trebuchet MS', Geneva\">Jacky et Laurence Derennes vous ouvrent les portes de leur maison pour recevoir public, conteurs, musiciens, chanteurs. Venez \u00a0jouer, cr\u00e9er, \u00e9couter et partager un spectacle \u00e9ph\u00e9m\u00e8re \u00e0 demeure, chez l\u2019habitant. Chacun vient au choix avec son chant, son histoire, son instrument, un g\u00e2teau, une boisson\u2026<\/span><\/p>\n<p><span style=\"font-size: 8pt;font-family: 'Trebuchet MS', Geneva;color: #008080\"><b><i>Org. :\u00a0<a style=\"color: #008080\" href=\"https:\/\/www.bertegn-galezz.bzh\/\" target=\"_blank\" rel=\"noopener noreferrer\">B\u00e8rtegn Gal\u00e8zz<\/a><\/i><\/b><\/span><\/p>\n<h3><\/h3>\n<h3><\/h3>\n<h3><\/h3>\n<p>&nbsp;<\/p>\n<h3><span style=\"color: #003366;font-family: 'Trebuchet MS', Geneva;font-size: 14pt\">Repas chant\u00e9<\/span><\/h3>\n<p><span style=\"font-size: 10pt;font-family: 'Trebuchet MS', Geneva;color: #000000\"><b><img loading=\"lazy\" decoding=\"async\" class=\" wp-image-29 alignleft\" src=\"http:\/\/www.sevenadur.org\/2018\/wp-content\/uploads\/sites\/5\/2017\/12\/RepasChant\u00e9-Francis-Guilard-300x200.jpg\" alt=\"\" width=\"294\" height=\"196\" srcset=\"http:\/\/www.sevenadur.org\/2018\/wp-content\/uploads\/sites\/5\/2017\/12\/RepasChant\u00e9-Francis-Guilard-300x200.jpg 300w, http:\/\/www.sevenadur.org\/2018\/wp-content\/uploads\/sites\/5\/2017\/12\/RepasChant\u00e9-Francis-Guilard-768x512.jpg 768w, http:\/\/www.sevenadur.org\/2018\/wp-content\/uploads\/sites\/5\/2017\/12\/RepasChant\u00e9-Francis-Guilard-1024x683.jpg 1024w\" sizes=\"auto, (max-width: 294px) 100vw, 294px\" \/>Au Relais des cultures, Erc\u00e9-Pr\u00e9-Liffr\u00e9 \u2666<\/b><b>\u00a020h \u2666<\/b>\u00a0<b>23 \u20ac (50 \u20ac avec le <a href=\"http:\/\/www.sevenadur.org\/2018\/stage-de-chant-dans-la-ronde\/\" target=\"_blank\" rel=\"noopener noreferrer\">stage de chant dans le ronde<\/a> ) \u2666<\/b>\u00a0<b>R\u00e9servation \u00e0 adresser (<\/b><b>bulletin d&rsquo;inscription sur http:\/\/gallotonic.org)<\/b><b>, avec le r\u00e8glement, avant le 28 f\u00e9vrier 2018 \u00e0 Association Gallo Tonic, La Morlais, 35340 Liffr\u00e9\u00a0\u2666<\/b>\u00a0<b>Renseignements : 02 99 23 54 57, gallotonic@orange.fr\u00a0\u2666\u00a0<em><strong><img loading=\"lazy\" decoding=\"async\" class=\" wp-image-941 alignnone\" src=\"http:\/\/www.sevenadur.org\/2018\/wp-content\/uploads\/sites\/5\/2018\/01\/picto_handicap.jpg\" alt=\"\" width=\"17\" height=\"17\" srcset=\"http:\/\/www.sevenadur.org\/2018\/wp-content\/uploads\/sites\/5\/2018\/01\/picto_handicap.jpg 256w, http:\/\/www.sevenadur.org\/2018\/wp-content\/uploads\/sites\/5\/2018\/01\/picto_handicap-150x150.jpg 150w\" sizes=\"auto, (max-width: 17px) 100vw, 17px\" \/><\/strong><\/em><\/b><\/span><\/p>\n<p>&nbsp;<\/p>\n<p><span style=\"font-size: 10pt;font-family: 'Trebuchet MS', Geneva\"><span style=\"font-weight: 400\">Chansons \u00e0 boire, chansons de table, chansons imag\u00e9es puis\u00e9es dans le r\u00e9pertoire traditionnel, interpr\u00e9t\u00e9es par des chanteurs de tradition reconnus. <\/span><span style=\"font-weight: 400\">Le tout autour d&rsquo;un repas bien de chez-nous. Chanteurs invit\u00e9s : Calixe, Daniel Cottin, Mathieu Guitton, Valerie Imbert, Brigitte Kloareg, les Lif&rsquo;Fredaines.\u00a0\u00a0<\/span><\/span><span style=\"font-size: 10pt;font-family: 'Trebuchet MS', Geneva\"><span style=\"font-weight: 400\">Menu : Kir vin blanc &amp; g\u00e2teaux ap\u00e9ritifs, Potage de l\u00e9gumes, Jambon brais\u00e9 au porto, Blanquette de poule, Assiette de salade &amp; ses fromages, Riz au lait fondant, Caf\u00e9. Boissons : cidre, vin, jus de pomme et eau.<\/span><\/span><\/p>\n<p><span style=\"font-size: 8pt;font-family: 'Trebuchet MS', Geneva;color: #008080\"><b><i>Org. : <a style=\"color: #008080\" href=\"http:\/\/gallotonic.com\/\" target=\"_blank\" rel=\"noopener noreferrer\">Gallo Tonic<\/a><\/i><\/b><\/span><\/p>\n<p>&nbsp;<\/p>\n<p>&nbsp;<\/p>\n<p>&nbsp;<\/p>\n<h3><span style=\"font-family: 'Trebuchet MS', Geneva;font-size: 14pt;color: #003366\">Retrouvez \u00e9galement :<\/span><\/h3>\n<h3><span style=\"font-family: 'Trebuchet MS', Geneva;font-size: 10pt\">&#8211; Le\u00a0<strong><a href=\"http:\/\/www.sevenadur.org\/2018\/stage-de-chant-dans-la-ronde\/\" target=\"_blank\" rel=\"noopener noreferrer\">Stage de chant dans la Ronde<\/a><\/strong>\u00a0organis\u00e9 par Gallo Tonic<\/span><\/h3>\n<h3><span style=\"font-family: 'Trebuchet MS', Geneva;font-size: 10pt\">&#8211; Le <strong><a href=\"http:\/\/www.sevenadur.org\/2018\/stage-daccordeon\/\" target=\"_blank\" rel=\"noopener noreferrer\">Stage d&rsquo;accord\u00e9on\u00a0avec Delphine Florez<\/a>\u00a0<\/strong>organis\u00e9 par le Cercle Celtique de Rennes<\/span><\/h3>\n","protected":false},"excerpt":{"rendered":"<p>Filou\u00e2z\u00e9e- Veill\u00e9e Partag\u00e9e 44 square du Berry, 35 000 Rennes\u00a0\u2666\u00a019h30\u00a0\u2666\u00a0Gratuit \u2666\u00a0Renseignements et inscriptions (limit\u00e9e \u00e0 20 personnes) : 06 75 33 19 04, jackyderennes@gmail.com\u00a0\u2666\u00a0 Jacky et Laurence Derennes vous ouvrent les portes de leur maison pour recevoir public, conteurs, musiciens, &hellip; <a href=\"http:\/\/www.sevenadur.org\/2018\/samedi-10-mars\/\">Continuer la lecture <span class=\"meta-nav\">&rarr;<\/span><\/a><\/p>\n","protected":false},"author":1,"featured_media":0,"parent":0,"menu_order":0,"comment_status":"closed","ping_status":"closed","template":"","meta":{"_vp_format_video_url":"","_vp_image_focal_point":[],"footnotes":""},"class_list":["post-103","page","type-page","status-publish","hentry"],"_links":{"self":[{"href":"http:\/\/www.sevenadur.org\/2018\/wp-json\/wp\/v2\/pages\/103","targetHints":{"allow":["GET"]}}],"collection":[{"href":"http:\/\/www.sevenadur.org\/2018\/wp-json\/wp\/v2\/pages"}],"about":[{"href":"http:\/\/www.sevenadur.org\/2018\/wp-json\/wp\/v2\/types\/page"}],"author":[{"embeddable":true,"href":"http:\/\/www.sevenadur.org\/2018\/wp-json\/wp\/v2\/users\/1"}],"replies":[{"embeddable":true,"href":"http:\/\/www.sevenadur.org\/2018\/wp-json\/wp\/v2\/comments?post=103"}],"version-history":[{"count":42,"href":"http:\/\/www.sevenadur.org\/2018\/wp-json\/wp\/v2\/pages\/103\/revisions"}],"predecessor-version":[{"id":966,"href":"http:\/\/www.sevenadur.org\/2018\/wp-json\/wp\/v2\/pages\/103\/revisions\/966"}],"wp:attachment":[{"href":"http:\/\/www.sevenadur.org\/2018\/wp-json\/wp\/v2\/media?parent=103"}],"curies":[{"name":"wp","href":"https:\/\/api.w.org\/{rel}","templated":true}]}}