{"id":200,"date":"2017-02-07T19:02:55","date_gmt":"2017-02-07T18:02:55","guid":{"rendered":"http:\/\/www.sevenadur.org\/2017\/?page_id=200"},"modified":"2017-02-07T19:02:55","modified_gmt":"2017-02-07T18:02:55","slug":"stage-de-broderie","status":"publish","type":"page","link":"http:\/\/www.sevenadur.org\/2017\/stage-de-broderie","title":{"rendered":"Stage de broderie"},"content":{"rendered":"<h6><span style=\"color: #993300; font-size: 12pt;\"><strong><span style=\"font-family: Trebuchet MS,Geneva;\">Stage de broderie<\/span><\/strong><\/span><\/h6>\n<h6><span style=\"font-family: Trebuchet MS,Geneva; font-size: 10pt;\"><strong>Samedi 25 f\u00e9vrier | Stage de broderie<br \/>\n<\/strong><\/span><span style=\"font-family: Trebuchet MS,Geneva; font-size: 8pt;\"><strong>Maison de retraite St-Cy, rue Papu \u00e0 Rennes s | de 9h30 \u00e0 17h30 s | un kit (un carr\u00e9 de tissu, du fil, un mod\u00e8le technique, une aiguille) de 10 \u20ac pour une initiation + repas \u00e0 apporter<br \/>\nRenseignements : Marie-Odile Plelan : 02 99 35 01 55 &#8211; mo.plelan@orange.fr<\/strong><br \/>\n<\/span><span style=\"font-size: 8pt;\">Venez broder avec le groupe de brodeuses du Cercle Celtique de Rennes. Apportez vos ouvrages, commenc\u00e9s ou non, pour en parler, les continuer ou tout simplement les montrer. Pour une initiation, un kit vous sera propos\u00e9. Exposition d&rsquo;ouvrages r\u00e9alis\u00e9s par l&rsquo;atelier.<br \/>\n<img loading=\"lazy\" decoding=\"async\" class=\"alignnone size-medium wp-image-44\" src=\"http:\/\/www.sevenadur.org\/2017\/wp-content\/uploads\/sites\/4\/2017\/02\/Broderie-300x174.jpg\" alt=\"\" width=\"300\" height=\"174\" \/><\/span><\/h6>\n","protected":false},"excerpt":{"rendered":"<p>Stage de broderie Samedi 25 f\u00e9vrier | Stage de broderie Maison de retraite St-Cy, rue Papu \u00e0 Rennes s | de 9h30 \u00e0 17h30 s | un kit (un carr\u00e9 de tissu, du fil, un mod\u00e8le technique, une aiguille) de &hellip; <a href=\"http:\/\/www.sevenadur.org\/2017\/stage-de-broderie\">Continuer la lecture <span class=\"meta-nav\">&rarr;<\/span><\/a><\/p>\n","protected":false},"author":1,"featured_media":0,"parent":0,"menu_order":0,"comment_status":"closed","ping_status":"closed","template":"","meta":{"_vp_format_video_url":"","_vp_image_focal_point":[],"footnotes":""},"class_list":["post-200","page","type-page","status-publish","hentry"],"_links":{"self":[{"href":"http:\/\/www.sevenadur.org\/2017\/wp-json\/wp\/v2\/pages\/200","targetHints":{"allow":["GET"]}}],"collection":[{"href":"http:\/\/www.sevenadur.org\/2017\/wp-json\/wp\/v2\/pages"}],"about":[{"href":"http:\/\/www.sevenadur.org\/2017\/wp-json\/wp\/v2\/types\/page"}],"author":[{"embeddable":true,"href":"http:\/\/www.sevenadur.org\/2017\/wp-json\/wp\/v2\/users\/1"}],"replies":[{"embeddable":true,"href":"http:\/\/www.sevenadur.org\/2017\/wp-json\/wp\/v2\/comments?post=200"}],"version-history":[{"count":1,"href":"http:\/\/www.sevenadur.org\/2017\/wp-json\/wp\/v2\/pages\/200\/revisions"}],"predecessor-version":[{"id":201,"href":"http:\/\/www.sevenadur.org\/2017\/wp-json\/wp\/v2\/pages\/200\/revisions\/201"}],"wp:attachment":[{"href":"http:\/\/www.sevenadur.org\/2017\/wp-json\/wp\/v2\/media?parent=200"}],"curies":[{"name":"wp","href":"https:\/\/api.w.org\/{rel}","templated":true}]}}