{"id":198,"date":"2017-02-07T19:01:58","date_gmt":"2017-02-07T18:01:58","guid":{"rendered":"http:\/\/www.sevenadur.org\/2017\/?page_id=198"},"modified":"2017-02-07T19:02:33","modified_gmt":"2017-02-07T18:02:33","slug":"stage-de-danse","status":"publish","type":"page","link":"http:\/\/www.sevenadur.org\/2017\/stage-de-danse","title":{"rendered":"Stage de danse"},"content":{"rendered":"<h6><span style=\"color: #993300; font-size: 12pt;\"><strong><span style=\"font-family: Trebuchet MS,Geneva;\">Stage de danse<\/span><\/strong><\/span><\/h6>\n<h6><span style=\"font-family: Trebuchet MS,Geneva; font-size: 10pt; color: #e80c30;\"><strong>Samedi 25 f\u00e9vrier | Stage de danses de Haute-Bretagne<\/strong><\/span><span style=\"font-family: Trebuchet MS,Geneva; font-size: 8pt;\"><strong><br \/>\nCercle Celtique de Rennes \u00e0 la Ferme de la Harpe \u00e0 Rennes<br \/>\nDemi-journ\u00e9e : 6 \u20ac et journ\u00e9e compl\u00e8te : 10 \u20ac (pour les adh\u00e9rents du Cercle Celtique et Kendalc\u2019h 35) Personnes non adh\u00e9rentes : demi-journ\u00e9e 9 \u20ac et journ\u00e9e compl\u00e8te 15 \u20ac + repas \u00e0 apporter<\/strong><br \/>\n<strong>Renseignements : Corentin Neveu : 06 23 99 87 24 &#8211; neveucorentin@gmail.com<\/strong><br \/>\nProgramme de danses : Avant deux<br \/>\n&#8211; Pays de Dinan : Trompeuse de Dinan, Avant deux de Saint-Aaron, Gu\u00e9dennes de Rance.<br \/>\n&#8211; Pays de Rennes : Avant deux du Coglais, Les vieux en avant deux, Rassembl\u00e9e, Avant deux de G\u00e9vez\u00e9.<br \/>\nCorentin Neveu a plus d\u2019une vingtaine d\u2019ann\u00e9es de pratique de la danse bretonne en cercle celtique : Groupe Gallo breton de Rennes (groupe enfant), Cercle Celtique de Rennes (groupe ado et adulte de 1\u00e8re cat\u00e9gorie Kendalc\u2019h) et Les Perri\u00e8res de Cesson-S\u00e9vign\u00e9 (groupe adulte de 1\u00e8re cat\u00e9gorie War\u2019l Leur). Depuis 6 ans il enseigne la danse bretonne en cours loisir au Cercle Celtique de Cesson-S\u00e9vign\u00e9, \u00e0 Chateaugiron et \u00e0 Noyal-sur-Vilaine.<br \/>\n<img loading=\"lazy\" decoding=\"async\" class=\"alignnone size-medium wp-image-45\" src=\"http:\/\/www.sevenadur.org\/2017\/wp-content\/uploads\/sites\/4\/2017\/02\/Danses-de-Haute-Bretagne-169x300.jpg\" alt=\"\" width=\"169\" height=\"300\" \/><\/span><\/h6>\n","protected":false},"excerpt":{"rendered":"<p>Stage de danse Samedi 25 f\u00e9vrier | Stage de danses de Haute-Bretagne Cercle Celtique de Rennes \u00e0 la Ferme de la Harpe \u00e0 Rennes Demi-journ\u00e9e : 6 \u20ac et journ\u00e9e compl\u00e8te : 10 \u20ac (pour les adh\u00e9rents du Cercle Celtique &hellip; <a href=\"http:\/\/www.sevenadur.org\/2017\/stage-de-danse\">Continuer la lecture <span class=\"meta-nav\">&rarr;<\/span><\/a><\/p>\n","protected":false},"author":1,"featured_media":0,"parent":0,"menu_order":0,"comment_status":"closed","ping_status":"closed","template":"","meta":{"_vp_format_video_url":"","_vp_image_focal_point":[],"footnotes":""},"class_list":["post-198","page","type-page","status-publish","hentry"],"_links":{"self":[{"href":"http:\/\/www.sevenadur.org\/2017\/wp-json\/wp\/v2\/pages\/198","targetHints":{"allow":["GET"]}}],"collection":[{"href":"http:\/\/www.sevenadur.org\/2017\/wp-json\/wp\/v2\/pages"}],"about":[{"href":"http:\/\/www.sevenadur.org\/2017\/wp-json\/wp\/v2\/types\/page"}],"author":[{"embeddable":true,"href":"http:\/\/www.sevenadur.org\/2017\/wp-json\/wp\/v2\/users\/1"}],"replies":[{"embeddable":true,"href":"http:\/\/www.sevenadur.org\/2017\/wp-json\/wp\/v2\/comments?post=198"}],"version-history":[{"count":1,"href":"http:\/\/www.sevenadur.org\/2017\/wp-json\/wp\/v2\/pages\/198\/revisions"}],"predecessor-version":[{"id":199,"href":"http:\/\/www.sevenadur.org\/2017\/wp-json\/wp\/v2\/pages\/198\/revisions\/199"}],"wp:attachment":[{"href":"http:\/\/www.sevenadur.org\/2017\/wp-json\/wp\/v2\/media?parent=198"}],"curies":[{"name":"wp","href":"https:\/\/api.w.org\/{rel}","templated":true}]}}