{"id":181,"date":"2017-02-07T18:30:41","date_gmt":"2017-02-07T17:30:41","guid":{"rendered":"http:\/\/www.sevenadur.org\/2017\/?page_id=181"},"modified":"2017-02-07T19:00:35","modified_gmt":"2017-02-07T18:00:35","slug":"stage-de-chant","status":"publish","type":"page","link":"http:\/\/www.sevenadur.org\/2017\/stage-de-chant","title":{"rendered":"Stage de chant"},"content":{"rendered":"<h6><span style=\"color: #993300; font-size: 12pt;\"><strong><span style=\"font-family: Trebuchet MS,Geneva;\">Stages de chant<\/span><\/strong><\/span><\/h6>\n<h6><span style=\"font-size: 8pt;\"><span style=\"font-family: Trebuchet MS,Geneva;\"><span style=\"font-size: 10pt;\"><strong><span style=\"color: #e80c30;\">Samedi 25 f\u00e9vrier | Stage de chant sur le pays Gu\u00e9randais avec Roland Guillou<\/span><br \/>\n<\/strong><\/span><\/span><\/span><span style=\"font-family: Trebuchet MS,Geneva;\"><strong><span style=\"font-size: 8pt;\">Relais des Cultures \u00e0 Erc\u00e9-pr\u00e8s-Liffr\u00e9 | de 9h30 \u00e0 17h30 | 20 \u20ac<\/span><br \/>\n<\/strong><\/span><span style=\"font-size: 8pt;\"><span style=\"font-family: Trebuchet MS,Geneva;\"><strong>R\u00e9servation \u00e0 adresser, avec le r\u00e8glement, avant le 15 f\u00e9vrier 2017, \u00e0 Association <a href=\"http:\/\/gallotonic.pagesperso-orange.fr\/\">Gallo Tonic<\/a> &#8211; La Morlais &#8211; 35340 Liffr\u00e9<\/strong><br \/>\n<\/span><span style=\"font-family: Trebuchet MS,Geneva;\"><strong>Renseignements : Gallo Tonic au 02 99 23 54 57 ou gallotonic@orange.fr + repas \u00e0 apporter<\/strong><br \/>\n<\/span><\/span><span style=\"font-family: Trebuchet MS,Geneva; font-size: 8pt;\">Quelques chants \u00e0 marcher, petit rafra\u00eechissement de m\u00e9moire sur le rond et bal paludier et quelques chansons qui vont bien avec. Pour finir une ou deux m\u00e9lodies de par chez Roland.<\/span><br \/>\n<span style=\"font-family: Trebuchet MS,Geneva; font-size: 8pt;\"> Natif de la Presqu&rsquo;\u00eele Gu\u00e9randaise, o\u00f9 il est toujours rest\u00e9, Roland Guillou, de par ses diff\u00e9rents m\u00e9tiers (m\u00e9canicien agricole, paludier (exploitant de marais salants), g\u00e9om\u00e8tre, &#8230;) a toujours \u00e9t\u00e9 en contact \u00e9troit avec le monde rural, la Bri\u00e8re, les marais salants, la campagne gu\u00e9randaise, dans lesquels il s&rsquo;est impr\u00e9gn\u00e9 depuis plus de 30 ans de musique, de contes et de chants traditionnels de Bretagne.<\/span><br \/>\n<span style=\"font-family: Trebuchet MS,Geneva; font-size: 8pt;\"> Collectages de chants et d&rsquo;histoires aupr\u00e8s des anciens porteurs de traditions, recherches dans les recueils de contes et de chants de tradition orale et adaptations personnelles lui ont permis de se cr\u00e9er un r\u00e9pertoire de chants et de contes merveilleux et fac\u00e9tieux o\u00f9 l&rsquo;humour trouve souvent une bonne place.<\/span><br \/>\n<span style=\"font-family: Trebuchet MS,Geneva; font-size: 8pt;\"> Son grand plaisir est maintenant de partager et de faire d\u00e9couvrir (ou re-d\u00e9couvrir) ce patrimoine \u00e0 tous au travers des veill\u00e9es, des balades cont\u00e9es, des marches chant\u00e9es, des festou-noz, des spectacles dans les \u00e9coles ou les maisons de retraite qu&rsquo;il anime avec sa bonne humeur et son humour ! &#8230; ou parfois dans d&rsquo;autres lieux plus improbables (granges, bistrots, \u00e9tables, grottes,&#8230;) !<\/p>\n<p><\/span><\/h6>\n<hr \/>\n<h6><\/h6>\n<h6><span style=\"font-family: Trebuchet MS,Geneva; font-size: 10pt;\"><strong><span style=\"color: #e80c30;\">Samedi 25 f\u00e9vrier | Stage de chant Kan ha diskan avec Anjela Lorho Pasco<\/span><br \/>\n<\/strong><\/span><span style=\"font-family: Trebuchet MS,Geneva; font-size: 8pt;\"><strong>Cercle montfortais Le Confluent \u00e0 Montfort sur Meu | de 14h &#8211; 17h30 | 15 \u20ac pour le stage | 20 \u20ac pour le stage + le fest-noz<br \/>\nRenseignements : 07 89 54 29 22 ou parmathildegilet35@gmail.com<br \/>\n<\/strong><\/span><\/h6>\n<p><img loading=\"lazy\" decoding=\"async\" class=\"size-medium wp-image-194\" src=\"http:\/\/www.sevenadur.org\/2017\/wp-content\/uploads\/sites\/4\/2017\/02\/332187jlk-200x300.jpg\" alt=\"\" width=\"200\" height=\"300\" \/><\/p>\n<h6><span style=\"font-family: Trebuchet MS,Geneva; font-size: 8pt;\"><strong>\u00a0<\/strong><\/span><\/h6>\n<hr \/>\n<h6><\/h6>\n","protected":false},"excerpt":{"rendered":"<p>Stages de chant Samedi 25 f\u00e9vrier | Stage de chant sur le pays Gu\u00e9randais avec Roland Guillou Relais des Cultures \u00e0 Erc\u00e9-pr\u00e8s-Liffr\u00e9 | de 9h30 \u00e0 17h30 | 20 \u20ac R\u00e9servation \u00e0 adresser, avec le r\u00e8glement, avant le 15 f\u00e9vrier &hellip; <a href=\"http:\/\/www.sevenadur.org\/2017\/stage-de-chant\">Continuer la lecture <span class=\"meta-nav\">&rarr;<\/span><\/a><\/p>\n","protected":false},"author":1,"featured_media":0,"parent":0,"menu_order":0,"comment_status":"closed","ping_status":"closed","template":"","meta":{"_vp_format_video_url":"","_vp_image_focal_point":[],"footnotes":""},"class_list":["post-181","page","type-page","status-publish","hentry"],"_links":{"self":[{"href":"http:\/\/www.sevenadur.org\/2017\/wp-json\/wp\/v2\/pages\/181","targetHints":{"allow":["GET"]}}],"collection":[{"href":"http:\/\/www.sevenadur.org\/2017\/wp-json\/wp\/v2\/pages"}],"about":[{"href":"http:\/\/www.sevenadur.org\/2017\/wp-json\/wp\/v2\/types\/page"}],"author":[{"embeddable":true,"href":"http:\/\/www.sevenadur.org\/2017\/wp-json\/wp\/v2\/users\/1"}],"replies":[{"embeddable":true,"href":"http:\/\/www.sevenadur.org\/2017\/wp-json\/wp\/v2\/comments?post=181"}],"version-history":[{"count":4,"href":"http:\/\/www.sevenadur.org\/2017\/wp-json\/wp\/v2\/pages\/181\/revisions"}],"predecessor-version":[{"id":197,"href":"http:\/\/www.sevenadur.org\/2017\/wp-json\/wp\/v2\/pages\/181\/revisions\/197"}],"wp:attachment":[{"href":"http:\/\/www.sevenadur.org\/2017\/wp-json\/wp\/v2\/media?parent=181"}],"curies":[{"name":"wp","href":"https:\/\/api.w.org\/{rel}","templated":true}]}}