{"id":79,"date":"2016-02-08T18:23:56","date_gmt":"2016-02-08T17:23:56","guid":{"rendered":"http:\/\/www.sevenadur.org\/2016\/?page_id=79"},"modified":"2016-02-09T18:55:34","modified_gmt":"2016-02-09T17:55:34","slug":"stage","status":"publish","type":"page","link":"http:\/\/www.sevenadur.org\/2016\/stage\/","title":{"rendered":"\u25a0 Stages et ateliers de musique"},"content":{"rendered":"<p><span style=\"font-family: Trebuchet MS,Geneva; color: #ee373c;\">\u25a0 Samedi 20 f\u00e9vrier | Stage de danse du Cap Sizun et du Pays Bigouden<\/span><br \/>\n<span style=\"font-family: Trebuchet MS,Geneva; color: #ee373c;\"> anim\u00e9 par Raymond Le Lann<\/span><br \/>\n<span style=\"font-family: Trebuchet MS,Geneva; font-size: 10pt;\">Salle des f\u00eates d\u2019Erc\u00e9-pr\u00e9s-Liffr\u00e9 \/De 9h30 \u00e0 17h30 \/10 \u20ac<\/span><br \/>\n<span style=\"font-family: Trebuchet MS,Geneva; font-size: 8pt;\"> R\u00e9servation \u00e0 envoyer, avec le r\u00e8glement, avant le 10 f\u00e9vrier 2016 \u00e0 GALLO TONIC &#8211; La Morlais &#8211; 35340 Liffr\u00e9 (dans la limite des places disponibles).<\/span><\/p>\n<p><span style=\"font-family: Trebuchet MS,Geneva; font-size: 8pt;\">Raymond Le Lann, danseur, chanteur, collectionneur de costumes, est l&rsquo;un des \u00ab transmetteurs \u00bb de la culture bretonne : la danse, le chant, la musique, le costume, la broderie et tout le contexte socio-culturel qui \u00a0\u00bb va avec \u00ab\u00a0. Depuis plus de 30 ans, avec beaucoup de patience et d\u2019humour, il anime de nombreux stages notamment au Festival de Cornouaille et au sein des f\u00e9d\u00e9rations War&rsquo;l Leur et Kendalc&rsquo;h.<\/span><br \/>\n<span style=\"font-family: Trebuchet MS,Geneva; font-size: 8pt;\"> Contenu : Le stage portera sur les danses du Cap Sizun et du Pays Bigouden, avec une pr\u00e9sentation de costumes.<\/span><br \/>\n<span style=\"font-family: Trebuchet MS,Geneva; font-size: 8pt;\"> Pour plus de d\u00e9tails : gallotonic@orange.fr \/ <a href=\"http:\/\/gallotonic.org\">http:\/\/gallotonic.org<\/a><\/span><\/p>\n<p><span style=\"font-family: Trebuchet MS,Geneva; font-size: 8pt;\">Repas du midi : chacun apporte son repas<\/span><\/p>\n<p>&nbsp;<\/p>\n<hr \/>\n<p>&nbsp;<\/p>\n<p><span style=\"font-family: Trebuchet MS,Geneva; color: #ee373c;\">\u25a0 Samedi 20 f\u00e9vrier | Stage de chant &#8211; R\u00e9pertoire de Haute-Bretagne<\/span><br \/>\n<span style=\"font-family: Trebuchet MS,Geneva; color: #ee373c;\"> anim\u00e9 par Marc Cl\u00e9rivet<br \/>\n<\/span><span style=\"font-family: Trebuchet MS,Geneva; font-size: 10pt;\">Relais des Cultures \u00e0 Erc\u00e9-pr\u00e8s-Liffr\u00e9 (pr\u00e8s de la mairie)| De 9h30 \u00e0 17h30 | 20 \u20ac<\/span><br \/>\n<span style=\"font-family: Trebuchet MS,Geneva; font-size: 8pt;\"> R\u00e9servation \u00e0 envoyer, avec le r\u00e8glement, avant le 10 f\u00e9vrier 2016 \u00e0 GALLO TONIC &#8211; La Morlais &#8211; 35340 Liffr\u00e9 (dans la limite des places disponibles).<\/span><\/p>\n<p><span style=\"font-family: Trebuchet MS,Geneva; font-size: 8pt;\">Danseur et chanteur originaire du Pays Gallo, <a href=\"http:\/\/www.marc-clerivet.com\/\">Marc CLERIVET<\/a> s\u2019int\u00e9resse tr\u00e8s vite aux traditions de danses et de chants \u00e0 danser, et plus particuli\u00e8rement de gavottage, technique sur laquelle il m\u00e8ne une recherche. P\u00e9dagogue reconnu, il enseigne chant, danse et musique traditionnels aux conservatoires de Brest et de Rennes. Il intervient r\u00e9guli\u00e8rement \u00e0 l\u2019Universit\u00e9 de Rennes, ainsi qu\u2019au P\u00f4le d\u2019Enseignement Sup\u00e9rieur Spectacle Vivant Bretagne &#8211; Pays de la Loire.<\/span><br \/>\n<span style=\"font-family: Trebuchet MS,Geneva; font-size: 8pt;\"> Pour plus de d\u00e9tails : gallotonic@orange.fr \/ <a href=\"http:\/\/gallotonic.org\">http:\/\/gallotonic.org<\/a><\/span><\/p>\n<p><span style=\"font-family: Trebuchet MS,Geneva; font-size: 8pt;\">Contenu : R\u00e9pertoire chants des Marches de Bretagne et diff\u00e9rentes techniques qui permettent de chanter en entra\u00eenant un groupe et un public.<\/span><\/p>\n<p><span style=\"font-family: Trebuchet MS,Geneva; font-size: 8pt;\">Repas du midi : chacun apporte son repas<\/span><\/p>\n<hr \/>\n<p>&nbsp;<\/p>\n<p><strong><span style=\"font-family: Trebuchet MS,Geneva; font-size: 10pt; color: #ee373c;\">\u25a0 Samedi 27 f\u00e9vrier | Stage de musique bretonne en ensemble<\/span><\/strong><br \/>\n<strong> <span style=\"font-family: Trebuchet MS,Geneva; font-size: 10pt; color: #ee373c;\"> anim\u00e9 par\u00a0Armel Rucet<\/span><\/strong><br \/>\n<span style=\"font-family: Trebuchet MS,Geneva; font-size: 10pt;\"> Au Cercle Celtique de Rennes | Accueil \u00e0 9h | De 9h30 \u00e0 17h | 25 \u20ac<\/span><br \/>\n<span style=\"font-family: Trebuchet MS,Geneva; font-size: 10pt;\"> Rens. : Laurent Priz\u00e9 \/ 06 72 44 13 42 \u2013 <a href=\"mailto:laurent.prize@laposte.net\">laurent.prize@laposte.net<\/a><\/span><\/p>\n<p><span style=\"font-family: Trebuchet MS,Geneva; font-size: 8pt;\">Ce stage s&rsquo;adresse \u00e0 des \u00e9l\u00e8ves qui souhaitent d\u00e9couvrir la pratique de la musique traditionnelle en groupe dans le but de faire danser le public. Plusieurs questions seront abord\u00e9es : Comment organiser la musique ? Qui fait quoi et \u00e0 quel moment ? Comment accompagner ? Comment jouer et interpr\u00e9ter un th\u00e8me ?<\/span><br \/>\n<span style=\"font-family: Trebuchet MS,Geneva; font-size: 8pt;\"> Niveau requis : Au minimum, 2 ou 3 ans de pratique instrumentale. Il faut savoir exposer un th\u00e8me et pour les instruments accompagnateurs, conna\u00eetre quelques accords simples pour pouvoir accompagner.<\/span><\/p>\n<p><span style=\"font-family: Trebuchet MS,Geneva; font-size: 8pt;\">Repas du midi : chacun apporte son repas<\/span><\/p>\n<hr \/>\n<p>&nbsp;<\/p>\n<p><span style=\"font-family: Trebuchet MS,Geneva; color: #ee373c;\">\u25a0 Samedi 27 f\u00e9vrier | Stage de musique irlandaise en ensemble<\/span><br \/>\n<span style=\"font-family: Trebuchet MS,Geneva; color: #ee373c;\"> Anim\u00e9 par Soazig Hamelin<\/span><br \/>\n<span style=\"font-family: Trebuchet MS,Geneva; font-size: 10pt;\"> Au Cercle Celtique de Rennes | Accueil \u00e0 9h | De 9h30 \u00e0 17h | 28 \u20ac<\/span><br \/>\n<span style=\"font-family: Trebuchet MS,Geneva; font-size: 10pt;\"> Renseignement : Laurent Priz\u00e9 \/ 06 72 44 13 42 \/ <a href=\"mailto:laurent.prize@laposte.net\">laurent.prize@laposte.net<\/a><\/span><\/p>\n<p><span style=\"font-family: Trebuchet MS,Geneva; font-size: 8pt;\">Ce stage s&rsquo;adresse aux personnes avec une bonne connaissance de leurs instruments de musique m\u00e9lodique. Venir avec de quoi \u00e9crire et enregistrer.<\/span><br \/>\n<span style=\"font-family: Trebuchet MS,Geneva; font-size: 8pt;\"> Informations sur le contenu du stage : 06 15 11 90 88.<\/span><\/p>\n<p><span style=\"font-family: Trebuchet MS,Geneva; font-size: 8pt;\">L&rsquo;animatrice : N\u00e9e dans une famille de musiciens bretons, c&rsquo;est avec la plus grande \u00e9vidence que Soazig Hamelin d\u00e9marre l&rsquo;apprentissage du violon \u00e0 l&rsquo;\u00e2ge de 5 ans. Elle en aborde le vaste r\u00e9pertoire et se passionne rapidement pour le r\u00e9pertoire irlandais. On peut la retrouver en concert dans les groupes Double Play, Insch, BeigaleOrkestra, Pas d&rsquo;nom Pas d&rsquo;maison, Roazhon C\u00e9ili Band ainsi qu&rsquo;avec le McDonnell Trio &amp; Friends, \u00e0 Rennes, elle anime r\u00e9guli\u00e8rement une session de musique irlandaise au pub Fox &amp; Friends avec Kevin Le Pennec et une session de musique \u00e9cossaise avec Calum Stewart, Kenan Guernalec et Brewen Favrau au Hibou Grand Duc.<\/span><br \/>\n<span style=\"font-family: Trebuchet MS,Geneva; font-size: 8pt;\"> <a href=\"http:\/\/soazighamelin.wix.com\/music\">http:\/\/soazighamelin.wix.com\/music<\/a><\/span><\/p>\n<hr \/>\n<p>&nbsp;<\/p>\n<h5><span style=\"font-size: 10pt;\"><strong><span style=\"font-family: Trebuchet MS,Geneva; color: #ee373c;\">\u25a0 Samedi 27 f\u00e9vrier | Stage de Couple Biniou Bombarde<\/span><\/strong><\/span><br \/>\n<span style=\"font-size: 10pt;\"> <strong><span style=\"font-family: Trebuchet MS,Geneva; color: #ee373c;\"> Anim\u00e9 par Vincent Beliard (bombarde) et Gwenn Trimaud (biniou kozh)<\/span><\/strong><\/span><br \/>\n<span style=\"font-family: Trebuchet MS,Geneva; font-size: 10pt;\"> Au Cercle Celtique de Rennes Accueil \u00e0 9h | De 9h30 \u00e0 17h | 40 \u20ac<\/span><br \/>\n<span style=\"font-family: Trebuchet MS,Geneva; font-size: 10pt;\"> Renseignement : St\u00e9phane Lebreton \/ 06 10 66 96 92 \u2013 <a href=\"mailto:lebretonstephane@wanadoo.fr\">lebretonstephane@wanadoo.fr<\/a><\/span><\/h5>\n<p><span style=\"font-family: Trebuchet MS,Geneva; font-size: 8pt;\">R\u00e9pertoire du Pays de Redon<\/span><br \/>\n<span style=\"font-family: Trebuchet MS,Geneva; font-size: 8pt;\"> Ce stage s\u2019adresse aux sonneurs non d\u00e9butants (2-3 ans de pratique). Ind\u00e9pendants ou en couple<\/span><br \/>\n<span style=\"font-family: Trebuchet MS,Geneva; font-size: 8pt;\"> &#8211; Pr\u00e9sentation du terroir<\/span><br \/>\n<span style=\"font-family: Trebuchet MS,Geneva; font-size: 8pt;\"> &#8211; R\u00e9glage des instruments<\/span><br \/>\n<span style=\"font-family: Trebuchet MS,Geneva; font-size: 8pt;\"> &#8211; Travail instrumental sur des airs \u00e0 danser (rid\u00e9es, rond de St Vincent, tour..), airs \u00e0 la marche, m\u00e9lodies<\/span><br \/>\n<span style=\"font-family: Trebuchet MS,Geneva; font-size: 8pt;\"> &#8211; Jeu en couple biniou kozh\/bombarde : style, gammes, travail personnel d&rsquo;appropriation, expression<\/span><\/p>\n<p><span style=\"font-family: Trebuchet MS,Geneva; font-size: 8pt;\">Les animateurs : Ces deux musiciens bien connus dans le Pays de Redon participent r\u00e9guli\u00e8rement au Championnat de Bretagne des Sonneurs par Couple \u00e0 Gourin. R\u00e9cent laur\u00e9at d\u2019une Bogue d\u2019Argent en octobre dernier (bombarde\/ biniou kozh), les deux musiciens animent volontiers festou-noz, soir\u00e9es et concerts. Ils s\u2019associent volontiers \u00e0 d\u2019autres instruments \u00e0 l\u2019int\u00e9rieur de nouvelles formations musicales (Trimaud Beliard Trio, Trimaud Beliard Cr\u00e9ation&#8230;).<\/span><\/p>\n<hr \/>\n<p>&nbsp;<\/p>\n<p><strong><span style=\"font-family: Trebuchet MS,Geneva; color: #ee373c;\">\u25a0 Samedi 27 f\u00e9vrier | Atelier percussions br\u00e9siliennes en Breton<\/span><\/strong><br \/>\n<strong><span style=\"font-family: Trebuchet MS,Geneva; color: #ee373c;\"> Anim\u00e9 par Maxime Morvan-Crah\u00e9<\/span><\/strong><br \/>\n<span style=\"font-family: Trebuchet MS,Geneva;\"> Au Cercle Celtique de Rennes Accueil \u00e0 9h \/De 9h30 \u00e0 17h\/12 \u20ac<\/span><br \/>\n<span style=\"font-family: Trebuchet MS,Geneva;\"> Renseignement : Laurent Priz\u00e9 \/ 06 72 44 13 42\/<a href=\"mailto:42\/laurent.prize@laposte.net\">laurent.prize@laposte.net<\/a><\/span><\/p>\n<p><span style=\"font-family: Trebuchet MS,Geneva; font-size: 8pt;\">Pr\u00e9sentation de plusieurs instruments et de leur technique de jeu. D\u00e9couverte de styles musicaux br\u00e9siliens et de leur terroir. (coco, afox\u00e9, samba de roda, samba reggae&#8230;) Pratique instrumentale en groupe.<\/span><\/p>\n<p><span style=\"font-family: Trebuchet MS,Geneva; font-size: 8pt;\">L&rsquo;animateur : Passionn\u00e9 par les cultures populaires d&rsquo;ici, et d&rsquo;ailleurs, en particulier celles du Br\u00e9sil depuis vingt ans d\u00e9ja !<\/span><\/p>\n","protected":false},"excerpt":{"rendered":"<p>\u25a0 Samedi 20 f\u00e9vrier | Stage de danse du Cap Sizun et du Pays Bigouden anim\u00e9 par Raymond Le Lann Salle des f\u00eates d\u2019Erc\u00e9-pr\u00e9s-Liffr\u00e9 \/De 9h30 \u00e0 17h30 \/10 \u20ac R\u00e9servation \u00e0 envoyer, avec le r\u00e8glement, avant le 10 f\u00e9vrier &hellip; <a href=\"http:\/\/www.sevenadur.org\/2016\/stage\/\">Continuer la lecture <span class=\"meta-nav\">&rarr;<\/span><\/a><\/p>\n","protected":false},"author":1,"featured_media":0,"parent":0,"menu_order":0,"comment_status":"closed","ping_status":"closed","template":"","meta":{"_vp_format_video_url":"","_vp_image_focal_point":[],"footnotes":""},"class_list":["post-79","page","type-page","status-publish","hentry"],"_links":{"self":[{"href":"http:\/\/www.sevenadur.org\/2016\/wp-json\/wp\/v2\/pages\/79","targetHints":{"allow":["GET"]}}],"collection":[{"href":"http:\/\/www.sevenadur.org\/2016\/wp-json\/wp\/v2\/pages"}],"about":[{"href":"http:\/\/www.sevenadur.org\/2016\/wp-json\/wp\/v2\/types\/page"}],"author":[{"embeddable":true,"href":"http:\/\/www.sevenadur.org\/2016\/wp-json\/wp\/v2\/users\/1"}],"replies":[{"embeddable":true,"href":"http:\/\/www.sevenadur.org\/2016\/wp-json\/wp\/v2\/comments?post=79"}],"version-history":[{"count":16,"href":"http:\/\/www.sevenadur.org\/2016\/wp-json\/wp\/v2\/pages\/79\/revisions"}],"predecessor-version":[{"id":214,"href":"http:\/\/www.sevenadur.org\/2016\/wp-json\/wp\/v2\/pages\/79\/revisions\/214"}],"wp:attachment":[{"href":"http:\/\/www.sevenadur.org\/2016\/wp-json\/wp\/v2\/media?parent=79"}],"curies":[{"name":"wp","href":"https:\/\/api.w.org\/{rel}","templated":true}]}}