{"id":178,"date":"2016-02-09T16:11:44","date_gmt":"2016-02-09T15:11:44","guid":{"rendered":"http:\/\/www.sevenadur.org\/2016\/?page_id=178"},"modified":"2016-02-09T19:02:28","modified_gmt":"2016-02-09T18:02:28","slug":"%e2%96%a0-stage-de-cuisine","status":"publish","type":"page","link":"http:\/\/www.sevenadur.org\/2016\/%e2%96%a0-stage-de-cuisine\/","title":{"rendered":"\u25a0 Stage de cuisine"},"content":{"rendered":"<h5 style=\"text-align: justify;\"><span style=\"font-size: 10pt; font-family: Trebuchet MS,Geneva; color: #ee373c;\"><strong>Mercredi 2 mars | <\/strong><strong>Kig ha Farz<\/strong><\/span><\/h5>\n<p><span style=\"font-size: 10pt; font-family: Trebuchet MS,Geneva; color: #000000;\">A La <a style=\"color: #000000;\" href=\"https:\/\/www.facebook.com\/pages\/La-Pommeraie\/288762487849983\">Pommeraie<\/a>, 16 rue de la Baudrairie \u00e0 Rennes <strong>| <\/strong>15h <strong>| <\/strong>Gratuit <strong>| <\/strong>Sur inscription au 02 99 78 25 11 (6 personnes max.)<\/span><\/p>\n<p><span style=\"font-family: Trebuchet MS,Geneva; font-size: 8pt;\"><span style=\"font-size: 10pt;\"><a href=\"http:\/\/www.sevenadur.org\/2016\/wp-content\/uploads\/sites\/3\/2016\/01\/Site-ENCART-POMMERAIE.jpg\" rel=\"attachment wp-att-59\"><img loading=\"lazy\" decoding=\"async\" class=\"size-full wp-image-59 alignleft\" src=\"http:\/\/www.sevenadur.org\/2016\/wp-content\/uploads\/sites\/3\/2016\/01\/Site-ENCART-POMMERAIE.jpg\" alt=\"Site ENCART POMMERAIE\" width=\"164\" height=\"249\" \/><\/a><\/span>Le restaurant la Pommeraie vous invite \u00e0 un cours de cuisine ! Pr\u00e9parez le Kig Ha Farz que vous pourrez ensuite d\u00e9guster le jeudi (midi et soir). La Pommeraie propose, en effet, tous les jeudis un d\u00e9licieux kig ha farz \u00e0 ses clients.<\/span><\/p>\n","protected":false},"excerpt":{"rendered":"<p>Mercredi 2 mars | Kig ha Farz A La Pommeraie, 16 rue de la Baudrairie \u00e0 Rennes | 15h | Gratuit | Sur inscription au 02 99 78 25 11 (6 personnes max.) Le restaurant la Pommeraie vous invite \u00e0 &hellip; <a href=\"http:\/\/www.sevenadur.org\/2016\/%e2%96%a0-stage-de-cuisine\/\">Continuer la lecture <span class=\"meta-nav\">&rarr;<\/span><\/a><\/p>\n","protected":false},"author":1,"featured_media":0,"parent":0,"menu_order":0,"comment_status":"closed","ping_status":"closed","template":"","meta":{"_vp_format_video_url":"","_vp_image_focal_point":[],"footnotes":""},"class_list":["post-178","page","type-page","status-publish","hentry"],"_links":{"self":[{"href":"http:\/\/www.sevenadur.org\/2016\/wp-json\/wp\/v2\/pages\/178","targetHints":{"allow":["GET"]}}],"collection":[{"href":"http:\/\/www.sevenadur.org\/2016\/wp-json\/wp\/v2\/pages"}],"about":[{"href":"http:\/\/www.sevenadur.org\/2016\/wp-json\/wp\/v2\/types\/page"}],"author":[{"embeddable":true,"href":"http:\/\/www.sevenadur.org\/2016\/wp-json\/wp\/v2\/users\/1"}],"replies":[{"embeddable":true,"href":"http:\/\/www.sevenadur.org\/2016\/wp-json\/wp\/v2\/comments?post=178"}],"version-history":[{"count":7,"href":"http:\/\/www.sevenadur.org\/2016\/wp-json\/wp\/v2\/pages\/178\/revisions"}],"predecessor-version":[{"id":220,"href":"http:\/\/www.sevenadur.org\/2016\/wp-json\/wp\/v2\/pages\/178\/revisions\/220"}],"wp:attachment":[{"href":"http:\/\/www.sevenadur.org\/2016\/wp-json\/wp\/v2\/media?parent=178"}],"curies":[{"name":"wp","href":"https:\/\/api.w.org\/{rel}","templated":true}]}}