{"id":152,"date":"2016-02-09T11:19:42","date_gmt":"2016-02-09T10:19:42","guid":{"rendered":"http:\/\/www.sevenadur.org\/2016\/?page_id=152"},"modified":"2016-02-09T15:33:52","modified_gmt":"2016-02-09T14:33:52","slug":"%e2%96%a0-stages-et-ateliers","status":"publish","type":"page","link":"http:\/\/www.sevenadur.org\/2016\/%e2%96%a0-stages-et-ateliers\/","title":{"rendered":"\u25a0 Stages et ateliers"},"content":{"rendered":"<p><span style=\"font-family: Trebuchet MS,Geneva; font-size: 8pt;\">Les ateliers et stages propos\u00e9s par Sevenadur sont organis\u00e9s par le Cercle Celtique de Rennes, l&rsquo;association <a href=\"http:\/\/gallotonic.com\/\">Gallo Tonic<\/a> et le restaurant La Pommeraie.<\/span><\/p>\n<p><span style=\"font-family: Trebuchet MS,Geneva; font-size: 8pt;\">Cette ann\u00e9e, Gallo Tonic propose un stage de danse du Cap Sizun et du Pays Bigouden et un stage de chant du r\u00e9pertoire de Haute-Bretagne. Pour r\u00e9server, merci de contacter Gallo Tonic : gallotonic@orange.fr.<\/span><\/p>\n<p><span style=\"font-family: Trebuchet MS,Geneva; font-size: 8pt;\">Du c\u00f4t\u00e9 du Cercle, les musiciens avec une bonne connaissance de leurs instruments\u00a0 pourront s&rsquo;inscrire aux stages des musiques d&rsquo;ensemble de musique bretonne et irlandaises, sans oublier le stage de Couple Biniou Bombarde !<\/span><br \/>\n<span style=\"font-family: Trebuchet MS,Geneva; font-size: 8pt;\"> Vous comprenez le breton et vous aimez les percussions, venez d\u00e9couvrir l&rsquo;atelier percussions br\u00e9siliennes en Breton.<\/span><\/p>\n<p><span style=\"font-family: Trebuchet MS,Geneva; font-size: 8pt;\">La musique, mais il y a aussi la broderie ! C&rsquo;est la technique de broderie sur tulle qui sera enseign\u00e9e.<\/span><\/p>\n<p><span style=\"font-family: Trebuchet MS,Geneva; font-size: 8pt;\">Qui connait la recette du \u00ab\u00a0Kig ha farz\u00a0\u00bb ? Rendez-vous pour les gourmands au restaurant \u00ab\u00a0La Pommeraie\u00a0\u00bb avec un stage de cuisine \u00ab\u00a0Kig ha farz\u00a0\u00bb.<\/span><\/p>\n<p><span style=\"font-family: Trebuchet MS,Geneva; font-size: 8pt;\"><strong>Pour les conditions de participation des stages et ateliers du Cercle Celtique de Rennes, il faut :<\/strong><\/span><br \/>\n<span style=\"font-family: Trebuchet MS,Geneva; font-size: 8pt;\"> Se munir d\u2019une autorisation parentale pour les mineurs. A demander au secr\u00e9tariat du Cercle Celtique ou \u00e0 remplir directement par les parents.<\/span><br \/>\n<span style=\"font-family: Trebuchet MS,Geneva; font-size: 8pt;\"> Quel que soit le motif invoqu\u00e9, en cas d\u2019absence ou de retard, aucun stage ne sera rembours\u00e9.<\/span><br \/>\n<span style=\"font-family: Trebuchet MS,Geneva; font-size: 8pt;\"> En cas d\u2019annulation d\u2019un stage par les organisateurs, les ch\u00e8ques seront retourn\u00e9s.<\/span><\/p>\n","protected":false},"excerpt":{"rendered":"<p>Les ateliers et stages propos\u00e9s par Sevenadur sont organis\u00e9s par le Cercle Celtique de Rennes, l&rsquo;association Gallo Tonic et le restaurant La Pommeraie. Cette ann\u00e9e, Gallo Tonic propose un stage de danse du Cap Sizun et du Pays Bigouden et &hellip; <a href=\"http:\/\/www.sevenadur.org\/2016\/%e2%96%a0-stages-et-ateliers\/\">Continuer la lecture <span class=\"meta-nav\">&rarr;<\/span><\/a><\/p>\n","protected":false},"author":1,"featured_media":0,"parent":0,"menu_order":0,"comment_status":"closed","ping_status":"closed","template":"","meta":{"_vp_format_video_url":"","_vp_image_focal_point":[],"footnotes":""},"class_list":["post-152","page","type-page","status-publish","hentry"],"_links":{"self":[{"href":"http:\/\/www.sevenadur.org\/2016\/wp-json\/wp\/v2\/pages\/152","targetHints":{"allow":["GET"]}}],"collection":[{"href":"http:\/\/www.sevenadur.org\/2016\/wp-json\/wp\/v2\/pages"}],"about":[{"href":"http:\/\/www.sevenadur.org\/2016\/wp-json\/wp\/v2\/types\/page"}],"author":[{"embeddable":true,"href":"http:\/\/www.sevenadur.org\/2016\/wp-json\/wp\/v2\/users\/1"}],"replies":[{"embeddable":true,"href":"http:\/\/www.sevenadur.org\/2016\/wp-json\/wp\/v2\/comments?post=152"}],"version-history":[{"count":8,"href":"http:\/\/www.sevenadur.org\/2016\/wp-json\/wp\/v2\/pages\/152\/revisions"}],"predecessor-version":[{"id":170,"href":"http:\/\/www.sevenadur.org\/2016\/wp-json\/wp\/v2\/pages\/152\/revisions\/170"}],"wp:attachment":[{"href":"http:\/\/www.sevenadur.org\/2016\/wp-json\/wp\/v2\/media?parent=152"}],"curies":[{"name":"wp","href":"https:\/\/api.w.org\/{rel}","templated":true}]}}