{"id":130,"date":"2016-02-09T10:18:29","date_gmt":"2016-02-09T09:18:29","guid":{"rendered":"http:\/\/www.sevenadur.org\/2016\/?page_id=130"},"modified":"2016-02-09T18:59:54","modified_gmt":"2016-02-09T17:59:54","slug":"%e2%96%a0-atelier-broderie","status":"publish","type":"page","link":"http:\/\/www.sevenadur.org\/2016\/%e2%96%a0-atelier-broderie\/","title":{"rendered":"\u25a0 Atelier broderie"},"content":{"rendered":"<p><span style=\"font-size: 10pt; color: #993366;\"><strong>Samedi 27 et dimanche 28 f\u00e9vrier<\/strong><\/span><span style=\"font-size: 10pt; color: #993366;\"> | <\/span><span style=\"font-size: 10pt;\">Atelier broderie sur Tulle<\/span><\/p>\n<p><span style=\"font-family: Trebuchet MS,Geneva; font-size: 8pt;\"> <strong>Anim\u00e9 par Maryse Penault et Marie-Odile Plelan<br \/>\nA<\/strong><strong> la Maison de retraite Saint Cyr, rue Papu \u00e0 Rennes<br \/>\nSamedi : 10h &#8211; 12h30 \/ 13h30 <\/strong><strong>&#8211; 17h30 et dimanche : 9h30 &#8211; 12h30 \/ 13h30 &#8211; 16h30 <\/strong><\/span><\/p>\n<p><span style=\"font-family: Trebuchet MS,Geneva; font-size: 8pt;\"><strong>Adh\u00e9rents au Cercle Celtique de Rennes : 20 \u20ac et 10 \u20ac le 2<sup>e<\/sup> jour | Non adh\u00e9rents : 25 \u20ac et 15 \u20ac le 2e jour Rens. : Cercle Celtique de Rennes au 02 99 54 36 45 \/ Marie-Odile Plelan : 02 99 35 01 55 &#8211; <a href=\"mailto:mo.plelan@orange.fr\">mo.plelan@orange.fr<\/a><\/strong><\/span><\/p>\n<p><span style=\"font-family: Trebuchet MS,Geneva; font-size: 8pt;\"><strong>Technique enseign\u00e9e : <\/strong>broderie sur tulle<br \/>\nFourniture d\u2019un kit comprenant :<br \/>\n&#8211; une fiche technique<br \/>\n&#8211; un carr\u00e9 de tissu<br \/>\n&#8211; une cartonnette<br \/>\n&#8211; du fil \u00e0 broder<\/span><\/p>\n<p><span style=\"font-family: Trebuchet MS,Geneva; font-size: 8pt;\"><strong>Prix du kit : <\/strong>10 \u20ac &#8211; \u00e0 r\u00e9gler le jour du stage<br \/>\n<strong>Mat\u00e9riel \u00e0 pr\u00e9voir : <\/strong> ciseaux, d\u00e9, aiguille<br \/>\n<strong>Pr\u00e9voir un pique-nique, nous avons la possibilit\u00e9 de d\u00e9jeuner sur place. Apporter un couvert.<\/strong><\/span><\/p>\n<p><span style=\"font-family: Trebuchet MS,Geneva; font-size: 8pt;\">Conditions de participation :<br \/>\nSe munir d\u2019une autorisation parentale pour les mineurs. \u00e0 demander au secr\u00e9tariat du Cercle Celtique ou \u00e0 remplir directement par les parents.<br \/>\nQuel que soit le motif invoqu\u00e9, en cas d\u2019absence ou de retard, aucun stage ne sera rembours\u00e9. En cas d\u2019annulation d\u2019un stage par les organisateurs, les ch\u00e8ques seront retourn\u00e9s.<\/span><\/p>\n","protected":false},"excerpt":{"rendered":"<p>Samedi 27 et dimanche 28 f\u00e9vrier | Atelier broderie sur Tulle Anim\u00e9 par Maryse Penault et Marie-Odile Plelan A la Maison de retraite Saint Cyr, rue Papu \u00e0 Rennes Samedi : 10h &#8211; 12h30 \/ 13h30 &#8211; 17h30 et dimanche &hellip; <a href=\"http:\/\/www.sevenadur.org\/2016\/%e2%96%a0-atelier-broderie\/\">Continuer la lecture <span class=\"meta-nav\">&rarr;<\/span><\/a><\/p>\n","protected":false},"author":1,"featured_media":0,"parent":0,"menu_order":0,"comment_status":"closed","ping_status":"closed","template":"","meta":{"_vp_format_video_url":"","_vp_image_focal_point":[],"footnotes":""},"class_list":["post-130","page","type-page","status-publish","hentry"],"_links":{"self":[{"href":"http:\/\/www.sevenadur.org\/2016\/wp-json\/wp\/v2\/pages\/130","targetHints":{"allow":["GET"]}}],"collection":[{"href":"http:\/\/www.sevenadur.org\/2016\/wp-json\/wp\/v2\/pages"}],"about":[{"href":"http:\/\/www.sevenadur.org\/2016\/wp-json\/wp\/v2\/types\/page"}],"author":[{"embeddable":true,"href":"http:\/\/www.sevenadur.org\/2016\/wp-json\/wp\/v2\/users\/1"}],"replies":[{"embeddable":true,"href":"http:\/\/www.sevenadur.org\/2016\/wp-json\/wp\/v2\/comments?post=130"}],"version-history":[{"count":6,"href":"http:\/\/www.sevenadur.org\/2016\/wp-json\/wp\/v2\/pages\/130\/revisions"}],"predecessor-version":[{"id":217,"href":"http:\/\/www.sevenadur.org\/2016\/wp-json\/wp\/v2\/pages\/130\/revisions\/217"}],"wp:attachment":[{"href":"http:\/\/www.sevenadur.org\/2016\/wp-json\/wp\/v2\/media?parent=130"}],"curies":[{"name":"wp","href":"https:\/\/api.w.org\/{rel}","templated":true}]}}