{"id":51,"date":"2015-02-04T11:48:36","date_gmt":"2015-02-04T10:48:36","guid":{"rendered":"http:\/\/www.sevenadur.org\/2015\/?page_id=51"},"modified":"2015-02-04T11:48:36","modified_gmt":"2015-02-04T10:48:36","slug":"enfants","status":"publish","type":"page","link":"http:\/\/www.sevenadur.org\/2015\/enfants\/","title":{"rendered":"Enfants"},"content":{"rendered":"<h5><strong>Lundi 16 f\u00e9vrier<\/strong><\/h5>\n<h5><a href=\"http:\/\/www.sevenadur.org\/2015\/wp-content\/uploads\/2015\/02\/Broderie.png\"><img loading=\"lazy\" decoding=\"async\" src=\"http:\/\/www.sevenadur.org\/2015\/wp-content\/uploads\/2015\/02\/Broderie-225x300.png\" alt=\"Broderie\" width=\"148\" height=\"206\" \/><\/a><a href=\"http:\/\/www.sevenadur.org\/2015\/wp-content\/uploads\/2015\/02\/Stage-densemble-enfants.png\"><img loading=\"lazy\" decoding=\"async\" src=\"http:\/\/www.sevenadur.org\/2015\/wp-content\/uploads\/2015\/02\/Stage-densemble-enfants-300x187.png\" alt=\"Stage d'ensemble enfants\" width=\"341\" height=\"206\" \/><\/a><\/h5>\n<h5><strong><span style=\"color: #ff00ff\">Atelier broderie<\/span><\/strong><br \/>\nPoints de tige, points de cha\u00eenette et tous les autres points aideront \u00e0 r\u00e9aliser le motif symbolique de la ville de Brno : le monstre crocodile ! A partir de 8 ans.<\/h5>\n<h5><strong><span style=\"color: #ff00ff\">Stage d&rsquo;ensemble<\/span><\/strong><br \/>\nOuvert \u00e0 partir de 10 ans, vous \u00eates musiciens ou non, venez participer au stage anim\u00e9 par Dimitri Boekhoorn, harpiste de renom.<\/h5>\n<h5><strong><span style=\"color: #ff00ff\">Cuisine guadeloup\u00e9enne<\/span><\/strong><br \/>\nHonneur \u00e0 la cuisine guadeloup\u00e9enne pour pr\u00e9parer le go\u00fbter musical de l&rsquo;apr\u00e8s-midi !<\/h5>\n<h5><strong><span style=\"color: #ff00ff\">Fabrication d&rsquo;instruments<\/span><\/strong><br \/>\nDes instruments pour l&rsquo;animation de l&rsquo;apr\u00e8s-midi, des bo\u00eetes de conserve, des lentilles et le tour est jou\u00e9 !<\/h5>\n<h5><strong><span style=\"color: #ff00ff\">A la rencontre de la diversit\u00e9 en musique avec le Gwoka<\/span><\/strong><br \/>\nConnaissez-vous le Gwoka ? Jean-Marc Sellapin nous pr\u00e9sentera cette musique traditionnelle de Guadeloupe.<br \/>\nAvec les instruments fabriqu\u00e9s, les enfants pourront jouer des rythmes qu&rsquo;on retrouve dans le Gwoka.<\/h5>\n<h6><strong>Infos pratiques :<\/strong><br \/>\n9h30 &#8211; 17h\u00a0 (accueil d\u00e8s 9h jusqu&rsquo;\u00e0 18h) Au Cercle Celtique de Rennes &#8211; Ferme de la Harpe<br \/>\nDe 5 \u20ac \u00e0 10 \u20ac selon l&rsquo;activit\u00e9 &#8211; De 6 \u00e0 12 ans.<br \/>\nRenseignements et inscriptions\u00a0: 02 99 54 36 45 &#8211; Pr\u00e9voir le pique-nique<\/h6>\n<hr \/>\n<h5><\/h5>\n<h5><strong>Mardi 17 f\u00e9vrier<\/strong><\/h5>\n<h5><a href=\"http:\/\/www.sevenadur.org\/2015\/wp-content\/uploads\/2015\/02\/Mus\u00e9e-DSCN4076.png\"><img loading=\"lazy\" decoding=\"async\" src=\"http:\/\/www.sevenadur.org\/2015\/wp-content\/uploads\/2015\/02\/Mus\u00e9e-DSCN4076-300x300.png\" alt=\"Mus\u00e9e DSCN4076\" width=\"300\" height=\"300\" \/><\/a><\/h5>\n<h5><strong><span style=\"color: #ff00ff\">Exposition Kupka, artiste tch\u00e8que &#8211; Mus\u00e9e des Beaux-Arts<\/span><\/strong><br \/>\nVisite au Mus\u00e9e des Beaux-Arts de Rennes, \u00e0 la d\u00e9couverte d&rsquo;\u0153uvres de l&rsquo;artiste tch\u00e8que Kupka.<\/h5>\n<h5><strong><span style=\"color: #ff00ff\"><a style=\"color: #ff00ff\" href=\"www.mardigrasjourferie.or\">D\u00e9fil\u00e9 du Mardi Gras<br \/>\n<\/a><\/span><\/strong>Un G\u00e9ant, au nom de Marlajez, est cr\u00e9e lors de Yaouankiz pour d\u00e9filer lors du Carnaval du Mardi Gras dans les rues de Rennes.<br \/>\nLe collectif \u00a0\u00bb Mardi Gras \u00a0\u00bb et les ateliers du vent invitent la population \u00e0 se saisir de Mardi Gras, \u00e0 se d\u00e9guiser et \u00e0 lancer des initiatives burlesques et improbables dans l\u2019espace public, les \u00e9coles, les entreprises, les h\u00f4pitaux ou \u00e0 l\u2019universit\u00e9\u2026 pour remettre au go\u00fbt du jour le Carnaval.<\/h5>\n<h6><strong>Infos pratiques :<\/strong><br \/>\n9h30 &#8211; 17h\u00a0 (accueil d\u00e8s 9h jusqu&rsquo;\u00e0 18h) Au Cercle Celtique de Rennes &#8211; Ferme de la Harpe<br \/>\nDe 5 \u20ac \u00e0 10 \u20ac selon l&rsquo;activit\u00e9 &#8211; De 6 \u00e0 12 ans.<br \/>\nRenseignements et inscriptions\u00a0: 02 99 54 36 45 &#8211; Pr\u00e9voir le pique-nique<\/h6>\n<hr \/>\n<h5><\/h5>\n<h5><strong>Mercredi 18 f\u00e9vrier<\/strong><\/h5>\n<h5><strong><span style=\"color: #ff00ff\">Atelier Arts Plastiques<\/span><\/strong><br \/>\nCr\u00e9ation d&rsquo;une \u0153uvre inspir\u00e9e de l&rsquo;artiste tch\u00e8que Kupka et des broderies glazig&#8230; en vue d&rsquo;une exposition lors de l&rsquo;inauguration de Sevenadur.<\/h5>\n<h5><strong><span style=\"color: #ff00ff\">Rencontre autour des jeux<\/span><\/strong><br \/>\nAvec les personnes \u00e2g\u00e9es de la Maison de Retraite de Villejean, les enfants \u00e9changeront lors de ce moment. Une belle occasion pour jouer autour des jeux traditionnels en bois, d&rsquo;un quizz sur la Bretagne. Le go\u00fbter sera pris en commun.<\/h5>\n<h6><strong>Infos pratiques :<\/strong><br \/>\n9h30 &#8211; 17h\u00a0 (accueil d\u00e8s 9h jusqu&rsquo;\u00e0 18h) Au Cercle Celtique de Rennes &#8211; Ferme de la Harpe<br \/>\nDe 5 \u20ac \u00e0 10 \u20ac selon l&rsquo;activit\u00e9 &#8211; De 6 \u00e0 12 ans.<br \/>\nRenseignements et inscriptions\u00a0: 02 99 54 36 45 &#8211; Pr\u00e9voir le pique-nique<\/h6>\n<h5><\/h5>\n<h5><\/h5>\n","protected":false},"excerpt":{"rendered":"<p>Lundi 16 f\u00e9vrier Atelier broderie Points de tige, points de cha\u00eenette et tous les autres points aideront \u00e0 r\u00e9aliser le motif symbolique de la ville de Brno : le monstre crocodile ! A partir de 8 ans. Stage d&rsquo;ensemble Ouvert &hellip; <a href=\"http:\/\/www.sevenadur.org\/2015\/enfants\/\">Continuer la lecture <span class=\"meta-nav\">&rarr;<\/span><\/a><\/p>\n","protected":false},"author":1,"featured_media":0,"parent":0,"menu_order":0,"comment_status":"closed","ping_status":"closed","template":"","meta":{"_vp_format_video_url":"","_vp_image_focal_point":[],"footnotes":""},"class_list":["post-51","page","type-page","status-publish","hentry"],"_links":{"self":[{"href":"http:\/\/www.sevenadur.org\/2015\/wp-json\/wp\/v2\/pages\/51","targetHints":{"allow":["GET"]}}],"collection":[{"href":"http:\/\/www.sevenadur.org\/2015\/wp-json\/wp\/v2\/pages"}],"about":[{"href":"http:\/\/www.sevenadur.org\/2015\/wp-json\/wp\/v2\/types\/page"}],"author":[{"embeddable":true,"href":"http:\/\/www.sevenadur.org\/2015\/wp-json\/wp\/v2\/users\/1"}],"replies":[{"embeddable":true,"href":"http:\/\/www.sevenadur.org\/2015\/wp-json\/wp\/v2\/comments?post=51"}],"version-history":[{"count":0,"href":"http:\/\/www.sevenadur.org\/2015\/wp-json\/wp\/v2\/pages\/51\/revisions"}],"wp:attachment":[{"href":"http:\/\/www.sevenadur.org\/2015\/wp-json\/wp\/v2\/media?parent=51"}],"curies":[{"name":"wp","href":"https:\/\/api.w.org\/{rel}","templated":true}]}}